{"id":8808,"date":"2024-09-20T21:53:13","date_gmt":"2024-09-20T19:53:13","guid":{"rendered":"https:\/\/jockyart.de\/?page_id=8808"},"modified":"2024-09-21T16:51:42","modified_gmt":"2024-09-21T14:51:42","slug":"09-liebe-durchbricht-die-blutmauer","status":"publish","type":"page","link":"https:\/\/jockyart.de\/de_de\/galerien\/prophetische-kunst\/kunstkalender\/wandkalender-2025\/09-liebe-durchbricht-die-blutmauer\/","title":{"rendered":"09 Liebe durchbricht die Blutmauer"},"content":{"rendered":"\n<p><a href=\"https:\/\/jockyart.de\/galerien\/prophetische-kunst\/kunstkalender\/wandkalender-2025\/08-zieh-deine-schwimmflossen-aus\/\" data-type=\"page\" data-id=\"8804\">August 2025<\/a> | <a href=\"https:\/\/jockyart.de\/galerien\/prophetische-kunst\/kunstkalender\/wandkalender-2025\/10-feste-burg-inmitten-von-nebel\/\" data-type=\"page\" data-id=\"8814\">Oktober 2025<\/a><\/p>\n\n\n\n<figure class=\"wp-block-image size-large\"><img loading=\"lazy\" decoding=\"async\" width=\"728\" height=\"1024\" src=\"https:\/\/jockyart.de\/wp-content\/uploads\/2024\/08\/009_September-728x1024.jpg\" alt=\"\" class=\"wp-image-8558\" srcset=\"https:\/\/jockyart.de\/wp-content\/uploads\/2024\/08\/009_September-728x1024.jpg 728w, https:\/\/jockyart.de\/wp-content\/uploads\/2024\/08\/009_September-1092x1536.jpg 1092w, https:\/\/jockyart.de\/wp-content\/uploads\/2024\/08\/009_September-9x12.jpg 9w, https:\/\/jockyart.de\/wp-content\/uploads\/2024\/08\/009_September-1320x1857.jpg 1320w, https:\/\/jockyart.de\/wp-content\/uploads\/2024\/08\/009_September-324x456.jpg 324w, https:\/\/jockyart.de\/wp-content\/uploads\/2024\/08\/009_September-416x585.jpg 416w, https:\/\/jockyart.de\/wp-content\/uploads\/2024\/08\/009_September-213x300.jpg 213w, https:\/\/jockyart.de\/wp-content\/uploads\/2024\/08\/009_September-768x1080.jpg 768w, https:\/\/jockyart.de\/wp-content\/uploads\/2024\/08\/009_September.jpg 1422w\" sizes=\"auto, (max-width: 728px) 100vw, 728px\" \/><\/figure>\n\n\n\n<p>Das Original des <em>Septemberbildes<\/em> des <strong>Kunstkalenders 2025<\/strong> entstand auf der wunderbaren M\u00fcnchener Gebetskonferenz 2018. Sie war das Ergebnis von 13 monatlichen&nbsp;24\/7 Gebetstagen, an der viele Christen aus M\u00fcnchen beteiligt waren, um f\u00fcr das Wohl der Stadt M\u00fcnchen und einen echten Durchbruch zu beten. Der Freitagnachmittag ging schon mit einem starken Lobpreis los, in dem ich das folgende Bild sah und dann an diesem und dem folgenden Tag zeichnete.<\/p>\n\n\n\n<p>Ich sah zun\u00e4chst eine dicke, rote undurchdringliche Wand, die mit all dem vergossenen Blut in M\u00fcnchen bedeckt war. Aber durch viel Gebet, Bu\u00dfe und Vergebung und nat\u00fcrlich vor allem durch das Blut des Lammes Jesus Christus, bekam die Mauer Risse und das Licht der Liebe Gottes brach durch und nahm an Kraft zu, so dass weitere Risse in die Wand kamen\u2026<\/p>\n\n\n\n<hr class=\"wp-block-separator has-alpha-channel-opacity\"\/>\n\n\n\n<p>Das Original k\u00f6nnt ihr hier k\u00e4uflich erwerben:<\/p>\n\n\n<div data-block-name=\"woocommerce\/handpicked-products\" data-columns=\"2\" data-content-visibility=\"{&quot;image&quot;:true,&quot;title&quot;:true,&quot;price&quot;:false,&quot;rating&quot;:false,&quot;button&quot;:true}\" data-products=\"[8608,1630]\" class=\"wc-block-grid wp-block-handpicked-products wp-block-woocommerce-handpicked-products wc-block-handpicked-products has-2-columns has-multiple-rows\"><ul class=\"wc-block-grid__products\"><li class=\"wc-block-grid__product\">\n\t\t\t\t<a href=\"https:\/\/jockyart.de\/de_de\/produkt\/kunstkalender-2025-wandkalender\/\" class=\"wc-block-grid__product-link\">\n\t\t\t\t\t\n\t\t\t\t\t<div class=\"wc-block-grid__product-image\"><img loading=\"lazy\" decoding=\"async\" width=\"324\" height=\"456\" src=\"https:\/\/jockyart.de\/wp-content\/uploads\/2024\/08\/000_Deckblatt-324x456.jpg\" class=\"attachment-woocommerce_thumbnail size-woocommerce_thumbnail\" alt=\"Kunstkalender 2025 - Wandkalender\" srcset=\"https:\/\/jockyart.de\/wp-content\/uploads\/2024\/08\/000_Deckblatt-324x456.jpg 324w, https:\/\/jockyart.de\/wp-content\/uploads\/2024\/08\/000_Deckblatt-1092x1536.jpg 1092w, https:\/\/jockyart.de\/wp-content\/uploads\/2024\/08\/000_Deckblatt-9x12.jpg 9w, https:\/\/jockyart.de\/wp-content\/uploads\/2024\/08\/000_Deckblatt-1320x1857.jpg 1320w, https:\/\/jockyart.de\/wp-content\/uploads\/2024\/08\/000_Deckblatt-416x585.jpg 416w, https:\/\/jockyart.de\/wp-content\/uploads\/2024\/08\/000_Deckblatt-213x300.jpg 213w, https:\/\/jockyart.de\/wp-content\/uploads\/2024\/08\/000_Deckblatt-768x1080.jpg 768w, https:\/\/jockyart.de\/wp-content\/uploads\/2024\/08\/000_Deckblatt-728x1024.jpg 728w, https:\/\/jockyart.de\/wp-content\/uploads\/2024\/08\/000_Deckblatt.jpg 1422w\" sizes=\"auto, (max-width: 324px) 100vw, 324px\" \/><\/div>\n\t\t\t\t\t<div class=\"wc-block-grid__product-title\">Kunstkalender 2025 &#8211; Wandkalender<\/div>\n\t\t\t\t<\/a>\n\t\t\t\t\n\t\t\t\t\n\t\t\t\t<div class=\"wp-block-button wc-block-grid__product-add-to-cart\"><a href=\"\/de_de\/wp-json\/wp\/v2\/pages\/8808?add-to-cart=8608\" aria-label=\"In den Warenkorb legen: \u201eKunstkalender 2025 - Wandkalender\u201c\" data-quantity=\"1\" data-product_id=\"8608\" data-product_sku=\"kunstkal2025\" data-price=\"10\" rel=\"nofollow\" class=\"wp-block-button__link  add_to_cart_button ajax_add_to_cart\">In den Warenkorb<\/a><\/div>\n\t\t\t<\/li><li class=\"wc-block-grid__product\">\n\t\t\t\t<a href=\"https:\/\/jockyart.de\/de_de\/produkt\/liebe-durchbricht-blutmauer\/\" class=\"wc-block-grid__product-link\">\n\t\t\t\t\t\n\t\t\t\t\t<div class=\"wc-block-grid__product-image\"><img loading=\"lazy\" decoding=\"async\" width=\"324\" height=\"455\" src=\"https:\/\/jockyart.de\/wp-content\/uploads\/2022\/04\/Liebe_durchbricht_Blutmauer_Ganz-324x455.jpg\" class=\"attachment-woocommerce_thumbnail size-woocommerce_thumbnail\" alt=\"Liebe durchbricht Blutmauer (Original)\" srcset=\"https:\/\/jockyart.de\/wp-content\/uploads\/2022\/04\/Liebe_durchbricht_Blutmauer_Ganz-324x455.jpg 324w, https:\/\/jockyart.de\/wp-content\/uploads\/2022\/04\/Liebe_durchbricht_Blutmauer_Ganz-9x12.jpg 9w, https:\/\/jockyart.de\/wp-content\/uploads\/2022\/04\/Liebe_durchbricht_Blutmauer_Ganz-416x584.jpg 416w, https:\/\/jockyart.de\/wp-content\/uploads\/2022\/04\/Liebe_durchbricht_Blutmauer_Ganz-214x300.jpg 214w, https:\/\/jockyart.de\/wp-content\/uploads\/2022\/04\/Liebe_durchbricht_Blutmauer_Ganz-768x1078.jpg 768w, https:\/\/jockyart.de\/wp-content\/uploads\/2022\/04\/Liebe_durchbricht_Blutmauer_Ganz-730x1024.jpg 730w, https:\/\/jockyart.de\/wp-content\/uploads\/2022\/04\/Liebe_durchbricht_Blutmauer_Ganz.jpg 855w\" sizes=\"auto, (max-width: 324px) 100vw, 324px\" \/><\/div>\n\t\t\t\t\t<div class=\"wc-block-grid__product-title\">Liebe durchbricht Blutmauer (Original)<\/div>\n\t\t\t\t<\/a>\n\t\t\t\t\n\t\t\t\t\n\t\t\t\t<div class=\"wp-block-button wc-block-grid__product-add-to-cart\"><a href=\"\/de_de\/wp-json\/wp\/v2\/pages\/8808?add-to-cart=1630\" aria-label=\"In den Warenkorb legen: \u201eLiebe durchbricht Blutmauer (Original)\u201c\" data-quantity=\"1\" data-product_id=\"1630\" data-product_sku=\"origin_liebedurchbricht\" data-price=\"150\" rel=\"nofollow\" class=\"wp-block-button__link  add_to_cart_button ajax_add_to_cart\">In den Warenkorb<\/a><\/div>\n\t\t\t<\/li><\/ul><\/div>\n\n\n<p><a href=\"https:\/\/jockyart.de\/galerien\/prophetische-kunst\/kunstkalender\/wandkalender-2025\/\" data-type=\"page\" data-id=\"8546\">zur\u00fcck<\/a><\/p>\n","protected":false},"excerpt":{"rendered":"<p>August 2025 | Oktober 2025 Das Original des Septemberbildes des Kunstkalenders 2025 entstand auf der wunderbaren M\u00fcnchener Gebetskonferenz 2018. Sie war das Ergebnis von 13 monatlichen&nbsp;24\/7 Gebetstagen, an der viele Christen aus M\u00fcnchen beteiligt waren, um f\u00fcr das Wohl der Stadt M\u00fcnchen und einen echten Durchbruch zu beten. Der Freitagnachmittag ging schon mit einem starken [&hellip;]<\/p>\n","protected":false},"author":1,"featured_media":0,"parent":8546,"menu_order":0,"comment_status":"closed","ping_status":"closed","template":"","meta":{"footnotes":""},"class_list":["post-8808","page","type-page","status-publish","hentry"],"_links":{"self":[{"href":"https:\/\/jockyart.de\/de_de\/wp-json\/wp\/v2\/pages\/8808","targetHints":{"allow":["GET"]}}],"collection":[{"href":"https:\/\/jockyart.de\/de_de\/wp-json\/wp\/v2\/pages"}],"about":[{"href":"https:\/\/jockyart.de\/de_de\/wp-json\/wp\/v2\/types\/page"}],"author":[{"embeddable":true,"href":"https:\/\/jockyart.de\/de_de\/wp-json\/wp\/v2\/users\/1"}],"replies":[{"embeddable":true,"href":"https:\/\/jockyart.de\/de_de\/wp-json\/wp\/v2\/comments?post=8808"}],"version-history":[{"count":4,"href":"https:\/\/jockyart.de\/de_de\/wp-json\/wp\/v2\/pages\/8808\/revisions"}],"predecessor-version":[{"id":8854,"href":"https:\/\/jockyart.de\/de_de\/wp-json\/wp\/v2\/pages\/8808\/revisions\/8854"}],"up":[{"embeddable":true,"href":"https:\/\/jockyart.de\/de_de\/wp-json\/wp\/v2\/pages\/8546"}],"wp:attachment":[{"href":"https:\/\/jockyart.de\/de_de\/wp-json\/wp\/v2\/media?parent=8808"}],"curies":[{"name":"wp","href":"https:\/\/api.w.org\/{rel}","templated":true}]}}