{"id":8788,"date":"2024-09-20T20:20:25","date_gmt":"2024-09-20T18:20:25","guid":{"rendered":"https:\/\/jockyart.de\/?page_id=8788"},"modified":"2024-09-24T16:59:28","modified_gmt":"2024-09-24T14:59:28","slug":"06-steig-aus-dem-boot-aus","status":"publish","type":"page","link":"https:\/\/jockyart.de\/de_de\/galerien\/prophetische-kunst\/kunstkalender\/wandkalender-2025\/06-steig-aus-dem-boot-aus\/","title":{"rendered":"06 Steig aus dem Boot aus"},"content":{"rendered":"\n<p><a href=\"https:\/\/jockyart.de\/05-heilig-ist-der-herr\/\" data-type=\"page\" data-id=\"8781\">Mai 2025<\/a> | <a href=\"https:\/\/jockyart.de\/galerien\/prophetische-kunst\/kunstkalender\/wandkalender-2025\/07-wunden-verwandelt-in-herrlichkeit\/\" data-type=\"page\" data-id=\"8795\">Juli 2025<\/a><\/p>\n\n\n\n<figure class=\"wp-block-image size-large\"><img loading=\"lazy\" decoding=\"async\" width=\"728\" height=\"1024\" src=\"https:\/\/jockyart.de\/wp-content\/uploads\/2024\/08\/006_Juni-1-728x1024.jpg\" alt=\"\" class=\"wp-image-8601\" srcset=\"https:\/\/jockyart.de\/wp-content\/uploads\/2024\/08\/006_Juni-1-728x1024.jpg 728w, https:\/\/jockyart.de\/wp-content\/uploads\/2024\/08\/006_Juni-1-1092x1536.jpg 1092w, https:\/\/jockyart.de\/wp-content\/uploads\/2024\/08\/006_Juni-1-9x12.jpg 9w, https:\/\/jockyart.de\/wp-content\/uploads\/2024\/08\/006_Juni-1-1320x1857.jpg 1320w, https:\/\/jockyart.de\/wp-content\/uploads\/2024\/08\/006_Juni-1-324x456.jpg 324w, https:\/\/jockyart.de\/wp-content\/uploads\/2024\/08\/006_Juni-1-416x585.jpg 416w, https:\/\/jockyart.de\/wp-content\/uploads\/2024\/08\/006_Juni-1-213x300.jpg 213w, https:\/\/jockyart.de\/wp-content\/uploads\/2024\/08\/006_Juni-1-768x1080.jpg 768w, https:\/\/jockyart.de\/wp-content\/uploads\/2024\/08\/006_Juni-1.jpg 1422w\" sizes=\"auto, (max-width: 728px) 100vw, 728px\" \/><\/figure>\n\n\n\n<p>Das Original des <em>Juni<\/em> des <strong>Kunstkalenders 2025<\/strong> war ein Auftragsbilds eines Freundes. Das habe ich \u00fcber meinen Eindruck f\u00fcr ihn geschrieben.<\/p>\n\n\n\n<blockquote class=\"wp-block-quote is-layout-flow wp-block-quote-is-layout-flow\">\n<p>Als ich f\u00fcr Dich gebetet habe, kam relativ schnell dieses Bild. Ich sah Dich in einem Boot oder kleinen Segelschiff auf dem Meer unterwegs. Du hattest Dich hier gut eingerichtet, es war Dir vertraut und die Abl\u00e4ufe waren klar. Das Ganze war sicher, klar und eigentlich auch ganz okay.<\/p>\n\n\n\n<p>Das seltsame war, dass Du Dich hier immer unwohler gef\u00fchlt hast, was Dir vorher Sicherheit gegeben hat, war auf einmal bedrohlich, unangenehm und seltsamerweise ungem\u00fctlich. Irgendwie war die Situation im Boot wie im Sturm zu sein und der weite Ozean war auf einmal attraktiv, ein Ort der Geborgenheit. Es war so als w\u00fcrde alles um Dich herum toben, nur auf dem Meer war Stille, dort schien ein helles Licht drauf.<br><br>Am Ende war f\u00fcr Dich klar: Gottes Ansage ist es, das scheinbar sichere Boot zu verlassen und hinaus aufs Wasser zu treten, wo alle irdischen Sicherheiten weg waren und Du ganz und komplett von Gott abh\u00e4ngig warst und Du vollst\u00e4ndig auf Ihn vertrauen musstest, dass das Wasser tr\u00e4gt und Er allein Dich f\u00fchren und leiten w\u00fcrde. Aber der Ruf war klar, raus aufs Wasser, denn Gott ist mit Dir und l\u00e4sst Dich nicht im Stich. Es geht in einem neuen Level darum, Gott zu vertrauen und sein wunderbares Wirken zu erfahren!<\/p>\n<\/blockquote>\n\n\n<div data-block-name=\"woocommerce\/handpicked-products\" data-columns=\"1\" data-content-visibility=\"{&quot;image&quot;:true,&quot;title&quot;:true,&quot;price&quot;:false,&quot;rating&quot;:false,&quot;button&quot;:true}\" data-products=\"[8608]\" class=\"wc-block-grid wp-block-handpicked-products wp-block-woocommerce-handpicked-products wc-block-handpicked-products has-1-columns has-multiple-rows\"><ul class=\"wc-block-grid__products\"><li class=\"wc-block-grid__product\">\n\t\t\t\t<a href=\"https:\/\/jockyart.de\/de_de\/produkt\/kunstkalender-2025-wandkalender\/\" class=\"wc-block-grid__product-link\">\n\t\t\t\t\t\n\t\t\t\t\t<div class=\"wc-block-grid__product-image\"><img loading=\"lazy\" decoding=\"async\" width=\"324\" height=\"456\" src=\"https:\/\/jockyart.de\/wp-content\/uploads\/2024\/08\/000_Deckblatt-324x456.jpg\" class=\"attachment-woocommerce_thumbnail size-woocommerce_thumbnail\" alt=\"Kunstkalender 2025 - Wandkalender\" srcset=\"https:\/\/jockyart.de\/wp-content\/uploads\/2024\/08\/000_Deckblatt-324x456.jpg 324w, https:\/\/jockyart.de\/wp-content\/uploads\/2024\/08\/000_Deckblatt-1092x1536.jpg 1092w, https:\/\/jockyart.de\/wp-content\/uploads\/2024\/08\/000_Deckblatt-9x12.jpg 9w, https:\/\/jockyart.de\/wp-content\/uploads\/2024\/08\/000_Deckblatt-1320x1857.jpg 1320w, https:\/\/jockyart.de\/wp-content\/uploads\/2024\/08\/000_Deckblatt-416x585.jpg 416w, https:\/\/jockyart.de\/wp-content\/uploads\/2024\/08\/000_Deckblatt-213x300.jpg 213w, https:\/\/jockyart.de\/wp-content\/uploads\/2024\/08\/000_Deckblatt-768x1080.jpg 768w, https:\/\/jockyart.de\/wp-content\/uploads\/2024\/08\/000_Deckblatt-728x1024.jpg 728w, https:\/\/jockyart.de\/wp-content\/uploads\/2024\/08\/000_Deckblatt.jpg 1422w\" sizes=\"auto, (max-width: 324px) 100vw, 324px\" \/><\/div>\n\t\t\t\t\t<div class=\"wc-block-grid__product-title\">Kunstkalender 2025 &#8211; Wandkalender<\/div>\n\t\t\t\t<\/a>\n\t\t\t\t\n\t\t\t\t\n\t\t\t\t<div class=\"wp-block-button wc-block-grid__product-add-to-cart\"><a href=\"\/de_de\/wp-json\/wp\/v2\/pages\/8788?add-to-cart=8608\" aria-label=\"In den Warenkorb legen: \u201eKunstkalender 2025 - Wandkalender\u201c\" data-quantity=\"1\" data-product_id=\"8608\" data-product_sku=\"kunstkal2025\" data-price=\"10\" rel=\"nofollow\" class=\"wp-block-button__link  add_to_cart_button ajax_add_to_cart\">In den Warenkorb<\/a><\/div>\n\t\t\t<\/li><\/ul><\/div>\n\n\n<p><a href=\"https:\/\/jockyart.de\/galerien\/prophetische-kunst\/kunstkalender\/wandkalender-2025\/\" data-type=\"page\" data-id=\"8546\">zur\u00fcck<\/a><\/p>\n","protected":false},"excerpt":{"rendered":"<p>Mai 2025 | Juli 2025 Das Original des Juni des Kunstkalenders 2025 war ein Auftragsbilds eines Freundes. Das habe ich \u00fcber meinen Eindruck f\u00fcr ihn geschrieben. Als ich f\u00fcr Dich gebetet habe, kam relativ schnell dieses Bild. Ich sah Dich in einem Boot oder kleinen Segelschiff auf dem Meer unterwegs. Du hattest Dich hier gut [&hellip;]<\/p>\n","protected":false},"author":1,"featured_media":0,"parent":8546,"menu_order":0,"comment_status":"closed","ping_status":"closed","template":"","meta":{"footnotes":""},"class_list":["post-8788","page","type-page","status-publish","hentry"],"_links":{"self":[{"href":"https:\/\/jockyart.de\/de_de\/wp-json\/wp\/v2\/pages\/8788","targetHints":{"allow":["GET"]}}],"collection":[{"href":"https:\/\/jockyart.de\/de_de\/wp-json\/wp\/v2\/pages"}],"about":[{"href":"https:\/\/jockyart.de\/de_de\/wp-json\/wp\/v2\/types\/page"}],"author":[{"embeddable":true,"href":"https:\/\/jockyart.de\/de_de\/wp-json\/wp\/v2\/users\/1"}],"replies":[{"embeddable":true,"href":"https:\/\/jockyart.de\/de_de\/wp-json\/wp\/v2\/comments?post=8788"}],"version-history":[{"count":3,"href":"https:\/\/jockyart.de\/de_de\/wp-json\/wp\/v2\/pages\/8788\/revisions"}],"predecessor-version":[{"id":8799,"href":"https:\/\/jockyart.de\/de_de\/wp-json\/wp\/v2\/pages\/8788\/revisions\/8799"}],"up":[{"embeddable":true,"href":"https:\/\/jockyart.de\/de_de\/wp-json\/wp\/v2\/pages\/8546"}],"wp:attachment":[{"href":"https:\/\/jockyart.de\/de_de\/wp-json\/wp\/v2\/media?parent=8788"}],"curies":[{"name":"wp","href":"https:\/\/api.w.org\/{rel}","templated":true}]}}