{"id":878,"date":"2022-04-04T17:31:00","date_gmt":"2022-04-04T15:31:00","guid":{"rendered":"https:\/\/jockyart.de\/?page_id=878"},"modified":"2022-11-04T14:28:40","modified_gmt":"2022-11-04T13:28:40","slug":"zeugnis-mit-prophetischer-kunst-1-red-sea-moment-heilung","status":"publish","type":"page","link":"https:\/\/jockyart.de\/de_de\/videos\/zeugnisse-mit-prophetischer-kunst\/zeugnis-mit-prophetischer-kunst-1-red-sea-moment-heilung\/","title":{"rendered":"Zeugnis mit prophetischer Kunst 1 &#8211; Red Sea Moment &#038; Heilung"},"content":{"rendered":"\n<p>Mit diesem Video m\u00f6chte ich eine neue Serie starten, in der Leute erz\u00e4hlen, wie Jesus sie durch meine prophetische Kunst ber\u00fchrt hat. Vielleicht hast Du ja auch so ein Erlebnis und m\u00f6chtest mir ein Video dar\u00fcber schicken, dann nimm doch gerne mit mir <a rel=\"noreferrer noopener\" href=\"https:\/\/www.jocky.de\/Kontakt\/\" target=\"_blank\">Kontakt<\/a> auf! Das w\u00fcrde mich sehr freuen. <\/p>\n\n\n\n<figure class=\"wp-block-image size-large\"><a href=\"https:\/\/youtu.be\/gPqFQSKMzJc\" target=\"_blank\" rel=\"noreferrer noopener\"><img loading=\"lazy\" decoding=\"async\" width=\"1024\" height=\"576\" src=\"https:\/\/jockyart.de\/wp-content\/uploads\/2022\/04\/Thumb_Zeugnis_prophetischeKunst_001-1024x576.jpg\" alt=\"Zeugnis mit prophetischer Kunst  1 - Red Sea Moment &amp; Heilung\" class=\"wp-image-884\" title=\"Zeugnis mit prophetischer Kunst  1 - Red Sea Moment &amp; Heilung\" srcset=\"https:\/\/jockyart.de\/wp-content\/uploads\/2022\/04\/Thumb_Zeugnis_prophetischeKunst_001-1024x576.jpg 1024w, https:\/\/jockyart.de\/wp-content\/uploads\/2022\/04\/Thumb_Zeugnis_prophetischeKunst_001-324x182.jpg 324w, https:\/\/jockyart.de\/wp-content\/uploads\/2022\/04\/Thumb_Zeugnis_prophetischeKunst_001-416x234.jpg 416w, https:\/\/jockyart.de\/wp-content\/uploads\/2022\/04\/Thumb_Zeugnis_prophetischeKunst_001-1536x864.jpg 1536w, https:\/\/jockyart.de\/wp-content\/uploads\/2022\/04\/Thumb_Zeugnis_prophetischeKunst_001-18x10.jpg 18w, https:\/\/jockyart.de\/wp-content\/uploads\/2022\/04\/Thumb_Zeugnis_prophetischeKunst_001-300x169.jpg 300w, https:\/\/jockyart.de\/wp-content\/uploads\/2022\/04\/Thumb_Zeugnis_prophetischeKunst_001-768x432.jpg 768w, https:\/\/jockyart.de\/wp-content\/uploads\/2022\/04\/Thumb_Zeugnis_prophetischeKunst_001.jpg 1920w\" sizes=\"auto, (max-width: 1024px) 100vw, 1024px\" \/><\/a><figcaption class=\"wp-element-caption\">Klick auf das Bild, um das Video auf YouTube anzuschauen<\/figcaption><\/figure>\n\n\n\n<p>Hier erz\u00e4hlt euch Samja, wie sie in einer gemeinsamen Lobpreis- und Gebetszeit durch das prophetische Bild von mir, das dabei entstanden ist, von Gott ber\u00fchrt wurde. Es war eine Gebetserh\u00f6rung f\u00fcr sie, ein Red Sea Moment und sie erlebte sogar eine Heilung!<\/p>\n\n\n\n<p>Wenn euch das Video gefallen hat, gebt mir doch bitte einen Like, kommentier und teilt das Video. Vielen Dank!<\/p>\n\n\n\n<p><span style=\"font-size: revert;\">Hier k\u00f6nnt ihr das komplette Lied aus dem Video h\u00f6ren:  <\/span><a rel=\"noreferrer noopener\" style=\"font-size: revert;\" href=\"https:\/\/pfingstpanzer.bandcamp.com\/track\/es-raubt-mir-den-atem\" target=\"_blank\">klick<\/a><\/p>\n\n\n\n<p><strong>Subscribe<\/strong> video by Burak Kiraz \/ Pixabay  <br><strong>Sound:<\/strong> &#8220;Digital Ghosts&#8221; Unicorn Heads<\/p>\n","protected":false},"excerpt":{"rendered":"<p>Mit diesem Video m\u00f6chte ich eine neue Serie starten, in der Leute erz\u00e4hlen, wie Jesus sie durch meine prophetische Kunst ber\u00fchrt hat. Vielleicht hast Du ja auch so ein Erlebnis und m\u00f6chtest mir ein Video dar\u00fcber schicken, dann nimm doch gerne mit mir Kontakt auf! Das w\u00fcrde mich sehr freuen. Hier erz\u00e4hlt euch Samja, wie [&hellip;]<\/p>\n","protected":false},"author":1,"featured_media":0,"parent":780,"menu_order":1,"comment_status":"closed","ping_status":"closed","template":"","meta":{"footnotes":""},"class_list":["post-878","page","type-page","status-publish","hentry"],"_links":{"self":[{"href":"https:\/\/jockyart.de\/de_de\/wp-json\/wp\/v2\/pages\/878","targetHints":{"allow":["GET"]}}],"collection":[{"href":"https:\/\/jockyart.de\/de_de\/wp-json\/wp\/v2\/pages"}],"about":[{"href":"https:\/\/jockyart.de\/de_de\/wp-json\/wp\/v2\/types\/page"}],"author":[{"embeddable":true,"href":"https:\/\/jockyart.de\/de_de\/wp-json\/wp\/v2\/users\/1"}],"replies":[{"embeddable":true,"href":"https:\/\/jockyart.de\/de_de\/wp-json\/wp\/v2\/comments?post=878"}],"version-history":[{"count":5,"href":"https:\/\/jockyart.de\/de_de\/wp-json\/wp\/v2\/pages\/878\/revisions"}],"predecessor-version":[{"id":4873,"href":"https:\/\/jockyart.de\/de_de\/wp-json\/wp\/v2\/pages\/878\/revisions\/4873"}],"up":[{"embeddable":true,"href":"https:\/\/jockyart.de\/de_de\/wp-json\/wp\/v2\/pages\/780"}],"wp:attachment":[{"href":"https:\/\/jockyart.de\/de_de\/wp-json\/wp\/v2\/media?parent=878"}],"curies":[{"name":"wp","href":"https:\/\/api.w.org\/{rel}","templated":true}]}}