{"id":8768,"date":"2024-09-20T16:36:33","date_gmt":"2024-09-20T14:36:33","guid":{"rendered":"https:\/\/jockyart.de\/?page_id=8768"},"modified":"2024-09-20T21:08:17","modified_gmt":"2024-09-20T19:08:17","slug":"03-erhebe-dich-und-fliege","status":"publish","type":"page","link":"https:\/\/jockyart.de\/de_de\/galerien\/prophetische-kunst\/kunstkalender\/wandkalender-2025\/03-erhebe-dich-und-fliege\/","title":{"rendered":"03 Erhebe Dich und fliege"},"content":{"rendered":"\n<p><a href=\"https:\/\/jockyart.de\/02-sorgt-euch-nicht-um-euer-leben\/\" data-type=\"page\" data-id=\"8762\">Februar 2025<\/a> | <a href=\"https:\/\/jockyart.de\/04-stroeme-des-lebendigen-wassers\/\" data-type=\"page\" data-id=\"8773\">April 2025<\/a><\/p>\n\n\n\n<figure class=\"wp-block-image size-large\"><img loading=\"lazy\" decoding=\"async\" width=\"728\" height=\"1024\" src=\"https:\/\/jockyart.de\/wp-content\/uploads\/2024\/08\/003_Maerz-728x1024.jpg\" alt=\"\" class=\"wp-image-8552\" srcset=\"https:\/\/jockyart.de\/wp-content\/uploads\/2024\/08\/003_Maerz-728x1024.jpg 728w, https:\/\/jockyart.de\/wp-content\/uploads\/2024\/08\/003_Maerz-1092x1536.jpg 1092w, https:\/\/jockyart.de\/wp-content\/uploads\/2024\/08\/003_Maerz-9x12.jpg 9w, https:\/\/jockyart.de\/wp-content\/uploads\/2024\/08\/003_Maerz-1320x1857.jpg 1320w, https:\/\/jockyart.de\/wp-content\/uploads\/2024\/08\/003_Maerz-324x456.jpg 324w, https:\/\/jockyart.de\/wp-content\/uploads\/2024\/08\/003_Maerz-416x585.jpg 416w, https:\/\/jockyart.de\/wp-content\/uploads\/2024\/08\/003_Maerz-213x300.jpg 213w, https:\/\/jockyart.de\/wp-content\/uploads\/2024\/08\/003_Maerz-768x1080.jpg 768w, https:\/\/jockyart.de\/wp-content\/uploads\/2024\/08\/003_Maerz.jpg 1422w\" sizes=\"auto, (max-width: 728px) 100vw, 728px\" \/><\/figure>\n\n\n\n<p>Das Original des <em>M\u00e4rz<\/em> des <strong>Kunstkalenders 2025<\/strong> war ein \u25ba<a href=\"https:\/\/jockyart.de\/de_de\/erhebe-dich-und-fliege\/\" target=\"_blank\" rel=\"noreferrer noopener\">prophetisches Bild<\/a> als Preis eines Gewinnspiels meines Kunstnewsletters. Hier seht ihr, was ich der Empf\u00e4ngerin u.a. geschrieben habe:<\/p>\n\n\n\n<blockquote class=\"wp-block-quote is-layout-flow wp-block-quote-is-layout-flow\">\n<p>Als ich f\u00fcr dich gebetet habe, sah ich so etwas wie einen Rundtempel, allerdings mit einer Ballustrade oder einem M\u00e4uerchen, das sich nach au\u00dfen hin in die Landschaft ge\u00f6ffnet hat. Die Landschaft war wundersch\u00f6n, hatte eine Weite und war einfach nur zum Genie\u00dfen. An dem M\u00e4uerchen lehnte so etwas wie ein Fl\u00fcgelpaar, wie man es aus Karnevalskost\u00fcmen her kennt. Daneben stand ein gro\u00dfer Beh\u00e4lter mit Kleber.<\/p>\n\n\n\n<p>Mein Eindruck war, dass dieses Fl\u00fcgel eigentlich deine Fl\u00fcgel waren. Dass Du gemacht zum Fliegen warst. Aber irgendjemand war es gelungen, dich gefangen zu nehmen und dich am Fliegen zu hindern. Durch den Kleber hat er auch versucht, dich zus\u00e4tzlich am Boden zu halten, so dass Du Dich keinen Umst\u00e4nden zum Fliegen erheben k\u00f6nntest. Das hat Dich tief verletzt, so dass Du selber auch gar nicht mehr fliegen wolltest.<em><\/em><em><\/em><\/p>\n\n\n\n<p>Das ist nun lange her. Inzwischen ist viel passiert. Ich habe den Eindruck, dass Jesus dich neu herausfordert, die Fl\u00fcgel wieder anzulegen, dich zu erheben und die Luft aufzuschwingen und zu\u2026 fliegen! Wie es eigentlich auch Deinem Naturell entspricht! Genie\u00dfe die Landschaft, die herrliche Luft und die Freiheit im Fliegen! Das ist der Ort, wohin du geh\u00f6rst.<\/p>\n\n\n\n<p>Jesus spricht Dir zu, dass er Dich geheilt hat, dass der Kleber entfernt ist und dass es nichts mehr gibt, was Dich am Boden h\u00e4lt. Du kannst fliegen!!! Ich bete, dass Du den Mut hast und Dir wieder Deine Fl\u00fcgel anlegst, dass Du die Hemmschwelle \u00fcberwindest und es wieder wagst. Gottes Geist ist hier, um Dich dabei zu unterst\u00fctzen und Dir R\u00fcckenwind zu geben!<\/p>\n\n\n\n<p>So erhebe Dich und flieg!!! Flieg! Flieg! Flieg!<\/p>\n<\/blockquote>\n\n\n\n<p>Das Original des Bildes ist noch k\u00e4uflich zu erwerben, deswegen k\u00f6nnt ihr hier beides kaufen. Das Bild selbst und den Kalender 2025.<\/p>\n\n\n<div data-block-name=\"woocommerce\/handpicked-products\" data-columns=\"2\" data-content-visibility=\"{&quot;image&quot;:true,&quot;title&quot;:true,&quot;price&quot;:false,&quot;rating&quot;:false,&quot;button&quot;:true}\" data-products=\"[8196,8608]\" class=\"wc-block-grid wp-block-handpicked-products wp-block-woocommerce-handpicked-products wc-block-handpicked-products has-2-columns has-multiple-rows\"><ul class=\"wc-block-grid__products\"><li class=\"wc-block-grid__product\">\n\t\t\t\t<a href=\"https:\/\/jockyart.de\/de_de\/produkt\/kunstkalender-2025-wandkalender\/\" class=\"wc-block-grid__product-link\">\n\t\t\t\t\t\n\t\t\t\t\t<div class=\"wc-block-grid__product-image\"><img loading=\"lazy\" decoding=\"async\" width=\"324\" height=\"456\" src=\"https:\/\/jockyart.de\/wp-content\/uploads\/2024\/08\/000_Deckblatt-324x456.jpg\" class=\"attachment-woocommerce_thumbnail size-woocommerce_thumbnail\" alt=\"Kunstkalender 2025 - Wandkalender\" srcset=\"https:\/\/jockyart.de\/wp-content\/uploads\/2024\/08\/000_Deckblatt-324x456.jpg 324w, https:\/\/jockyart.de\/wp-content\/uploads\/2024\/08\/000_Deckblatt-1092x1536.jpg 1092w, https:\/\/jockyart.de\/wp-content\/uploads\/2024\/08\/000_Deckblatt-9x12.jpg 9w, https:\/\/jockyart.de\/wp-content\/uploads\/2024\/08\/000_Deckblatt-1320x1857.jpg 1320w, https:\/\/jockyart.de\/wp-content\/uploads\/2024\/08\/000_Deckblatt-416x585.jpg 416w, https:\/\/jockyart.de\/wp-content\/uploads\/2024\/08\/000_Deckblatt-213x300.jpg 213w, https:\/\/jockyart.de\/wp-content\/uploads\/2024\/08\/000_Deckblatt-768x1080.jpg 768w, https:\/\/jockyart.de\/wp-content\/uploads\/2024\/08\/000_Deckblatt-728x1024.jpg 728w, https:\/\/jockyart.de\/wp-content\/uploads\/2024\/08\/000_Deckblatt.jpg 1422w\" sizes=\"auto, (max-width: 324px) 100vw, 324px\" \/><\/div>\n\t\t\t\t\t<div class=\"wc-block-grid__product-title\">Kunstkalender 2025 &#8211; Wandkalender<\/div>\n\t\t\t\t<\/a>\n\t\t\t\t\n\t\t\t\t\n\t\t\t\t<div class=\"wp-block-button wc-block-grid__product-add-to-cart\"><a href=\"\/de_de\/wp-json\/wp\/v2\/pages\/8768?add-to-cart=8608\" aria-label=\"In den Warenkorb legen: \u201eKunstkalender 2025 - Wandkalender\u201c\" data-quantity=\"1\" data-product_id=\"8608\" data-product_sku=\"kunstkal2025\" data-price=\"10\" rel=\"nofollow\" class=\"wp-block-button__link  add_to_cart_button ajax_add_to_cart\">In den Warenkorb<\/a><\/div>\n\t\t\t<\/li><li class=\"wc-block-grid__product\">\n\t\t\t\t<a href=\"https:\/\/jockyart.de\/de_de\/produkt\/erhebe-dich-und-fliege-original\/\" class=\"wc-block-grid__product-link\">\n\t\t\t\t\t\n\t\t\t\t\t<div class=\"wc-block-grid__product-image\"><img loading=\"lazy\" decoding=\"async\" width=\"324\" height=\"458\" src=\"https:\/\/jockyart.de\/wp-content\/uploads\/2024\/05\/Lege_Deine_Fluegel_wieder_org-324x458.png\" class=\"attachment-woocommerce_thumbnail size-woocommerce_thumbnail\" alt=\"Lege Deine Fl\u00fcgel wieder an (Detail)\" srcset=\"https:\/\/jockyart.de\/wp-content\/uploads\/2024\/05\/Lege_Deine_Fluegel_wieder_org-324x458.png 324w, https:\/\/jockyart.de\/wp-content\/uploads\/2024\/05\/Lege_Deine_Fluegel_wieder_org-1087x1536.png 1087w, https:\/\/jockyart.de\/wp-content\/uploads\/2024\/05\/Lege_Deine_Fluegel_wieder_org-8x12.png 8w, https:\/\/jockyart.de\/wp-content\/uploads\/2024\/05\/Lege_Deine_Fluegel_wieder_org-1320x1866.png 1320w, https:\/\/jockyart.de\/wp-content\/uploads\/2024\/05\/Lege_Deine_Fluegel_wieder_org-416x588.png 416w, https:\/\/jockyart.de\/wp-content\/uploads\/2024\/05\/Lege_Deine_Fluegel_wieder_org-212x300.png 212w, https:\/\/jockyart.de\/wp-content\/uploads\/2024\/05\/Lege_Deine_Fluegel_wieder_org-768x1086.png 768w, https:\/\/jockyart.de\/wp-content\/uploads\/2024\/05\/Lege_Deine_Fluegel_wieder_org-724x1024.png 724w, https:\/\/jockyart.de\/wp-content\/uploads\/2024\/05\/Lege_Deine_Fluegel_wieder_org.png 1415w\" sizes=\"auto, (max-width: 324px) 100vw, 324px\" \/><\/div>\n\t\t\t\t\t<div class=\"wc-block-grid__product-title\">Erhebe Dich und fliege (Original)<\/div>\n\t\t\t\t<\/a>\n\t\t\t\t\n\t\t\t\t\n\t\t\t\t<div class=\"wp-block-button wc-block-grid__product-add-to-cart\"><a href=\"\/de_de\/wp-json\/wp\/v2\/pages\/8768?add-to-cart=8196\" aria-label=\"In den Warenkorb legen: \u201eErhebe Dich und fliege (Original)\u201c\" data-quantity=\"1\" data-product_id=\"8196\" data-product_sku=\"origin_lege_fluegel_an\" data-price=\"200\" rel=\"nofollow\" class=\"wp-block-button__link  add_to_cart_button ajax_add_to_cart\">In den Warenkorb<\/a><\/div>\n\t\t\t<\/li><\/ul><\/div>\n\n\n<p><a href=\"https:\/\/jockyart.de\/galerien\/prophetische-kunst\/kunstkalender\/wandkalender-2025\/\" data-type=\"page\" data-id=\"8546\">zur\u00fcck<\/a><\/p>\n","protected":false},"excerpt":{"rendered":"<p>Februar 2025 | April 2025 Das Original des M\u00e4rz des Kunstkalenders 2025 war ein \u25baprophetisches Bild als Preis eines Gewinnspiels meines Kunstnewsletters. Hier seht ihr, was ich der Empf\u00e4ngerin u.a. geschrieben habe: Als ich f\u00fcr dich gebetet habe, sah ich so etwas wie einen Rundtempel, allerdings mit einer Ballustrade oder einem M\u00e4uerchen, das sich nach [&hellip;]<\/p>\n","protected":false},"author":1,"featured_media":0,"parent":8546,"menu_order":0,"comment_status":"closed","ping_status":"closed","template":"","meta":{"footnotes":""},"class_list":["post-8768","page","type-page","status-publish","hentry"],"_links":{"self":[{"href":"https:\/\/jockyart.de\/de_de\/wp-json\/wp\/v2\/pages\/8768","targetHints":{"allow":["GET"]}}],"collection":[{"href":"https:\/\/jockyart.de\/de_de\/wp-json\/wp\/v2\/pages"}],"about":[{"href":"https:\/\/jockyart.de\/de_de\/wp-json\/wp\/v2\/types\/page"}],"author":[{"embeddable":true,"href":"https:\/\/jockyart.de\/de_de\/wp-json\/wp\/v2\/users\/1"}],"replies":[{"embeddable":true,"href":"https:\/\/jockyart.de\/de_de\/wp-json\/wp\/v2\/comments?post=8768"}],"version-history":[{"count":2,"href":"https:\/\/jockyart.de\/de_de\/wp-json\/wp\/v2\/pages\/8768\/revisions"}],"predecessor-version":[{"id":8779,"href":"https:\/\/jockyart.de\/de_de\/wp-json\/wp\/v2\/pages\/8768\/revisions\/8779"}],"up":[{"embeddable":true,"href":"https:\/\/jockyart.de\/de_de\/wp-json\/wp\/v2\/pages\/8546"}],"wp:attachment":[{"href":"https:\/\/jockyart.de\/de_de\/wp-json\/wp\/v2\/media?parent=8768"}],"curies":[{"name":"wp","href":"https:\/\/api.w.org\/{rel}","templated":true}]}}