{"id":8762,"date":"2024-09-20T16:19:48","date_gmt":"2024-09-20T14:19:48","guid":{"rendered":"https:\/\/jockyart.de\/?page_id=8762"},"modified":"2024-09-21T16:34:38","modified_gmt":"2024-09-21T14:34:38","slug":"02-sorgt-euch-nicht-um-euer-leben","status":"publish","type":"page","link":"https:\/\/jockyart.de\/de_de\/galerien\/prophetische-kunst\/kunstkalender\/wandkalender-2025\/02-sorgt-euch-nicht-um-euer-leben\/","title":{"rendered":"02 Sorgt euch nicht um euer Leben"},"content":{"rendered":"\n<p><a href=\"https:\/\/jockyart.de\/01-bereite-dich-auf-deinen-kairosmoment-vor\/\" data-type=\"page\" data-id=\"8754\">Januar 2025<\/a> | <a href=\"https:\/\/jockyart.de\/03-erhebe-dich-und-fliege\/\" data-type=\"page\" data-id=\"8768\">M\u00e4rz 2025<\/a><\/p>\n\n\n\n<figure class=\"wp-block-image size-large\"><img loading=\"lazy\" decoding=\"async\" width=\"728\" height=\"1024\" src=\"https:\/\/jockyart.de\/wp-content\/uploads\/2024\/08\/002_Februar-728x1024.jpg\" alt=\"\" class=\"wp-image-8550\" srcset=\"https:\/\/jockyart.de\/wp-content\/uploads\/2024\/08\/002_Februar-728x1024.jpg 728w, https:\/\/jockyart.de\/wp-content\/uploads\/2024\/08\/002_Februar-1092x1536.jpg 1092w, https:\/\/jockyart.de\/wp-content\/uploads\/2024\/08\/002_Februar-9x12.jpg 9w, https:\/\/jockyart.de\/wp-content\/uploads\/2024\/08\/002_Februar-1320x1857.jpg 1320w, https:\/\/jockyart.de\/wp-content\/uploads\/2024\/08\/002_Februar-324x456.jpg 324w, https:\/\/jockyart.de\/wp-content\/uploads\/2024\/08\/002_Februar-416x585.jpg 416w, https:\/\/jockyart.de\/wp-content\/uploads\/2024\/08\/002_Februar-213x300.jpg 213w, https:\/\/jockyart.de\/wp-content\/uploads\/2024\/08\/002_Februar-768x1080.jpg 768w, https:\/\/jockyart.de\/wp-content\/uploads\/2024\/08\/002_Februar.jpg 1422w\" sizes=\"auto, (max-width: 728px) 100vw, 728px\" \/><\/figure>\n\n\n\n<p>Das Original des <em>Februar<\/em> des <strong>Kunstkalenders 2025<\/strong> war mein Beitrag f\u00fcr ein <a href=\"https:\/\/jockyart.de\/de_de\/prophetisches-wichtelbild-bereite-dich-auf-deinen-kairosmoment-vor\/\" target=\"_blank\" rel=\"noreferrer noopener\">prophetisches Wichteln<\/a> bei einer Silvesterfeier. Hier seht ihr, was ich dem Empf\u00e4nger u.a. des Bildes geschrieben habe:<\/p>\n\n\n\n<blockquote class=\"wp-block-quote is-layout-flow wp-block-quote-is-layout-flow\">\n<p>Als ich f\u00fcr dich betete, sah ich einige kleine Singv\u00f6gel im Schnee auf Nahrungssuche. Das war ein sehr sch\u00f6nes und nettes Bild.<br><br>Dabei kam mir folgende Bibelstelle:<\/p>\n\n\n\n<p>\u201eDarum sage ich euch: Sorgt euch nicht um euer Leben, was ihr essen und trinken werdet; auch nicht um euren Leib, was ihr anziehen werdet. Ist nicht das Leben mehr als die Nahrung und der Leib mehr als die Kleidung? <sup>26<\/sup>&nbsp;Seht die V\u00f6gel unter dem Himmel an: Sie s\u00e4en nicht, sie ernten nicht, sie sammeln nicht in die Scheunen; und euer himmlischer Vater ern\u00e4hrt sie doch. Seid ihr denn nicht viel kostbarer als sie?\u201c<br><strong>Matth\u00e4us 6, 25 + 26<\/strong><\/p>\n\n\n\n<p>Ich glaube, dass Du gerade in einer Lebenssituation bist, wo Du Dir sehr viele Sorgen um dein Leben machst und wie das alles werden soll. Mit diesem Bild und Vers spricht Dir Gott zu, dass Er Deine Lebenssituation kennt, dass Er sehr wohl wei\u00df wie es Dir geht und dass es Ihn nicht kalt l\u00e4sst.<\/p>\n\n\n\n<p>Wenn Gott sich schon um die V\u00f6gel unter dem Himmel k\u00fcmmert, wie viel mehr wird er sich um Dich k\u00fcmmern und wie Dein Leben weitergeht. Er ist hier und streckt Seine Hand Dir entgegen.<\/p>\n\n\n\n<p>Willst Du sie ergreifen? Wende Dich doch an Ihn und erz\u00e4hle Ihm, was Dich bewegt und bitte Ihn Dir zu helfen. <br>Er will es so gerne tun!<\/p>\n<\/blockquote>\n\n\n<div data-block-name=\"woocommerce\/handpicked-products\" data-columns=\"1\" data-products=\"[8608]\" class=\"wc-block-grid wp-block-handpicked-products wp-block-woocommerce-handpicked-products wc-block-handpicked-products has-1-columns has-multiple-rows\"><ul class=\"wc-block-grid__products\"><li class=\"wc-block-grid__product\">\n\t\t\t\t<a href=\"https:\/\/jockyart.de\/de_de\/produkt\/kunstkalender-2025-wandkalender\/\" class=\"wc-block-grid__product-link\">\n\t\t\t\t\t<div class=\"wc-block-grid__product-onsale\">\n\t\t\t<span aria-hidden=\"true\">Angebot<\/span>\n\t\t\t<span class=\"screen-reader-text\">Produkt im Angebot<\/span>\n\t\t<\/div>\n\t\t\t\t\t<div class=\"wc-block-grid__product-image\"><img loading=\"lazy\" decoding=\"async\" width=\"324\" height=\"456\" src=\"https:\/\/jockyart.de\/wp-content\/uploads\/2024\/08\/000_Deckblatt-324x456.jpg\" class=\"attachment-woocommerce_thumbnail size-woocommerce_thumbnail\" alt=\"Kunstkalender 2025 - Wandkalender\" srcset=\"https:\/\/jockyart.de\/wp-content\/uploads\/2024\/08\/000_Deckblatt-324x456.jpg 324w, https:\/\/jockyart.de\/wp-content\/uploads\/2024\/08\/000_Deckblatt-1092x1536.jpg 1092w, https:\/\/jockyart.de\/wp-content\/uploads\/2024\/08\/000_Deckblatt-9x12.jpg 9w, https:\/\/jockyart.de\/wp-content\/uploads\/2024\/08\/000_Deckblatt-1320x1857.jpg 1320w, https:\/\/jockyart.de\/wp-content\/uploads\/2024\/08\/000_Deckblatt-416x585.jpg 416w, https:\/\/jockyart.de\/wp-content\/uploads\/2024\/08\/000_Deckblatt-213x300.jpg 213w, https:\/\/jockyart.de\/wp-content\/uploads\/2024\/08\/000_Deckblatt-768x1080.jpg 768w, https:\/\/jockyart.de\/wp-content\/uploads\/2024\/08\/000_Deckblatt-728x1024.jpg 728w, https:\/\/jockyart.de\/wp-content\/uploads\/2024\/08\/000_Deckblatt.jpg 1422w\" sizes=\"auto, (max-width: 324px) 100vw, 324px\" \/><\/div>\n\t\t\t\t\t<div class=\"wc-block-grid__product-title\">Kunstkalender 2025 &#8211; Wandkalender<\/div>\n\t\t\t\t<\/a>\n\t\t\t\t<div class=\"wc-block-grid__product-price price\">\t\t<span class=\"tiered-pricing-dynamic-price-wrapper\" data-display-context=\"shop-loop\" data-price-type=\"no-rules\" data-product-id=\"8608\" data-parent-id=\"8608\">\n\t\t\t<del aria-hidden=\"true\"><span class=\"woocommerce-Price-amount amount\">12,00&nbsp;<span class=\"woocommerce-Price-currencySymbol\">&euro;<\/span><\/span><\/del> <span class=\"screen-reader-text\">Urspr\u00fcnglicher Preis war: 12,00&nbsp;&euro;<\/span><ins aria-hidden=\"true\"><span class=\"woocommerce-Price-amount amount\">10,00&nbsp;<span class=\"woocommerce-Price-currencySymbol\">&euro;<\/span><\/span><\/ins><span class=\"screen-reader-text\">Aktueller Preis ist: 10,00&nbsp;&euro;.<\/span><\/span><\/div>\n\t\t\t\t\n\t\t\t\t<div class=\"wp-block-button wc-block-grid__product-add-to-cart\"><a href=\"\/de_de\/wp-json\/wp\/v2\/pages\/8762?add-to-cart=8608\" aria-label=\"In den Warenkorb legen: \u201eKunstkalender 2025 - Wandkalender\u201c\" data-quantity=\"1\" data-product_id=\"8608\" data-product_sku=\"kunstkal2025\" data-price=\"10\" rel=\"nofollow\" class=\"wp-block-button__link  add_to_cart_button ajax_add_to_cart\">In den Warenkorb<\/a><\/div>\n\t\t\t<\/li><\/ul><\/div>\n\n\n<p><a href=\"https:\/\/jockyart.de\/galerien\/prophetische-kunst\/kunstkalender\/wandkalender-2025\/\" data-type=\"page\" data-id=\"8546\">zur\u00fcck<\/a><\/p>\n","protected":false},"excerpt":{"rendered":"<p>Januar 2025 | M\u00e4rz 2025 Das Original des Februar des Kunstkalenders 2025 war mein Beitrag f\u00fcr ein prophetisches Wichteln bei einer Silvesterfeier. Hier seht ihr, was ich dem Empf\u00e4nger u.a. des Bildes geschrieben habe: Als ich f\u00fcr dich betete, sah ich einige kleine Singv\u00f6gel im Schnee auf Nahrungssuche. Das war ein sehr sch\u00f6nes und nettes [&hellip;]<\/p>\n","protected":false},"author":1,"featured_media":0,"parent":8546,"menu_order":0,"comment_status":"closed","ping_status":"closed","template":"","meta":{"footnotes":""},"class_list":["post-8762","page","type-page","status-publish","hentry"],"_links":{"self":[{"href":"https:\/\/jockyart.de\/de_de\/wp-json\/wp\/v2\/pages\/8762","targetHints":{"allow":["GET"]}}],"collection":[{"href":"https:\/\/jockyart.de\/de_de\/wp-json\/wp\/v2\/pages"}],"about":[{"href":"https:\/\/jockyart.de\/de_de\/wp-json\/wp\/v2\/types\/page"}],"author":[{"embeddable":true,"href":"https:\/\/jockyart.de\/de_de\/wp-json\/wp\/v2\/users\/1"}],"replies":[{"embeddable":true,"href":"https:\/\/jockyart.de\/de_de\/wp-json\/wp\/v2\/comments?post=8762"}],"version-history":[{"count":3,"href":"https:\/\/jockyart.de\/de_de\/wp-json\/wp\/v2\/pages\/8762\/revisions"}],"predecessor-version":[{"id":8848,"href":"https:\/\/jockyart.de\/de_de\/wp-json\/wp\/v2\/pages\/8762\/revisions\/8848"}],"up":[{"embeddable":true,"href":"https:\/\/jockyart.de\/de_de\/wp-json\/wp\/v2\/pages\/8546"}],"wp:attachment":[{"href":"https:\/\/jockyart.de\/de_de\/wp-json\/wp\/v2\/media?parent=8762"}],"curies":[{"name":"wp","href":"https:\/\/api.w.org\/{rel}","templated":true}]}}