{"id":8754,"date":"2024-09-20T15:57:19","date_gmt":"2024-09-20T13:57:19","guid":{"rendered":"https:\/\/jockyart.de\/?page_id=8754"},"modified":"2024-09-21T16:25:21","modified_gmt":"2024-09-21T14:25:21","slug":"01-bereite-dich-auf-deinen-kairosmoment-vor","status":"publish","type":"page","link":"https:\/\/jockyart.de\/de_de\/galerien\/prophetische-kunst\/kunstkalender\/wandkalender-2025\/01-bereite-dich-auf-deinen-kairosmoment-vor\/","title":{"rendered":"01 Bereite Dich auf Deinen Kairosmoment vor"},"content":{"rendered":"\n<p><a href=\"https:\/\/jockyart.de\/galerien\/prophetische-kunst\/kunstkalender\/wandkalender-2025\/00-die-neue-ebene\/\" data-type=\"page\" data-id=\"8733\">Deckblatt<\/a> | <a href=\"https:\/\/jockyart.de\/02-sorgt-euch-nicht-um-euer-leben\/\" data-type=\"page\" data-id=\"8762\">Februar 2025<\/a><\/p>\n\n\n\n<figure class=\"wp-block-image size-large\"><img data-recalc-dims=\"1\" loading=\"lazy\" decoding=\"async\" width=\"728\" height=\"1024\" src=\"https:\/\/i0.wp.com\/jockyart.de\/wp-content\/uploads\/2024\/08\/001_Januar.jpg?resize=728%2C1024&#038;ssl=1\" alt=\"\" class=\"wp-image-8549\" srcset=\"https:\/\/i0.wp.com\/jockyart.de\/wp-content\/uploads\/2024\/08\/001_Januar.jpg?resize=728%2C1024&amp;ssl=1 728w, https:\/\/i0.wp.com\/jockyart.de\/wp-content\/uploads\/2024\/08\/001_Januar.jpg?resize=1092%2C1536&amp;ssl=1 1092w, https:\/\/i0.wp.com\/jockyart.de\/wp-content\/uploads\/2024\/08\/001_Januar.jpg?resize=9%2C12&amp;ssl=1 9w, https:\/\/i0.wp.com\/jockyart.de\/wp-content\/uploads\/2024\/08\/001_Januar.jpg?resize=1320%2C1857&amp;ssl=1 1320w, https:\/\/i0.wp.com\/jockyart.de\/wp-content\/uploads\/2024\/08\/001_Januar.jpg?resize=324%2C456&amp;ssl=1 324w, https:\/\/i0.wp.com\/jockyart.de\/wp-content\/uploads\/2024\/08\/001_Januar.jpg?resize=416%2C585&amp;ssl=1 416w, https:\/\/i0.wp.com\/jockyart.de\/wp-content\/uploads\/2024\/08\/001_Januar.jpg?resize=213%2C300&amp;ssl=1 213w, https:\/\/i0.wp.com\/jockyart.de\/wp-content\/uploads\/2024\/08\/001_Januar.jpg?resize=768%2C1080&amp;ssl=1 768w, https:\/\/i0.wp.com\/jockyart.de\/wp-content\/uploads\/2024\/08\/001_Januar.jpg?w=1422&amp;ssl=1 1422w\" sizes=\"auto, (max-width: 728px) 100vw, 728px\" \/><\/figure>\n\n\n\n<p>Das Original des <em>Januar<\/em> des <strong>Kunstkalenders 2025<\/strong> war mein Beitrag f\u00fcr ein \u25ba <a href=\"https:\/\/jockyart.de\/de_de\/prophetisches-wichtelbild-bereite-dich-auf-deinen-kairosmoment-vor\/\" target=\"_blank\" rel=\"noreferrer noopener\">prophetisches Wichteln<\/a> bei der Silvesterfeier des Adlernests letztes Jahr. Hier seht ihr, was ich dem Empf\u00e4nger u.a. des Bildes geschrieben habe:<\/p>\n\n\n\n<blockquote class=\"wp-block-quote is-layout-flow wp-block-quote-is-layout-flow\">\n<p>W\u00e4hrend ich f\u00fcr dich betete, sah ich eine gro\u00dfe tickende Uhr mit Zeigern, wie es fr\u00fcher noch weit verbreitet war. Eine Uhr, die man als Taschenuhr an einer Kette befestigt im Jackett mit sich trug.<\/p>\n\n\n\n<p>Hinter dieser Uhr \u00f6ffnete sich auf einmal der Sternenhimmel in der Nacht und eine hell erleuchtete, sonnendurchflutete Landschaft wurde sichtbar.<\/p>\n\n\n\n<p>Ich habe den Eindruck, dass Du Dich momentan in einer Warteposition befindest und Du schon lange auf Ver\u00e4nderung hoffst. Ich glaube, dass Jesus etwas f\u00fcr Dich im kommenden Jahr vorbereitet hat. Einen besonderen Moment, der alles ver\u00e4ndern kann.<br><br>In der Bibel wird ja unterschieden zwischen Chronos (\u03a7\u03c1\u03cc\u03bd\u03bf\u03c2), unsere chronologische Zeit, die sich auf einem Zeitstrahl abbilden l\u00e4sst. Und dann gibt es noch Kairos (\u039a\u03b1\u03b9\u03c1\u03cc\u03c2), das ist ein g\u00f6ttlicher Moment, den Gott vorbereitet hat, wo der Himmel auf einmal in unsere Welt hereinbricht. Und ich glaube, dass Jesus in der kommenden Zeit einen Kairos Moment f\u00fcr dich vorbereitet hat.<\/p>\n\n\n\n<p>Ich habe keine Ahnung, wie dieser Moment konkret aussehen wird. Aber ich glaube, dass es sehr wichtig ist, dass Du diesen Augenblick nicht verpassen solltest, weil sich hier auf einmal so viel zum Guten \u00e4ndern kann. Der beste Weg, um sich darauf vorzubereiten, ist im Gebet Gott zu fragen, was Er da tun will, ihn zu bitten, dass Er Dir hilft diesen Moment nicht zu verpassen und dass Du darauf vorbereitet sein wirst. Und dann nat\u00fcrlich selbst Ausschau nach solchen M\u00f6glichkeiten zu halten und sofort zu reagieren, wenn Du merkst, dass Gott Dich ruft. Auch wenn das noch so unwichtig, klein oder vielleicht grade unpassend zu sein scheint!<\/p>\n\n\n\n<p>Ich segne Dich, dass Du diesen Moment wirklich wahrnehmen kannst!<\/p>\n<\/blockquote>\n\n\n<div data-block-name=\"woocommerce\/handpicked-products\" data-columns=\"1\" data-content-visibility=\"{&quot;image&quot;:true,&quot;title&quot;:true,&quot;price&quot;:true,&quot;rating&quot;:false,&quot;button&quot;:true}\" data-products=\"[8608]\" class=\"wc-block-grid wp-block-handpicked-products wp-block-woocommerce-handpicked-products wc-block-handpicked-products has-1-columns has-multiple-rows\"><ul class=\"wc-block-grid__products\"><li class=\"wc-block-grid__product\">\n\t\t\t\t<a href=\"https:\/\/jockyart.de\/de_de\/produkt\/kunstkalender-2025-wandkalender\/\" class=\"wc-block-grid__product-link\">\n\t\t\t\t\t<div class=\"wc-block-grid__product-onsale\">\n\t\t\t<span aria-hidden=\"true\">Angebot<\/span>\n\t\t\t<span class=\"screen-reader-text\">Produkt im Angebot<\/span>\n\t\t<\/div>\n\t\t\t\t\t<div class=\"wc-block-grid__product-image\"><img loading=\"lazy\" decoding=\"async\" width=\"324\" height=\"456\" src=\"https:\/\/i0.wp.com\/jockyart.de\/wp-content\/uploads\/2024\/08\/000_Deckblatt.jpg?fit=324%2C456&amp;ssl=1\" class=\"attachment-woocommerce_thumbnail size-woocommerce_thumbnail\" alt=\"Kunstkalender 2025 - Wandkalender\" srcset=\"https:\/\/i0.wp.com\/jockyart.de\/wp-content\/uploads\/2024\/08\/000_Deckblatt.jpg?w=1422&amp;ssl=1 1422w, https:\/\/i0.wp.com\/jockyart.de\/wp-content\/uploads\/2024\/08\/000_Deckblatt.jpg?resize=1092%2C1536&amp;ssl=1 1092w, https:\/\/i0.wp.com\/jockyart.de\/wp-content\/uploads\/2024\/08\/000_Deckblatt.jpg?resize=9%2C12&amp;ssl=1 9w, https:\/\/i0.wp.com\/jockyart.de\/wp-content\/uploads\/2024\/08\/000_Deckblatt.jpg?resize=1320%2C1857&amp;ssl=1 1320w, https:\/\/i0.wp.com\/jockyart.de\/wp-content\/uploads\/2024\/08\/000_Deckblatt.jpg?resize=324%2C456&amp;ssl=1 324w, https:\/\/i0.wp.com\/jockyart.de\/wp-content\/uploads\/2024\/08\/000_Deckblatt.jpg?resize=416%2C585&amp;ssl=1 416w, https:\/\/i0.wp.com\/jockyart.de\/wp-content\/uploads\/2024\/08\/000_Deckblatt.jpg?resize=213%2C300&amp;ssl=1 213w, https:\/\/i0.wp.com\/jockyart.de\/wp-content\/uploads\/2024\/08\/000_Deckblatt.jpg?resize=768%2C1080&amp;ssl=1 768w, https:\/\/i0.wp.com\/jockyart.de\/wp-content\/uploads\/2024\/08\/000_Deckblatt.jpg?resize=728%2C1024&amp;ssl=1 728w\" sizes=\"auto, (max-width: 324px) 100vw, 324px\" \/><\/div>\n\t\t\t\t\t<div class=\"wc-block-grid__product-title\">Kunstkalender 2025 &#8211; Wandkalender<\/div>\n\t\t\t\t<\/a>\n\t\t\t\t<div class=\"wc-block-grid__product-price price\">\t\t<span class=\"tiered-pricing-dynamic-price-wrapper\" data-display-context=\"shop-loop\" data-price-type=\"no-rules\" data-product-id=\"8608\" data-parent-id=\"8608\">\n\t\t\t<del aria-hidden=\"true\"><span class=\"woocommerce-Price-amount amount\">12,00&nbsp;<span class=\"woocommerce-Price-currencySymbol\">&euro;<\/span><\/span><\/del> <span class=\"screen-reader-text\">Urspr\u00fcnglicher Preis war: 12,00&nbsp;&euro;<\/span><ins aria-hidden=\"true\"><span class=\"woocommerce-Price-amount amount\">10,00&nbsp;<span class=\"woocommerce-Price-currencySymbol\">&euro;<\/span><\/span><\/ins><span class=\"screen-reader-text\">Aktueller Preis ist: 10,00&nbsp;&euro;.<\/span><\/span><\/div>\n\t\t\t\t\n\t\t\t\t<div class=\"wp-block-button wc-block-grid__product-add-to-cart\"><a href=\"\/de_de\/wp-json\/wp\/v2\/pages\/8754?add-to-cart=8608\" aria-label=\"In den Warenkorb legen: \u201eKunstkalender 2025 - Wandkalender\u201c\" data-quantity=\"1\" data-product_id=\"8608\" data-product_sku=\"kunstkal2025\" data-price=\"10\" rel=\"nofollow\" class=\"wp-block-button__link  add_to_cart_button ajax_add_to_cart\">In den Warenkorb<\/a><\/div>\n\t\t\t<\/li><\/ul><\/div>\n\n\n<p><a href=\"https:\/\/jockyart.de\/galerien\/prophetische-kunst\/kunstkalender\/wandkalender-2025\/\" data-type=\"page\" data-id=\"8546\">zur\u00fcck<\/a><\/p>\n","protected":false},"excerpt":{"rendered":"<p>Deckblatt | Februar 2025 Das Original des Januar des Kunstkalenders 2025 war mein Beitrag f\u00fcr ein \u25ba prophetisches Wichteln bei der Silvesterfeier des Adlernests letztes Jahr. Hier seht ihr, was ich dem Empf\u00e4nger u.a. des Bildes geschrieben habe: W\u00e4hrend ich f\u00fcr dich betete, sah ich eine gro\u00dfe tickende Uhr mit Zeigern, wie es fr\u00fcher noch [&hellip;]<\/p>\n","protected":false},"author":1,"featured_media":0,"parent":8546,"menu_order":0,"comment_status":"closed","ping_status":"closed","template":"","meta":{"jetpack_post_was_ever_published":false,"footnotes":""},"class_list":["post-8754","page","type-page","status-publish","hentry"],"jetpack-related-posts":[],"jetpack_sharing_enabled":true,"_links":{"self":[{"href":"https:\/\/jockyart.de\/de_de\/wp-json\/wp\/v2\/pages\/8754","targetHints":{"allow":["GET"]}}],"collection":[{"href":"https:\/\/jockyart.de\/de_de\/wp-json\/wp\/v2\/pages"}],"about":[{"href":"https:\/\/jockyart.de\/de_de\/wp-json\/wp\/v2\/types\/page"}],"author":[{"embeddable":true,"href":"https:\/\/jockyart.de\/de_de\/wp-json\/wp\/v2\/users\/1"}],"replies":[{"embeddable":true,"href":"https:\/\/jockyart.de\/de_de\/wp-json\/wp\/v2\/comments?post=8754"}],"version-history":[{"count":4,"href":"https:\/\/jockyart.de\/de_de\/wp-json\/wp\/v2\/pages\/8754\/revisions"}],"predecessor-version":[{"id":8841,"href":"https:\/\/jockyart.de\/de_de\/wp-json\/wp\/v2\/pages\/8754\/revisions\/8841"}],"up":[{"embeddable":true,"href":"https:\/\/jockyart.de\/de_de\/wp-json\/wp\/v2\/pages\/8546"}],"wp:attachment":[{"href":"https:\/\/jockyart.de\/de_de\/wp-json\/wp\/v2\/media?parent=8754"}],"curies":[{"name":"wp","href":"https:\/\/api.w.org\/{rel}","templated":true}]}}