{"id":835,"date":"2022-04-03T22:42:30","date_gmt":"2022-04-03T20:42:30","guid":{"rendered":"https:\/\/jockyart.de\/?page_id=835"},"modified":"2022-11-03T22:46:01","modified_gmt":"2022-11-03T21:46:01","slug":"beruehrung-durch-prophetische-kunst-07","status":"publish","type":"page","link":"https:\/\/jockyart.de\/de_de\/videos\/videoserie-beruehrung-durch-prophetische-kunst\/beruehrung-durch-prophetische-kunst-07\/","title":{"rendered":"Ber\u00fchrung durch prophetische Kunst 07"},"content":{"rendered":"\n<p>\u00dcber den <strong>Jahreswechsel 2021\/22<\/strong> konnte ich bei meinen Eltern eine weitere Episode von <strong>&#8220;Die Nacht des Geschichtenerz\u00e4hlers&#8221;<\/strong> aufnehmen und euch zwei weitere wunderbare Beispiele erz\u00e4hlen, wie Jesus Menschen durch meine Kunst ber\u00fchrt hat.<\/p>\n\n\n\n<figure class=\"wp-block-image size-large\"><a href=\"https:\/\/youtu.be\/5hY-uHF30yc\" target=\"_blank\" rel=\"noreferrer noopener\"><img loading=\"lazy\" decoding=\"async\" width=\"1024\" height=\"576\" src=\"https:\/\/jockyart.de\/wp-content\/uploads\/2022\/04\/DNdG_XII_Thumbnail-1024x576.jpg\" alt=\"Die Nacht der Geschichtenerz\u00e4hlers XII - Ber\u00fchrung durch prophetische Kunst 07\" class=\"wp-image-822\" srcset=\"https:\/\/jockyart.de\/wp-content\/uploads\/2022\/04\/DNdG_XII_Thumbnail-1024x576.jpg 1024w, https:\/\/jockyart.de\/wp-content\/uploads\/2022\/04\/DNdG_XII_Thumbnail-324x182.jpg 324w, https:\/\/jockyart.de\/wp-content\/uploads\/2022\/04\/DNdG_XII_Thumbnail-416x234.jpg 416w, https:\/\/jockyart.de\/wp-content\/uploads\/2022\/04\/DNdG_XII_Thumbnail-1536x864.jpg 1536w, https:\/\/jockyart.de\/wp-content\/uploads\/2022\/04\/DNdG_XII_Thumbnail-18x10.jpg 18w, https:\/\/jockyart.de\/wp-content\/uploads\/2022\/04\/DNdG_XII_Thumbnail-300x169.jpg 300w, https:\/\/jockyart.de\/wp-content\/uploads\/2022\/04\/DNdG_XII_Thumbnail-768x432.jpg 768w, https:\/\/jockyart.de\/wp-content\/uploads\/2022\/04\/DNdG_XII_Thumbnail.jpg 1920w\" sizes=\"auto, (max-width: 1024px) 100vw, 1024px\" \/><\/a><\/figure>\n\n\n\n<p><strong>Ich verlinke euch hier die Blogartikel mit den Bildern:<\/strong><br>When in War create: <a rel=\"noreferrer noopener\" href=\"https:\/\/jockyart.de\/2021\/12\/14\/when-in-war-create\/\" target=\"_blank\">klick<\/a><br>Komm heraus aus der Verborgenheit: <a rel=\"noreferrer noopener\" href=\"https:\/\/jockyart.de\/2021\/07\/06\/komm-raus-aus-der-verborgenheit\/\" target=\"_blank\">klick<\/a><br><br>Folgt auch gerne diesem K\u00fcnstler, wenn euch die <strong>Musik<\/strong> des Videos gefallen hat:<br><a rel=\"noreferrer noopener\" href=\"https:\/\/www.instagram.com\/mklingenfelder\/\" target=\"_blank\"><strong>Matthias Lingenfelder<\/strong><\/a><\/p>\n\n\n<p><!-- \/wp:post-content --><\/p>","protected":false},"excerpt":{"rendered":"<p>\u00dcber den Jahreswechsel 2021\/22 konnte ich bei meinen Eltern eine weitere Episode von &#8220;Die Nacht des Geschichtenerz\u00e4hlers&#8221; aufnehmen und euch zwei weitere wunderbare Beispiele erz\u00e4hlen, wie Jesus Menschen durch meine Kunst ber\u00fchrt hat. Ich verlinke euch hier die Blogartikel mit den Bildern:When in War create: klickKomm heraus aus der Verborgenheit: klick Folgt auch gerne diesem [&hellip;]<\/p>\n","protected":false},"author":1,"featured_media":0,"parent":771,"menu_order":0,"comment_status":"closed","ping_status":"closed","template":"","meta":{"footnotes":""},"class_list":["post-835","page","type-page","status-publish","hentry"],"_links":{"self":[{"href":"https:\/\/jockyart.de\/de_de\/wp-json\/wp\/v2\/pages\/835","targetHints":{"allow":["GET"]}}],"collection":[{"href":"https:\/\/jockyart.de\/de_de\/wp-json\/wp\/v2\/pages"}],"about":[{"href":"https:\/\/jockyart.de\/de_de\/wp-json\/wp\/v2\/types\/page"}],"author":[{"embeddable":true,"href":"https:\/\/jockyart.de\/de_de\/wp-json\/wp\/v2\/users\/1"}],"replies":[{"embeddable":true,"href":"https:\/\/jockyart.de\/de_de\/wp-json\/wp\/v2\/comments?post=835"}],"version-history":[{"count":6,"href":"https:\/\/jockyart.de\/de_de\/wp-json\/wp\/v2\/pages\/835\/revisions"}],"predecessor-version":[{"id":4755,"href":"https:\/\/jockyart.de\/de_de\/wp-json\/wp\/v2\/pages\/835\/revisions\/4755"}],"up":[{"embeddable":true,"href":"https:\/\/jockyart.de\/de_de\/wp-json\/wp\/v2\/pages\/771"}],"wp:attachment":[{"href":"https:\/\/jockyart.de\/de_de\/wp-json\/wp\/v2\/media?parent=835"}],"curies":[{"name":"wp","href":"https:\/\/api.w.org\/{rel}","templated":true}]}}