{"id":799,"date":"2022-04-03T21:46:27","date_gmt":"2022-04-03T19:46:27","guid":{"rendered":"https:\/\/jockyart.de\/?page_id=799"},"modified":"2022-11-03T22:50:14","modified_gmt":"2022-11-03T21:50:14","slug":"beruehrung-durch-prophetische-kunst-04","status":"publish","type":"page","link":"https:\/\/jockyart.de\/de_de\/videos\/videoserie-beruehrung-durch-prophetische-kunst\/beruehrung-durch-prophetische-kunst-04\/","title":{"rendered":"Ber\u00fchrung durch prophetische Kunst 04"},"content":{"rendered":"\n<p>Im 4. Teil meiner Videoserie m\u00f6chte ich euch zwei Geschichten erz\u00e4hlen, wie Gott durch meine Kunst Menschen ber\u00fchrt und sogar das Leben gerettet hat.<\/p>\n\n\n\n<figure class=\"wp-block-image size-large\"><a href=\"https:\/\/youtu.be\/m9muB0xn8_Y\" target=\"_blank\" rel=\"noreferrer noopener\"><img data-recalc-dims=\"1\" loading=\"lazy\" decoding=\"async\" width=\"980\" height=\"551\" src=\"https:\/\/i0.wp.com\/jockyart.de\/wp-content\/uploads\/2022\/04\/DNdG_VII_Thumbnail.jpg?resize=980%2C551&#038;ssl=1\" alt=\"Die Nacht der Geschichtenerz\u00e4hlers VII - Ber\u00fchrung durch prophetische Kunst 04\" class=\"wp-image-823\" title=\"Die Nacht der Geschichtenerz\u00e4hlers VII - Ber\u00fchrung durch prophetische Kunst 04\" srcset=\"https:\/\/i0.wp.com\/jockyart.de\/wp-content\/uploads\/2022\/04\/DNdG_VII_Thumbnail.jpg?resize=1024%2C576&amp;ssl=1 1024w, https:\/\/i0.wp.com\/jockyart.de\/wp-content\/uploads\/2022\/04\/DNdG_VII_Thumbnail.jpg?resize=324%2C182&amp;ssl=1 324w, https:\/\/i0.wp.com\/jockyart.de\/wp-content\/uploads\/2022\/04\/DNdG_VII_Thumbnail.jpg?resize=416%2C234&amp;ssl=1 416w, https:\/\/i0.wp.com\/jockyart.de\/wp-content\/uploads\/2022\/04\/DNdG_VII_Thumbnail.jpg?resize=1536%2C864&amp;ssl=1 1536w, https:\/\/i0.wp.com\/jockyart.de\/wp-content\/uploads\/2022\/04\/DNdG_VII_Thumbnail.jpg?resize=18%2C10&amp;ssl=1 18w, https:\/\/i0.wp.com\/jockyart.de\/wp-content\/uploads\/2022\/04\/DNdG_VII_Thumbnail.jpg?resize=300%2C169&amp;ssl=1 300w, https:\/\/i0.wp.com\/jockyart.de\/wp-content\/uploads\/2022\/04\/DNdG_VII_Thumbnail.jpg?resize=768%2C432&amp;ssl=1 768w, https:\/\/i0.wp.com\/jockyart.de\/wp-content\/uploads\/2022\/04\/DNdG_VII_Thumbnail.jpg?w=1920&amp;ssl=1 1920w\" sizes=\"auto, (max-width: 980px) 100vw, 980px\" \/><\/a><\/figure>\n\n\n\n<p><strong>Die Bilder aus dem Video findet ihr hier:<\/strong><br>Die Postkarte &#8220;<strong>Tiefstes Herz<\/strong>&#8221; und die Auslegung findet ihr hier: <a rel=\"noreferrer noopener\" href=\"https:\/\/www.jocky.de\/jockyart-shop\/postkarten\/tieftes-herz\/\" target=\"_blank\">klick<\/a><br>Das Bild &#8220;<strong>Heilung unter seinen Fl\u00fcgeln<\/strong>&#8221; findet ihr hier: <a rel=\"noreferrer noopener\" href=\"https:\/\/www.jocky.de\/wp-content\/gallery\/verkauft-und-verschenkt\/Heilung_unter_seinen_Fluegeln.jpg\" target=\"_blank\">klick<\/a><br><br>Folgt auch gerne diesem K\u00fcnstler, wenn euch die <strong>Musik<\/strong> des Videos gefallen hat:<br><strong>Matthias Lingenfelder<\/strong><\/p>\n","protected":false},"excerpt":{"rendered":"<p>Im 4. Teil meiner Videoserie m\u00f6chte ich euch zwei Geschichten erz\u00e4hlen, wie Gott durch meine Kunst Menschen ber\u00fchrt und sogar das Leben gerettet hat. Die Bilder aus dem Video findet ihr hier:Die Postkarte &#8220;Tiefstes Herz&#8221; und die Auslegung findet ihr hier: klickDas Bild &#8220;Heilung unter seinen Fl\u00fcgeln&#8221; findet ihr hier: klick Folgt auch gerne diesem [&hellip;]<\/p>\n","protected":false},"author":1,"featured_media":0,"parent":771,"menu_order":0,"comment_status":"closed","ping_status":"closed","template":"","meta":{"jetpack_post_was_ever_published":false,"footnotes":""},"class_list":["post-799","page","type-page","status-publish","hentry"],"jetpack-related-posts":[],"jetpack_sharing_enabled":true,"_links":{"self":[{"href":"https:\/\/jockyart.de\/de_de\/wp-json\/wp\/v2\/pages\/799","targetHints":{"allow":["GET"]}}],"collection":[{"href":"https:\/\/jockyart.de\/de_de\/wp-json\/wp\/v2\/pages"}],"about":[{"href":"https:\/\/jockyart.de\/de_de\/wp-json\/wp\/v2\/types\/page"}],"author":[{"embeddable":true,"href":"https:\/\/jockyart.de\/de_de\/wp-json\/wp\/v2\/users\/1"}],"replies":[{"embeddable":true,"href":"https:\/\/jockyart.de\/de_de\/wp-json\/wp\/v2\/comments?post=799"}],"version-history":[{"count":3,"href":"https:\/\/jockyart.de\/de_de\/wp-json\/wp\/v2\/pages\/799\/revisions"}],"predecessor-version":[{"id":4758,"href":"https:\/\/jockyart.de\/de_de\/wp-json\/wp\/v2\/pages\/799\/revisions\/4758"}],"up":[{"embeddable":true,"href":"https:\/\/jockyart.de\/de_de\/wp-json\/wp\/v2\/pages\/771"}],"wp:attachment":[{"href":"https:\/\/jockyart.de\/de_de\/wp-json\/wp\/v2\/media?parent=799"}],"curies":[{"name":"wp","href":"https:\/\/api.w.org\/{rel}","templated":true}]}}