{"id":796,"date":"2022-04-03T21:38:20","date_gmt":"2022-04-03T19:38:20","guid":{"rendered":"https:\/\/jockyart.de\/?page_id=796"},"modified":"2022-11-03T22:54:09","modified_gmt":"2022-11-03T21:54:09","slug":"beruehrung-durch-prophetische-kunst-03","status":"publish","type":"page","link":"https:\/\/jockyart.de\/de_de\/videos\/videoserie-beruehrung-durch-prophetische-kunst\/beruehrung-durch-prophetische-kunst-03\/","title":{"rendered":"Ber\u00fchrung durch prophetische Kunst 03"},"content":{"rendered":"\n<p>Ich bin sehr froh, dass ich euch diese ganz besondere Geschichte eines prophetischen Bildes erz\u00e4hlen kann, das eine Freundin mir in Auftrag gegeben hat.<br><br>Es ist nicht nur besonders wie Gott durch die Umst\u00e4nde zu der Empf\u00e4ngerin des Bildes gesprochen hat und damit gezeigt hat, dass er bereits Monate vorher wusste, wie es ihr gehen w\u00fcrde, als das Bild fertig war. Sondern es ist f\u00fcr mich pers\u00f6nlich auch ganz besonders, weil es in einer f\u00fcr mich sehr herausfordernden und schmerzvollen Zeit entstanden ist.<\/p>\n\n\n\n<figure class=\"wp-block-image size-large\"><a href=\"https:\/\/youtu.be\/5Kl82PIwyEg\" target=\"_blank\" rel=\"noreferrer noopener\"><img loading=\"lazy\" decoding=\"async\" width=\"1024\" height=\"576\" src=\"https:\/\/jockyart.de\/wp-content\/uploads\/2022\/04\/DNdG_V_Thumbnail-1024x576.jpg\" alt=\"Die Nacht der Geschichtenerz\u00e4hlers VI - Ber\u00fchrung durch prophetische Kunst 03\" class=\"wp-image-816\" title=\"Die Nacht der Geschichtenerz\u00e4hlers VI - Ber\u00fchrung durch prophetische Kunst 03\" srcset=\"https:\/\/jockyart.de\/wp-content\/uploads\/2022\/04\/DNdG_V_Thumbnail-1024x576.jpg 1024w, https:\/\/jockyart.de\/wp-content\/uploads\/2022\/04\/DNdG_V_Thumbnail-324x182.jpg 324w, https:\/\/jockyart.de\/wp-content\/uploads\/2022\/04\/DNdG_V_Thumbnail-416x234.jpg 416w, https:\/\/jockyart.de\/wp-content\/uploads\/2022\/04\/DNdG_V_Thumbnail-1536x864.jpg 1536w, https:\/\/jockyart.de\/wp-content\/uploads\/2022\/04\/DNdG_V_Thumbnail-18x10.jpg 18w, https:\/\/jockyart.de\/wp-content\/uploads\/2022\/04\/DNdG_V_Thumbnail-300x169.jpg 300w, https:\/\/jockyart.de\/wp-content\/uploads\/2022\/04\/DNdG_V_Thumbnail-768x432.jpg 768w, https:\/\/jockyart.de\/wp-content\/uploads\/2022\/04\/DNdG_V_Thumbnail.jpg 1920w\" sizes=\"auto, (max-width: 1024px) 100vw, 1024px\" \/><\/a><\/figure>\n\n\n\n<p>Das Bild und die Auslegung k\u00f6nnt ihr hier finden:  <a rel=\"noopener noreferrer\" href=\"https:\/\/www.jocky.de\/2019\/07\/23\/prophetische-kunst-die-muelltonne-veraendert-durch-die-herrlichkeit-gottes\/\" target=\"_blank\">klick<\/a> <br><br>Folgt auch gerne diesem K\u00fcnstler, wenn euch die <strong>Musik<\/strong> des Videos gefallen hat:<br><a href=\"https:\/\/www.instagram.com\/mklingenfelder\/\" target=\"_blank\" rel=\"noreferrer noopener\">Matthias Lingenfelder<\/a><\/p>\n","protected":false},"excerpt":{"rendered":"<p>Ich bin sehr froh, dass ich euch diese ganz besondere Geschichte eines prophetischen Bildes erz\u00e4hlen kann, das eine Freundin mir in Auftrag gegeben hat. Es ist nicht nur besonders wie Gott durch die Umst\u00e4nde zu der Empf\u00e4ngerin des Bildes gesprochen hat und damit gezeigt hat, dass er bereits Monate vorher wusste, wie es ihr gehen [&hellip;]<\/p>\n","protected":false},"author":1,"featured_media":0,"parent":771,"menu_order":0,"comment_status":"closed","ping_status":"closed","template":"","meta":{"footnotes":""},"class_list":["post-796","page","type-page","status-publish","hentry"],"_links":{"self":[{"href":"https:\/\/jockyart.de\/de_de\/wp-json\/wp\/v2\/pages\/796","targetHints":{"allow":["GET"]}}],"collection":[{"href":"https:\/\/jockyart.de\/de_de\/wp-json\/wp\/v2\/pages"}],"about":[{"href":"https:\/\/jockyart.de\/de_de\/wp-json\/wp\/v2\/types\/page"}],"author":[{"embeddable":true,"href":"https:\/\/jockyart.de\/de_de\/wp-json\/wp\/v2\/users\/1"}],"replies":[{"embeddable":true,"href":"https:\/\/jockyart.de\/de_de\/wp-json\/wp\/v2\/comments?post=796"}],"version-history":[{"count":5,"href":"https:\/\/jockyart.de\/de_de\/wp-json\/wp\/v2\/pages\/796\/revisions"}],"predecessor-version":[{"id":4760,"href":"https:\/\/jockyart.de\/de_de\/wp-json\/wp\/v2\/pages\/796\/revisions\/4760"}],"up":[{"embeddable":true,"href":"https:\/\/jockyart.de\/de_de\/wp-json\/wp\/v2\/pages\/771"}],"wp:attachment":[{"href":"https:\/\/jockyart.de\/de_de\/wp-json\/wp\/v2\/media?parent=796"}],"curies":[{"name":"wp","href":"https:\/\/api.w.org\/{rel}","templated":true}]}}