{"id":792,"date":"2022-04-03T21:31:08","date_gmt":"2022-04-03T19:31:08","guid":{"rendered":"https:\/\/jockyart.de\/?page_id=792"},"modified":"2022-11-03T22:58:31","modified_gmt":"2022-11-03T21:58:31","slug":"beruehrung-durch-prophetische-kunst-02","status":"publish","type":"page","link":"https:\/\/jockyart.de\/de_de\/videos\/videoserie-beruehrung-durch-prophetische-kunst\/beruehrung-durch-prophetische-kunst-02\/","title":{"rendered":"Ber\u00fchrung durch prophetische Kunst 02"},"content":{"rendered":"\n<p>Da der erste Teil so gut angekommen ist, in dem ich davon erz\u00e4hlt habe, wie Gott durch meine prophetische Kunst Menschen ber\u00fchrt hat, m\u00f6chte ich euch in diesem Video weitere Erlebnisse mitteilen.<\/p>\n\n\n\n<p>Da der erste Teil so gut angekommen ist, in dem ich davon erz\u00e4hlt habe, wie Gott durch meine prophetische Kunst Menschen ber\u00fchrt hat, m\u00f6chte ich euch in diesem Video weitere Erlebnisse mitteilen.<\/p>\n\n\n\n<figure class=\"wp-block-image size-large\"><a href=\"https:\/\/youtu.be\/dPSLpc8mFvM\" target=\"_blank\" rel=\"noreferrer noopener\"><img loading=\"lazy\" decoding=\"async\" width=\"1024\" height=\"576\" src=\"https:\/\/jockyart.de\/wp-content\/uploads\/2022\/04\/DNdG_III_Thumbnail-1024x576.jpg\" alt=\"Die Nacht der Geschichtenerz\u00e4hlers III - Ber\u00fchrung durch prophetische Kunst 02\" class=\"wp-image-814\" title=\"Die Nacht der Geschichtenerz\u00e4hlers III - Ber\u00fchrung durch prophetische Kunst 02\" srcset=\"https:\/\/jockyart.de\/wp-content\/uploads\/2022\/04\/DNdG_III_Thumbnail-1024x576.jpg 1024w, https:\/\/jockyart.de\/wp-content\/uploads\/2022\/04\/DNdG_III_Thumbnail-324x182.jpg 324w, https:\/\/jockyart.de\/wp-content\/uploads\/2022\/04\/DNdG_III_Thumbnail-416x234.jpg 416w, https:\/\/jockyart.de\/wp-content\/uploads\/2022\/04\/DNdG_III_Thumbnail-1536x864.jpg 1536w, https:\/\/jockyart.de\/wp-content\/uploads\/2022\/04\/DNdG_III_Thumbnail-18x10.jpg 18w, https:\/\/jockyart.de\/wp-content\/uploads\/2022\/04\/DNdG_III_Thumbnail-300x169.jpg 300w, https:\/\/jockyart.de\/wp-content\/uploads\/2022\/04\/DNdG_III_Thumbnail-768x432.jpg 768w, https:\/\/jockyart.de\/wp-content\/uploads\/2022\/04\/DNdG_III_Thumbnail.jpg 1920w\" sizes=\"auto, (max-width: 1024px) 100vw, 1024px\" \/><\/a><\/figure>\n\n\n\n<p><strong>Die Bilder und deren Auslegung k\u00f6nnt ihr hier anschauen:<\/strong><br>Gerichtssaal Gottes: Das Kreuz, Gnade, Friede und Gerechtigkeit: &nbsp;<a rel=\"noreferrer noopener\" href=\"https:\/\/www.jocky.de\/2020\/05\/03\/gerichtssaal-gottes-das-kreuz-gnade-friede-und-gerechtigkeit\/\" target=\"_blank\">klick<\/a><br>Schau aufs Licht: &nbsp;<a rel=\"noreferrer noopener\" href=\"https:\/\/www.jocky.de\/2018\/07\/05\/prophetische-kunst-schau-aufs-licht\/\" target=\"_blank\">klick<\/a><\/p>\n\n\n\n<p>Folgt auch gerne diesem K\u00fcnstler, wenn euch die <strong>Musik<\/strong> des Videos gefallen hat:<br><a rel=\"noreferrer noopener\" href=\"https:\/\/www.instagram.com\/mklingenfelder\/\" target=\"_blank\">Matthias Lingenfelder<\/a><\/p>\n","protected":false},"excerpt":{"rendered":"<p>Da der erste Teil so gut angekommen ist, in dem ich davon erz\u00e4hlt habe, wie Gott durch meine prophetische Kunst Menschen ber\u00fchrt hat, m\u00f6chte ich euch in diesem Video weitere Erlebnisse mitteilen. Da der erste Teil so gut angekommen ist, in dem ich davon erz\u00e4hlt habe, wie Gott durch meine prophetische Kunst Menschen ber\u00fchrt hat, [&hellip;]<\/p>\n","protected":false},"author":1,"featured_media":0,"parent":771,"menu_order":0,"comment_status":"closed","ping_status":"closed","template":"","meta":{"footnotes":""},"class_list":["post-792","page","type-page","status-publish","hentry"],"_links":{"self":[{"href":"https:\/\/jockyart.de\/de_de\/wp-json\/wp\/v2\/pages\/792","targetHints":{"allow":["GET"]}}],"collection":[{"href":"https:\/\/jockyart.de\/de_de\/wp-json\/wp\/v2\/pages"}],"about":[{"href":"https:\/\/jockyart.de\/de_de\/wp-json\/wp\/v2\/types\/page"}],"author":[{"embeddable":true,"href":"https:\/\/jockyart.de\/de_de\/wp-json\/wp\/v2\/users\/1"}],"replies":[{"embeddable":true,"href":"https:\/\/jockyart.de\/de_de\/wp-json\/wp\/v2\/comments?post=792"}],"version-history":[{"count":5,"href":"https:\/\/jockyart.de\/de_de\/wp-json\/wp\/v2\/pages\/792\/revisions"}],"predecessor-version":[{"id":4762,"href":"https:\/\/jockyart.de\/de_de\/wp-json\/wp\/v2\/pages\/792\/revisions\/4762"}],"up":[{"embeddable":true,"href":"https:\/\/jockyart.de\/de_de\/wp-json\/wp\/v2\/pages\/771"}],"wp:attachment":[{"href":"https:\/\/jockyart.de\/de_de\/wp-json\/wp\/v2\/media?parent=792"}],"curies":[{"name":"wp","href":"https:\/\/api.w.org\/{rel}","templated":true}]}}