{"id":780,"date":"2022-04-03T21:14:36","date_gmt":"2022-04-03T19:14:36","guid":{"rendered":"https:\/\/jockyart.de\/?page_id=780"},"modified":"2023-03-10T13:13:27","modified_gmt":"2023-03-10T12:13:27","slug":"zeugnisse-mit-prophetischer-kunst","status":"publish","type":"page","link":"https:\/\/jockyart.de\/de_de\/videos\/zeugnisse-mit-prophetischer-kunst\/","title":{"rendered":"Zeugnisse mit prophetischer Kunst"},"content":{"rendered":"\n<p>G\u00fcnstigerweise haben mir einige Freunde Videos gemacht, in denen sie erz\u00e4hlen, wie Gott sie durch meine Kunst ber\u00fchrt hat.<br><br>Wenn ihr gerne selber so ein Video machen wollt, sprecht mich gerne an. Ich freue mich sehr dar\u00fcber!<\/p>\n\n\n\n<div class=\"wp-block-columns is-layout-flex wp-container-core-columns-is-layout-28f84493 wp-block-columns-is-layout-flex\">\n<div class=\"wp-block-column is-layout-flow wp-block-column-is-layout-flow\">\n<figure class=\"wp-block-image size-large\"><a href=\"https:\/\/jockyart.de\/videos\/zeugnisse-mit-prophetischer-kunst\/zeugnis-mit-prophetischer-kunst-5-steig-aus-dem-boot\/\"><img data-recalc-dims=\"1\" loading=\"lazy\" decoding=\"async\" width=\"980\" height=\"551\" src=\"https:\/\/i0.wp.com\/jockyart.de\/wp-content\/uploads\/2023\/03\/Thumb_Zeugnis_ProphKunst_005_Steig_aus_dem_Boot.jpg?resize=980%2C551&#038;ssl=1\" alt=\"Zeugnis mit prophetischer Kunst 5\" class=\"wp-image-5541\" srcset=\"https:\/\/i0.wp.com\/jockyart.de\/wp-content\/uploads\/2023\/03\/Thumb_Zeugnis_ProphKunst_005_Steig_aus_dem_Boot.jpg?resize=1024%2C576&amp;ssl=1 1024w, https:\/\/i0.wp.com\/jockyart.de\/wp-content\/uploads\/2023\/03\/Thumb_Zeugnis_ProphKunst_005_Steig_aus_dem_Boot.jpg?resize=1536%2C864&amp;ssl=1 1536w, https:\/\/i0.wp.com\/jockyart.de\/wp-content\/uploads\/2023\/03\/Thumb_Zeugnis_ProphKunst_005_Steig_aus_dem_Boot.jpg?resize=18%2C10&amp;ssl=1 18w, https:\/\/i0.wp.com\/jockyart.de\/wp-content\/uploads\/2023\/03\/Thumb_Zeugnis_ProphKunst_005_Steig_aus_dem_Boot.jpg?resize=1320%2C743&amp;ssl=1 1320w, https:\/\/i0.wp.com\/jockyart.de\/wp-content\/uploads\/2023\/03\/Thumb_Zeugnis_ProphKunst_005_Steig_aus_dem_Boot.jpg?resize=324%2C182&amp;ssl=1 324w, https:\/\/i0.wp.com\/jockyart.de\/wp-content\/uploads\/2023\/03\/Thumb_Zeugnis_ProphKunst_005_Steig_aus_dem_Boot.jpg?resize=416%2C234&amp;ssl=1 416w, https:\/\/i0.wp.com\/jockyart.de\/wp-content\/uploads\/2023\/03\/Thumb_Zeugnis_ProphKunst_005_Steig_aus_dem_Boot.jpg?resize=300%2C169&amp;ssl=1 300w, https:\/\/i0.wp.com\/jockyart.de\/wp-content\/uploads\/2023\/03\/Thumb_Zeugnis_ProphKunst_005_Steig_aus_dem_Boot.jpg?resize=768%2C432&amp;ssl=1 768w, https:\/\/i0.wp.com\/jockyart.de\/wp-content\/uploads\/2023\/03\/Thumb_Zeugnis_ProphKunst_005_Steig_aus_dem_Boot.jpg?w=1920&amp;ssl=1 1920w\" sizes=\"auto, (max-width: 980px) 100vw, 980px\" \/><\/a><\/figure>\n<\/div>\n\n\n\n<div class=\"wp-block-column is-layout-flow wp-block-column-is-layout-flow\">\n<p><strong>05<\/strong> <a href=\"https:\/\/jockyart.de\/videos\/zeugnisse-mit-prophetischer-kunst\/zeugnis-mit-prophetischer-kunst-5-steig-aus-dem-boot\/\" data-type=\"page\" data-id=\"5540\">Steig aus dem Boot aus<\/a><\/p>\n<\/div>\n<\/div>\n\n\n\n<div class=\"wp-block-columns is-layout-flex wp-container-core-columns-is-layout-28f84493 wp-block-columns-is-layout-flex\">\n<div class=\"wp-block-column is-layout-flow wp-block-column-is-layout-flow\">\n<figure class=\"wp-block-image size-large\"><a href=\"\/videos\/zeugnisse-mit-prophetischer-kunst\/zeugnis-mit-prophetischer-kunst-04-du-bist-nicht-allein-beistand\/\"><img loading=\"lazy\" decoding=\"async\" width=\"1024\" height=\"576\" src=\"\/wp-content\/uploads\/2022\/10\/Thumb_Zeugnis_ProphKunst_004_Du_bist_nicht_allein-1024x576.jpg\" alt=\"Zeugnis mit prophetischer Kunst_004 -Du bist nicht allein\" class=\"wp-image-4516\" srcset=\"https:\/\/i0.wp.com\/jockyart.de\/wp-content\/uploads\/2022\/10\/Thumb_Zeugnis_ProphKunst_004_Du_bist_nicht_allein.jpg?resize=1024%2C576&amp;ssl=1 1024w, https:\/\/i0.wp.com\/jockyart.de\/wp-content\/uploads\/2022\/10\/Thumb_Zeugnis_ProphKunst_004_Du_bist_nicht_allein.jpg?resize=1536%2C864&amp;ssl=1 1536w, https:\/\/i0.wp.com\/jockyart.de\/wp-content\/uploads\/2022\/10\/Thumb_Zeugnis_ProphKunst_004_Du_bist_nicht_allein.jpg?resize=18%2C10&amp;ssl=1 18w, https:\/\/i0.wp.com\/jockyart.de\/wp-content\/uploads\/2022\/10\/Thumb_Zeugnis_ProphKunst_004_Du_bist_nicht_allein.jpg?resize=324%2C182&amp;ssl=1 324w, https:\/\/i0.wp.com\/jockyart.de\/wp-content\/uploads\/2022\/10\/Thumb_Zeugnis_ProphKunst_004_Du_bist_nicht_allein.jpg?resize=416%2C234&amp;ssl=1 416w, https:\/\/i0.wp.com\/jockyart.de\/wp-content\/uploads\/2022\/10\/Thumb_Zeugnis_ProphKunst_004_Du_bist_nicht_allein.jpg?resize=300%2C169&amp;ssl=1 300w, https:\/\/i0.wp.com\/jockyart.de\/wp-content\/uploads\/2022\/10\/Thumb_Zeugnis_ProphKunst_004_Du_bist_nicht_allein.jpg?resize=768%2C432&amp;ssl=1 768w, https:\/\/i0.wp.com\/jockyart.de\/wp-content\/uploads\/2022\/10\/Thumb_Zeugnis_ProphKunst_004_Du_bist_nicht_allein.jpg?w=1920&amp;ssl=1 1920w\" sizes=\"auto, (max-width: 980px) 100vw, 980px\" \/><\/a><\/figure>\n<\/div>\n\n\n\n<div class=\"wp-block-column is-layout-flow wp-block-column-is-layout-flow\">\n<p><strong>04<\/strong> <a href=\"\/videos\/zeugnisse-mit-prophetischer-kunst\/zeugnis-mit-prophetischer-kunst-04-du-bist-nicht-allein-beistand\/\">Du bist nicht allein (Beistand)<\/a><\/p>\n<\/div>\n<\/div>\n\n\n\n<div class=\"wp-block-columns is-layout-flex wp-container-core-columns-is-layout-28f84493 wp-block-columns-is-layout-flex\">\n<div class=\"wp-block-column is-layout-flow wp-block-column-is-layout-flow\">\n<figure class=\"wp-block-image size-large\"><a href=\"\/videos\/zeugnisse-mit-prophetischer-kunst\/zeugnisse-mit-prophetischer-kunst-03-raus-aus-der-finsternis\/\"><img loading=\"lazy\" decoding=\"async\" width=\"1024\" height=\"576\" src=\"\/wp-content\/uploads\/2022\/05\/Thumb_Zeugnis__003_Raus_Finsternis-1024x576.jpg\" alt=\"Zeugnis mit proph. Kunst 03 - Raus aus der Finsternis\" class=\"wp-image-2276\" srcset=\"https:\/\/i0.wp.com\/jockyart.de\/wp-content\/uploads\/2022\/05\/Thumb_Zeugnis__003_Raus_Finsternis.jpg?resize=1024%2C576&amp;ssl=1 1024w, https:\/\/i0.wp.com\/jockyart.de\/wp-content\/uploads\/2022\/05\/Thumb_Zeugnis__003_Raus_Finsternis.jpg?resize=1536%2C864&amp;ssl=1 1536w, https:\/\/i0.wp.com\/jockyart.de\/wp-content\/uploads\/2022\/05\/Thumb_Zeugnis__003_Raus_Finsternis.jpg?resize=18%2C10&amp;ssl=1 18w, https:\/\/i0.wp.com\/jockyart.de\/wp-content\/uploads\/2022\/05\/Thumb_Zeugnis__003_Raus_Finsternis.jpg?resize=324%2C182&amp;ssl=1 324w, https:\/\/i0.wp.com\/jockyart.de\/wp-content\/uploads\/2022\/05\/Thumb_Zeugnis__003_Raus_Finsternis.jpg?resize=416%2C234&amp;ssl=1 416w, https:\/\/i0.wp.com\/jockyart.de\/wp-content\/uploads\/2022\/05\/Thumb_Zeugnis__003_Raus_Finsternis.jpg?resize=300%2C169&amp;ssl=1 300w, https:\/\/i0.wp.com\/jockyart.de\/wp-content\/uploads\/2022\/05\/Thumb_Zeugnis__003_Raus_Finsternis.jpg?resize=768%2C432&amp;ssl=1 768w, https:\/\/i0.wp.com\/jockyart.de\/wp-content\/uploads\/2022\/05\/Thumb_Zeugnis__003_Raus_Finsternis.jpg?w=1920&amp;ssl=1 1920w\" sizes=\"auto, (max-width: 980px) 100vw, 980px\" \/><\/a><\/figure>\n<\/div>\n\n\n\n<div class=\"wp-block-column is-layout-flow wp-block-column-is-layout-flow\">\n<p><strong>03 <\/strong><a href=\"\/videos\/zeugnisse-mit-prophetischer-kunst\/zeugnisse-mit-prophetischer-kunst-03-raus-aus-der-finsternis\/\">Raus aus der Finsternis<\/a><\/p>\n<\/div>\n<\/div>\n\n\n\n<div class=\"wp-block-columns is-layout-flex wp-container-core-columns-is-layout-28f84493 wp-block-columns-is-layout-flex\">\n<div class=\"wp-block-column is-layout-flow wp-block-column-is-layout-flow\">\n<figure class=\"wp-block-image size-large\"><a href=\"https:\/\/jockyart.de\/videos\/zeugnisse-mit-prophetischer-kunst\/zeugnis-mit-prophetischer-kunst-2-eingehuellt-in-die-liebe-gottes\/\"><img loading=\"lazy\" decoding=\"async\" width=\"1024\" height=\"576\" src=\"\/wp-content\/uploads\/2022\/04\/Thumb_Zeugnis_prophetischeKunst_002_Umhuellt-1024x576.jpg\" alt=\"Zeugnis mit proph. Kunst 002\" class=\"wp-image-885\" srcset=\"https:\/\/i0.wp.com\/jockyart.de\/wp-content\/uploads\/2022\/04\/Thumb_Zeugnis_prophetischeKunst_002_Umhuellt.jpg?resize=1024%2C576&amp;ssl=1 1024w, https:\/\/i0.wp.com\/jockyart.de\/wp-content\/uploads\/2022\/04\/Thumb_Zeugnis_prophetischeKunst_002_Umhuellt.jpg?resize=324%2C182&amp;ssl=1 324w, https:\/\/i0.wp.com\/jockyart.de\/wp-content\/uploads\/2022\/04\/Thumb_Zeugnis_prophetischeKunst_002_Umhuellt.jpg?resize=416%2C234&amp;ssl=1 416w, https:\/\/i0.wp.com\/jockyart.de\/wp-content\/uploads\/2022\/04\/Thumb_Zeugnis_prophetischeKunst_002_Umhuellt.jpg?resize=1536%2C864&amp;ssl=1 1536w, https:\/\/i0.wp.com\/jockyart.de\/wp-content\/uploads\/2022\/04\/Thumb_Zeugnis_prophetischeKunst_002_Umhuellt.jpg?resize=18%2C10&amp;ssl=1 18w, https:\/\/i0.wp.com\/jockyart.de\/wp-content\/uploads\/2022\/04\/Thumb_Zeugnis_prophetischeKunst_002_Umhuellt.jpg?resize=300%2C169&amp;ssl=1 300w, https:\/\/i0.wp.com\/jockyart.de\/wp-content\/uploads\/2022\/04\/Thumb_Zeugnis_prophetischeKunst_002_Umhuellt.jpg?resize=768%2C432&amp;ssl=1 768w, https:\/\/i0.wp.com\/jockyart.de\/wp-content\/uploads\/2022\/04\/Thumb_Zeugnis_prophetischeKunst_002_Umhuellt.jpg?w=1920&amp;ssl=1 1920w\" sizes=\"auto, (max-width: 980px) 100vw, 980px\" \/><\/a><\/figure>\n<\/div>\n\n\n\n<div class=\"wp-block-column is-layout-flow wp-block-column-is-layout-flow\">\n<p><strong>02<\/strong> <a href=\"\/videos\/zeugnisse-mit-prophetischer-kunst\/zeugnis-mit-prophetischer-kunst-2-eingehuellt-in-die-liebe-gottes\/\">Umh\u00fcllt von der Liebe Gottes<\/a><\/p>\n<\/div>\n<\/div>\n\n\n\n<div class=\"wp-block-columns is-layout-flex wp-container-core-columns-is-layout-28f84493 wp-block-columns-is-layout-flex\">\n<div class=\"wp-block-column is-layout-flow wp-block-column-is-layout-flow\">\n<figure class=\"wp-block-image size-large\"><a href=\"\/videos\/zeugnisse-mit-prophetischer-kunst\/zeugnis-mit-prophetischer-kunst-1-red-sea-moment-heilung\/\"><img loading=\"lazy\" decoding=\"async\" width=\"1024\" height=\"576\" src=\"\/wp-content\/uploads\/2022\/04\/Thumb_Zeugnis_prophetischeKunst_001-1024x576.jpg\" alt=\"Zeugnis mit proph. Kunst 001\" class=\"wp-image-884\" srcset=\"https:\/\/i0.wp.com\/jockyart.de\/wp-content\/uploads\/2022\/04\/Thumb_Zeugnis_prophetischeKunst_001.jpg?resize=1024%2C576&amp;ssl=1 1024w, https:\/\/i0.wp.com\/jockyart.de\/wp-content\/uploads\/2022\/04\/Thumb_Zeugnis_prophetischeKunst_001.jpg?resize=324%2C182&amp;ssl=1 324w, https:\/\/i0.wp.com\/jockyart.de\/wp-content\/uploads\/2022\/04\/Thumb_Zeugnis_prophetischeKunst_001.jpg?resize=416%2C234&amp;ssl=1 416w, https:\/\/i0.wp.com\/jockyart.de\/wp-content\/uploads\/2022\/04\/Thumb_Zeugnis_prophetischeKunst_001.jpg?resize=1536%2C864&amp;ssl=1 1536w, https:\/\/i0.wp.com\/jockyart.de\/wp-content\/uploads\/2022\/04\/Thumb_Zeugnis_prophetischeKunst_001.jpg?resize=18%2C10&amp;ssl=1 18w, https:\/\/i0.wp.com\/jockyart.de\/wp-content\/uploads\/2022\/04\/Thumb_Zeugnis_prophetischeKunst_001.jpg?resize=300%2C169&amp;ssl=1 300w, https:\/\/i0.wp.com\/jockyart.de\/wp-content\/uploads\/2022\/04\/Thumb_Zeugnis_prophetischeKunst_001.jpg?resize=768%2C432&amp;ssl=1 768w, https:\/\/i0.wp.com\/jockyart.de\/wp-content\/uploads\/2022\/04\/Thumb_Zeugnis_prophetischeKunst_001.jpg?w=1920&amp;ssl=1 1920w\" sizes=\"auto, (max-width: 980px) 100vw, 980px\" \/><\/a><\/figure>\n<\/div>\n\n\n\n<div class=\"wp-block-column is-layout-flow wp-block-column-is-layout-flow\">\n<p><strong>01<\/strong> <a href=\"\/videos\/zeugnisse-mit-prophetischer-kunst\/zeugnis-mit-prophetischer-kunst-1-red-sea-moment-heilung\/\">Red Sea Moment &amp; Heilung<\/a><\/p>\n<\/div>\n<\/div>\n","protected":false},"excerpt":{"rendered":"<p>G\u00fcnstigerweise haben mir einige Freunde Videos gemacht, in denen sie erz\u00e4hlen, wie Gott sie durch meine Kunst ber\u00fchrt hat. Wenn ihr gerne selber so ein Video machen wollt, sprecht mich gerne an. Ich freue mich sehr dar\u00fcber! 05 Steig aus dem Boot aus 04 Du bist nicht allein (Beistand) 03 Raus aus der Finsternis 02 [&hellip;]<\/p>\n","protected":false},"author":1,"featured_media":0,"parent":376,"menu_order":1,"comment_status":"closed","ping_status":"closed","template":"","meta":{"jetpack_post_was_ever_published":false,"footnotes":""},"class_list":["post-780","page","type-page","status-publish","hentry"],"jetpack-related-posts":[],"jetpack_sharing_enabled":true,"_links":{"self":[{"href":"https:\/\/jockyart.de\/de_de\/wp-json\/wp\/v2\/pages\/780","targetHints":{"allow":["GET"]}}],"collection":[{"href":"https:\/\/jockyart.de\/de_de\/wp-json\/wp\/v2\/pages"}],"about":[{"href":"https:\/\/jockyart.de\/de_de\/wp-json\/wp\/v2\/types\/page"}],"author":[{"embeddable":true,"href":"https:\/\/jockyart.de\/de_de\/wp-json\/wp\/v2\/users\/1"}],"replies":[{"embeddable":true,"href":"https:\/\/jockyart.de\/de_de\/wp-json\/wp\/v2\/comments?post=780"}],"version-history":[{"count":25,"href":"https:\/\/jockyart.de\/de_de\/wp-json\/wp\/v2\/pages\/780\/revisions"}],"predecessor-version":[{"id":5558,"href":"https:\/\/jockyart.de\/de_de\/wp-json\/wp\/v2\/pages\/780\/revisions\/5558"}],"up":[{"embeddable":true,"href":"https:\/\/jockyart.de\/de_de\/wp-json\/wp\/v2\/pages\/376"}],"wp:attachment":[{"href":"https:\/\/jockyart.de\/de_de\/wp-json\/wp\/v2\/media?parent=780"}],"curies":[{"name":"wp","href":"https:\/\/api.w.org\/{rel}","templated":true}]}}