{"id":7344,"date":"2023-10-29T12:14:56","date_gmt":"2023-10-29T11:14:56","guid":{"rendered":"https:\/\/jockyart.de\/?page_id=7344"},"modified":"2024-10-23T22:05:04","modified_gmt":"2024-10-23T20:05:04","slug":"12-ein-sohn-ist-uns-gegeben","status":"publish","type":"page","link":"https:\/\/jockyart.de\/de_de\/galerien\/prophetische-kunst\/kunstkalender\/wandkalender-2024\/12-ein-sohn-ist-uns-gegeben\/","title":{"rendered":"12 Ein Sohn ist uns gegeben"},"content":{"rendered":"\n<p><a href=\"https:\/\/jockyart.de\/de_de\/galerien\/prophetische-kunst\/kunstkalender\/wandkalender-2024\/11-komm-zur-ruhe\/\" data-type=\"page\" data-id=\"7343\">November 2024<\/a> | <a href=\"https:\/\/jockyart.de\/de_de\/galerien\/prophetische-kunst\/kunstkalender\/wandkalender-2024\/00-naeher-zu-dir-2\/\" data-type=\"link\" data-id=\"https:\/\/jockyart.de\/de_de\/galerien\/prophetische-kunst\/kunstkalender\/wandkalender-2024\/\">Deckblatt<\/a><\/p>\n\n\n\n<figure class=\"wp-block-image size-full\"><img loading=\"lazy\" decoding=\"async\" width=\"2000\" height=\"1422\" src=\"https:\/\/jockyart.de\/wp-content\/uploads\/2023\/09\/012_JockyArt_Kunstkalender2024_Dezember.jpg\" alt=\"Kunstkalender2024 -Dezember\" class=\"wp-image-7120\" srcset=\"https:\/\/jockyart.de\/wp-content\/uploads\/2023\/09\/012_JockyArt_Kunstkalender2024_Dezember.jpg 2000w, https:\/\/jockyart.de\/wp-content\/uploads\/2023\/09\/012_JockyArt_Kunstkalender2024_Dezember-1536x1092.jpg 1536w, https:\/\/jockyart.de\/wp-content\/uploads\/2023\/09\/012_JockyArt_Kunstkalender2024_Dezember-18x12.jpg 18w, https:\/\/jockyart.de\/wp-content\/uploads\/2023\/09\/012_JockyArt_Kunstkalender2024_Dezember-1320x939.jpg 1320w, https:\/\/jockyart.de\/wp-content\/uploads\/2023\/09\/012_JockyArt_Kunstkalender2024_Dezember-324x230.jpg 324w, https:\/\/jockyart.de\/wp-content\/uploads\/2023\/09\/012_JockyArt_Kunstkalender2024_Dezember-416x296.jpg 416w, https:\/\/jockyart.de\/wp-content\/uploads\/2023\/09\/012_JockyArt_Kunstkalender2024_Dezember-300x213.jpg 300w, https:\/\/jockyart.de\/wp-content\/uploads\/2023\/09\/012_JockyArt_Kunstkalender2024_Dezember-768x546.jpg 768w\" sizes=\"auto, (max-width: 2000px) 100vw, 2000px\" \/><\/figure>\n\n\n\n<p>\u00a9 Copyright 2021 by&nbsp;<em><a rel=\"noreferrer noopener\" href=\"https:\/\/www.jockyart.de\/\" target=\"_blank\">JockyArt.de<\/a><\/em><\/p>\n\n\n\n<p>Das Bild f\u00fcr Dezember entstand im Juni und ist inspiriert von einem Text aus Jesaja, der sich mit der Geburt von Jesus nat\u00fcrlich an Weihnachten erf\u00fcllt hat. Ich hatte mit dem Bild aber etwas anderes im Sinn. Dazu komme ich gleich noch.<\/p>\n\n\n\n<blockquote class=\"wp-block-quote is-layout-flow wp-block-quote-is-layout-flow\">\n<p>\u201eDenn uns ist ein&nbsp;<strong>Kind geboren<\/strong>, ein Sohn ist uns gegeben, und die Herrschaft ist auf seiner Schulter; und er hei\u00dft&nbsp;<strong>Wunder-Rat, Gott-Held, Ewig-Vater, Friede-F\u00fcrst<\/strong>; auf dass seine&nbsp;<strong>Herrschaft<\/strong>&nbsp;gro\u00df werde und des Friedens kein Ende auf dem Thron Davids und in seinem K\u00f6nigreich, dass er\u2019s st\u00e4rke und st\u00fctze durch Recht und Gerechtigkeit von nun an bis in Ewigkeit. Solches wird tun der Eifer des HERRN Zebaoth.\u201c<br><strong>Jesaja 9, 5 \u2013 6<\/strong><\/p>\n<\/blockquote>\n\n\n\n<p>Wenn wir in die Welt schauen, dann m\u00fcssen alle Herrscher immer demonstrieren wie gro\u00df und m\u00e4chtig sie sind. Gro\u00dfe Pal\u00e4ste, teure Limousinen, gro\u00dfe Armeen, sie sind umgeben von einer Vielzahl von Dienern. Sind peinlichst auf ihren Ruf bedacht, lassen sich auf keine Arbeit ein, die ihrer nicht w\u00fcrdig zu sein scheint\u2026<\/p>\n\n\n\n<p>Bei Jesus ist das ganz anders. Er wei\u00df, dass er die h\u00f6chste Macht im Universum ist (er hat es sogar geschaffen), er ist der K\u00f6nig der K\u00f6nige, der Herr der Herren. Ihm stehen Myriaden von Engeln zur Seite. Weil Er wei\u00df, dass Ihm keiner gleich ist, keiner auch nur im Ansatz an Ihn heranreichen kann, hat er nichts zu verlieren. Er kann sich klein machen, sich dem\u00fctigen, wird zum Diener, kann die Rollen tauschen (<em>\u201eEr ward ein Knecht und ich ein Herr, das mag ein Wechsel sein\u2026\u201c<\/em>), und bricht sich dabei keinen Zacken von Seiner Krone.<\/p>\n\n\n\n<p>Paulus dr\u00fcckt es im 1. Korintherbrief so aus:<\/p>\n\n\n\n<blockquote class=\"wp-block-quote is-layout-flow wp-block-quote-is-layout-flow\">\n<p>\u201eDenn das T\u00f6richte Gottes ist weiser als die Menschen, und das Schwache Gottes ist st\u00e4rker als die Menschen.\u201c<br><strong>1. Korinther 1, 25<\/strong><\/p>\n<\/blockquote>\n\n\n\n<p>Jesus kann scheinbar noch so t\u00f6richt handeln und ist immer noch weiser als alle Weisheit der Menschen zusammen, er kann sich klein und verwundbar machen. Er stirbt scheinbar wehrlos einen sch\u00e4ndlichen und unehrenhaften Tod, ist total schwach. Die vermeintliche Niederlage am Kreuz war der gr\u00f6\u00dfte Sieg der Menschheitsgeschichte, sogar ihr Wendepunkt. Seine offensichtliche Schwachheit war viel kraftvoller als alle Schlachten der Erde, st\u00e4rker als die St\u00e4rke der Menschen!<\/p>\n\n\n\n<p>In vollem Bewusstsein wer Er selber war, konnte Jesus seinen J\u00fcngern die F\u00fc\u00dfe waschen. Eine Drecksarbeit, die der Gastgeber nicht f\u00fcr n\u00f6tig hielt ihm anzubieten. Die J\u00fcnger w\u00e4ren dann dran gewesen, weil es aber keiner zulassen konnte, niedriger als die anderen J\u00fcnger zu sein, dr\u00fcckten sie sich alle davor. Aber Jesus, der H\u00f6chste \u00fcber alle, konnte dies tun:<\/p>\n\n\n\n<blockquote class=\"wp-block-quote is-layout-flow wp-block-quote-is-layout-flow\">\n<p>\u201eUnd w\u00e4hrend des Mahls, [\u2026]&nbsp; da Jesus wusste, dass ihm der Vater alles in die H\u00e4nde gegeben hatte und dass er von Gott ausgegangen war und zu Gott hinging, stand er vom Mahl auf, legte sein Obergewand ab, nahm einen Schurz und umg\u00fcrtete sich; darauf goss er Wasser in das Becken und fing an, den J\u00fcngern die F\u00fc\u00dfe zu waschen und sie mit dem Schurz zu trocknen, mit dem er umg\u00fcrtet war.\u201c&nbsp;<strong>Johannes 13, 2 \u2013 5<\/strong><\/p>\n<\/blockquote>\n\n\n\n<p>Wenn wir uns mit dem hier Gesagten nochmal die erste Bibelstelle oben anschauen, dann erstrahlt sie in neuem Licht. Hier wird ein neugeborenes Baby erw\u00e4hnt. Ein kleines, wehrloses Kind. Komplett abh\u00e4ngig von der Liebe und F\u00fcrsorge seiner Mutter, dem Schutz seines Vaters. Es ist allein nicht \u00fcberlebensf\u00e4hig. Und als dieses kleine Baby kommt Jesus in diese Welt. Nicht in einem Palast, mit gepanzerter Limousine, Polizeischutz mit 30 Motorr\u00e4dern hinten und vorne\u2026 Nein, alleine schutzlos, versto\u00dfen und grade mal geduldet im Stall von Bethlehem.<\/p>\n\n\n\n<p>Und trotzdem werden hier diese m\u00e4chtigen Herrschaftsattribute genannt, die wie m\u00e4chtige Banner \u00fcber Ihm aufgestellt sind. Er ist ein wunderbarer Ratgeber, voller Weisheit und Einsicht. Der ewige Vater, der Vater aller Vaterschaft, der die verlorenen Kinder nach Hause bringt und ihnen die bedingungslose Liebe Gottes nahe bringt. Er ist Gottes starker Held, Er hat wirklich Kraft, die gr\u00f6\u00dfte Kraft im Universum, sogar der Ursprung aller Kraft \u00fcberhaupt. Er ist der F\u00fcrst des Friedens, durch den \u00fcberhaupt Frieden auf Erden m\u00f6glich ist (wie es auch die Engel bei der Geburt Jesu bei den Hirten besangen (\u201eEhre sei Gott in der H\u00f6he und Friede auf Erden!\u201c Lukas 2, 14).<\/p>\n\n\n\n<p>Was wie ein Widerspruch aussieht, ist in Jesus m\u00f6glich: Ein kleines, verletzliches Kind wird mit diesen gewaltigen Herrschaftsattributen, diesen m\u00e4chtigen Bannern versehen. Er ist der K\u00f6nig, auf dessen Schultern die Herrschaft ruht, die niemals ein Ende haben wird! Gewaltig, nicht wahr?<\/p>\n\n\n\n<p>Zus\u00e4tzlich zum Kalender, k\u00f6nnt ihr das Bild im Original erwerben, es ist nat\u00fcrlich auch als Kunstdruck, Poster, Leinwand oder als Sonderanfertigung wie Kissen oder Decke erh\u00e4ltlich.<\/p>\n\n\n\n<p><a href=\"https:\/\/jockyart.de\/galerien\/prophetische-kunst\/kunstkalender\/wandkalender-2024\/\">zur\u00fcck<\/a><\/p>\n","protected":false},"excerpt":{"rendered":"<p>November 2024 | Deckblatt \u00a9 Copyright 2021 by&nbsp;JockyArt.de Das Bild f\u00fcr Dezember entstand im Juni und ist inspiriert von einem Text aus Jesaja, der sich mit der Geburt von Jesus nat\u00fcrlich an Weihnachten erf\u00fcllt hat. Ich hatte mit dem Bild aber etwas anderes im Sinn. Dazu komme ich gleich noch. \u201eDenn uns ist ein&nbsp;Kind geboren, [&hellip;]<\/p>\n","protected":false},"author":1,"featured_media":0,"parent":7107,"menu_order":0,"comment_status":"closed","ping_status":"closed","template":"","meta":{"footnotes":""},"class_list":["post-7344","page","type-page","status-publish","hentry"],"_links":{"self":[{"href":"https:\/\/jockyart.de\/de_de\/wp-json\/wp\/v2\/pages\/7344","targetHints":{"allow":["GET"]}}],"collection":[{"href":"https:\/\/jockyart.de\/de_de\/wp-json\/wp\/v2\/pages"}],"about":[{"href":"https:\/\/jockyart.de\/de_de\/wp-json\/wp\/v2\/types\/page"}],"author":[{"embeddable":true,"href":"https:\/\/jockyart.de\/de_de\/wp-json\/wp\/v2\/users\/1"}],"replies":[{"embeddable":true,"href":"https:\/\/jockyart.de\/de_de\/wp-json\/wp\/v2\/comments?post=7344"}],"version-history":[{"count":9,"href":"https:\/\/jockyart.de\/de_de\/wp-json\/wp\/v2\/pages\/7344\/revisions"}],"predecessor-version":[{"id":9051,"href":"https:\/\/jockyart.de\/de_de\/wp-json\/wp\/v2\/pages\/7344\/revisions\/9051"}],"up":[{"embeddable":true,"href":"https:\/\/jockyart.de\/de_de\/wp-json\/wp\/v2\/pages\/7107"}],"wp:attachment":[{"href":"https:\/\/jockyart.de\/de_de\/wp-json\/wp\/v2\/media?parent=7344"}],"curies":[{"name":"wp","href":"https:\/\/api.w.org\/{rel}","templated":true}]}}