{"id":7343,"date":"2023-10-29T12:12:59","date_gmt":"2023-10-29T11:12:59","guid":{"rendered":"https:\/\/jockyart.de\/?page_id=7343"},"modified":"2024-10-23T21:59:19","modified_gmt":"2024-10-23T19:59:19","slug":"11-komm-zur-ruhe","status":"publish","type":"page","link":"https:\/\/jockyart.de\/de_de\/galerien\/prophetische-kunst\/kunstkalender\/wandkalender-2024\/11-komm-zur-ruhe\/","title":{"rendered":"11 Komm zur Ruhe"},"content":{"rendered":"\n<p><a href=\"https:\/\/jockyart.de\/de_de\/galerien\/prophetische-kunst\/kunstkalender\/wandkalender-2024\/10-jede-frucht-braucht-ihre-zeit\/\" data-type=\"page\" data-id=\"7337\">Oktober 2024<\/a> | <a href=\"https:\/\/jockyart.de\/de_de\/galerien\/prophetische-kunst\/kunstkalender\/wandkalender-2024\/12-ein-sohn-ist-uns-gegeben\/\" data-type=\"page\" data-id=\"7344\">Dezember 2024<\/a><\/p>\n\n\n\n<figure class=\"wp-block-image size-full\"><img loading=\"lazy\" decoding=\"async\" width=\"2000\" height=\"1422\" src=\"https:\/\/jockyart.de\/wp-content\/uploads\/2023\/09\/011_JockyArt_Kunstkalender2024_November.jpg\" alt=\"Kunstkalender2024 - November\" class=\"wp-image-7119\" srcset=\"https:\/\/jockyart.de\/wp-content\/uploads\/2023\/09\/011_JockyArt_Kunstkalender2024_November.jpg 2000w, https:\/\/jockyart.de\/wp-content\/uploads\/2023\/09\/011_JockyArt_Kunstkalender2024_November-1536x1092.jpg 1536w, https:\/\/jockyart.de\/wp-content\/uploads\/2023\/09\/011_JockyArt_Kunstkalender2024_November-18x12.jpg 18w, https:\/\/jockyart.de\/wp-content\/uploads\/2023\/09\/011_JockyArt_Kunstkalender2024_November-1320x939.jpg 1320w, https:\/\/jockyart.de\/wp-content\/uploads\/2023\/09\/011_JockyArt_Kunstkalender2024_November-324x230.jpg 324w, https:\/\/jockyart.de\/wp-content\/uploads\/2023\/09\/011_JockyArt_Kunstkalender2024_November-416x296.jpg 416w, https:\/\/jockyart.de\/wp-content\/uploads\/2023\/09\/011_JockyArt_Kunstkalender2024_November-300x213.jpg 300w, https:\/\/jockyart.de\/wp-content\/uploads\/2023\/09\/011_JockyArt_Kunstkalender2024_November-768x546.jpg 768w\" sizes=\"auto, (max-width: 2000px) 100vw, 2000px\" \/><\/figure>\n\n\n\n<p>\u00a9 Copyright 2022 by&nbsp;<em><a rel=\"noreferrer noopener\" href=\"https:\/\/www.jockyart.de\/\" target=\"_blank\">JockyArt.de<\/a><\/em><\/p>\n\n\n\n<p>Auf Facebook wurden mit immer wieder meine alte Strichzeichnungen mit Finelinern angezeigt. Die haben mir so gefallen, dass ich beschlossen habe, wieder mehr solche Zeichnungen zu machen.<\/p>\n\n\n\n<p>Im Gebetshaus M\u00fcnchen entstanden einige dieser Bilder. Das erste hier habe ich \u201eKomm zur Ruhe!\u201c genannt. Um gen\u00fcgend Kraft f\u00fcr den Alltag zu haben, ist es immer wieder wichtig zur Ruhe zu kommen und aufzutanken. <br><br>Das geht nat\u00fcrlich besonders in der Natur.<\/p>\n\n\n<div data-block-name=\"woocommerce\/handpicked-products\" data-columns=\"1\" data-products=\"[8991]\" class=\"wc-block-grid wp-block-handpicked-products wp-block-woocommerce-handpicked-products wc-block-handpicked-products has-1-columns has-multiple-rows\"><ul class=\"wc-block-grid__products\"><li class=\"wc-block-grid__product\">\n\t\t\t\t<a href=\"https:\/\/jockyart.de\/de_de\/produkt\/komm-zur-ruhe-postkarte-a5\/\" class=\"wc-block-grid__product-link\">\n\t\t\t\t\t\n\t\t\t\t\t<div class=\"wc-block-grid__product-image\"><img loading=\"lazy\" decoding=\"async\" width=\"324\" height=\"182\" src=\"https:\/\/jockyart.de\/wp-content\/uploads\/2024\/10\/Postkarten_A5_Komm_zur_Ruhe_vorne_002-324x182.jpg\" class=\"attachment-woocommerce_thumbnail size-woocommerce_thumbnail\" alt=\"Komm zur Ruhe (Postkarte A5)\" srcset=\"https:\/\/jockyart.de\/wp-content\/uploads\/2024\/10\/Postkarten_A5_Komm_zur_Ruhe_vorne_002-324x182.jpg 324w, https:\/\/jockyart.de\/wp-content\/uploads\/2024\/10\/Postkarten_A5_Komm_zur_Ruhe_vorne_002-1536x865.jpg 1536w, https:\/\/jockyart.de\/wp-content\/uploads\/2024\/10\/Postkarten_A5_Komm_zur_Ruhe_vorne_002-2048x1153.jpg 2048w, https:\/\/jockyart.de\/wp-content\/uploads\/2024\/10\/Postkarten_A5_Komm_zur_Ruhe_vorne_002-18x10.jpg 18w, https:\/\/jockyart.de\/wp-content\/uploads\/2024\/10\/Postkarten_A5_Komm_zur_Ruhe_vorne_002-1320x743.jpg 1320w, https:\/\/jockyart.de\/wp-content\/uploads\/2024\/10\/Postkarten_A5_Komm_zur_Ruhe_vorne_002-416x234.jpg 416w, https:\/\/jockyart.de\/wp-content\/uploads\/2024\/10\/Postkarten_A5_Komm_zur_Ruhe_vorne_002-300x169.jpg 300w, https:\/\/jockyart.de\/wp-content\/uploads\/2024\/10\/Postkarten_A5_Komm_zur_Ruhe_vorne_002-768x432.jpg 768w, https:\/\/jockyart.de\/wp-content\/uploads\/2024\/10\/Postkarten_A5_Komm_zur_Ruhe_vorne_002-1024x577.jpg 1024w\" sizes=\"auto, (max-width: 324px) 100vw, 324px\" \/><\/div>\n\t\t\t\t\t<div class=\"wc-block-grid__product-title\">Komm zur Ruhe (Postkarte A5)<\/div>\n\t\t\t\t<\/a>\n\t\t\t\t<div class=\"wc-block-grid__product-price price\">\t\t<span class=\"tiered-pricing-dynamic-price-wrapper\" data-display-context=\"shop-loop\" data-price-type=\"no-rules\" data-product-id=\"8991\" data-parent-id=\"8991\">\n\t\t\t<span class=\"woocommerce-Price-amount amount\">5,00&nbsp;<span class=\"woocommerce-Price-currencySymbol\">&euro;<\/span><\/span><\/span><\/div>\n\t\t\t\t\n\t\t\t\t<div class=\"wp-block-button wc-block-grid__product-add-to-cart\"><a href=\"\/de_de\/wp-json\/wp\/v2\/pages\/7343?add-to-cart=8991\" aria-label=\"In den Warenkorb legen: \u201eKomm zur Ruhe (Postkarte A5)\u201c\" data-quantity=\"1\" data-product_id=\"8991\" data-product_sku=\"postkarten_a5_komm_ruhe_fineliner\" data-price=\"5\" rel=\"nofollow\" class=\"wp-block-button__link  add_to_cart_button ajax_add_to_cart\">In den Warenkorb<\/a><\/div>\n\t\t\t<\/li><\/ul><\/div>\n\n\n<p>Zus\u00e4tzlich zum Kalender, k\u00f6nnt ihr das Bild auch als Kunstdruck, Poster, Leinwand oder als Sonderanfertigung wie Kissen oder Decke erh\u00e4ltlich.<\/p>\n\n\n\n<p><a href=\"https:\/\/jockyart.de\/galerien\/prophetische-kunst\/kunstkalender\/wandkalender-2024\/\">zur\u00fcck<\/a><\/p>\n","protected":false},"excerpt":{"rendered":"<p>Oktober 2024 | Dezember 2024 \u00a9 Copyright 2022 by&nbsp;JockyArt.de Auf Facebook wurden mit immer wieder meine alte Strichzeichnungen mit Finelinern angezeigt. Die haben mir so gefallen, dass ich beschlossen habe, wieder mehr solche Zeichnungen zu machen. Im Gebetshaus M\u00fcnchen entstanden einige dieser Bilder. Das erste hier habe ich \u201eKomm zur Ruhe!\u201c genannt. Um gen\u00fcgend Kraft [&hellip;]<\/p>\n","protected":false},"author":1,"featured_media":0,"parent":7107,"menu_order":0,"comment_status":"closed","ping_status":"closed","template":"","meta":{"footnotes":""},"class_list":["post-7343","page","type-page","status-publish","hentry"],"_links":{"self":[{"href":"https:\/\/jockyart.de\/de_de\/wp-json\/wp\/v2\/pages\/7343","targetHints":{"allow":["GET"]}}],"collection":[{"href":"https:\/\/jockyart.de\/de_de\/wp-json\/wp\/v2\/pages"}],"about":[{"href":"https:\/\/jockyart.de\/de_de\/wp-json\/wp\/v2\/types\/page"}],"author":[{"embeddable":true,"href":"https:\/\/jockyart.de\/de_de\/wp-json\/wp\/v2\/users\/1"}],"replies":[{"embeddable":true,"href":"https:\/\/jockyart.de\/de_de\/wp-json\/wp\/v2\/comments?post=7343"}],"version-history":[{"count":6,"href":"https:\/\/jockyart.de\/de_de\/wp-json\/wp\/v2\/pages\/7343\/revisions"}],"predecessor-version":[{"id":9047,"href":"https:\/\/jockyart.de\/de_de\/wp-json\/wp\/v2\/pages\/7343\/revisions\/9047"}],"up":[{"embeddable":true,"href":"https:\/\/jockyart.de\/de_de\/wp-json\/wp\/v2\/pages\/7107"}],"wp:attachment":[{"href":"https:\/\/jockyart.de\/de_de\/wp-json\/wp\/v2\/media?parent=7343"}],"curies":[{"name":"wp","href":"https:\/\/api.w.org\/{rel}","templated":true}]}}