{"id":7337,"date":"2023-10-29T12:08:18","date_gmt":"2023-10-29T11:08:18","guid":{"rendered":"https:\/\/jockyart.de\/?page_id=7337"},"modified":"2024-10-23T22:05:40","modified_gmt":"2024-10-23T20:05:40","slug":"10-jede-frucht-braucht-ihre-zeit","status":"publish","type":"page","link":"https:\/\/jockyart.de\/de_de\/galerien\/prophetische-kunst\/kunstkalender\/wandkalender-2024\/10-jede-frucht-braucht-ihre-zeit\/","title":{"rendered":"10 Jede Frucht braucht ihre Zeit"},"content":{"rendered":"\n<p><a href=\"https:\/\/jockyart.de\/de_de\/galerien\/prophetische-kunst\/kunstkalender\/wandkalender-2024\/09-der-drache-und-die-frau\/\" data-type=\"page\" data-id=\"7336\">September 2024<\/a> | <a href=\"https:\/\/jockyart.de\/de_de\/galerien\/prophetische-kunst\/kunstkalender\/wandkalender-2024\/11-komm-zur-ruhe\/\" data-type=\"page\" data-id=\"7343\">November 2024<\/a><\/p>\n\n\n\n<figure class=\"wp-block-image size-large\"><img loading=\"lazy\" decoding=\"async\" width=\"1024\" height=\"728\" src=\"https:\/\/jockyart.de\/wp-content\/uploads\/2023\/09\/010_JockyArt_Kunstkalender2024_Oktober-1024x728.jpg\" alt=\"Kunstkalender2024 - Oktober\" class=\"wp-image-7118\" srcset=\"https:\/\/jockyart.de\/wp-content\/uploads\/2023\/09\/010_JockyArt_Kunstkalender2024_Oktober-1024x728.jpg 1024w, https:\/\/jockyart.de\/wp-content\/uploads\/2023\/09\/010_JockyArt_Kunstkalender2024_Oktober-1536x1092.jpg 1536w, https:\/\/jockyart.de\/wp-content\/uploads\/2023\/09\/010_JockyArt_Kunstkalender2024_Oktober-18x12.jpg 18w, https:\/\/jockyart.de\/wp-content\/uploads\/2023\/09\/010_JockyArt_Kunstkalender2024_Oktober-1320x939.jpg 1320w, https:\/\/jockyart.de\/wp-content\/uploads\/2023\/09\/010_JockyArt_Kunstkalender2024_Oktober-324x230.jpg 324w, https:\/\/jockyart.de\/wp-content\/uploads\/2023\/09\/010_JockyArt_Kunstkalender2024_Oktober-416x296.jpg 416w, https:\/\/jockyart.de\/wp-content\/uploads\/2023\/09\/010_JockyArt_Kunstkalender2024_Oktober-300x213.jpg 300w, https:\/\/jockyart.de\/wp-content\/uploads\/2023\/09\/010_JockyArt_Kunstkalender2024_Oktober-768x546.jpg 768w, https:\/\/jockyart.de\/wp-content\/uploads\/2023\/09\/010_JockyArt_Kunstkalender2024_Oktober.jpg 2000w\" sizes=\"auto, (max-width: 1024px) 100vw, 1024px\" \/><\/figure>\n\n\n\n<p>\u00a9 Copyright 2022 by&nbsp;<em><a rel=\"noreferrer noopener\" href=\"https:\/\/www.jockyart.de\/\" target=\"_blank\">JockyArt.de<\/a><\/em><\/p>\n\n\n\n<p>Diese spontane, prophetische Bild habe ich auf einem&nbsp;<a rel=\"noreferrer noopener\" href=\"https:\/\/jockyart.de\/toller-einsatz-im-rahmen-des-offenen-ateliers-auf-der-langen-kunst-nacht-in-landsberg-am-lech\/\" target=\"_blank\">Einsatz<\/a>&nbsp;auf der \u201cLangen Kunst Nacht\u201d in Landsberg a. Lech begonnen.&nbsp;Jede Frucht braucht Zeit zum Heranreifen, es dauert uns manchmal viel zu lange. Manche Fr\u00fcchte brauchen sogar Frost, damit sie die notwendige S\u00fc\u00dfe und Reife erhalten. Als Kinder haben wir Pflaumen geerntet als es schon kalt und diesig war.<\/p>\n\n\n\n<p>Wenn etwas l\u00e4nger in Deinem Leben dauert, kann es daran liegen, dass Deine Frucht noch reifen muss.<\/p>\n\n\n\n<blockquote class=\"wp-block-quote is-layout-flow wp-block-quote-is-layout-flow\">\n<p>Doch nicht nur dar\u00fcber freuen wir uns; wir freuen uns auch \u00fcber die N\u00f6te, die wir jetzt durchmachen.<\/p>\n\n\n\n<p>Denn wir wissen, dass Not uns lehrt durchzuhalten, und wer gelernt hat durchzuhalten, ist bew\u00e4hrt, und bew\u00e4hrt zu sein festigt die Hoffnung.<\/p>\n\n\n\n<p>Und in unserer Hoffnung werden wir nicht entt\u00e4uscht. Denn Gott hat uns den Heiligen Geist gegeben und hat unser Herz durch ihn mit der Gewissheit erf\u00fcllt, dass er uns liebt.<\/p>\n<cite><em>R\u00f6mer 5, 3 \u2013 5<\/em><\/cite><\/blockquote>\n\n\n\n<div class=\"wp-block-columns is-layout-flex wp-container-core-columns-is-layout-28f84493 wp-block-columns-is-layout-flex\">\n<div class=\"wp-block-column is-layout-flow wp-block-column-is-layout-flow\"><div data-block-name=\"woocommerce\/handpicked-products\" data-columns=\"4\" data-content-visibility=\"{&quot;image&quot;:true,&quot;title&quot;:true,&quot;price&quot;:true,&quot;rating&quot;:false,&quot;button&quot;:true}\" data-products=\"[4654,4638,7141,4642]\" class=\"wc-block-grid wp-block-handpicked-products wp-block-woocommerce-handpicked-products wc-block-handpicked-products has-4-columns has-multiple-rows\"><ul class=\"wc-block-grid__products\"><li class=\"wc-block-grid__product\">\n\t\t\t\t<a href=\"https:\/\/jockyart.de\/de_de\/produkt\/jede-frucht-braucht-ihre-zeit-leinwand\/\" class=\"wc-block-grid__product-link\">\n\t\t\t\t\t\n\t\t\t\t\t<div class=\"wc-block-grid__product-image\"><img loading=\"lazy\" decoding=\"async\" width=\"324\" height=\"230\" src=\"https:\/\/jockyart.de\/wp-content\/uploads\/2022\/10\/Jede_Frucht_org-324x230.jpg\" class=\"attachment-woocommerce_thumbnail size-woocommerce_thumbnail\" alt=\"Jede braucht seine Zeit\" srcset=\"https:\/\/jockyart.de\/wp-content\/uploads\/2022\/10\/Jede_Frucht_org-324x230.jpg 324w, https:\/\/jockyart.de\/wp-content\/uploads\/2022\/10\/Jede_Frucht_org-1536x1091.jpg 1536w, https:\/\/jockyart.de\/wp-content\/uploads\/2022\/10\/Jede_Frucht_org-18x12.jpg 18w, https:\/\/jockyart.de\/wp-content\/uploads\/2022\/10\/Jede_Frucht_org-416x296.jpg 416w, https:\/\/jockyart.de\/wp-content\/uploads\/2022\/10\/Jede_Frucht_org-300x213.jpg 300w, https:\/\/jockyart.de\/wp-content\/uploads\/2022\/10\/Jede_Frucht_org-768x546.jpg 768w, https:\/\/jockyart.de\/wp-content\/uploads\/2022\/10\/Jede_Frucht_org-1024x728.jpg 1024w, https:\/\/jockyart.de\/wp-content\/uploads\/2022\/10\/Jede_Frucht_org.jpg 2000w\" sizes=\"auto, (max-width: 324px) 100vw, 324px\" \/><\/div>\n\t\t\t\t\t<div class=\"wc-block-grid__product-title\">Jede Frucht braucht ihre Zeit (Leinwand)<\/div>\n\t\t\t\t<\/a>\n\t\t\t\t<div class=\"wc-block-grid__product-price price\">\t\t<span class=\"tiered-pricing-dynamic-price-wrapper tiered-pricing-dynamic-price-wrapper--variable\" data-display-context=\"shop-loop\" data-price-type=\"dynamic\" data-product-id=\"4654\" data-parent-id=\"4654\">\n\t\t\t<span class=\"woocommerce-Price-amount amount\" aria-hidden=\"true\">30,00&nbsp;<span class=\"woocommerce-Price-currencySymbol\">&euro;<\/span><\/span> <span aria-hidden=\"true\"> \u2013 <\/span> <span class=\"woocommerce-Price-amount amount\" aria-hidden=\"true\">120,00&nbsp;<span class=\"woocommerce-Price-currencySymbol\">&euro;<\/span><\/span><span class=\"screen-reader-text\">Preisspanne: 30,00&nbsp;&euro; bis 120,00&nbsp;&euro;<\/span><\/span><\/div>\n\t\t\t\t\n\t\t\t\t<div class=\"wp-block-button wc-block-grid__product-add-to-cart\"><a href=\"https:\/\/jockyart.de\/de_de\/produkt\/jede-frucht-braucht-ihre-zeit-leinwand\/\" aria-label=\"W\u00e4hle Optionen f\u00fcr \u201eJede Frucht braucht ihre Zeit (Leinwand)\u201c\" data-quantity=\"1\" data-product_id=\"4654\" data-product_sku=\"leinwand_frucht_zeit\" data-price=\"30\" rel=\"nofollow\" class=\"wp-block-button__link  add_to_cart_button\">Ausf\u00fchrung w\u00e4hlen<\/a><\/div>\n\t\t\t<\/li><li class=\"wc-block-grid__product\">\n\t\t\t\t<a href=\"https:\/\/jockyart.de\/de_de\/produkt\/jede-frucht-braucht-ihre-zeit-prints\/\" class=\"wc-block-grid__product-link\">\n\t\t\t\t\t\n\t\t\t\t\t<div class=\"wc-block-grid__product-image\"><img loading=\"lazy\" decoding=\"async\" width=\"324\" height=\"230\" src=\"https:\/\/jockyart.de\/wp-content\/uploads\/2022\/10\/Jede_Frucht_org-324x230.jpg\" class=\"attachment-woocommerce_thumbnail size-woocommerce_thumbnail\" alt=\"Jede braucht seine Zeit\" srcset=\"https:\/\/jockyart.de\/wp-content\/uploads\/2022\/10\/Jede_Frucht_org-324x230.jpg 324w, https:\/\/jockyart.de\/wp-content\/uploads\/2022\/10\/Jede_Frucht_org-1536x1091.jpg 1536w, https:\/\/jockyart.de\/wp-content\/uploads\/2022\/10\/Jede_Frucht_org-18x12.jpg 18w, https:\/\/jockyart.de\/wp-content\/uploads\/2022\/10\/Jede_Frucht_org-416x296.jpg 416w, https:\/\/jockyart.de\/wp-content\/uploads\/2022\/10\/Jede_Frucht_org-300x213.jpg 300w, https:\/\/jockyart.de\/wp-content\/uploads\/2022\/10\/Jede_Frucht_org-768x546.jpg 768w, https:\/\/jockyart.de\/wp-content\/uploads\/2022\/10\/Jede_Frucht_org-1024x728.jpg 1024w, https:\/\/jockyart.de\/wp-content\/uploads\/2022\/10\/Jede_Frucht_org.jpg 2000w\" sizes=\"auto, (max-width: 324px) 100vw, 324px\" \/><\/div>\n\t\t\t\t\t<div class=\"wc-block-grid__product-title\">Jede Frucht braucht ihre Zeit (Prints)<\/div>\n\t\t\t\t<\/a>\n\t\t\t\t<div class=\"wc-block-grid__product-price price\">\t\t<span class=\"tiered-pricing-dynamic-price-wrapper tiered-pricing-dynamic-price-wrapper--variable\" data-display-context=\"shop-loop\" data-price-type=\"dynamic\" data-product-id=\"4642\" data-parent-id=\"4642\">\n\t\t\t<span class=\"woocommerce-Price-amount amount\" aria-hidden=\"true\">10,00&nbsp;<span class=\"woocommerce-Price-currencySymbol\">&euro;<\/span><\/span> <span aria-hidden=\"true\"> \u2013 <\/span> <span class=\"woocommerce-Price-amount amount\" aria-hidden=\"true\">50,00&nbsp;<span class=\"woocommerce-Price-currencySymbol\">&euro;<\/span><\/span><span class=\"screen-reader-text\">Preisspanne: 10,00&nbsp;&euro; bis 50,00&nbsp;&euro;<\/span><\/span><\/div>\n\t\t\t\t\n\t\t\t\t<div class=\"wp-block-button wc-block-grid__product-add-to-cart\"><a href=\"https:\/\/jockyart.de\/de_de\/produkt\/jede-frucht-braucht-ihre-zeit-prints\/\" aria-label=\"W\u00e4hle Optionen f\u00fcr \u201eJede Frucht braucht ihre Zeit (Prints)\u201c\" data-quantity=\"1\" data-product_id=\"4642\" data-product_sku=\"prints_frucht_zeit\" data-price=\"10\" rel=\"nofollow\" class=\"wp-block-button__link  add_to_cart_button\">Ausf\u00fchrung w\u00e4hlen<\/a><\/div>\n\t\t\t<\/li><li class=\"wc-block-grid__product\">\n\t\t\t\t<a href=\"https:\/\/jockyart.de\/de_de\/produkt\/jede-frucht-braucht-ihre-zeit-original\/\" class=\"wc-block-grid__product-link\">\n\t\t\t\t\t<div class=\"wc-block-grid__product-onsale\">\n\t\t\t<span aria-hidden=\"true\">Angebot<\/span>\n\t\t\t<span class=\"screen-reader-text\">Produkt im Angebot<\/span>\n\t\t<\/div>\n\t\t\t\t\t<div class=\"wc-block-grid__product-image\"><img loading=\"lazy\" decoding=\"async\" width=\"324\" height=\"230\" src=\"https:\/\/jockyart.de\/wp-content\/uploads\/2022\/10\/Jede_Frucht_org-324x230.jpg\" class=\"attachment-woocommerce_thumbnail size-woocommerce_thumbnail\" alt=\"Jede braucht seine Zeit\" srcset=\"https:\/\/jockyart.de\/wp-content\/uploads\/2022\/10\/Jede_Frucht_org-324x230.jpg 324w, https:\/\/jockyart.de\/wp-content\/uploads\/2022\/10\/Jede_Frucht_org-1536x1091.jpg 1536w, https:\/\/jockyart.de\/wp-content\/uploads\/2022\/10\/Jede_Frucht_org-18x12.jpg 18w, https:\/\/jockyart.de\/wp-content\/uploads\/2022\/10\/Jede_Frucht_org-416x296.jpg 416w, https:\/\/jockyart.de\/wp-content\/uploads\/2022\/10\/Jede_Frucht_org-300x213.jpg 300w, https:\/\/jockyart.de\/wp-content\/uploads\/2022\/10\/Jede_Frucht_org-768x546.jpg 768w, https:\/\/jockyart.de\/wp-content\/uploads\/2022\/10\/Jede_Frucht_org-1024x728.jpg 1024w, https:\/\/jockyart.de\/wp-content\/uploads\/2022\/10\/Jede_Frucht_org.jpg 2000w\" sizes=\"auto, (max-width: 324px) 100vw, 324px\" \/><\/div>\n\t\t\t\t\t<div class=\"wc-block-grid__product-title\">Jede Frucht braucht ihre Zeit (Original)<\/div>\n\t\t\t\t<\/a>\n\t\t\t\t<div class=\"wc-block-grid__product-price price\">\t\t<span class=\"tiered-pricing-dynamic-price-wrapper\" data-display-context=\"shop-loop\" data-price-type=\"no-rules\" data-product-id=\"4638\" data-parent-id=\"4638\">\n\t\t\t<del aria-hidden=\"true\"><span class=\"woocommerce-Price-amount amount\">200,00&nbsp;<span class=\"woocommerce-Price-currencySymbol\">&euro;<\/span><\/span><\/del> <span class=\"screen-reader-text\">Urspr\u00fcnglicher Preis war: 200,00&nbsp;&euro;<\/span><ins aria-hidden=\"true\"><span class=\"woocommerce-Price-amount amount\">150,00&nbsp;<span class=\"woocommerce-Price-currencySymbol\">&euro;<\/span><\/span><\/ins><span class=\"screen-reader-text\">Aktueller Preis ist: 150,00&nbsp;&euro;.<\/span><\/span><\/div>\n\t\t\t\t\n\t\t\t\t<div class=\"wp-block-button wc-block-grid__product-add-to-cart\"><a href=\"\/de_de\/wp-json\/wp\/v2\/pages\/7337?add-to-cart=4638\" aria-label=\"In den Warenkorb legen: \u201eJede Frucht braucht ihre Zeit (Original)\u201c\" data-quantity=\"1\" data-product_id=\"4638\" data-product_sku=\"origin_frucht_zeit\" data-price=\"150\" rel=\"nofollow\" class=\"wp-block-button__link  add_to_cart_button ajax_add_to_cart\">In den Warenkorb<\/a><\/div>\n\t\t\t<\/li><\/ul><\/div><\/div>\n<\/div>\n\n\n\n<p>Zus\u00e4tzlich zum Kalender, k\u00f6nnt ihr das Bild im Original erwerben, es ist nat\u00fcrlich auch als Kunstdruck, Poster, Leinwand oder als Sonderanfertigung wie Kissen oder Decke erh\u00e4ltlich.<\/p>\n\n\n\n<p><a href=\"https:\/\/jockyart.de\/galerien\/prophetische-kunst\/kunstkalender\/wandkalender-2024\/\" data-type=\"link\" data-id=\"https:\/\/jockyart.de\/galerien\/prophetische-kunst\/kunstkalender\/wandkalender-2024\/\">zur\u00fcck<\/a><\/p>\n","protected":false},"excerpt":{"rendered":"<p>September 2024 | November 2024 \u00a9 Copyright 2022 by&nbsp;JockyArt.de Diese spontane, prophetische Bild habe ich auf einem&nbsp;Einsatz&nbsp;auf der \u201cLangen Kunst Nacht\u201d in Landsberg a. Lech begonnen.&nbsp;Jede Frucht braucht Zeit zum Heranreifen, es dauert uns manchmal viel zu lange. Manche Fr\u00fcchte brauchen sogar Frost, damit sie die notwendige S\u00fc\u00dfe und Reife erhalten. Als Kinder haben wir [&hellip;]<\/p>\n","protected":false},"author":1,"featured_media":0,"parent":7107,"menu_order":0,"comment_status":"closed","ping_status":"closed","template":"","meta":{"footnotes":""},"class_list":["post-7337","page","type-page","status-publish","hentry"],"_links":{"self":[{"href":"https:\/\/jockyart.de\/de_de\/wp-json\/wp\/v2\/pages\/7337","targetHints":{"allow":["GET"]}}],"collection":[{"href":"https:\/\/jockyart.de\/de_de\/wp-json\/wp\/v2\/pages"}],"about":[{"href":"https:\/\/jockyart.de\/de_de\/wp-json\/wp\/v2\/types\/page"}],"author":[{"embeddable":true,"href":"https:\/\/jockyart.de\/de_de\/wp-json\/wp\/v2\/users\/1"}],"replies":[{"embeddable":true,"href":"https:\/\/jockyart.de\/de_de\/wp-json\/wp\/v2\/comments?post=7337"}],"version-history":[{"count":6,"href":"https:\/\/jockyart.de\/de_de\/wp-json\/wp\/v2\/pages\/7337\/revisions"}],"predecessor-version":[{"id":9052,"href":"https:\/\/jockyart.de\/de_de\/wp-json\/wp\/v2\/pages\/7337\/revisions\/9052"}],"up":[{"embeddable":true,"href":"https:\/\/jockyart.de\/de_de\/wp-json\/wp\/v2\/pages\/7107"}],"wp:attachment":[{"href":"https:\/\/jockyart.de\/de_de\/wp-json\/wp\/v2\/media?parent=7337"}],"curies":[{"name":"wp","href":"https:\/\/api.w.org\/{rel}","templated":true}]}}