{"id":7317,"date":"2023-10-29T11:35:32","date_gmt":"2023-10-29T10:35:32","guid":{"rendered":"https:\/\/jockyart.de\/?page_id=7317"},"modified":"2024-10-23T21:55:29","modified_gmt":"2024-10-23T19:55:29","slug":"06-work-in-progress","status":"publish","type":"page","link":"https:\/\/jockyart.de\/de_de\/galerien\/prophetische-kunst\/kunstkalender\/wandkalender-2024\/06-work-in-progress\/","title":{"rendered":"06 Work in progress"},"content":{"rendered":"\n<p><a href=\"https:\/\/jockyart.de\/de_de\/galerien\/prophetische-kunst\/kunstkalender\/wandkalender-2024\/05-schau-aufs-licht\/\" data-type=\"page\" data-id=\"7308\">Mai 2024<\/a> | <a href=\"https:\/\/jockyart.de\/de_de\/galerien\/prophetische-kunst\/kunstkalender\/wandkalender-2024\/07-do-we-live-close-to-the-ocean\/\" data-type=\"page\" data-id=\"7324\">Juli 2024<\/a><\/p>\n\n\n\n<figure class=\"wp-block-image size-large\"><img data-recalc-dims=\"1\" loading=\"lazy\" decoding=\"async\" width=\"980\" height=\"697\" src=\"https:\/\/i0.wp.com\/jockyart.de\/wp-content\/uploads\/2023\/09\/006_JockyArt_Kunstkalender2024_Juni.jpg?resize=980%2C697&#038;ssl=1\" alt=\"Kunstkalender2024 - Juni\" class=\"wp-image-7114\" srcset=\"https:\/\/i0.wp.com\/jockyart.de\/wp-content\/uploads\/2023\/09\/006_JockyArt_Kunstkalender2024_Juni.jpg?resize=1024%2C728&amp;ssl=1 1024w, https:\/\/i0.wp.com\/jockyart.de\/wp-content\/uploads\/2023\/09\/006_JockyArt_Kunstkalender2024_Juni.jpg?resize=1536%2C1092&amp;ssl=1 1536w, https:\/\/i0.wp.com\/jockyart.de\/wp-content\/uploads\/2023\/09\/006_JockyArt_Kunstkalender2024_Juni.jpg?resize=18%2C12&amp;ssl=1 18w, https:\/\/i0.wp.com\/jockyart.de\/wp-content\/uploads\/2023\/09\/006_JockyArt_Kunstkalender2024_Juni.jpg?resize=1320%2C939&amp;ssl=1 1320w, https:\/\/i0.wp.com\/jockyart.de\/wp-content\/uploads\/2023\/09\/006_JockyArt_Kunstkalender2024_Juni.jpg?resize=324%2C230&amp;ssl=1 324w, https:\/\/i0.wp.com\/jockyart.de\/wp-content\/uploads\/2023\/09\/006_JockyArt_Kunstkalender2024_Juni.jpg?resize=416%2C296&amp;ssl=1 416w, https:\/\/i0.wp.com\/jockyart.de\/wp-content\/uploads\/2023\/09\/006_JockyArt_Kunstkalender2024_Juni.jpg?resize=300%2C213&amp;ssl=1 300w, https:\/\/i0.wp.com\/jockyart.de\/wp-content\/uploads\/2023\/09\/006_JockyArt_Kunstkalender2024_Juni.jpg?resize=768%2C546&amp;ssl=1 768w, https:\/\/i0.wp.com\/jockyart.de\/wp-content\/uploads\/2023\/09\/006_JockyArt_Kunstkalender2024_Juni.jpg?w=2000&amp;ssl=1 2000w\" sizes=\"auto, (max-width: 980px) 100vw, 980px\" \/><\/figure>\n\n\n\n<p>\u00a9 Copyright 2017 by&nbsp;<em><a rel=\"noreferrer noopener\" href=\"https:\/\/www.jockyart.de\/\" target=\"_blank\">JockyArt.de<\/a><\/em><\/p>\n\n\n\n<p>An dem Bild f\u00fcr den Juni hat es etwas l\u00e4nger gedauert zu zeichnen. Jesus ist dabei an uns zu arbeiten. Dabei holt er mehr und mehr die sch\u00f6nen Sachen hervor, der er lange vor unserer Geburt in uns hineingelegt hat.<\/p>\n\n\n\n<p>Einiges ist noch mit dem Dreck der Welt zugedeckt, versch\u00fcttet. Einiges ist verh\u00e4rtet, wo wir dicht gemacht haben durch Verletzungen im Leben, durch den Dreck den wir gegangen sind, den andere uns zugef\u00fcgt haben, wo wir selber zur\u00fcckhalten, von anderen gebremst werden.<\/p>\n\n\n\n<p>Aber Jesus sieht schon lange, was in uns steckt. Einiges ist schon zu sehen und hat schon enorme Leuchtkraft und Ausstrahlung! Aber immer mehr kommt zum Vorschein! Ist das nicht wunderbar?<\/p>\n\n\n\n<blockquote class=\"wp-block-quote is-layout-flow wp-block-quote-is-layout-flow\">\n<p>\u201eDenn wir sind sein Werk, geschaffen in Christus Jesus zu guten Werken, die Gott zuvor bereitet hat, dass wir darin wandeln sollen.\u201c <\/p>\n<cite>Epheser 2, 10<\/cite><\/blockquote>\n\n\n\n<blockquote class=\"wp-block-quote is-layout-flow wp-block-quote-is-layout-flow\">\n<p>\u201eIch bin darin guter Zuversicht, dass der in euch angefangen hat das gute Werk, der wird\u2019s auch vollenden bis an den Tag Christi Jesu. \u201c <\/p>\n<cite>Philipper 1, 6<\/cite><\/blockquote>\n\n\n\n<div class=\"wp-block-columns is-layout-flex wp-container-core-columns-is-layout-28f84493 wp-block-columns-is-layout-flex\">\n<div class=\"wp-block-column is-layout-flow wp-block-column-is-layout-flow\"><\/div>\n<\/div>\n\n\n\n<p>Zus\u00e4tzlich zum Kalender, k\u00f6nnt ihr das Bild im Original erwerben, es ist nat\u00fcrlich auch als Kunstdruck, Poster, Leinwand oder als Sonderanfertigung wie Kissen oder Decke erh\u00e4ltlich.<\/p>\n\n\n\n<p><a href=\"https:\/\/jockyart.de\/galerien\/prophetische-kunst\/kunstkalender\/wandkalender-2024\/\">zur\u00fcck<\/a><\/p>\n","protected":false},"excerpt":{"rendered":"<p>Mai 2024 | Juli 2024 \u00a9 Copyright 2017 by&nbsp;JockyArt.de An dem Bild f\u00fcr den Juni hat es etwas l\u00e4nger gedauert zu zeichnen. Jesus ist dabei an uns zu arbeiten. Dabei holt er mehr und mehr die sch\u00f6nen Sachen hervor, der er lange vor unserer Geburt in uns hineingelegt hat. Einiges ist noch mit dem Dreck [&hellip;]<\/p>\n","protected":false},"author":1,"featured_media":0,"parent":7107,"menu_order":0,"comment_status":"closed","ping_status":"closed","template":"","meta":{"jetpack_post_was_ever_published":false,"footnotes":""},"class_list":["post-7317","page","type-page","status-publish","hentry"],"jetpack-related-posts":[],"jetpack_sharing_enabled":true,"_links":{"self":[{"href":"https:\/\/jockyart.de\/de_de\/wp-json\/wp\/v2\/pages\/7317","targetHints":{"allow":["GET"]}}],"collection":[{"href":"https:\/\/jockyart.de\/de_de\/wp-json\/wp\/v2\/pages"}],"about":[{"href":"https:\/\/jockyart.de\/de_de\/wp-json\/wp\/v2\/types\/page"}],"author":[{"embeddable":true,"href":"https:\/\/jockyart.de\/de_de\/wp-json\/wp\/v2\/users\/1"}],"replies":[{"embeddable":true,"href":"https:\/\/jockyart.de\/de_de\/wp-json\/wp\/v2\/comments?post=7317"}],"version-history":[{"count":5,"href":"https:\/\/jockyart.de\/de_de\/wp-json\/wp\/v2\/pages\/7317\/revisions"}],"predecessor-version":[{"id":9041,"href":"https:\/\/jockyart.de\/de_de\/wp-json\/wp\/v2\/pages\/7317\/revisions\/9041"}],"up":[{"embeddable":true,"href":"https:\/\/jockyart.de\/de_de\/wp-json\/wp\/v2\/pages\/7107"}],"wp:attachment":[{"href":"https:\/\/jockyart.de\/de_de\/wp-json\/wp\/v2\/media?parent=7317"}],"curies":[{"name":"wp","href":"https:\/\/api.w.org\/{rel}","templated":true}]}}