{"id":7308,"date":"2023-10-29T11:17:11","date_gmt":"2023-10-29T10:17:11","guid":{"rendered":"https:\/\/jockyart.de\/?page_id=7308"},"modified":"2024-10-23T21:54:50","modified_gmt":"2024-10-23T19:54:50","slug":"05-schau-aufs-licht","status":"publish","type":"page","link":"https:\/\/jockyart.de\/de_de\/galerien\/prophetische-kunst\/kunstkalender\/wandkalender-2024\/05-schau-aufs-licht\/","title":{"rendered":"05 Schau aufs Licht"},"content":{"rendered":"\n<p><a href=\"https:\/\/jockyart.de\/de_de\/galerien\/prophetische-kunst\/kunstkalender\/wandkalender-2024\/04-du-hast-meine-trauer-in-tanzen-verwandelt\/\" data-type=\"page\" data-id=\"7302\">April 2024<\/a> | <a href=\"https:\/\/jockyart.de\/de_de\/galerien\/prophetische-kunst\/kunstkalender\/wandkalender-2024\/06-work-in-progress\/\" data-type=\"page\" data-id=\"7317\">Juni 2024<\/a><\/p>\n\n\n\n<figure class=\"wp-block-image size-large\"><img data-recalc-dims=\"1\" loading=\"lazy\" decoding=\"async\" width=\"980\" height=\"697\" src=\"https:\/\/i0.wp.com\/jockyart.de\/wp-content\/uploads\/2023\/09\/005_JockyArt_Kunstkalender2024_Mai-1.jpg?resize=980%2C697&#038;ssl=1\" alt=\"Kunstkalender2024 - Mai\" class=\"wp-image-7241\" srcset=\"https:\/\/i0.wp.com\/jockyart.de\/wp-content\/uploads\/2023\/09\/005_JockyArt_Kunstkalender2024_Mai-1.jpg?resize=1024%2C728&amp;ssl=1 1024w, https:\/\/i0.wp.com\/jockyart.de\/wp-content\/uploads\/2023\/09\/005_JockyArt_Kunstkalender2024_Mai-1.jpg?resize=1536%2C1092&amp;ssl=1 1536w, https:\/\/i0.wp.com\/jockyart.de\/wp-content\/uploads\/2023\/09\/005_JockyArt_Kunstkalender2024_Mai-1.jpg?resize=18%2C12&amp;ssl=1 18w, https:\/\/i0.wp.com\/jockyart.de\/wp-content\/uploads\/2023\/09\/005_JockyArt_Kunstkalender2024_Mai-1.jpg?resize=1320%2C939&amp;ssl=1 1320w, https:\/\/i0.wp.com\/jockyart.de\/wp-content\/uploads\/2023\/09\/005_JockyArt_Kunstkalender2024_Mai-1.jpg?resize=324%2C230&amp;ssl=1 324w, https:\/\/i0.wp.com\/jockyart.de\/wp-content\/uploads\/2023\/09\/005_JockyArt_Kunstkalender2024_Mai-1.jpg?resize=416%2C296&amp;ssl=1 416w, https:\/\/i0.wp.com\/jockyart.de\/wp-content\/uploads\/2023\/09\/005_JockyArt_Kunstkalender2024_Mai-1.jpg?resize=300%2C213&amp;ssl=1 300w, https:\/\/i0.wp.com\/jockyart.de\/wp-content\/uploads\/2023\/09\/005_JockyArt_Kunstkalender2024_Mai-1.jpg?resize=768%2C546&amp;ssl=1 768w, https:\/\/i0.wp.com\/jockyart.de\/wp-content\/uploads\/2023\/09\/005_JockyArt_Kunstkalender2024_Mai-1.jpg?w=2000&amp;ssl=1 2000w\" sizes=\"auto, (max-width: 980px) 100vw, 980px\" \/><\/figure>\n\n\n\n<p>\u00a9 Copyright 2021 by&nbsp;<em><a rel=\"noreferrer noopener\" href=\"https:\/\/www.jockyart.de\/\" target=\"_blank\">JockyArt.de<\/a><\/em><\/p>\n\n\n\n<p>Dieses Bild entstand als Geburtstagsgeschenk. Dabei hatte ich den Eindruck, dass Jesus dazu auffordert weg von der Finsternis zu blicken, die so leicht unsere Aufmerksamkeit auf sich zieht (all den negativen Dingen, Sachen die schiefgehen, Entt\u00e4uschungen, W\u00fcnsche die sich noch nicht erf\u00fcllt haben\u2026) hin zum Licht, auf Jesus zu schauen.<\/p>\n\n\n\n<p>Wir d\u00fcrfen uns auf die guten Dinge konzentrieren. Auf alles was Jesus ist und bereits f\u00fcr uns getan hat, auf sein Wesen, seinen Charakter, seine Zusagen, aber auch alles Gute was uns schon widerfahren ist, die Gnade, die wir erleben durften\u2026<\/p>\n\n\n\n<blockquote class=\"wp-block-quote is-layout-flow wp-block-quote-is-layout-flow\">\n<p>\u201eWer Dank opfert, der preist mich, und da ist der Weg, dass ich ihm zeige das Heil Gottes.\u201c<br><strong>Psalm 50, 23<\/strong><\/p>\n<\/blockquote>\n\n\n\n<div class=\"wp-block-columns is-layout-flex wp-container-core-columns-is-layout-28f84493 wp-block-columns-is-layout-flex\">\n<div class=\"wp-block-column is-layout-flow wp-block-column-is-layout-flow\"><div data-block-name=\"woocommerce\/handpicked-products\" data-columns=\"4\" data-content-visibility=\"{&quot;image&quot;:true,&quot;title&quot;:true,&quot;price&quot;:true,&quot;rating&quot;:false,&quot;button&quot;:true}\" data-products=\"[1762,6676,7141,329]\" class=\"wc-block-grid wp-block-handpicked-products wp-block-woocommerce-handpicked-products wc-block-handpicked-products has-4-columns has-multiple-rows\"><ul class=\"wc-block-grid__products\"><li class=\"wc-block-grid__product\">\n\t\t\t\t<a href=\"https:\/\/jockyart.de\/de_de\/produkt\/schau-aufs-licht-leuchtrahmen\/\" class=\"wc-block-grid__product-link\">\n\t\t\t\t\t\n\t\t\t\t\t<div class=\"wc-block-grid__product-image\"><img loading=\"lazy\" decoding=\"async\" width=\"324\" height=\"182\" src=\"https:\/\/i0.wp.com\/jockyart.de\/wp-content\/uploads\/2023\/07\/Leuchtender_Rahmen_Schau_aufs_Licht_001-scaled.jpg?fit=324%2C182&amp;ssl=1\" class=\"attachment-woocommerce_thumbnail size-woocommerce_thumbnail\" alt=\"Schau aufs Licht (Leuchtrahmen)\" srcset=\"https:\/\/i0.wp.com\/jockyart.de\/wp-content\/uploads\/2023\/07\/Leuchtender_Rahmen_Schau_aufs_Licht_001-scaled.jpg?w=2560&amp;ssl=1 2560w, https:\/\/i0.wp.com\/jockyart.de\/wp-content\/uploads\/2023\/07\/Leuchtender_Rahmen_Schau_aufs_Licht_001-scaled.jpg?resize=1536%2C864&amp;ssl=1 1536w, https:\/\/i0.wp.com\/jockyart.de\/wp-content\/uploads\/2023\/07\/Leuchtender_Rahmen_Schau_aufs_Licht_001-scaled.jpg?resize=2048%2C1152&amp;ssl=1 2048w, https:\/\/i0.wp.com\/jockyart.de\/wp-content\/uploads\/2023\/07\/Leuchtender_Rahmen_Schau_aufs_Licht_001-scaled.jpg?resize=18%2C10&amp;ssl=1 18w, https:\/\/i0.wp.com\/jockyart.de\/wp-content\/uploads\/2023\/07\/Leuchtender_Rahmen_Schau_aufs_Licht_001-scaled.jpg?resize=1320%2C743&amp;ssl=1 1320w, https:\/\/i0.wp.com\/jockyart.de\/wp-content\/uploads\/2023\/07\/Leuchtender_Rahmen_Schau_aufs_Licht_001-scaled.jpg?resize=324%2C182&amp;ssl=1 324w, https:\/\/i0.wp.com\/jockyart.de\/wp-content\/uploads\/2023\/07\/Leuchtender_Rahmen_Schau_aufs_Licht_001-scaled.jpg?resize=416%2C234&amp;ssl=1 416w, https:\/\/i0.wp.com\/jockyart.de\/wp-content\/uploads\/2023\/07\/Leuchtender_Rahmen_Schau_aufs_Licht_001-scaled.jpg?resize=300%2C169&amp;ssl=1 300w, https:\/\/i0.wp.com\/jockyart.de\/wp-content\/uploads\/2023\/07\/Leuchtender_Rahmen_Schau_aufs_Licht_001-scaled.jpg?resize=768%2C432&amp;ssl=1 768w, https:\/\/i0.wp.com\/jockyart.de\/wp-content\/uploads\/2023\/07\/Leuchtender_Rahmen_Schau_aufs_Licht_001-scaled.jpg?resize=1024%2C576&amp;ssl=1 1024w, https:\/\/i0.wp.com\/jockyart.de\/wp-content\/uploads\/2023\/07\/Leuchtender_Rahmen_Schau_aufs_Licht_001-scaled.jpg?w=1960&amp;ssl=1 1960w\" sizes=\"auto, (max-width: 324px) 100vw, 324px\" \/><\/div>\n\t\t\t\t\t<div class=\"wc-block-grid__product-title\">Schau aufs Licht (Leuchtrahmen)<\/div>\n\t\t\t\t<\/a>\n\t\t\t\t<div class=\"wc-block-grid__product-price price\">\t\t<span class=\"tiered-pricing-dynamic-price-wrapper\" data-display-context=\"shop-loop\" data-price-type=\"no-rules\" data-product-id=\"6676\" data-parent-id=\"6676\">\n\t\t\t<span class=\"woocommerce-Price-amount amount\">60,00&nbsp;<span class=\"woocommerce-Price-currencySymbol\">&euro;<\/span><\/span><\/span><\/div>\n\t\t\t\t\n\t\t\t\t<div class=\"wp-block-button wc-block-grid__product-add-to-cart\"><a href=\"\/de_de\/wp-json\/wp\/v2\/pages\/7308?add-to-cart=6676\" aria-label=\"In den Warenkorb legen: \u201eSchau aufs Licht (Leuchtrahmen)\u201c\" data-quantity=\"1\" data-product_id=\"6676\" data-product_sku=\"leuchtrahmen_schaulicht\" data-price=\"60\" rel=\"nofollow\" class=\"wp-block-button__link  add_to_cart_button ajax_add_to_cart\">In den Warenkorb<\/a><\/div>\n\t\t\t<\/li><li class=\"wc-block-grid__product\">\n\t\t\t\t<a href=\"https:\/\/jockyart.de\/de_de\/produkt\/schau-aufs-licht-2\/\" class=\"wc-block-grid__product-link\">\n\t\t\t\t\t<div class=\"wc-block-grid__product-onsale\">\n\t\t\t<span aria-hidden=\"true\">Angebot<\/span>\n\t\t\t<span class=\"screen-reader-text\">Produkt im Angebot<\/span>\n\t\t<\/div>\n\t\t\t\t\t<div class=\"wc-block-grid__product-image\"><img loading=\"lazy\" decoding=\"async\" width=\"324\" height=\"216\" src=\"https:\/\/i0.wp.com\/jockyart.de\/wp-content\/uploads\/2022\/04\/Kunstdruck_Schau_aufs_Licht.jpg?fit=324%2C216&amp;ssl=1\" class=\"attachment-woocommerce_thumbnail size-woocommerce_thumbnail\" alt=\"Schau aufs Licht (Kunstdruck)\" srcset=\"https:\/\/i0.wp.com\/jockyart.de\/wp-content\/uploads\/2022\/04\/Kunstdruck_Schau_aufs_Licht.jpg?w=1200&amp;ssl=1 1200w, https:\/\/i0.wp.com\/jockyart.de\/wp-content\/uploads\/2022\/04\/Kunstdruck_Schau_aufs_Licht.jpg?resize=18%2C12&amp;ssl=1 18w, https:\/\/i0.wp.com\/jockyart.de\/wp-content\/uploads\/2022\/04\/Kunstdruck_Schau_aufs_Licht.jpg?resize=324%2C216&amp;ssl=1 324w, https:\/\/i0.wp.com\/jockyart.de\/wp-content\/uploads\/2022\/04\/Kunstdruck_Schau_aufs_Licht.jpg?resize=416%2C277&amp;ssl=1 416w, https:\/\/i0.wp.com\/jockyart.de\/wp-content\/uploads\/2022\/04\/Kunstdruck_Schau_aufs_Licht.jpg?resize=300%2C200&amp;ssl=1 300w, https:\/\/i0.wp.com\/jockyart.de\/wp-content\/uploads\/2022\/04\/Kunstdruck_Schau_aufs_Licht.jpg?resize=768%2C511&amp;ssl=1 768w, https:\/\/i0.wp.com\/jockyart.de\/wp-content\/uploads\/2022\/04\/Kunstdruck_Schau_aufs_Licht.jpg?resize=1024%2C682&amp;ssl=1 1024w\" sizes=\"auto, (max-width: 324px) 100vw, 324px\" \/><\/div>\n\t\t\t\t\t<div class=\"wc-block-grid__product-title\">Schau aufs Licht (Kunstdruck)<\/div>\n\t\t\t\t<\/a>\n\t\t\t\t<div class=\"wc-block-grid__product-price price\">\t\t<span class=\"tiered-pricing-dynamic-price-wrapper\" data-display-context=\"shop-loop\" data-price-type=\"no-rules\" data-product-id=\"1762\" data-parent-id=\"1762\">\n\t\t\t<del aria-hidden=\"true\"><span class=\"woocommerce-Price-amount amount\">30,00&nbsp;<span class=\"woocommerce-Price-currencySymbol\">&euro;<\/span><\/span><\/del> <span class=\"screen-reader-text\">Urspr\u00fcnglicher Preis war: 30,00&nbsp;&euro;<\/span><ins aria-hidden=\"true\"><span class=\"woocommerce-Price-amount amount\">20,00&nbsp;<span class=\"woocommerce-Price-currencySymbol\">&euro;<\/span><\/span><\/ins><span class=\"screen-reader-text\">Aktueller Preis ist: 20,00&nbsp;&euro;.<\/span><\/span><\/div>\n\t\t\t\t\n\t\t\t\t<div class=\"wp-block-button wc-block-grid__product-add-to-cart\"><a href=\"\/de_de\/wp-json\/wp\/v2\/pages\/7308?add-to-cart=1762\" aria-label=\"In den Warenkorb legen: \u201eSchau aufs Licht (Kunstdruck)\u201c\" data-quantity=\"1\" data-product_id=\"1762\" data-product_sku=\"kunstdr_schauaufslicht\" data-price=\"20\" rel=\"nofollow\" class=\"wp-block-button__link  add_to_cart_button ajax_add_to_cart\">In den Warenkorb<\/a><\/div>\n\t\t\t<\/li><li class=\"wc-block-grid__product\">\n\t\t\t\t<a href=\"https:\/\/jockyart.de\/de_de\/produkt\/schau-aufs-licht\/\" class=\"wc-block-grid__product-link\">\n\t\t\t\t\t\n\t\t\t\t\t<div class=\"wc-block-grid__product-image\"><img loading=\"lazy\" decoding=\"async\" width=\"324\" height=\"432\" src=\"https:\/\/i0.wp.com\/jockyart.de\/wp-content\/uploads\/2022\/04\/PremiumKissen_Schau.jpg?fit=324%2C432&amp;ssl=1\" class=\"attachment-woocommerce_thumbnail size-woocommerce_thumbnail\" alt=\"Premium Kissen: Schau aufs Licht\" srcset=\"https:\/\/i0.wp.com\/jockyart.de\/wp-content\/uploads\/2022\/04\/PremiumKissen_Schau.jpg?w=900&amp;ssl=1 900w, https:\/\/i0.wp.com\/jockyart.de\/wp-content\/uploads\/2022\/04\/PremiumKissen_Schau.jpg?resize=324%2C432&amp;ssl=1 324w, https:\/\/i0.wp.com\/jockyart.de\/wp-content\/uploads\/2022\/04\/PremiumKissen_Schau.jpg?resize=416%2C555&amp;ssl=1 416w, https:\/\/i0.wp.com\/jockyart.de\/wp-content\/uploads\/2022\/04\/PremiumKissen_Schau.jpg?resize=225%2C300&amp;ssl=1 225w, https:\/\/i0.wp.com\/jockyart.de\/wp-content\/uploads\/2022\/04\/PremiumKissen_Schau.jpg?resize=768%2C1024&amp;ssl=1 768w, https:\/\/i0.wp.com\/jockyart.de\/wp-content\/uploads\/2022\/04\/PremiumKissen_Schau.jpg?resize=9%2C12&amp;ssl=1 9w\" sizes=\"auto, (max-width: 324px) 100vw, 324px\" \/><\/div>\n\t\t\t\t\t<div class=\"wc-block-grid__product-title\">Schau aufs Licht (Premium Kissen)<\/div>\n\t\t\t\t<\/a>\n\t\t\t\t<div class=\"wc-block-grid__product-price price\">\t\t<span class=\"tiered-pricing-dynamic-price-wrapper tiered-pricing-dynamic-price-wrapper--variable\" data-display-context=\"shop-loop\" data-price-type=\"dynamic\" data-product-id=\"329\" data-parent-id=\"329\">\n\t\t\t<span class=\"woocommerce-Price-amount amount\" aria-hidden=\"true\">40,00&nbsp;<span class=\"woocommerce-Price-currencySymbol\">&euro;<\/span><\/span> <span aria-hidden=\"true\"> \u2013 <\/span> <span class=\"woocommerce-Price-amount amount\" aria-hidden=\"true\">60,00&nbsp;<span class=\"woocommerce-Price-currencySymbol\">&euro;<\/span><\/span><span class=\"screen-reader-text\">Preisspanne: 40,00&nbsp;&euro; bis 60,00&nbsp;&euro;<\/span><\/span><\/div>\n\t\t\t\t\n\t\t\t\t<div class=\"wp-block-button wc-block-grid__product-add-to-cart\"><a href=\"https:\/\/jockyart.de\/de_de\/produkt\/schau-aufs-licht\/\" aria-label=\"W\u00e4hle Optionen f\u00fcr \u201eSchau aufs Licht (Premium Kissen)\u201c\" data-quantity=\"1\" data-product_id=\"329\" data-product_sku=\"sonder_pr_kissen-schau\" data-price=\"40\" rel=\"nofollow\" class=\"wp-block-button__link  add_to_cart_button\">Ausf\u00fchrung w\u00e4hlen<\/a><\/div>\n\t\t\t<\/li><\/ul><\/div><\/div>\n<\/div>\n\n\n\n<p>Zus\u00e4tzlich zum Kalender, k\u00f6nnt ihr das Bild im Original erwerben, es ist nat\u00fcrlich auch als Kunstdruck, Poster, Leinwand oder als Sonderanfertigung wie Kissen oder Decke erh\u00e4ltlich.<\/p>\n\n\n\n<p><a href=\"https:\/\/jockyart.de\/galerien\/prophetische-kunst\/kunstkalender\/wandkalender-2024\/\">zur\u00fcck<\/a><\/p>\n","protected":false},"excerpt":{"rendered":"<p>April 2024 | Juni 2024 \u00a9 Copyright 2021 by&nbsp;JockyArt.de Dieses Bild entstand als Geburtstagsgeschenk. Dabei hatte ich den Eindruck, dass Jesus dazu auffordert weg von der Finsternis zu blicken, die so leicht unsere Aufmerksamkeit auf sich zieht (all den negativen Dingen, Sachen die schiefgehen, Entt\u00e4uschungen, W\u00fcnsche die sich noch nicht erf\u00fcllt haben\u2026) hin zum Licht, [&hellip;]<\/p>\n","protected":false},"author":1,"featured_media":0,"parent":7107,"menu_order":0,"comment_status":"closed","ping_status":"closed","template":"","meta":{"jetpack_post_was_ever_published":false,"footnotes":""},"class_list":["post-7308","page","type-page","status-publish","hentry"],"jetpack-related-posts":[],"jetpack_sharing_enabled":true,"_links":{"self":[{"href":"https:\/\/jockyart.de\/de_de\/wp-json\/wp\/v2\/pages\/7308","targetHints":{"allow":["GET"]}}],"collection":[{"href":"https:\/\/jockyart.de\/de_de\/wp-json\/wp\/v2\/pages"}],"about":[{"href":"https:\/\/jockyart.de\/de_de\/wp-json\/wp\/v2\/types\/page"}],"author":[{"embeddable":true,"href":"https:\/\/jockyart.de\/de_de\/wp-json\/wp\/v2\/users\/1"}],"replies":[{"embeddable":true,"href":"https:\/\/jockyart.de\/de_de\/wp-json\/wp\/v2\/comments?post=7308"}],"version-history":[{"count":6,"href":"https:\/\/jockyart.de\/de_de\/wp-json\/wp\/v2\/pages\/7308\/revisions"}],"predecessor-version":[{"id":9040,"href":"https:\/\/jockyart.de\/de_de\/wp-json\/wp\/v2\/pages\/7308\/revisions\/9040"}],"up":[{"embeddable":true,"href":"https:\/\/jockyart.de\/de_de\/wp-json\/wp\/v2\/pages\/7107"}],"wp:attachment":[{"href":"https:\/\/jockyart.de\/de_de\/wp-json\/wp\/v2\/media?parent=7308"}],"curies":[{"name":"wp","href":"https:\/\/api.w.org\/{rel}","templated":true}]}}