{"id":7302,"date":"2023-10-29T11:01:42","date_gmt":"2023-10-29T10:01:42","guid":{"rendered":"https:\/\/jockyart.de\/?page_id=7302"},"modified":"2024-10-23T21:54:54","modified_gmt":"2024-10-23T19:54:54","slug":"04-du-hast-meine-trauer-in-tanzen-verwandelt","status":"publish","type":"page","link":"https:\/\/jockyart.de\/de_de\/galerien\/prophetische-kunst\/kunstkalender\/wandkalender-2024\/04-du-hast-meine-trauer-in-tanzen-verwandelt\/","title":{"rendered":"04 Du hast meine Trauer in Tanzen verwandelt"},"content":{"rendered":"\n<p><a href=\"https:\/\/jockyart.de\/de_de\/galerien\/prophetische-kunst\/kunstkalender\/wandkalender-2024\/03-die-bruecke-zu-deinem-herzen\/\" data-type=\"page\" data-id=\"7287\">M\u00e4rz 2024<\/a> | <a href=\"https:\/\/jockyart.de\/de_de\/galerien\/prophetische-kunst\/kunstkalender\/wandkalender-2024\/05-schau-aufs-licht\/\" data-type=\"page\" data-id=\"7308\">Mai 2024<\/a><\/p>\n\n\n\n<figure class=\"wp-block-image size-full\"><img data-recalc-dims=\"1\" loading=\"lazy\" decoding=\"async\" width=\"980\" height=\"697\" src=\"https:\/\/i0.wp.com\/jockyart.de\/wp-content\/uploads\/2023\/09\/004_JockyArt_Kunstkalender2024_April.jpg?resize=980%2C697&#038;ssl=1\" alt=\"Kunstkalender2024 - April\" class=\"wp-image-7112\" srcset=\"https:\/\/i0.wp.com\/jockyart.de\/wp-content\/uploads\/2023\/09\/004_JockyArt_Kunstkalender2024_April.jpg?w=2000&amp;ssl=1 2000w, https:\/\/i0.wp.com\/jockyart.de\/wp-content\/uploads\/2023\/09\/004_JockyArt_Kunstkalender2024_April.jpg?resize=1536%2C1092&amp;ssl=1 1536w, https:\/\/i0.wp.com\/jockyart.de\/wp-content\/uploads\/2023\/09\/004_JockyArt_Kunstkalender2024_April.jpg?resize=18%2C12&amp;ssl=1 18w, https:\/\/i0.wp.com\/jockyart.de\/wp-content\/uploads\/2023\/09\/004_JockyArt_Kunstkalender2024_April.jpg?resize=1320%2C939&amp;ssl=1 1320w, https:\/\/i0.wp.com\/jockyart.de\/wp-content\/uploads\/2023\/09\/004_JockyArt_Kunstkalender2024_April.jpg?resize=324%2C230&amp;ssl=1 324w, https:\/\/i0.wp.com\/jockyart.de\/wp-content\/uploads\/2023\/09\/004_JockyArt_Kunstkalender2024_April.jpg?resize=416%2C296&amp;ssl=1 416w, https:\/\/i0.wp.com\/jockyart.de\/wp-content\/uploads\/2023\/09\/004_JockyArt_Kunstkalender2024_April.jpg?resize=300%2C213&amp;ssl=1 300w, https:\/\/i0.wp.com\/jockyart.de\/wp-content\/uploads\/2023\/09\/004_JockyArt_Kunstkalender2024_April.jpg?resize=768%2C546&amp;ssl=1 768w\" sizes=\"auto, (max-width: 980px) 100vw, 980px\" \/><\/figure>\n\n\n\n<p>\u00a9 Copyright 2022 by&nbsp;<em><a rel=\"noreferrer noopener\" href=\"https:\/\/www.jockyart.de\/\" target=\"_blank\">JockyArt.de<\/a><\/em><\/p>\n\n\n\n<p>Dieses Bild ist w\u00e4hrend einer Gebets- und Lobpreiszeit spontan entstanden. Es gibt eine Textpassage, die mich in letzter Zeit immer wieder begleitet. Sie stammt urspr\u00fcnglich aus dem Song \u201c<a href=\"https:\/\/youtu.be\/vchhKuNSNTs?t=194\">Love on Fire<\/a>\u201d von Jeremy Riddle:<\/p>\n\n\n\n<div class=\"wp-block-columns is-layout-flex wp-container-core-columns-is-layout-28f84493 wp-block-columns-is-layout-flex\">\n<div class=\"wp-block-column is-layout-flow wp-block-column-is-layout-flow\">\n<p>I put off all my heaviness and<\/p>\n\n\n\n<p>I put on this garment of praise<\/p>\n\n\n\n<p>You turned my<strong>&nbsp;mourning into dancing<\/strong><\/p>\n\n\n\n<p>And You turned my night into day<\/p>\n<\/div>\n\n\n\n<div class=\"wp-block-column is-layout-flow wp-block-column-is-layout-flow\">\n<p>Ich lege meine Schwere ab und<\/p>\n\n\n\n<p>Ziehe das Gewand des Lobpreises an<\/p>\n\n\n\n<p>Du hast meine <strong>Trauer in Tanzen verwandelt<\/strong><\/p>\n\n\n\n<p>Und Du hast meine Nacht in Tage umgewandelt<\/p>\n<\/div>\n<\/div>\n\n\n\n<p>Es ist eine Sache, dass Jesus unsere Trauer in Tanzen verwandelt, aber eine andere Sache selbst aus aller Schwere heraus zu treten und sie immer wieder abzustreifen. Das geht durch Tanzen nat\u00fcrlich ganz wunderbar :).<\/p>\n\n\n\n<div class=\"wp-block-columns is-layout-flex wp-container-core-columns-is-layout-28f84493 wp-block-columns-is-layout-flex\">\n<div class=\"wp-block-column is-layout-flow wp-block-column-is-layout-flow\"><\/div>\n<\/div>\n\n\n\n<p>Zus\u00e4tzlich zum Kalender, k\u00f6nnt ihr das Bild im Original erwerben, es ist nat\u00fcrlich auch als Kunstdruck, Poster, Leinwand oder als Sonderanfertigung wie Kissen oder Decke erh\u00e4ltlich.<\/p>\n\n\n\n<p><a href=\"https:\/\/jockyart.de\/galerien\/prophetische-kunst\/kunstkalender\/wandkalender-2024\/\">zur\u00fcck<\/a><\/p>\n","protected":false},"excerpt":{"rendered":"<p>M\u00e4rz 2024 | Mai 2024 \u00a9 Copyright 2022 by&nbsp;JockyArt.de Dieses Bild ist w\u00e4hrend einer Gebets- und Lobpreiszeit spontan entstanden. Es gibt eine Textpassage, die mich in letzter Zeit immer wieder begleitet. Sie stammt urspr\u00fcnglich aus dem Song \u201cLove on Fire\u201d von Jeremy Riddle: I put off all my heaviness and I put on this garment [&hellip;]<\/p>\n","protected":false},"author":1,"featured_media":0,"parent":7107,"menu_order":0,"comment_status":"closed","ping_status":"closed","template":"","meta":{"jetpack_post_was_ever_published":false,"footnotes":""},"class_list":["post-7302","page","type-page","status-publish","hentry"],"jetpack-related-posts":[],"jetpack_sharing_enabled":true,"_links":{"self":[{"href":"https:\/\/jockyart.de\/de_de\/wp-json\/wp\/v2\/pages\/7302","targetHints":{"allow":["GET"]}}],"collection":[{"href":"https:\/\/jockyart.de\/de_de\/wp-json\/wp\/v2\/pages"}],"about":[{"href":"https:\/\/jockyart.de\/de_de\/wp-json\/wp\/v2\/types\/page"}],"author":[{"embeddable":true,"href":"https:\/\/jockyart.de\/de_de\/wp-json\/wp\/v2\/users\/1"}],"replies":[{"embeddable":true,"href":"https:\/\/jockyart.de\/de_de\/wp-json\/wp\/v2\/comments?post=7302"}],"version-history":[{"count":8,"href":"https:\/\/jockyart.de\/de_de\/wp-json\/wp\/v2\/pages\/7302\/revisions"}],"predecessor-version":[{"id":9039,"href":"https:\/\/jockyart.de\/de_de\/wp-json\/wp\/v2\/pages\/7302\/revisions\/9039"}],"up":[{"embeddable":true,"href":"https:\/\/jockyart.de\/de_de\/wp-json\/wp\/v2\/pages\/7107"}],"wp:attachment":[{"href":"https:\/\/jockyart.de\/de_de\/wp-json\/wp\/v2\/media?parent=7302"}],"curies":[{"name":"wp","href":"https:\/\/api.w.org\/{rel}","templated":true}]}}