{"id":7287,"date":"2023-10-29T10:45:57","date_gmt":"2023-10-29T09:45:57","guid":{"rendered":"https:\/\/jockyart.de\/?page_id=7287"},"modified":"2024-10-23T21:53:48","modified_gmt":"2024-10-23T19:53:48","slug":"03-die-bruecke-zu-deinem-herzen","status":"publish","type":"page","link":"https:\/\/jockyart.de\/de_de\/galerien\/prophetische-kunst\/kunstkalender\/wandkalender-2024\/03-die-bruecke-zu-deinem-herzen\/","title":{"rendered":"03 Die Br\u00fccke zu Deinem Herzen"},"content":{"rendered":"\n<p><a href=\"https:\/\/jockyart.de\/de_de\/galerien\/prophetische-kunst\/kunstkalender\/wandkalender-2024\/02-die-tiefe-ruft-der-tiefe-zu\/\" data-type=\"page\" data-id=\"7273\">Februar 2024<\/a> | <a href=\"https:\/\/jockyart.de\/de_de\/galerien\/prophetische-kunst\/kunstkalender\/wandkalender-2024\/04-du-hast-meine-trauer-in-tanzen-verwandelt\/\" data-type=\"page\" data-id=\"7302\">April 2024<\/a><\/p>\n\n\n\n<figure class=\"wp-block-image size-full\"><img loading=\"lazy\" decoding=\"async\" width=\"2000\" height=\"1422\" src=\"https:\/\/jockyart.de\/wp-content\/uploads\/2023\/09\/003_JockyArt_Kunstkalender2024_Maerz.jpg\" alt=\"Kunstkalender2024 - M\u00e4rz\" class=\"wp-image-7111\" srcset=\"https:\/\/jockyart.de\/wp-content\/uploads\/2023\/09\/003_JockyArt_Kunstkalender2024_Maerz.jpg 2000w, https:\/\/jockyart.de\/wp-content\/uploads\/2023\/09\/003_JockyArt_Kunstkalender2024_Maerz-1536x1092.jpg 1536w, https:\/\/jockyart.de\/wp-content\/uploads\/2023\/09\/003_JockyArt_Kunstkalender2024_Maerz-18x12.jpg 18w, https:\/\/jockyart.de\/wp-content\/uploads\/2023\/09\/003_JockyArt_Kunstkalender2024_Maerz-1320x939.jpg 1320w, https:\/\/jockyart.de\/wp-content\/uploads\/2023\/09\/003_JockyArt_Kunstkalender2024_Maerz-324x230.jpg 324w, https:\/\/jockyart.de\/wp-content\/uploads\/2023\/09\/003_JockyArt_Kunstkalender2024_Maerz-416x296.jpg 416w, https:\/\/jockyart.de\/wp-content\/uploads\/2023\/09\/003_JockyArt_Kunstkalender2024_Maerz-300x213.jpg 300w, https:\/\/jockyart.de\/wp-content\/uploads\/2023\/09\/003_JockyArt_Kunstkalender2024_Maerz-768x546.jpg 768w\" sizes=\"auto, (max-width: 2000px) 100vw, 2000px\" \/><\/figure>\n\n\n\n<p>\u00a9 Copyright 2022 by&nbsp;<em><a rel=\"noreferrer noopener\" href=\"https:\/\/www.jockyart.de\/\" target=\"_blank\">JockyArt.de<\/a><\/em><\/p>\n\n\n\n<p>Durch Verletzungen und Entt\u00e4uschungen sind unsere Herzen oft verh\u00e4rtet, so dass wir uns verschlie\u00dfen und wir niemanden ranlassen. Das Sch\u00f6ne ist aber, dass Jesus unser Herz immer wieder sucht und eine Br\u00fccke dazu baut. Er will unser Herz heilen.<\/p>\n\n\n\n<blockquote class=\"wp-block-quote is-layout-flow wp-block-quote-is-layout-flow\">\n<p>&#8220;Er heilt, die zerbrochenen Herzens sind, und verbindet ihre Wunden.&#8221;<\/p>\n<cite><strong>Psalm 147, 3<\/strong><\/cite><\/blockquote>\n\n\n\n<div class=\"wp-block-columns is-layout-flex wp-container-core-columns-is-layout-28f84493 wp-block-columns-is-layout-flex\">\n<div class=\"wp-block-column is-layout-flow wp-block-column-is-layout-flow\"><div data-block-name=\"woocommerce\/handpicked-products\" data-columns=\"2\" data-content-visibility=\"{&quot;image&quot;:true,&quot;title&quot;:true,&quot;price&quot;:true,&quot;rating&quot;:false,&quot;button&quot;:true}\" data-products=\"[7141,5708]\" class=\"wc-block-grid wp-block-handpicked-products wp-block-woocommerce-handpicked-products wc-block-handpicked-products has-2-columns has-multiple-rows\"><ul class=\"wc-block-grid__products\"><li class=\"wc-block-grid__product\">\n\t\t\t\t<a href=\"https:\/\/jockyart.de\/de_de\/produkt\/bruecke-zum-herz-original\/\" class=\"wc-block-grid__product-link\">\n\t\t\t\t\t<div class=\"wc-block-grid__product-onsale\">\n\t\t\t<span aria-hidden=\"true\">Angebot<\/span>\n\t\t\t<span class=\"screen-reader-text\">Produkt im Angebot<\/span>\n\t\t<\/div>\n\t\t\t\t\t<div class=\"wc-block-grid__product-image\"><img loading=\"lazy\" decoding=\"async\" width=\"324\" height=\"232\" src=\"https:\/\/jockyart.de\/wp-content\/uploads\/2023\/04\/Bruecke_zum_Herz_org-324x232.jpg\" class=\"attachment-woocommerce_thumbnail size-woocommerce_thumbnail\" alt=\"Br\u00fccke zum Herz (Original)\" srcset=\"https:\/\/jockyart.de\/wp-content\/uploads\/2023\/04\/Bruecke_zum_Herz_org-324x232.jpg 324w, https:\/\/jockyart.de\/wp-content\/uploads\/2023\/04\/Bruecke_zum_Herz_org-1536x1098.jpg 1536w, https:\/\/jockyart.de\/wp-content\/uploads\/2023\/04\/Bruecke_zum_Herz_org-18x12.jpg 18w, https:\/\/jockyart.de\/wp-content\/uploads\/2023\/04\/Bruecke_zum_Herz_org-1320x944.jpg 1320w, https:\/\/jockyart.de\/wp-content\/uploads\/2023\/04\/Bruecke_zum_Herz_org-416x297.jpg 416w, https:\/\/jockyart.de\/wp-content\/uploads\/2023\/04\/Bruecke_zum_Herz_org-300x215.jpg 300w, https:\/\/jockyart.de\/wp-content\/uploads\/2023\/04\/Bruecke_zum_Herz_org-768x549.jpg 768w, https:\/\/jockyart.de\/wp-content\/uploads\/2023\/04\/Bruecke_zum_Herz_org-1024x732.jpg 1024w, https:\/\/jockyart.de\/wp-content\/uploads\/2023\/04\/Bruecke_zum_Herz_org.jpg 2000w\" sizes=\"auto, (max-width: 324px) 100vw, 324px\" \/><\/div>\n\t\t\t\t\t<div class=\"wc-block-grid__product-title\">Br\u00fccke zum Herz (Original)<\/div>\n\t\t\t\t<\/a>\n\t\t\t\t<div class=\"wc-block-grid__product-price price\">\t\t<span class=\"tiered-pricing-dynamic-price-wrapper\" data-display-context=\"shop-loop\" data-price-type=\"no-rules\" data-product-id=\"5708\" data-parent-id=\"5708\">\n\t\t\t<del aria-hidden=\"true\"><span class=\"woocommerce-Price-amount amount\">150,00&nbsp;<span class=\"woocommerce-Price-currencySymbol\">&euro;<\/span><\/span><\/del> <span class=\"screen-reader-text\">Urspr\u00fcnglicher Preis war: 150,00&nbsp;&euro;<\/span><ins aria-hidden=\"true\"><span class=\"woocommerce-Price-amount amount\">100,00&nbsp;<span class=\"woocommerce-Price-currencySymbol\">&euro;<\/span><\/span><\/ins><span class=\"screen-reader-text\">Aktueller Preis ist: 100,00&nbsp;&euro;.<\/span><\/span><\/div>\n\t\t\t\t\n\t\t\t\t<div class=\"wp-block-button wc-block-grid__product-add-to-cart\"><a href=\"\/de_de\/wp-json\/wp\/v2\/pages\/7287?add-to-cart=5708\" aria-label=\"In den Warenkorb legen: \u201eBr\u00fccke zum Herz (Original)\u201c\" data-quantity=\"1\" data-product_id=\"5708\" data-product_sku=\"origin_finel_br\u00fccke\" data-price=\"100\" rel=\"nofollow\" class=\"wp-block-button__link  add_to_cart_button ajax_add_to_cart\">In den Warenkorb<\/a><\/div>\n\t\t\t<\/li><\/ul><\/div><\/div>\n<\/div>\n\n\n\n<p>Zus\u00e4tzlich zum Kalender, k\u00f6nnt ihr das Bild im Original erwerben, es ist nat\u00fcrlich auch als Kunstdruck, Poster, Leinwand oder als Sonderanfertigung wie Kissen oder Decke erh\u00e4ltlich.<\/p>\n\n\n\n<p><a href=\"https:\/\/jockyart.de\/galerien\/prophetische-kunst\/kunstkalender\/wandkalender-2024\/\">zur\u00fcck<\/a><\/p>\n","protected":false},"excerpt":{"rendered":"<p>Februar 2024 | April 2024 \u00a9 Copyright 2022 by&nbsp;JockyArt.de Durch Verletzungen und Entt\u00e4uschungen sind unsere Herzen oft verh\u00e4rtet, so dass wir uns verschlie\u00dfen und wir niemanden ranlassen. Das Sch\u00f6ne ist aber, dass Jesus unser Herz immer wieder sucht und eine Br\u00fccke dazu baut. Er will unser Herz heilen. &#8220;Er heilt, die zerbrochenen Herzens sind, und [&hellip;]<\/p>\n","protected":false},"author":1,"featured_media":0,"parent":7107,"menu_order":0,"comment_status":"closed","ping_status":"closed","template":"","meta":{"footnotes":""},"class_list":["post-7287","page","type-page","status-publish","hentry"],"_links":{"self":[{"href":"https:\/\/jockyart.de\/de_de\/wp-json\/wp\/v2\/pages\/7287","targetHints":{"allow":["GET"]}}],"collection":[{"href":"https:\/\/jockyart.de\/de_de\/wp-json\/wp\/v2\/pages"}],"about":[{"href":"https:\/\/jockyart.de\/de_de\/wp-json\/wp\/v2\/types\/page"}],"author":[{"embeddable":true,"href":"https:\/\/jockyart.de\/de_de\/wp-json\/wp\/v2\/users\/1"}],"replies":[{"embeddable":true,"href":"https:\/\/jockyart.de\/de_de\/wp-json\/wp\/v2\/comments?post=7287"}],"version-history":[{"count":7,"href":"https:\/\/jockyart.de\/de_de\/wp-json\/wp\/v2\/pages\/7287\/revisions"}],"predecessor-version":[{"id":9038,"href":"https:\/\/jockyart.de\/de_de\/wp-json\/wp\/v2\/pages\/7287\/revisions\/9038"}],"up":[{"embeddable":true,"href":"https:\/\/jockyart.de\/de_de\/wp-json\/wp\/v2\/pages\/7107"}],"wp:attachment":[{"href":"https:\/\/jockyart.de\/de_de\/wp-json\/wp\/v2\/media?parent=7287"}],"curies":[{"name":"wp","href":"https:\/\/api.w.org\/{rel}","templated":true}]}}