{"id":7251,"date":"2023-10-28T20:48:26","date_gmt":"2023-10-28T18:48:26","guid":{"rendered":"https:\/\/jockyart.de\/?page_id=7251"},"modified":"2024-10-23T21:50:50","modified_gmt":"2024-10-23T19:50:50","slug":"01-we-will-see-his-goodness-wir-werden-seine-guete-sehen","status":"publish","type":"page","link":"https:\/\/jockyart.de\/de_de\/galerien\/prophetische-kunst\/kunstkalender\/wandkalender-2024\/01-we-will-see-his-goodness-wir-werden-seine-guete-sehen\/","title":{"rendered":"01 We will see His Goodness (Wir werden Seine G\u00fcte sehen)"},"content":{"rendered":"\n<p><a href=\"https:\/\/jockyart.de\/de_de\/galerien\/prophetische-kunst\/kunstkalender\/wandkalender-2024\/00-naeher-zu-dir-2\/\" data-type=\"page\" data-id=\"7157\">Deckblatt<\/a> | <a href=\"https:\/\/jockyart.de\/02-die-tiefe-ruft-der-tiefe-zu\/\" data-type=\"page\" data-id=\"7273\">Februar 2024<\/a><\/p>\n\n\n\n<figure class=\"wp-block-image size-large\"><img data-recalc-dims=\"1\" loading=\"lazy\" decoding=\"async\" width=\"980\" height=\"697\" src=\"https:\/\/i0.wp.com\/jockyart.de\/wp-content\/uploads\/2023\/09\/001_JockyArt_Kunstkalender2024_Januar-1.jpg?resize=980%2C697&#038;ssl=1\" alt=\"Kunstkalender2024 - Januar\" class=\"wp-image-7240\" srcset=\"https:\/\/i0.wp.com\/jockyart.de\/wp-content\/uploads\/2023\/09\/001_JockyArt_Kunstkalender2024_Januar-1.jpg?resize=1024%2C728&amp;ssl=1 1024w, https:\/\/i0.wp.com\/jockyart.de\/wp-content\/uploads\/2023\/09\/001_JockyArt_Kunstkalender2024_Januar-1.jpg?resize=1536%2C1092&amp;ssl=1 1536w, https:\/\/i0.wp.com\/jockyart.de\/wp-content\/uploads\/2023\/09\/001_JockyArt_Kunstkalender2024_Januar-1.jpg?resize=18%2C12&amp;ssl=1 18w, https:\/\/i0.wp.com\/jockyart.de\/wp-content\/uploads\/2023\/09\/001_JockyArt_Kunstkalender2024_Januar-1.jpg?resize=1320%2C939&amp;ssl=1 1320w, https:\/\/i0.wp.com\/jockyart.de\/wp-content\/uploads\/2023\/09\/001_JockyArt_Kunstkalender2024_Januar-1.jpg?resize=324%2C230&amp;ssl=1 324w, https:\/\/i0.wp.com\/jockyart.de\/wp-content\/uploads\/2023\/09\/001_JockyArt_Kunstkalender2024_Januar-1.jpg?resize=416%2C296&amp;ssl=1 416w, https:\/\/i0.wp.com\/jockyart.de\/wp-content\/uploads\/2023\/09\/001_JockyArt_Kunstkalender2024_Januar-1.jpg?resize=300%2C213&amp;ssl=1 300w, https:\/\/i0.wp.com\/jockyart.de\/wp-content\/uploads\/2023\/09\/001_JockyArt_Kunstkalender2024_Januar-1.jpg?resize=768%2C546&amp;ssl=1 768w, https:\/\/i0.wp.com\/jockyart.de\/wp-content\/uploads\/2023\/09\/001_JockyArt_Kunstkalender2024_Januar-1.jpg?w=2000&amp;ssl=1 2000w\" sizes=\"auto, (max-width: 980px) 100vw, 980px\" \/><\/figure>\n\n\n\n<p>\u00a9 Copyright 2021 by&nbsp;<em><a rel=\"noreferrer noopener\" href=\"https:\/\/www.jockyart.de\/\" target=\"_blank\">JockyArt.de<\/a><\/em><\/p>\n\n\n\n<p>Das Original des <em>Januar<\/em> des <strong>Kunstkalenders 2024 <\/strong>ist spontan im Hauskreis entstanden: &#8220;We will see His Goodness&#8221; (Wir werden Seine G\u00fcte sehe).<br><br>Auch wenn wir durch d\u00fcstere Zeiten gehe, um uns die St\u00fcrme toben, wir viele Herausfoderungen gehen, haben wir die Zusage, dass wir Seine G\u00fcte sehen werden, dass Er immer bei uns ist.<\/p>\n\n\n\n<blockquote class=\"wp-block-quote is-layout-flow wp-block-quote-is-layout-flow\">\n<p>Ich glaube aber doch, dass ich sehen werde die G\u00fcte des HERRN im Lande der Lebendigen. Harre des HERRN! Sei getrost und unverzagt und harre des HERRN!<\/p>\n<cite>Psalm 27, 13 + 14<\/cite><\/blockquote>\n\n\n\n<blockquote class=\"wp-block-quote is-layout-flow wp-block-quote-is-layout-flow\">\n<p>Gutes und Barmherzigkeit werden mir folgen mein Leben lang, und ich werde bleiben im Hause des HERRN immerdar.<\/p>\n<cite>Psalm 23, 6<\/cite><\/blockquote>\n\n\n\n<blockquote class=\"wp-block-quote is-layout-flow wp-block-quote-is-layout-flow\">\n<p>Und siehe, ich bin bei euch alle Tage bis an der Welt Ende.<\/p>\n<cite>Matth\u00e4us 28, 20b<\/cite><\/blockquote>\n\n\n\n<p>Zus\u00e4tzlich zum Kalender, k\u00f6nnt ihr das Bild im Original erwerben, es ist nat\u00fcrlich auch als Kunstdruck, Poster, Leinwand oder als Sonderanfertigung wie Kissen oder Decke erh\u00e4ltlich.<\/p>\n\n\n\n<p><a href=\"https:\/\/jockyart.de\/de_de\/galerien\/prophetische-kunst\/kunstkalender\/wandkalender-2024\/\" data-type=\"page\" data-id=\"7107\">zur\u00fcck<\/a><\/p>\n","protected":false},"excerpt":{"rendered":"<p>Deckblatt | Februar 2024 \u00a9 Copyright 2021 by&nbsp;JockyArt.de Das Original des Januar des Kunstkalenders 2024 ist spontan im Hauskreis entstanden: &#8220;We will see His Goodness&#8221; (Wir werden Seine G\u00fcte sehe). Auch wenn wir durch d\u00fcstere Zeiten gehe, um uns die St\u00fcrme toben, wir viele Herausfoderungen gehen, haben wir die Zusage, dass wir Seine G\u00fcte sehen [&hellip;]<\/p>\n","protected":false},"author":1,"featured_media":0,"parent":7107,"menu_order":0,"comment_status":"closed","ping_status":"closed","template":"","meta":{"jetpack_post_was_ever_published":false,"footnotes":""},"class_list":["post-7251","page","type-page","status-publish","hentry"],"jetpack-related-posts":[],"jetpack_sharing_enabled":true,"_links":{"self":[{"href":"https:\/\/jockyart.de\/de_de\/wp-json\/wp\/v2\/pages\/7251","targetHints":{"allow":["GET"]}}],"collection":[{"href":"https:\/\/jockyart.de\/de_de\/wp-json\/wp\/v2\/pages"}],"about":[{"href":"https:\/\/jockyart.de\/de_de\/wp-json\/wp\/v2\/types\/page"}],"author":[{"embeddable":true,"href":"https:\/\/jockyart.de\/de_de\/wp-json\/wp\/v2\/users\/1"}],"replies":[{"embeddable":true,"href":"https:\/\/jockyart.de\/de_de\/wp-json\/wp\/v2\/comments?post=7251"}],"version-history":[{"count":9,"href":"https:\/\/jockyart.de\/de_de\/wp-json\/wp\/v2\/pages\/7251\/revisions"}],"predecessor-version":[{"id":9036,"href":"https:\/\/jockyart.de\/de_de\/wp-json\/wp\/v2\/pages\/7251\/revisions\/9036"}],"up":[{"embeddable":true,"href":"https:\/\/jockyart.de\/de_de\/wp-json\/wp\/v2\/pages\/7107"}],"wp:attachment":[{"href":"https:\/\/jockyart.de\/de_de\/wp-json\/wp\/v2\/media?parent=7251"}],"curies":[{"name":"wp","href":"https:\/\/api.w.org\/{rel}","templated":true}]}}