{"id":7107,"date":"2023-09-19T23:46:04","date_gmt":"2023-09-19T21:46:04","guid":{"rendered":"https:\/\/jockyart.de\/?page_id=7107"},"modified":"2024-10-23T21:26:23","modified_gmt":"2024-10-23T19:26:23","slug":"wandkalender-2024","status":"publish","type":"page","link":"https:\/\/jockyart.de\/de_de\/galerien\/prophetische-kunst\/kunstkalender\/wandkalender-2024\/","title":{"rendered":"Wandkalender 2024"},"content":{"rendered":"\n<p>Ich habe auch dieses Jahr wieder einen Kunstkalender f\u00fcr das Jahr 2024 designed. Diesmal habe ich mich f\u00fcr das Querformat und f\u00fcr Spiralbindung entschieden. <\/p>\n\n\n\n<p>Hier habt ihr die M\u00f6glichkeit die Motive in gro\u00dfer Ansicht anzuschauen und zu lesen, was meine Gedanken hinter den Bildern waren. Ihr d\u00fcrft euch nat\u00fcrlich sehr gerne auch einfach nur von den Motiven inspirieren lassen.<\/p>\n\n\n\n<div class=\"wp-block-columns is-layout-flex wp-container-core-columns-is-layout-28f84493 wp-block-columns-is-layout-flex\">\n<div class=\"wp-block-column is-layout-flow wp-block-column-is-layout-flow\" style=\"flex-basis:30%\">\n<figure class=\"wp-block-image size-full\"><a href=\"https:\/\/jockyart.de\/de_de\/galerien\/prophetische-kunst\/kunstkalender\/wandkalender-2024\/00-naeher-zu-dir-2\/\"><img loading=\"lazy\" decoding=\"async\" width=\"2000\" height=\"1422\" src=\"https:\/\/jockyart.de\/wp-content\/uploads\/2023\/09\/000_JockyArt_Kunstkalender2024_Deckblatt-1.jpg\" alt=\"\" class=\"wp-image-7139\" srcset=\"https:\/\/jockyart.de\/wp-content\/uploads\/2023\/09\/000_JockyArt_Kunstkalender2024_Deckblatt-1.jpg 2000w, https:\/\/jockyart.de\/wp-content\/uploads\/2023\/09\/000_JockyArt_Kunstkalender2024_Deckblatt-1-1536x1092.jpg 1536w, https:\/\/jockyart.de\/wp-content\/uploads\/2023\/09\/000_JockyArt_Kunstkalender2024_Deckblatt-1-18x12.jpg 18w, https:\/\/jockyart.de\/wp-content\/uploads\/2023\/09\/000_JockyArt_Kunstkalender2024_Deckblatt-1-1320x939.jpg 1320w, https:\/\/jockyart.de\/wp-content\/uploads\/2023\/09\/000_JockyArt_Kunstkalender2024_Deckblatt-1-324x230.jpg 324w, https:\/\/jockyart.de\/wp-content\/uploads\/2023\/09\/000_JockyArt_Kunstkalender2024_Deckblatt-1-416x296.jpg 416w, https:\/\/jockyart.de\/wp-content\/uploads\/2023\/09\/000_JockyArt_Kunstkalender2024_Deckblatt-1-300x213.jpg 300w, https:\/\/jockyart.de\/wp-content\/uploads\/2023\/09\/000_JockyArt_Kunstkalender2024_Deckblatt-1-768x546.jpg 768w\" sizes=\"auto, (max-width: 2000px) 100vw, 2000px\" \/><\/a><\/figure>\n<\/div>\n\n\n\n<div class=\"wp-block-column is-layout-flow wp-block-column-is-layout-flow\" style=\"flex-basis:20%\">\n<p><strong>Deckblatt<\/strong><br><a href=\"https:\/\/jockyart.de\/de_de\/galerien\/prophetische-kunst\/kunstkalender\/wandkalender-2024\/00-naeher-zu-dir-2\/\">N\u00e4her zu Dir<\/a><\/p>\n<\/div>\n\n\n\n<div class=\"wp-block-column is-layout-flow wp-block-column-is-layout-flow\" style=\"flex-basis:30%\"><\/div>\n\n\n\n<div class=\"wp-block-column is-layout-flow wp-block-column-is-layout-flow\" style=\"flex-basis:20%\"><\/div>\n<\/div>\n\n\n\n<div class=\"wp-block-columns is-layout-flex wp-container-core-columns-is-layout-28f84493 wp-block-columns-is-layout-flex\">\n<div class=\"wp-block-column is-layout-flow wp-block-column-is-layout-flow\" style=\"flex-basis:30%\">\n<figure class=\"wp-block-image size-large\"><a href=\"https:\/\/jockyart.de\/de_de\/galerien\/prophetische-kunst\/kunstkalender\/wandkalender-2024\/01-we-will-see-his-goodness-wir-werden-seine-guete-sehen\/\"><img loading=\"lazy\" decoding=\"async\" width=\"1024\" height=\"728\" src=\"https:\/\/jockyart.de\/wp-content\/uploads\/2023\/09\/001_JockyArt_Kunstkalender2024_Januar-1-1024x728.jpg\" alt=\"Kunstkalender2024 - Januar\" class=\"wp-image-7240\" srcset=\"https:\/\/jockyart.de\/wp-content\/uploads\/2023\/09\/001_JockyArt_Kunstkalender2024_Januar-1-1024x728.jpg 1024w, https:\/\/jockyart.de\/wp-content\/uploads\/2023\/09\/001_JockyArt_Kunstkalender2024_Januar-1-1536x1092.jpg 1536w, https:\/\/jockyart.de\/wp-content\/uploads\/2023\/09\/001_JockyArt_Kunstkalender2024_Januar-1-18x12.jpg 18w, https:\/\/jockyart.de\/wp-content\/uploads\/2023\/09\/001_JockyArt_Kunstkalender2024_Januar-1-1320x939.jpg 1320w, https:\/\/jockyart.de\/wp-content\/uploads\/2023\/09\/001_JockyArt_Kunstkalender2024_Januar-1-324x230.jpg 324w, https:\/\/jockyart.de\/wp-content\/uploads\/2023\/09\/001_JockyArt_Kunstkalender2024_Januar-1-416x296.jpg 416w, https:\/\/jockyart.de\/wp-content\/uploads\/2023\/09\/001_JockyArt_Kunstkalender2024_Januar-1-300x213.jpg 300w, https:\/\/jockyart.de\/wp-content\/uploads\/2023\/09\/001_JockyArt_Kunstkalender2024_Januar-1-768x546.jpg 768w, https:\/\/jockyart.de\/wp-content\/uploads\/2023\/09\/001_JockyArt_Kunstkalender2024_Januar-1.jpg 2000w\" sizes=\"auto, (max-width: 1024px) 100vw, 1024px\" \/><\/a><\/figure>\n<\/div>\n\n\n\n<div class=\"wp-block-column is-layout-flow wp-block-column-is-layout-flow\" style=\"flex-basis:20%\">\n<p><strong>Januar<\/strong><br><a href=\"https:\/\/jockyart.de\/de_de\/galerien\/prophetische-kunst\/kunstkalender\/wandkalender-2024\/01-we-will-see-his-goodness-wir-werden-seine-guete-sehen\/\" data-type=\"page\" data-id=\"7251\">We will see His goodness<\/a><\/p>\n<\/div>\n\n\n\n<div class=\"wp-block-column is-layout-flow wp-block-column-is-layout-flow\" style=\"flex-basis:30%\">\n<figure class=\"wp-block-image size-full\"><a href=\"https:\/\/jockyart.de\/de_de\/galerien\/prophetische-kunst\/kunstkalender\/wandkalender-2024\/02-die-tiefe-ruft-der-tiefe-zu\/\"><img loading=\"lazy\" decoding=\"async\" width=\"2000\" height=\"1422\" src=\"https:\/\/jockyart.de\/wp-content\/uploads\/2023\/09\/002_JockyArt_Kunstkalender2024_Februar.jpg\" alt=\"\" class=\"wp-image-7110\" srcset=\"https:\/\/jockyart.de\/wp-content\/uploads\/2023\/09\/002_JockyArt_Kunstkalender2024_Februar.jpg 2000w, https:\/\/jockyart.de\/wp-content\/uploads\/2023\/09\/002_JockyArt_Kunstkalender2024_Februar-1536x1092.jpg 1536w, https:\/\/jockyart.de\/wp-content\/uploads\/2023\/09\/002_JockyArt_Kunstkalender2024_Februar-18x12.jpg 18w, https:\/\/jockyart.de\/wp-content\/uploads\/2023\/09\/002_JockyArt_Kunstkalender2024_Februar-1320x939.jpg 1320w, https:\/\/jockyart.de\/wp-content\/uploads\/2023\/09\/002_JockyArt_Kunstkalender2024_Februar-324x230.jpg 324w, https:\/\/jockyart.de\/wp-content\/uploads\/2023\/09\/002_JockyArt_Kunstkalender2024_Februar-416x296.jpg 416w, https:\/\/jockyart.de\/wp-content\/uploads\/2023\/09\/002_JockyArt_Kunstkalender2024_Februar-300x213.jpg 300w, https:\/\/jockyart.de\/wp-content\/uploads\/2023\/09\/002_JockyArt_Kunstkalender2024_Februar-768x546.jpg 768w\" sizes=\"auto, (max-width: 2000px) 100vw, 2000px\" \/><\/a><\/figure>\n<\/div>\n\n\n\n<div class=\"wp-block-column is-layout-flow wp-block-column-is-layout-flow\" style=\"flex-basis:20%\">\n<p><strong>Februar<\/strong><br><a href=\"https:\/\/jockyart.de\/de_de\/galerien\/prophetische-kunst\/kunstkalender\/wandkalender-2024\/02-die-tiefe-ruft-der-tiefe-zu\/\" data-type=\"page\" data-id=\"7273\">Die Tiefe ruft der Tiefe zu<\/a><\/p>\n<\/div>\n<\/div>\n\n\n\n<div class=\"wp-block-columns is-layout-flex wp-container-core-columns-is-layout-28f84493 wp-block-columns-is-layout-flex\">\n<div class=\"wp-block-column is-layout-flow wp-block-column-is-layout-flow\" style=\"flex-basis:30%\">\n<figure class=\"wp-block-image size-full\"><a href=\"https:\/\/jockyart.de\/de_de\/galerien\/prophetische-kunst\/kunstkalender\/wandkalender-2024\/03-die-bruecke-zu-deinem-herzen\/\"><img loading=\"lazy\" decoding=\"async\" width=\"2000\" height=\"1422\" src=\"https:\/\/jockyart.de\/wp-content\/uploads\/2023\/09\/003_JockyArt_Kunstkalender2024_Maerz.jpg\" alt=\"\" class=\"wp-image-7111\" srcset=\"https:\/\/jockyart.de\/wp-content\/uploads\/2023\/09\/003_JockyArt_Kunstkalender2024_Maerz.jpg 2000w, https:\/\/jockyart.de\/wp-content\/uploads\/2023\/09\/003_JockyArt_Kunstkalender2024_Maerz-1536x1092.jpg 1536w, https:\/\/jockyart.de\/wp-content\/uploads\/2023\/09\/003_JockyArt_Kunstkalender2024_Maerz-18x12.jpg 18w, https:\/\/jockyart.de\/wp-content\/uploads\/2023\/09\/003_JockyArt_Kunstkalender2024_Maerz-1320x939.jpg 1320w, https:\/\/jockyart.de\/wp-content\/uploads\/2023\/09\/003_JockyArt_Kunstkalender2024_Maerz-324x230.jpg 324w, https:\/\/jockyart.de\/wp-content\/uploads\/2023\/09\/003_JockyArt_Kunstkalender2024_Maerz-416x296.jpg 416w, https:\/\/jockyart.de\/wp-content\/uploads\/2023\/09\/003_JockyArt_Kunstkalender2024_Maerz-300x213.jpg 300w, https:\/\/jockyart.de\/wp-content\/uploads\/2023\/09\/003_JockyArt_Kunstkalender2024_Maerz-768x546.jpg 768w\" sizes=\"auto, (max-width: 2000px) 100vw, 2000px\" \/><\/a><\/figure>\n<\/div>\n\n\n\n<div class=\"wp-block-column is-layout-flow wp-block-column-is-layout-flow\" style=\"flex-basis:20%\">\n<p><strong>M\u00e4rz<\/strong><br><a href=\"https:\/\/jockyart.de\/de_de\/galerien\/prophetische-kunst\/kunstkalender\/wandkalender-2024\/03-die-bruecke-zu-deinem-herzen\/\">Die Br\u00fccke zu Deinem Herzen<\/a><\/p>\n<\/div>\n\n\n\n<div class=\"wp-block-column is-layout-flow wp-block-column-is-layout-flow\" style=\"flex-basis:30%\">\n<figure class=\"wp-block-image size-full\"><a href=\"https:\/\/jockyart.de\/de_de\/galerien\/prophetische-kunst\/kunstkalender\/wandkalender-2024\/04-du-hast-meine-trauer-in-tanzen-verwandelt\/\"><img loading=\"lazy\" decoding=\"async\" width=\"2000\" height=\"1422\" src=\"https:\/\/jockyart.de\/wp-content\/uploads\/2023\/09\/004_JockyArt_Kunstkalender2024_April.jpg\" alt=\"\" class=\"wp-image-7112\" srcset=\"https:\/\/jockyart.de\/wp-content\/uploads\/2023\/09\/004_JockyArt_Kunstkalender2024_April.jpg 2000w, https:\/\/jockyart.de\/wp-content\/uploads\/2023\/09\/004_JockyArt_Kunstkalender2024_April-1536x1092.jpg 1536w, https:\/\/jockyart.de\/wp-content\/uploads\/2023\/09\/004_JockyArt_Kunstkalender2024_April-18x12.jpg 18w, https:\/\/jockyart.de\/wp-content\/uploads\/2023\/09\/004_JockyArt_Kunstkalender2024_April-1320x939.jpg 1320w, https:\/\/jockyart.de\/wp-content\/uploads\/2023\/09\/004_JockyArt_Kunstkalender2024_April-324x230.jpg 324w, https:\/\/jockyart.de\/wp-content\/uploads\/2023\/09\/004_JockyArt_Kunstkalender2024_April-416x296.jpg 416w, https:\/\/jockyart.de\/wp-content\/uploads\/2023\/09\/004_JockyArt_Kunstkalender2024_April-300x213.jpg 300w, https:\/\/jockyart.de\/wp-content\/uploads\/2023\/09\/004_JockyArt_Kunstkalender2024_April-768x546.jpg 768w\" sizes=\"auto, (max-width: 2000px) 100vw, 2000px\" \/><\/a><\/figure>\n<\/div>\n\n\n\n<div class=\"wp-block-column is-layout-flow wp-block-column-is-layout-flow\" style=\"flex-basis:20%\">\n<p><strong>April<\/strong><br><a href=\"https:\/\/jockyart.de\/de_de\/galerien\/prophetische-kunst\/kunstkalender\/wandkalender-2024\/04-du-hast-meine-trauer-in-tanzen-verwandelt\/\">Du hast meine Trauer in Tanzen verwandelt<\/a><\/p>\n<\/div>\n<\/div>\n\n\n\n<div class=\"wp-block-columns is-layout-flex wp-container-core-columns-is-layout-28f84493 wp-block-columns-is-layout-flex\">\n<div class=\"wp-block-column is-layout-flow wp-block-column-is-layout-flow\" style=\"flex-basis:30%\">\n<figure class=\"wp-block-image size-large\"><img loading=\"lazy\" decoding=\"async\" width=\"1024\" height=\"728\" src=\"https:\/\/jockyart.de\/wp-content\/uploads\/2023\/09\/005_JockyArt_Kunstkalender2024_Mai-1-1024x728.jpg\" alt=\"Kunstkalender2024 - Mai\" class=\"wp-image-7241\" srcset=\"https:\/\/jockyart.de\/wp-content\/uploads\/2023\/09\/005_JockyArt_Kunstkalender2024_Mai-1-1024x728.jpg 1024w, https:\/\/jockyart.de\/wp-content\/uploads\/2023\/09\/005_JockyArt_Kunstkalender2024_Mai-1-1536x1092.jpg 1536w, https:\/\/jockyart.de\/wp-content\/uploads\/2023\/09\/005_JockyArt_Kunstkalender2024_Mai-1-18x12.jpg 18w, https:\/\/jockyart.de\/wp-content\/uploads\/2023\/09\/005_JockyArt_Kunstkalender2024_Mai-1-1320x939.jpg 1320w, https:\/\/jockyart.de\/wp-content\/uploads\/2023\/09\/005_JockyArt_Kunstkalender2024_Mai-1-324x230.jpg 324w, https:\/\/jockyart.de\/wp-content\/uploads\/2023\/09\/005_JockyArt_Kunstkalender2024_Mai-1-416x296.jpg 416w, https:\/\/jockyart.de\/wp-content\/uploads\/2023\/09\/005_JockyArt_Kunstkalender2024_Mai-1-300x213.jpg 300w, https:\/\/jockyart.de\/wp-content\/uploads\/2023\/09\/005_JockyArt_Kunstkalender2024_Mai-1-768x546.jpg 768w, https:\/\/jockyart.de\/wp-content\/uploads\/2023\/09\/005_JockyArt_Kunstkalender2024_Mai-1.jpg 2000w\" sizes=\"auto, (max-width: 1024px) 100vw, 1024px\" \/><\/figure>\n<\/div>\n\n\n\n<div class=\"wp-block-column is-layout-flow wp-block-column-is-layout-flow\" style=\"flex-basis:20%\">\n<p><strong>Mai<\/strong><br><a href=\"https:\/\/jockyart.de\/de_de\/galerien\/prophetische-kunst\/kunstkalender\/wandkalender-2024\/05-schau-aufs-licht\/\">Schau aufs Licht<\/a><\/p>\n<\/div>\n\n\n\n<div class=\"wp-block-column is-layout-flow wp-block-column-is-layout-flow\" style=\"flex-basis:30%\">\n<figure class=\"wp-block-image size-large\"><a href=\"https:\/\/jockyart.de\/de_de\/galerien\/prophetische-kunst\/kunstkalender\/wandkalender-2024\/06-work-in-progress\/\"><img loading=\"lazy\" decoding=\"async\" width=\"1024\" height=\"728\" src=\"https:\/\/jockyart.de\/wp-content\/uploads\/2023\/09\/006_JockyArt_Kunstkalender2024_Juni-1024x728.jpg\" alt=\"\" class=\"wp-image-7114\" srcset=\"https:\/\/jockyart.de\/wp-content\/uploads\/2023\/09\/006_JockyArt_Kunstkalender2024_Juni-1024x728.jpg 1024w, https:\/\/jockyart.de\/wp-content\/uploads\/2023\/09\/006_JockyArt_Kunstkalender2024_Juni-1536x1092.jpg 1536w, https:\/\/jockyart.de\/wp-content\/uploads\/2023\/09\/006_JockyArt_Kunstkalender2024_Juni-18x12.jpg 18w, https:\/\/jockyart.de\/wp-content\/uploads\/2023\/09\/006_JockyArt_Kunstkalender2024_Juni-1320x939.jpg 1320w, https:\/\/jockyart.de\/wp-content\/uploads\/2023\/09\/006_JockyArt_Kunstkalender2024_Juni-324x230.jpg 324w, https:\/\/jockyart.de\/wp-content\/uploads\/2023\/09\/006_JockyArt_Kunstkalender2024_Juni-416x296.jpg 416w, https:\/\/jockyart.de\/wp-content\/uploads\/2023\/09\/006_JockyArt_Kunstkalender2024_Juni-300x213.jpg 300w, https:\/\/jockyart.de\/wp-content\/uploads\/2023\/09\/006_JockyArt_Kunstkalender2024_Juni-768x546.jpg 768w, https:\/\/jockyart.de\/wp-content\/uploads\/2023\/09\/006_JockyArt_Kunstkalender2024_Juni.jpg 2000w\" sizes=\"auto, (max-width: 1024px) 100vw, 1024px\" \/><\/a><\/figure>\n<\/div>\n\n\n\n<div class=\"wp-block-column is-layout-flow wp-block-column-is-layout-flow\" style=\"flex-basis:20%\">\n<p><strong>Juni<\/strong><br><a href=\"https:\/\/jockyart.de\/de_de\/galerien\/prophetische-kunst\/kunstkalender\/wandkalender-2024\/06-work-in-progress\/\">Work in progress<\/a><\/p>\n<\/div>\n<\/div>\n\n\n\n<div class=\"wp-block-columns is-layout-flex wp-container-core-columns-is-layout-28f84493 wp-block-columns-is-layout-flex\">\n<div class=\"wp-block-column is-layout-flow wp-block-column-is-layout-flow\" style=\"flex-basis:30%\">\n<figure class=\"wp-block-image size-full\"><a href=\"https:\/\/jockyart.de\/de_de\/galerien\/prophetische-kunst\/kunstkalender\/wandkalender-2024\/07-do-we-live-close-to-the-ocean\/\"><img loading=\"lazy\" decoding=\"async\" width=\"2000\" height=\"1422\" src=\"https:\/\/jockyart.de\/wp-content\/uploads\/2023\/09\/007_JockyArt_Kunstkalender2024_Juli.jpg\" alt=\"\" class=\"wp-image-7115\" srcset=\"https:\/\/jockyart.de\/wp-content\/uploads\/2023\/09\/007_JockyArt_Kunstkalender2024_Juli.jpg 2000w, https:\/\/jockyart.de\/wp-content\/uploads\/2023\/09\/007_JockyArt_Kunstkalender2024_Juli-1536x1092.jpg 1536w, https:\/\/jockyart.de\/wp-content\/uploads\/2023\/09\/007_JockyArt_Kunstkalender2024_Juli-18x12.jpg 18w, https:\/\/jockyart.de\/wp-content\/uploads\/2023\/09\/007_JockyArt_Kunstkalender2024_Juli-1320x939.jpg 1320w, https:\/\/jockyart.de\/wp-content\/uploads\/2023\/09\/007_JockyArt_Kunstkalender2024_Juli-324x230.jpg 324w, https:\/\/jockyart.de\/wp-content\/uploads\/2023\/09\/007_JockyArt_Kunstkalender2024_Juli-416x296.jpg 416w, https:\/\/jockyart.de\/wp-content\/uploads\/2023\/09\/007_JockyArt_Kunstkalender2024_Juli-300x213.jpg 300w, https:\/\/jockyart.de\/wp-content\/uploads\/2023\/09\/007_JockyArt_Kunstkalender2024_Juli-768x546.jpg 768w\" sizes=\"auto, (max-width: 2000px) 100vw, 2000px\" \/><\/a><\/figure>\n<\/div>\n\n\n\n<div class=\"wp-block-column is-layout-flow wp-block-column-is-layout-flow\" style=\"flex-basis:20%\">\n<p><strong>Juli<\/strong><br><a href=\"https:\/\/jockyart.de\/de_de\/galerien\/prophetische-kunst\/kunstkalender\/wandkalender-2024\/07-do-we-live-close-to-the-ocean\/\">Do we live close to the ocean?<\/a><\/p>\n<\/div>\n\n\n\n<div class=\"wp-block-column is-layout-flow wp-block-column-is-layout-flow\" style=\"flex-basis:30%\">\n<figure class=\"wp-block-image size-full\"><a href=\"https:\/\/jockyart.de\/de_de\/galerien\/prophetische-kunst\/kunstkalender\/wandkalender-2024\/08-house-of-miracles\/\"><img loading=\"lazy\" decoding=\"async\" width=\"2000\" height=\"1422\" src=\"https:\/\/jockyart.de\/wp-content\/uploads\/2023\/09\/008_JockyArt_Kunstkalender2024_August.jpg\" alt=\"\" class=\"wp-image-7116\" srcset=\"https:\/\/jockyart.de\/wp-content\/uploads\/2023\/09\/008_JockyArt_Kunstkalender2024_August.jpg 2000w, https:\/\/jockyart.de\/wp-content\/uploads\/2023\/09\/008_JockyArt_Kunstkalender2024_August-1536x1092.jpg 1536w, https:\/\/jockyart.de\/wp-content\/uploads\/2023\/09\/008_JockyArt_Kunstkalender2024_August-18x12.jpg 18w, https:\/\/jockyart.de\/wp-content\/uploads\/2023\/09\/008_JockyArt_Kunstkalender2024_August-1320x939.jpg 1320w, https:\/\/jockyart.de\/wp-content\/uploads\/2023\/09\/008_JockyArt_Kunstkalender2024_August-324x230.jpg 324w, https:\/\/jockyart.de\/wp-content\/uploads\/2023\/09\/008_JockyArt_Kunstkalender2024_August-416x296.jpg 416w, https:\/\/jockyart.de\/wp-content\/uploads\/2023\/09\/008_JockyArt_Kunstkalender2024_August-300x213.jpg 300w, https:\/\/jockyart.de\/wp-content\/uploads\/2023\/09\/008_JockyArt_Kunstkalender2024_August-768x546.jpg 768w\" sizes=\"auto, (max-width: 2000px) 100vw, 2000px\" \/><\/a><\/figure>\n<\/div>\n\n\n\n<div class=\"wp-block-column is-layout-flow wp-block-column-is-layout-flow\" style=\"flex-basis:20%\">\n<p><strong>August<\/strong><br><a href=\"https:\/\/jockyart.de\/de_de\/galerien\/prophetische-kunst\/kunstkalender\/wandkalender-2024\/08-house-of-miracles\/\" data-type=\"link\" data-id=\"https:\/\/jockyart.de\/de_de\/galerien\/prophetische-kunst\/kunstkalender\/wandkalender-2024\/08-house-of-miracles\/\">House of miracles<\/a><\/p>\n<\/div>\n<\/div>\n\n\n\n<div class=\"wp-block-columns is-layout-flex wp-container-core-columns-is-layout-28f84493 wp-block-columns-is-layout-flex\">\n<div class=\"wp-block-column is-layout-flow wp-block-column-is-layout-flow\" style=\"flex-basis:30%\">\n<figure class=\"wp-block-image size-full\"><a href=\"https:\/\/jockyart.de\/de_de\/galerien\/prophetische-kunst\/kunstkalender\/wandkalender-2024\/09-der-drache-und-die-frau\/\"><img loading=\"lazy\" decoding=\"async\" width=\"2000\" height=\"1422\" src=\"https:\/\/jockyart.de\/wp-content\/uploads\/2023\/09\/009_JockyArt_Kunstkalender2024_September.jpg\" alt=\"\" class=\"wp-image-7117\" srcset=\"https:\/\/jockyart.de\/wp-content\/uploads\/2023\/09\/009_JockyArt_Kunstkalender2024_September.jpg 2000w, https:\/\/jockyart.de\/wp-content\/uploads\/2023\/09\/009_JockyArt_Kunstkalender2024_September-1536x1092.jpg 1536w, https:\/\/jockyart.de\/wp-content\/uploads\/2023\/09\/009_JockyArt_Kunstkalender2024_September-18x12.jpg 18w, https:\/\/jockyart.de\/wp-content\/uploads\/2023\/09\/009_JockyArt_Kunstkalender2024_September-1320x939.jpg 1320w, https:\/\/jockyart.de\/wp-content\/uploads\/2023\/09\/009_JockyArt_Kunstkalender2024_September-324x230.jpg 324w, https:\/\/jockyart.de\/wp-content\/uploads\/2023\/09\/009_JockyArt_Kunstkalender2024_September-416x296.jpg 416w, https:\/\/jockyart.de\/wp-content\/uploads\/2023\/09\/009_JockyArt_Kunstkalender2024_September-300x213.jpg 300w, https:\/\/jockyart.de\/wp-content\/uploads\/2023\/09\/009_JockyArt_Kunstkalender2024_September-768x546.jpg 768w\" sizes=\"auto, (max-width: 2000px) 100vw, 2000px\" \/><\/a><\/figure>\n<\/div>\n\n\n\n<div class=\"wp-block-column is-layout-flow wp-block-column-is-layout-flow\" style=\"flex-basis:20%\">\n<p><strong>September<\/strong><br><a href=\"https:\/\/jockyart.de\/de_de\/galerien\/prophetische-kunst\/kunstkalender\/wandkalender-2024\/09-der-drache-und-die-frau\/\">Der Drache und die Frau<\/a><\/p>\n<\/div>\n\n\n\n<div class=\"wp-block-column is-layout-flow wp-block-column-is-layout-flow\" style=\"flex-basis:30%\">\n<figure class=\"wp-block-image size-large\"><a href=\"https:\/\/jockyart.de\/de_de\/galerien\/prophetische-kunst\/kunstkalender\/wandkalender-2024\/10-jede-frucht-braucht-ihre-zeit\/\"><img loading=\"lazy\" decoding=\"async\" width=\"1024\" height=\"728\" src=\"https:\/\/jockyart.de\/wp-content\/uploads\/2023\/09\/010_JockyArt_Kunstkalender2024_Oktober-1024x728.jpg\" alt=\"\" class=\"wp-image-7118\" srcset=\"https:\/\/jockyart.de\/wp-content\/uploads\/2023\/09\/010_JockyArt_Kunstkalender2024_Oktober-1024x728.jpg 1024w, https:\/\/jockyart.de\/wp-content\/uploads\/2023\/09\/010_JockyArt_Kunstkalender2024_Oktober-1536x1092.jpg 1536w, https:\/\/jockyart.de\/wp-content\/uploads\/2023\/09\/010_JockyArt_Kunstkalender2024_Oktober-18x12.jpg 18w, https:\/\/jockyart.de\/wp-content\/uploads\/2023\/09\/010_JockyArt_Kunstkalender2024_Oktober-1320x939.jpg 1320w, https:\/\/jockyart.de\/wp-content\/uploads\/2023\/09\/010_JockyArt_Kunstkalender2024_Oktober-324x230.jpg 324w, https:\/\/jockyart.de\/wp-content\/uploads\/2023\/09\/010_JockyArt_Kunstkalender2024_Oktober-416x296.jpg 416w, https:\/\/jockyart.de\/wp-content\/uploads\/2023\/09\/010_JockyArt_Kunstkalender2024_Oktober-300x213.jpg 300w, https:\/\/jockyart.de\/wp-content\/uploads\/2023\/09\/010_JockyArt_Kunstkalender2024_Oktober-768x546.jpg 768w, https:\/\/jockyart.de\/wp-content\/uploads\/2023\/09\/010_JockyArt_Kunstkalender2024_Oktober.jpg 2000w\" sizes=\"auto, (max-width: 1024px) 100vw, 1024px\" \/><\/a><\/figure>\n<\/div>\n\n\n\n<div class=\"wp-block-column is-layout-flow wp-block-column-is-layout-flow\" style=\"flex-basis:20%\">\n<p><strong>Oktober<\/strong><br><a href=\"https:\/\/jockyart.de\/de_de\/galerien\/prophetische-kunst\/kunstkalender\/wandkalender-2024\/10-jede-frucht-braucht-ihre-zeit\/\">Jede Frucht braucht ihre Zeit<\/a><\/p>\n<\/div>\n<\/div>\n\n\n\n<div class=\"wp-block-columns is-layout-flex wp-container-core-columns-is-layout-28f84493 wp-block-columns-is-layout-flex\">\n<div class=\"wp-block-column is-layout-flow wp-block-column-is-layout-flow\" style=\"flex-basis:30%\">\n<figure class=\"wp-block-image size-full\"><a href=\"https:\/\/jockyart.de\/de_de\/galerien\/prophetische-kunst\/kunstkalender\/wandkalender-2024\/11-komm-zur-ruhe\/\"><img loading=\"lazy\" decoding=\"async\" width=\"2000\" height=\"1422\" src=\"https:\/\/jockyart.de\/wp-content\/uploads\/2023\/09\/011_JockyArt_Kunstkalender2024_November.jpg\" alt=\"\" class=\"wp-image-7119\" srcset=\"https:\/\/jockyart.de\/wp-content\/uploads\/2023\/09\/011_JockyArt_Kunstkalender2024_November.jpg 2000w, https:\/\/jockyart.de\/wp-content\/uploads\/2023\/09\/011_JockyArt_Kunstkalender2024_November-1536x1092.jpg 1536w, https:\/\/jockyart.de\/wp-content\/uploads\/2023\/09\/011_JockyArt_Kunstkalender2024_November-18x12.jpg 18w, https:\/\/jockyart.de\/wp-content\/uploads\/2023\/09\/011_JockyArt_Kunstkalender2024_November-1320x939.jpg 1320w, https:\/\/jockyart.de\/wp-content\/uploads\/2023\/09\/011_JockyArt_Kunstkalender2024_November-324x230.jpg 324w, https:\/\/jockyart.de\/wp-content\/uploads\/2023\/09\/011_JockyArt_Kunstkalender2024_November-416x296.jpg 416w, https:\/\/jockyart.de\/wp-content\/uploads\/2023\/09\/011_JockyArt_Kunstkalender2024_November-300x213.jpg 300w, https:\/\/jockyart.de\/wp-content\/uploads\/2023\/09\/011_JockyArt_Kunstkalender2024_November-768x546.jpg 768w\" sizes=\"auto, (max-width: 2000px) 100vw, 2000px\" \/><\/a><\/figure>\n<\/div>\n\n\n\n<div class=\"wp-block-column is-layout-flow wp-block-column-is-layout-flow\" style=\"flex-basis:20%\">\n<p><strong>November<\/strong><br><a href=\"https:\/\/jockyart.de\/de_de\/galerien\/prophetische-kunst\/kunstkalender\/wandkalender-2024\/11-komm-zur-ruhe\/\">Komm zur Ruhe<\/a><\/p>\n<\/div>\n\n\n\n<div class=\"wp-block-column is-layout-flow wp-block-column-is-layout-flow\" style=\"flex-basis:30%\">\n<figure class=\"wp-block-image size-full\"><a href=\"https:\/\/jockyart.de\/de_de\/galerien\/prophetische-kunst\/kunstkalender\/wandkalender-2024\/12-ein-sohn-ist-uns-gegeben\/\"><img loading=\"lazy\" decoding=\"async\" width=\"2000\" height=\"1422\" src=\"https:\/\/jockyart.de\/wp-content\/uploads\/2023\/09\/012_JockyArt_Kunstkalender2024_Dezember.jpg\" alt=\"\" class=\"wp-image-7120\" srcset=\"https:\/\/jockyart.de\/wp-content\/uploads\/2023\/09\/012_JockyArt_Kunstkalender2024_Dezember.jpg 2000w, https:\/\/jockyart.de\/wp-content\/uploads\/2023\/09\/012_JockyArt_Kunstkalender2024_Dezember-1536x1092.jpg 1536w, https:\/\/jockyart.de\/wp-content\/uploads\/2023\/09\/012_JockyArt_Kunstkalender2024_Dezember-18x12.jpg 18w, https:\/\/jockyart.de\/wp-content\/uploads\/2023\/09\/012_JockyArt_Kunstkalender2024_Dezember-1320x939.jpg 1320w, https:\/\/jockyart.de\/wp-content\/uploads\/2023\/09\/012_JockyArt_Kunstkalender2024_Dezember-324x230.jpg 324w, https:\/\/jockyart.de\/wp-content\/uploads\/2023\/09\/012_JockyArt_Kunstkalender2024_Dezember-416x296.jpg 416w, https:\/\/jockyart.de\/wp-content\/uploads\/2023\/09\/012_JockyArt_Kunstkalender2024_Dezember-300x213.jpg 300w, https:\/\/jockyart.de\/wp-content\/uploads\/2023\/09\/012_JockyArt_Kunstkalender2024_Dezember-768x546.jpg 768w\" sizes=\"auto, (max-width: 2000px) 100vw, 2000px\" \/><\/a><\/figure>\n<\/div>\n\n\n\n<div class=\"wp-block-column is-layout-flow wp-block-column-is-layout-flow\" style=\"flex-basis:20%\">\n<p><strong>Dezember<\/strong><br><a href=\"https:\/\/jockyart.de\/de_de\/galerien\/prophetische-kunst\/kunstkalender\/wandkalender-2024\/12-ein-sohn-ist-uns-gegeben\/\">Ein Sohn ist uns gegeben<\/a><\/p>\n<\/div>\n<\/div>\n","protected":false},"excerpt":{"rendered":"<p>Ich habe auch dieses Jahr wieder einen Kunstkalender f\u00fcr das Jahr 2024 designed. Diesmal habe ich mich f\u00fcr das Querformat und f\u00fcr Spiralbindung entschieden. Hier habt ihr die M\u00f6glichkeit die Motive in gro\u00dfer Ansicht anzuschauen und zu lesen, was meine Gedanken hinter den Bildern waren. Ihr d\u00fcrft euch nat\u00fcrlich sehr gerne auch einfach nur von [&hellip;]<\/p>\n","protected":false},"author":1,"featured_media":0,"parent":3348,"menu_order":0,"comment_status":"closed","ping_status":"closed","template":"","meta":{"footnotes":""},"class_list":["post-7107","page","type-page","status-publish","hentry"],"_links":{"self":[{"href":"https:\/\/jockyart.de\/de_de\/wp-json\/wp\/v2\/pages\/7107","targetHints":{"allow":["GET"]}}],"collection":[{"href":"https:\/\/jockyart.de\/de_de\/wp-json\/wp\/v2\/pages"}],"about":[{"href":"https:\/\/jockyart.de\/de_de\/wp-json\/wp\/v2\/types\/page"}],"author":[{"embeddable":true,"href":"https:\/\/jockyart.de\/de_de\/wp-json\/wp\/v2\/users\/1"}],"replies":[{"embeddable":true,"href":"https:\/\/jockyart.de\/de_de\/wp-json\/wp\/v2\/comments?post=7107"}],"version-history":[{"count":35,"href":"https:\/\/jockyart.de\/de_de\/wp-json\/wp\/v2\/pages\/7107\/revisions"}],"predecessor-version":[{"id":9031,"href":"https:\/\/jockyart.de\/de_de\/wp-json\/wp\/v2\/pages\/7107\/revisions\/9031"}],"up":[{"embeddable":true,"href":"https:\/\/jockyart.de\/de_de\/wp-json\/wp\/v2\/pages\/3348"}],"wp:attachment":[{"href":"https:\/\/jockyart.de\/de_de\/wp-json\/wp\/v2\/media?parent=7107"}],"curies":[{"name":"wp","href":"https:\/\/api.w.org\/{rel}","templated":true}]}}