{"id":6374,"date":"2023-05-09T19:20:10","date_gmt":"2023-05-09T17:20:10","guid":{"rendered":"https:\/\/jockyart.de\/?page_id=6374"},"modified":"2023-05-09T22:30:14","modified_gmt":"2023-05-09T20:30:14","slug":"umschlaege","status":"publish","type":"page","link":"https:\/\/jockyart.de\/de_de\/galerien\/zeichnungen-aus-alten-tagen\/umschlaege\/","title":{"rendered":"Umschl\u00e4ge"},"content":{"rendered":"\n<p>In meiner Jugend habe ich immer wieder f\u00fcr B\u00fccher und Hefte pers\u00f6nliche Umschl\u00e4ge gezeichnet und gestaltet. <\/p>\n\n\n<div  id=\"jtg-6365\" class=\"modula modula-gallery modula-creative-gallery\" data-config=\"{&quot;height&quot;:800,&quot;tabletHeight&quot;:800,&quot;mobileHeight&quot;:800,&quot;desktopHeight&quot;:800,&quot;enableTwitter&quot;:false,&quot;enableWhatsapp&quot;:false,&quot;enableFacebook&quot;:false,&quot;enablePinterest&quot;:false,&quot;enableLinkedin&quot;:false,&quot;enableEmail&quot;:false,&quot;randomFactor&quot;:0.5,&quot;type&quot;:&quot;creative-gallery&quot;,&quot;columns&quot;:12,&quot;gutter&quot;:10,&quot;mobileGutter&quot;:10,&quot;tabletGutter&quot;:10,&quot;desktopGutter&quot;:10,&quot;enableResponsive&quot;:&quot;0&quot;,&quot;tabletColumns&quot;:&quot;2&quot;,&quot;mobileColumns&quot;:&quot;1&quot;,&quot;lazyLoad&quot;:0,&quot;lightboxOpts&quot;:{&quot;animated&quot;:true,&quot;Thumbs&quot;:{&quot;type&quot;:&quot;modern&quot;,&quot;showOnStart&quot;:false},&quot;Toolbar&quot;:{&quot;display&quot;:{&quot;right&quot;:[&quot;close&quot;]},&quot;enabled&quot;:true},&quot;Carousel&quot;:{&quot;Panzoom&quot;:{&quot;touch&quot;:true},&quot;infinite&quot;:false},&quot;keyboard&quot;:{&quot;Escape&quot;:&quot;close&quot;,&quot;Delete&quot;:&quot;close&quot;,&quot;Backspace&quot;:&quot;close&quot;,&quot;PageUp&quot;:false,&quot;PageDown&quot;:false,&quot;ArrowUp&quot;:false,&quot;ArrowDown&quot;:false,&quot;ArrowRight&quot;:false,&quot;ArrowLeft&quot;:false},&quot;touch&quot;:false,&quot;backdropClick&quot;:false,&quot;l10n&quot;:{&quot;CLOSE&quot;:&quot;Schlie\\u00dfen&quot;,&quot;NEXT&quot;:&quot;Weiter&quot;,&quot;PREV&quot;:&quot;Zur\\u00fcck&quot;,&quot;Error&quot;:&quot;Der angeforderte Inhalt kann nicht geladen werden. Bitte versuche es sp\\u00e4ter noch einmal.&quot;,&quot;PLAY_START&quot;:&quot;Slideshow starten&quot;,&quot;PLAY_STOP&quot;:&quot;Slideshow anhalten&quot;,&quot;FULL_SCREEN&quot;:&quot;Vollbild&quot;,&quot;THUMBS&quot;:&quot;Vorschaubilder&quot;,&quot;DOWNLOAD&quot;:&quot;Download&quot;,&quot;SHARE&quot;:&quot;Teilen&quot;,&quot;ZOOM&quot;:&quot;Vergr\\u00f6\\u00dfern&quot;,&quot;EMAIL&quot;:&quot;Hier ist der Link zum Bild: %%image_link%% und hier ist der Link zur Galerie: %%gallery_link%%&quot;,&quot;MODAL&quot;:&quot;Du kannst diesen Modal-Inhalt mit der ESC-Taste schlie\\u00dfen&quot;,&quot;ERROR&quot;:&quot;Es ist ein Fehler aufgetreten. Bitte versuche es sp\\u00e4ter noch einmal&quot;,&quot;IMAGE_ERROR&quot;:&quot;Bild nicht gefunden&quot;,&quot;ELEMENT_NOT_FOUND&quot;:&quot;HTML-Element nicht gefunden&quot;,&quot;AJAX_NOT_FOUND&quot;:&quot;Fehler beim Laden von AJAX: Nicht gefunden&quot;,&quot;AJAX_FORBIDDEN&quot;:&quot;Fehler beim Laden von AJAX: Zugriff verweigert&quot;,&quot;IFRAME_ERROR&quot;:&quot;Fehler beim Laden der Seite&quot;,&quot;TOGGLE_ZOOM&quot;:&quot;Zoomstufe umschalten&quot;,&quot;TOGGLE_THUMBS&quot;:&quot;Miniaturansichten ein-\\\/ausblenden&quot;,&quot;TOGGLE_SLIDESHOW&quot;:&quot;Diashow ein-\\\/ausschalten&quot;,&quot;TOGGLE_FULLSCREEN&quot;:&quot;Vollbildmodus umschalten&quot;},&quot;Images&quot;:{&quot;Panzoom&quot;:{&quot;maxScale&quot;:2}},&quot;mainClass&quot;:&quot;modula-fancybox-container modula-lightbox-jtg-6365&quot;,&quot;Html&quot;:{&quot;videoAutoplay&quot;:0,&quot;videoTpl&quot;:&quot;&lt;video class=\\&quot;fancybox__html5video\\&quot; controls muted playsinline controlsList controlsList=\\&quot;nodownload\\&quot; poster=\\&quot;{{poster}}\\&quot; src=\\&quot;{{src}}\\&quot; type=\\&quot;{{format}}\\&quot; &gt;  Sorry, your browser doesn&#039;t support embedded videos, &lt;a href=\\&quot;{{src}}\\&quot;&gt; download &lt;\\\/a&gt; and watch with your favorite video player! &lt;\\\/video&gt;&quot;}},&quot;inView&quot;:false,&quot;email_subject&quot;:&quot;Check out this awesome image !!&quot;,&quot;email_message&quot;:&quot;Here is the link to the image : %%image_link%% and this is the link to the gallery : %%gallery_link%%&quot;,&quot;lightbox&quot;:&quot;fancybox&quot;}\">\n\n\t\n\t<div  class=\"modula-items\">\n\t\t<div class=\"modula-item effect-pufrobo\" >\n\t<div class=\"modula-item-overlay\"><\/div>\n\n\t<div class=\"modula-item-content\">\n\n\t\t<a data-image-id=\"6366\" role=\"button\" tabindex=\"0\" rel=\"jtg-6365\" data-caption=\"\" aria-label=\"Bilder in Lightbox \u00f6ffnen\" class=\"tile-inner modula-item-link\"><\/a><img loading=\"lazy\" decoding=\"async\" class=\"pic wp-image-6366\"  data-valign=\"middle\" data-halign=\"center\" alt=\"\" data-full=\"https:\/\/jockyart.de\/wp-content\/uploads\/2023\/05\/1990_hausaufgabenheft_001.jpg\" title=\"1990_hausaufgabenheft_001\" crop=\"\" width=\"217\" height=\"300\" src=\"https:\/\/i0.wp.com\/jockyart.de\/wp-content\/uploads\/2023\/05\/1990_hausaufgabenheft_001.jpg?fit=217%2C300&amp;ssl=1\" data-src=\"https:\/\/i0.wp.com\/jockyart.de\/wp-content\/uploads\/2023\/05\/1990_hausaufgabenheft_001.jpg?fit=217%2C300&amp;ssl=1\" data-caption=\"\" srcset=\"https:\/\/i0.wp.com\/jockyart.de\/wp-content\/uploads\/2023\/05\/1990_hausaufgabenheft_001.jpg?w=555&amp;ssl=1 555w, https:\/\/i0.wp.com\/jockyart.de\/wp-content\/uploads\/2023\/05\/1990_hausaufgabenheft_001.jpg?resize=9%2C12&amp;ssl=1 9w, https:\/\/i0.wp.com\/jockyart.de\/wp-content\/uploads\/2023\/05\/1990_hausaufgabenheft_001.jpg?resize=324%2C448&amp;ssl=1 324w, https:\/\/i0.wp.com\/jockyart.de\/wp-content\/uploads\/2023\/05\/1990_hausaufgabenheft_001.jpg?resize=416%2C576&amp;ssl=1 416w, https:\/\/i0.wp.com\/jockyart.de\/wp-content\/uploads\/2023\/05\/1990_hausaufgabenheft_001.jpg?resize=217%2C300&amp;ssl=1 217w\" sizes=\"auto, (max-width: 217px) 100vw, 217px\" \/>\n\t\t<div class=\"figc no-description\">\n\t\t\t<div class=\"figc-inner\">\n\t\t\t\t\t\t\t\t\t\t\t\t\t\t\t<\/div>\n\t\t<\/div>\n\n\t<\/div>\n\n<\/div><div class=\"modula-item effect-pufrobo\" >\n\t<div class=\"modula-item-overlay\"><\/div>\n\n\t<div class=\"modula-item-content\">\n\n\t\t<a data-image-id=\"6367\" role=\"button\" tabindex=\"0\" rel=\"jtg-6365\" data-caption=\"\" aria-label=\"Bilder in Lightbox \u00f6ffnen\" class=\"tile-inner modula-item-link\"><\/a><img loading=\"lazy\" decoding=\"async\" class=\"pic wp-image-6367\"  data-valign=\"middle\" data-halign=\"center\" alt=\"\" data-full=\"https:\/\/jockyart.de\/wp-content\/uploads\/2023\/05\/1990_hausaufgabenheft_002.jpg\" title=\"1990_hausaufgabenheft_002\" crop=\"\" width=\"216\" height=\"300\" src=\"https:\/\/i0.wp.com\/jockyart.de\/wp-content\/uploads\/2023\/05\/1990_hausaufgabenheft_002.jpg?fit=216%2C300&amp;ssl=1\" data-src=\"https:\/\/i0.wp.com\/jockyart.de\/wp-content\/uploads\/2023\/05\/1990_hausaufgabenheft_002.jpg?fit=216%2C300&amp;ssl=1\" data-caption=\"\" srcset=\"https:\/\/i0.wp.com\/jockyart.de\/wp-content\/uploads\/2023\/05\/1990_hausaufgabenheft_002.jpg?w=553&amp;ssl=1 553w, https:\/\/i0.wp.com\/jockyart.de\/wp-content\/uploads\/2023\/05\/1990_hausaufgabenheft_002.jpg?resize=9%2C12&amp;ssl=1 9w, https:\/\/i0.wp.com\/jockyart.de\/wp-content\/uploads\/2023\/05\/1990_hausaufgabenheft_002.jpg?resize=324%2C450&amp;ssl=1 324w, https:\/\/i0.wp.com\/jockyart.de\/wp-content\/uploads\/2023\/05\/1990_hausaufgabenheft_002.jpg?resize=416%2C578&amp;ssl=1 416w, https:\/\/i0.wp.com\/jockyart.de\/wp-content\/uploads\/2023\/05\/1990_hausaufgabenheft_002.jpg?resize=216%2C300&amp;ssl=1 216w\" sizes=\"auto, (max-width: 216px) 100vw, 216px\" \/>\n\t\t<div class=\"figc no-description\">\n\t\t\t<div class=\"figc-inner\">\n\t\t\t\t\t\t\t\t\t\t\t\t\t\t\t<\/div>\n\t\t<\/div>\n\n\t<\/div>\n\n<\/div><div class=\"modula-item effect-pufrobo\" >\n\t<div class=\"modula-item-overlay\"><\/div>\n\n\t<div class=\"modula-item-content\">\n\n\t\t<a data-image-id=\"6368\" role=\"button\" tabindex=\"0\" rel=\"jtg-6365\" data-caption=\"\" aria-label=\"Bilder in Lightbox \u00f6ffnen\" class=\"tile-inner modula-item-link\"><\/a><img loading=\"lazy\" decoding=\"async\" class=\"pic wp-image-6368\"  data-valign=\"middle\" data-halign=\"center\" alt=\"\" data-full=\"https:\/\/jockyart.de\/wp-content\/uploads\/2023\/05\/Bibelumschlag_001.jpg\" title=\"Bibelumschlag_001\" crop=\"\" width=\"300\" height=\"169\" src=\"https:\/\/i0.wp.com\/jockyart.de\/wp-content\/uploads\/2023\/05\/Bibelumschlag_001-scaled.jpg?fit=300%2C169&amp;ssl=1\" data-src=\"https:\/\/i0.wp.com\/jockyart.de\/wp-content\/uploads\/2023\/05\/Bibelumschlag_001-scaled.jpg?fit=300%2C169&amp;ssl=1\" data-caption=\"\" srcset=\"https:\/\/i0.wp.com\/jockyart.de\/wp-content\/uploads\/2023\/05\/Bibelumschlag_001-scaled.jpg?w=2560&amp;ssl=1 2560w, https:\/\/i0.wp.com\/jockyart.de\/wp-content\/uploads\/2023\/05\/Bibelumschlag_001-scaled.jpg?resize=1536%2C864&amp;ssl=1 1536w, https:\/\/i0.wp.com\/jockyart.de\/wp-content\/uploads\/2023\/05\/Bibelumschlag_001-scaled.jpg?resize=2048%2C1152&amp;ssl=1 2048w, https:\/\/i0.wp.com\/jockyart.de\/wp-content\/uploads\/2023\/05\/Bibelumschlag_001-scaled.jpg?resize=18%2C10&amp;ssl=1 18w, https:\/\/i0.wp.com\/jockyart.de\/wp-content\/uploads\/2023\/05\/Bibelumschlag_001-scaled.jpg?resize=1320%2C743&amp;ssl=1 1320w, https:\/\/i0.wp.com\/jockyart.de\/wp-content\/uploads\/2023\/05\/Bibelumschlag_001-scaled.jpg?resize=324%2C182&amp;ssl=1 324w, https:\/\/i0.wp.com\/jockyart.de\/wp-content\/uploads\/2023\/05\/Bibelumschlag_001-scaled.jpg?resize=416%2C234&amp;ssl=1 416w, https:\/\/i0.wp.com\/jockyart.de\/wp-content\/uploads\/2023\/05\/Bibelumschlag_001-scaled.jpg?resize=300%2C169&amp;ssl=1 300w, https:\/\/i0.wp.com\/jockyart.de\/wp-content\/uploads\/2023\/05\/Bibelumschlag_001-scaled.jpg?resize=768%2C432&amp;ssl=1 768w, https:\/\/i0.wp.com\/jockyart.de\/wp-content\/uploads\/2023\/05\/Bibelumschlag_001-scaled.jpg?resize=1024%2C576&amp;ssl=1 1024w, https:\/\/i0.wp.com\/jockyart.de\/wp-content\/uploads\/2023\/05\/Bibelumschlag_001-scaled.jpg?w=1960&amp;ssl=1 1960w\" sizes=\"auto, (max-width: 300px) 100vw, 300px\" \/>\n\t\t<div class=\"figc no-description\">\n\t\t\t<div class=\"figc-inner\">\n\t\t\t\t\t\t\t\t\t\t\t\t\t\t\t<\/div>\n\t\t<\/div>\n\n\t<\/div>\n\n<\/div><div class=\"modula-item effect-pufrobo\" >\n\t<div class=\"modula-item-overlay\"><\/div>\n\n\t<div class=\"modula-item-content\">\n\n\t\t<a data-image-id=\"6369\" role=\"button\" tabindex=\"0\" rel=\"jtg-6365\" data-caption=\"\" aria-label=\"Bilder in Lightbox \u00f6ffnen\" class=\"tile-inner modula-item-link\"><\/a><img loading=\"lazy\" decoding=\"async\" class=\"pic wp-image-6369\"  data-valign=\"middle\" data-halign=\"center\" alt=\"\" data-full=\"https:\/\/jockyart.de\/wp-content\/uploads\/2023\/05\/Bibelumschlag_002.jpg\" title=\"Bibelumschlag_002\" crop=\"\" width=\"300\" height=\"169\" src=\"https:\/\/i0.wp.com\/jockyart.de\/wp-content\/uploads\/2023\/05\/Bibelumschlag_002-scaled.jpg?fit=300%2C169&amp;ssl=1\" data-src=\"https:\/\/i0.wp.com\/jockyart.de\/wp-content\/uploads\/2023\/05\/Bibelumschlag_002-scaled.jpg?fit=300%2C169&amp;ssl=1\" data-caption=\"\" srcset=\"https:\/\/i0.wp.com\/jockyart.de\/wp-content\/uploads\/2023\/05\/Bibelumschlag_002-scaled.jpg?w=2560&amp;ssl=1 2560w, https:\/\/i0.wp.com\/jockyart.de\/wp-content\/uploads\/2023\/05\/Bibelumschlag_002-scaled.jpg?resize=1536%2C864&amp;ssl=1 1536w, https:\/\/i0.wp.com\/jockyart.de\/wp-content\/uploads\/2023\/05\/Bibelumschlag_002-scaled.jpg?resize=2048%2C1152&amp;ssl=1 2048w, https:\/\/i0.wp.com\/jockyart.de\/wp-content\/uploads\/2023\/05\/Bibelumschlag_002-scaled.jpg?resize=18%2C10&amp;ssl=1 18w, https:\/\/i0.wp.com\/jockyart.de\/wp-content\/uploads\/2023\/05\/Bibelumschlag_002-scaled.jpg?resize=1320%2C743&amp;ssl=1 1320w, https:\/\/i0.wp.com\/jockyart.de\/wp-content\/uploads\/2023\/05\/Bibelumschlag_002-scaled.jpg?resize=324%2C182&amp;ssl=1 324w, https:\/\/i0.wp.com\/jockyart.de\/wp-content\/uploads\/2023\/05\/Bibelumschlag_002-scaled.jpg?resize=416%2C234&amp;ssl=1 416w, https:\/\/i0.wp.com\/jockyart.de\/wp-content\/uploads\/2023\/05\/Bibelumschlag_002-scaled.jpg?resize=300%2C169&amp;ssl=1 300w, https:\/\/i0.wp.com\/jockyart.de\/wp-content\/uploads\/2023\/05\/Bibelumschlag_002-scaled.jpg?resize=768%2C432&amp;ssl=1 768w, https:\/\/i0.wp.com\/jockyart.de\/wp-content\/uploads\/2023\/05\/Bibelumschlag_002-scaled.jpg?resize=1024%2C576&amp;ssl=1 1024w, https:\/\/i0.wp.com\/jockyart.de\/wp-content\/uploads\/2023\/05\/Bibelumschlag_002-scaled.jpg?w=1960&amp;ssl=1 1960w\" sizes=\"auto, (max-width: 300px) 100vw, 300px\" \/>\n\t\t<div class=\"figc no-description\">\n\t\t\t<div class=\"figc-inner\">\n\t\t\t\t\t\t\t\t\t\t\t\t\t\t\t<\/div>\n\t\t<\/div>\n\n\t<\/div>\n\n<\/div><div class=\"modula-item effect-pufrobo\" >\n\t<div class=\"modula-item-overlay\"><\/div>\n\n\t<div class=\"modula-item-content\">\n\n\t\t<a data-image-id=\"6370\" role=\"button\" tabindex=\"0\" rel=\"jtg-6365\" data-caption=\"\" aria-label=\"Bilder in Lightbox \u00f6ffnen\" class=\"tile-inner modula-item-link\"><\/a><img loading=\"lazy\" decoding=\"async\" class=\"pic wp-image-6370\"  data-valign=\"middle\" data-halign=\"center\" alt=\"\" data-full=\"https:\/\/jockyart.de\/wp-content\/uploads\/2023\/05\/Bibelumschlag_003.jpg\" title=\"Bibelumschlag_003\" crop=\"\" width=\"300\" height=\"169\" src=\"https:\/\/i0.wp.com\/jockyart.de\/wp-content\/uploads\/2023\/05\/Bibelumschlag_003-scaled.jpg?fit=300%2C169&amp;ssl=1\" data-src=\"https:\/\/i0.wp.com\/jockyart.de\/wp-content\/uploads\/2023\/05\/Bibelumschlag_003-scaled.jpg?fit=300%2C169&amp;ssl=1\" data-caption=\"\" srcset=\"https:\/\/i0.wp.com\/jockyart.de\/wp-content\/uploads\/2023\/05\/Bibelumschlag_003-scaled.jpg?w=2560&amp;ssl=1 2560w, https:\/\/i0.wp.com\/jockyart.de\/wp-content\/uploads\/2023\/05\/Bibelumschlag_003-scaled.jpg?resize=1536%2C864&amp;ssl=1 1536w, https:\/\/i0.wp.com\/jockyart.de\/wp-content\/uploads\/2023\/05\/Bibelumschlag_003-scaled.jpg?resize=2048%2C1152&amp;ssl=1 2048w, https:\/\/i0.wp.com\/jockyart.de\/wp-content\/uploads\/2023\/05\/Bibelumschlag_003-scaled.jpg?resize=18%2C10&amp;ssl=1 18w, https:\/\/i0.wp.com\/jockyart.de\/wp-content\/uploads\/2023\/05\/Bibelumschlag_003-scaled.jpg?resize=1320%2C743&amp;ssl=1 1320w, https:\/\/i0.wp.com\/jockyart.de\/wp-content\/uploads\/2023\/05\/Bibelumschlag_003-scaled.jpg?resize=324%2C182&amp;ssl=1 324w, https:\/\/i0.wp.com\/jockyart.de\/wp-content\/uploads\/2023\/05\/Bibelumschlag_003-scaled.jpg?resize=416%2C234&amp;ssl=1 416w, https:\/\/i0.wp.com\/jockyart.de\/wp-content\/uploads\/2023\/05\/Bibelumschlag_003-scaled.jpg?resize=300%2C169&amp;ssl=1 300w, https:\/\/i0.wp.com\/jockyart.de\/wp-content\/uploads\/2023\/05\/Bibelumschlag_003-scaled.jpg?resize=768%2C432&amp;ssl=1 768w, https:\/\/i0.wp.com\/jockyart.de\/wp-content\/uploads\/2023\/05\/Bibelumschlag_003-scaled.jpg?resize=1024%2C576&amp;ssl=1 1024w, https:\/\/i0.wp.com\/jockyart.de\/wp-content\/uploads\/2023\/05\/Bibelumschlag_003-scaled.jpg?w=1960&amp;ssl=1 1960w\" sizes=\"auto, (max-width: 300px) 100vw, 300px\" \/>\n\t\t<div class=\"figc no-description\">\n\t\t\t<div class=\"figc-inner\">\n\t\t\t\t\t\t\t\t\t\t\t\t\t\t\t<\/div>\n\t\t<\/div>\n\n\t<\/div>\n\n<\/div><div class=\"modula-item effect-pufrobo\" >\n\t<div class=\"modula-item-overlay\"><\/div>\n\n\t<div class=\"modula-item-content\">\n\n\t\t<a data-image-id=\"6371\" role=\"button\" tabindex=\"0\" rel=\"jtg-6365\" data-caption=\"\" aria-label=\"Bilder in Lightbox \u00f6ffnen\" class=\"tile-inner modula-item-link\"><\/a><img loading=\"lazy\" decoding=\"async\" class=\"pic wp-image-6371\"  data-valign=\"middle\" data-halign=\"center\" alt=\"\" data-full=\"https:\/\/jockyart.de\/wp-content\/uploads\/2023\/05\/Bibelumschlag_004.jpg\" title=\"Bibelumschlag_004\" crop=\"\" width=\"300\" height=\"169\" src=\"https:\/\/i0.wp.com\/jockyart.de\/wp-content\/uploads\/2023\/05\/Bibelumschlag_004-scaled.jpg?fit=300%2C169&amp;ssl=1\" data-src=\"https:\/\/i0.wp.com\/jockyart.de\/wp-content\/uploads\/2023\/05\/Bibelumschlag_004-scaled.jpg?fit=300%2C169&amp;ssl=1\" data-caption=\"\" srcset=\"https:\/\/i0.wp.com\/jockyart.de\/wp-content\/uploads\/2023\/05\/Bibelumschlag_004-scaled.jpg?w=2560&amp;ssl=1 2560w, https:\/\/i0.wp.com\/jockyart.de\/wp-content\/uploads\/2023\/05\/Bibelumschlag_004-scaled.jpg?resize=1536%2C864&amp;ssl=1 1536w, https:\/\/i0.wp.com\/jockyart.de\/wp-content\/uploads\/2023\/05\/Bibelumschlag_004-scaled.jpg?resize=2048%2C1152&amp;ssl=1 2048w, https:\/\/i0.wp.com\/jockyart.de\/wp-content\/uploads\/2023\/05\/Bibelumschlag_004-scaled.jpg?resize=18%2C10&amp;ssl=1 18w, https:\/\/i0.wp.com\/jockyart.de\/wp-content\/uploads\/2023\/05\/Bibelumschlag_004-scaled.jpg?resize=1320%2C743&amp;ssl=1 1320w, https:\/\/i0.wp.com\/jockyart.de\/wp-content\/uploads\/2023\/05\/Bibelumschlag_004-scaled.jpg?resize=324%2C182&amp;ssl=1 324w, https:\/\/i0.wp.com\/jockyart.de\/wp-content\/uploads\/2023\/05\/Bibelumschlag_004-scaled.jpg?resize=416%2C234&amp;ssl=1 416w, https:\/\/i0.wp.com\/jockyart.de\/wp-content\/uploads\/2023\/05\/Bibelumschlag_004-scaled.jpg?resize=300%2C169&amp;ssl=1 300w, https:\/\/i0.wp.com\/jockyart.de\/wp-content\/uploads\/2023\/05\/Bibelumschlag_004-scaled.jpg?resize=768%2C432&amp;ssl=1 768w, https:\/\/i0.wp.com\/jockyart.de\/wp-content\/uploads\/2023\/05\/Bibelumschlag_004-scaled.jpg?resize=1024%2C576&amp;ssl=1 1024w, https:\/\/i0.wp.com\/jockyart.de\/wp-content\/uploads\/2023\/05\/Bibelumschlag_004-scaled.jpg?w=1960&amp;ssl=1 1960w\" sizes=\"auto, (max-width: 300px) 100vw, 300px\" \/>\n\t\t<div class=\"figc no-description\">\n\t\t\t<div class=\"figc-inner\">\n\t\t\t\t\t\t\t\t\t\t\t\t\t\t\t<\/div>\n\t\t<\/div>\n\n\t<\/div>\n\n<\/div><div class=\"modula-item effect-pufrobo\" >\n\t<div class=\"modula-item-overlay\"><\/div>\n\n\t<div class=\"modula-item-content\">\n\n\t\t<a data-image-id=\"6372\" role=\"button\" tabindex=\"0\" rel=\"jtg-6365\" data-caption=\"\" aria-label=\"Bilder in Lightbox \u00f6ffnen\" class=\"tile-inner modula-item-link\"><\/a><img loading=\"lazy\" decoding=\"async\" class=\"pic wp-image-6372\"  data-valign=\"middle\" data-halign=\"center\" alt=\"\" data-full=\"https:\/\/jockyart.de\/wp-content\/uploads\/2023\/05\/gesangbuch_001.jpg\" title=\"gesangbuch_001\" crop=\"\" width=\"300\" height=\"225\" src=\"https:\/\/i0.wp.com\/jockyart.de\/wp-content\/uploads\/2023\/05\/gesangbuch_001.jpg?fit=300%2C225&amp;ssl=1\" data-src=\"https:\/\/i0.wp.com\/jockyart.de\/wp-content\/uploads\/2023\/05\/gesangbuch_001.jpg?fit=300%2C225&amp;ssl=1\" data-caption=\"\" srcset=\"https:\/\/i0.wp.com\/jockyart.de\/wp-content\/uploads\/2023\/05\/gesangbuch_001.jpg?w=1024&amp;ssl=1 1024w, https:\/\/i0.wp.com\/jockyart.de\/wp-content\/uploads\/2023\/05\/gesangbuch_001.jpg?resize=16%2C12&amp;ssl=1 16w, https:\/\/i0.wp.com\/jockyart.de\/wp-content\/uploads\/2023\/05\/gesangbuch_001.jpg?resize=324%2C243&amp;ssl=1 324w, https:\/\/i0.wp.com\/jockyart.de\/wp-content\/uploads\/2023\/05\/gesangbuch_001.jpg?resize=416%2C312&amp;ssl=1 416w, https:\/\/i0.wp.com\/jockyart.de\/wp-content\/uploads\/2023\/05\/gesangbuch_001.jpg?resize=300%2C225&amp;ssl=1 300w, https:\/\/i0.wp.com\/jockyart.de\/wp-content\/uploads\/2023\/05\/gesangbuch_001.jpg?resize=768%2C576&amp;ssl=1 768w\" sizes=\"auto, (max-width: 300px) 100vw, 300px\" \/>\n\t\t<div class=\"figc no-description\">\n\t\t\t<div class=\"figc-inner\">\n\t\t\t\t\t\t\t\t\t\t\t\t\t\t\t<\/div>\n\t\t<\/div>\n\n\t<\/div>\n\n<\/div><div class=\"modula-item effect-pufrobo\" >\n\t<div class=\"modula-item-overlay\"><\/div>\n\n\t<div class=\"modula-item-content\">\n\n\t\t<a data-image-id=\"6373\" role=\"button\" tabindex=\"0\" rel=\"jtg-6365\" data-caption=\"\" aria-label=\"Bilder in Lightbox \u00f6ffnen\" class=\"tile-inner modula-item-link\"><\/a><img loading=\"lazy\" decoding=\"async\" class=\"pic wp-image-6373\"  data-valign=\"middle\" data-halign=\"center\" alt=\"\" data-full=\"https:\/\/jockyart.de\/wp-content\/uploads\/2023\/05\/gesangbuch_002.jpg\" title=\"gesangbuch_002\" crop=\"\" width=\"300\" height=\"225\" src=\"https:\/\/i0.wp.com\/jockyart.de\/wp-content\/uploads\/2023\/05\/gesangbuch_002.jpg?fit=300%2C225&amp;ssl=1\" data-src=\"https:\/\/i0.wp.com\/jockyart.de\/wp-content\/uploads\/2023\/05\/gesangbuch_002.jpg?fit=300%2C225&amp;ssl=1\" data-caption=\"\" srcset=\"https:\/\/i0.wp.com\/jockyart.de\/wp-content\/uploads\/2023\/05\/gesangbuch_002.jpg?w=1024&amp;ssl=1 1024w, https:\/\/i0.wp.com\/jockyart.de\/wp-content\/uploads\/2023\/05\/gesangbuch_002.jpg?resize=16%2C12&amp;ssl=1 16w, https:\/\/i0.wp.com\/jockyart.de\/wp-content\/uploads\/2023\/05\/gesangbuch_002.jpg?resize=324%2C243&amp;ssl=1 324w, https:\/\/i0.wp.com\/jockyart.de\/wp-content\/uploads\/2023\/05\/gesangbuch_002.jpg?resize=416%2C312&amp;ssl=1 416w, https:\/\/i0.wp.com\/jockyart.de\/wp-content\/uploads\/2023\/05\/gesangbuch_002.jpg?resize=300%2C225&amp;ssl=1 300w, https:\/\/i0.wp.com\/jockyart.de\/wp-content\/uploads\/2023\/05\/gesangbuch_002.jpg?resize=768%2C576&amp;ssl=1 768w\" sizes=\"auto, (max-width: 300px) 100vw, 300px\" \/>\n\t\t<div class=\"figc no-description\">\n\t\t\t<div class=\"figc-inner\">\n\t\t\t\t\t\t\t\t\t\t\t\t\t\t\t<\/div>\n\t\t<\/div>\n\n\t<\/div>\n\n<\/div>\t\t\n\t<\/div>\n\n\t\n\t\n\t<script type=\"application\/ld+json\">\n\t{\n\t\t\"@context\": \"http:\/\/schema.org\",\n\t\t\"@type\"   : \"ImageGallery\",\n\t\t\"id\"      : \"https:\/\/jockyart.de\/de_de\/galerien\/zeichnungen-aus-alten-tagen\/umschlaege\/\",\n\t\t\"url\"     : \"https:\/\/jockyart.de\/de_de\/galerien\/zeichnungen-aus-alten-tagen\/umschlaege\/\"\n\t}\n\n\t<\/script>\n\n\t\n<\/div>\n\n","protected":false},"excerpt":{"rendered":"<p>In meiner Jugend habe ich immer wieder f\u00fcr B\u00fccher und Hefte pers\u00f6nliche Umschl\u00e4ge gezeichnet und gestaltet.<\/p>\n","protected":false},"author":1,"featured_media":0,"parent":6337,"menu_order":0,"comment_status":"closed","ping_status":"closed","template":"","meta":{"jetpack_post_was_ever_published":false,"footnotes":""},"class_list":["post-6374","page","type-page","status-publish","hentry"],"jetpack-related-posts":[],"jetpack_sharing_enabled":true,"_links":{"self":[{"href":"https:\/\/jockyart.de\/de_de\/wp-json\/wp\/v2\/pages\/6374","targetHints":{"allow":["GET"]}}],"collection":[{"href":"https:\/\/jockyart.de\/de_de\/wp-json\/wp\/v2\/pages"}],"about":[{"href":"https:\/\/jockyart.de\/de_de\/wp-json\/wp\/v2\/types\/page"}],"author":[{"embeddable":true,"href":"https:\/\/jockyart.de\/de_de\/wp-json\/wp\/v2\/users\/1"}],"replies":[{"embeddable":true,"href":"https:\/\/jockyart.de\/de_de\/wp-json\/wp\/v2\/comments?post=6374"}],"version-history":[{"count":1,"href":"https:\/\/jockyart.de\/de_de\/wp-json\/wp\/v2\/pages\/6374\/revisions"}],"predecessor-version":[{"id":6375,"href":"https:\/\/jockyart.de\/de_de\/wp-json\/wp\/v2\/pages\/6374\/revisions\/6375"}],"up":[{"embeddable":true,"href":"https:\/\/jockyart.de\/de_de\/wp-json\/wp\/v2\/pages\/6337"}],"wp:attachment":[{"href":"https:\/\/jockyart.de\/de_de\/wp-json\/wp\/v2\/media?parent=6374"}],"curies":[{"name":"wp","href":"https:\/\/api.w.org\/{rel}","templated":true}]}}