{"id":6337,"date":"2023-05-09T19:07:43","date_gmt":"2023-05-09T17:07:43","guid":{"rendered":"https:\/\/jockyart.de\/?page_id=6337"},"modified":"2023-05-09T22:31:02","modified_gmt":"2023-05-09T20:31:02","slug":"zeichnungen-aus-alten-tagen","status":"publish","type":"page","link":"https:\/\/jockyart.de\/de_de\/galerien\/zeichnungen-aus-alten-tagen\/","title":{"rendered":"Zeichnungen aus alten Tagen"},"content":{"rendered":"\n<p>Ich habe ja seit ich denken kann, gezeichnet. Hier k\u00f6nnt ihr einen kleinen Einblick bekommen, wie ich in meiner Jugend k\u00fcnsterlisch t\u00e4tig war.<\/p>\n\n\n\n<div class=\"wp-block-columns is-layout-flex wp-container-core-columns-is-layout-28f84493 wp-block-columns-is-layout-flex\">\n<div class=\"wp-block-column is-layout-flow wp-block-column-is-layout-flow\">\n<figure class=\"wp-block-image size-full\"><a href=\"https:\/\/jockyart.de\/galerien\/zeichnungen-aus-alten-tagen\/schuelerzeitung-forum\/\"><img data-recalc-dims=\"1\" loading=\"lazy\" decoding=\"async\" width=\"200\" height=\"300\" src=\"https:\/\/i0.wp.com\/jockyart.de\/wp-content\/uploads\/2023\/05\/icon_Forum.png?resize=200%2C300&#038;ssl=1\" alt=\"Forum\" class=\"wp-image-6330\" srcset=\"https:\/\/i0.wp.com\/jockyart.de\/wp-content\/uploads\/2023\/05\/icon_Forum.png?w=200&amp;ssl=1 200w, https:\/\/i0.wp.com\/jockyart.de\/wp-content\/uploads\/2023\/05\/icon_Forum.png?resize=8%2C12&amp;ssl=1 8w\" sizes=\"auto, (max-width: 200px) 100vw, 200px\" \/><\/a><figcaption class=\"wp-element-caption\">Sch\u00fclerzeitung FORUM<\/figcaption><\/figure>\n<\/div>\n\n\n\n<div class=\"wp-block-column is-layout-flow wp-block-column-is-layout-flow\">\n<figure class=\"wp-block-image size-full\"><a href=\"https:\/\/jockyart.de\/galerien\/zeichnungen-aus-alten-tagen\/zeichnungen-fuer-den-cjb-naila\/\"><img data-recalc-dims=\"1\" loading=\"lazy\" decoding=\"async\" width=\"200\" height=\"300\" src=\"https:\/\/i0.wp.com\/jockyart.de\/wp-content\/uploads\/2023\/05\/Icon_cjb.png?resize=200%2C300&#038;ssl=1\" alt=\"\" class=\"wp-image-6357\" srcset=\"https:\/\/i0.wp.com\/jockyart.de\/wp-content\/uploads\/2023\/05\/Icon_cjb.png?w=200&amp;ssl=1 200w, https:\/\/i0.wp.com\/jockyart.de\/wp-content\/uploads\/2023\/05\/Icon_cjb.png?resize=8%2C12&amp;ssl=1 8w\" sizes=\"auto, (max-width: 200px) 100vw, 200px\" \/><\/a><figcaption class=\"wp-element-caption\">Zeichnungen f\u00fcr den cjb Naila<\/figcaption><\/figure>\n<\/div>\n\n\n\n<div class=\"wp-block-column is-layout-flow wp-block-column-is-layout-flow\">\n<figure class=\"wp-block-image size-full\"><a href=\"https:\/\/jockyart.de\/galerien\/zeichnungen-aus-alten-tagen\/umschlaege\/\"><img data-recalc-dims=\"1\" loading=\"lazy\" decoding=\"async\" width=\"200\" height=\"300\" src=\"https:\/\/i0.wp.com\/jockyart.de\/wp-content\/uploads\/2023\/05\/icon_umschlag.png?resize=200%2C300&#038;ssl=1\" alt=\"\" class=\"wp-image-6358\" srcset=\"https:\/\/i0.wp.com\/jockyart.de\/wp-content\/uploads\/2023\/05\/icon_umschlag.png?w=200&amp;ssl=1 200w, https:\/\/i0.wp.com\/jockyart.de\/wp-content\/uploads\/2023\/05\/icon_umschlag.png?resize=8%2C12&amp;ssl=1 8w\" sizes=\"auto, (max-width: 200px) 100vw, 200px\" \/><\/a><figcaption class=\"wp-element-caption\">Umschl\u00e4ge<\/figcaption><\/figure>\n<\/div>\n<\/div>\n","protected":false},"excerpt":{"rendered":"<p>Ich habe ja seit ich denken kann, gezeichnet. Hier k\u00f6nnt ihr einen kleinen Einblick bekommen, wie ich in meiner Jugend k\u00fcnsterlisch t\u00e4tig war.<\/p>\n","protected":false},"author":1,"featured_media":0,"parent":2794,"menu_order":0,"comment_status":"closed","ping_status":"closed","template":"","meta":{"jetpack_post_was_ever_published":false,"footnotes":""},"class_list":["post-6337","page","type-page","status-publish","hentry"],"jetpack-related-posts":[],"jetpack_sharing_enabled":true,"_links":{"self":[{"href":"https:\/\/jockyart.de\/de_de\/wp-json\/wp\/v2\/pages\/6337","targetHints":{"allow":["GET"]}}],"collection":[{"href":"https:\/\/jockyart.de\/de_de\/wp-json\/wp\/v2\/pages"}],"about":[{"href":"https:\/\/jockyart.de\/de_de\/wp-json\/wp\/v2\/types\/page"}],"author":[{"embeddable":true,"href":"https:\/\/jockyart.de\/de_de\/wp-json\/wp\/v2\/users\/1"}],"replies":[{"embeddable":true,"href":"https:\/\/jockyart.de\/de_de\/wp-json\/wp\/v2\/comments?post=6337"}],"version-history":[{"count":4,"href":"https:\/\/jockyart.de\/de_de\/wp-json\/wp\/v2\/pages\/6337\/revisions"}],"predecessor-version":[{"id":6383,"href":"https:\/\/jockyart.de\/de_de\/wp-json\/wp\/v2\/pages\/6337\/revisions\/6383"}],"up":[{"embeddable":true,"href":"https:\/\/jockyart.de\/de_de\/wp-json\/wp\/v2\/pages\/2794"}],"wp:attachment":[{"href":"https:\/\/jockyart.de\/de_de\/wp-json\/wp\/v2\/media?parent=6337"}],"curies":[{"name":"wp","href":"https:\/\/api.w.org\/{rel}","templated":true}]}}