{"id":6225,"date":"2023-05-08T21:22:24","date_gmt":"2023-05-08T19:22:24","guid":{"rendered":"https:\/\/jockyart.de\/?page_id=6225"},"modified":"2023-05-12T23:02:40","modified_gmt":"2023-05-12T21:02:40","slug":"wandbild-john-mott-haus","status":"publish","type":"page","link":"https:\/\/jockyart.de\/de_de\/galerien\/wandbilder\/wandbild-john-mott-haus\/","title":{"rendered":"Wandbild &#8211; Comicfiguren"},"content":{"rendered":"\n<p>Dieses Wandbild habe ich <strong>1994<\/strong> innerhalb einer Woche gemalt. Es befand sich an der Wand des Aufenthaltraums im 2. Stock vom Studentenwohnheim <strong>John- Mott- Haus<\/strong> des CVJM M\u00fcnchen in Schwabing, im Theo- Prosel- Weg 16 (T16). Ich habe es mit Bleistift vorgezeichnet, die Reinzeichnung teilweise mit Edding, mit Wasserfarben coloriert und mit nem Klarlackspray fixiert.<\/p>\n\n\n\n<p>Immer die Nachmittagsstunden um die 4h. Damals habe ich im <strong>2. Stock<\/strong> des John Mott Haus, dem Studentenwohnheim des CVJM M\u00fcnchen gewohnt. Die Mitbewohner meinten, dass die Wand etwas kahl w\u00e4re und ich solle das doch \u00e4ndern. Und so habe ich mich ans Werk gemacht\u2026<\/p>\n\n\n\n<p>Ich liebe es ja Bilder zu malen, wo man sofort erkennt, worum es geht. Aber dann ins Bild eintauchen kann, um Details zu finden. Dass man quasi im Bild wandern und es auch imagin\u00e4r verlassen kann. Siehe Mary Poppins\u2026 Das Bild stellt nat\u00fcrlich den Aufenthaltsraum des 2. Stocks dar. Auf dem Tisch lag meist ein langer Bambusstab, da die Fernbedienung des Fernsehers futsch war.<\/p>\n\n\n<div  id=\"jtg-6219\" class=\"modula modula-gallery modula-creative-gallery\" data-config=\"{&quot;height&quot;:800,&quot;tabletHeight&quot;:800,&quot;mobileHeight&quot;:800,&quot;desktopHeight&quot;:800,&quot;enableTwitter&quot;:false,&quot;enableWhatsapp&quot;:false,&quot;enableFacebook&quot;:false,&quot;enablePinterest&quot;:false,&quot;enableLinkedin&quot;:false,&quot;enableEmail&quot;:false,&quot;randomFactor&quot;:0.5,&quot;type&quot;:&quot;creative-gallery&quot;,&quot;columns&quot;:12,&quot;gutter&quot;:10,&quot;mobileGutter&quot;:10,&quot;tabletGutter&quot;:10,&quot;desktopGutter&quot;:10,&quot;enableResponsive&quot;:&quot;0&quot;,&quot;tabletColumns&quot;:&quot;2&quot;,&quot;mobileColumns&quot;:&quot;1&quot;,&quot;lazyLoad&quot;:0,&quot;lightboxOpts&quot;:{&quot;animated&quot;:true,&quot;Thumbs&quot;:{&quot;type&quot;:&quot;modern&quot;,&quot;showOnStart&quot;:false},&quot;Toolbar&quot;:{&quot;display&quot;:{&quot;right&quot;:[&quot;close&quot;]},&quot;enabled&quot;:true},&quot;Carousel&quot;:{&quot;Panzoom&quot;:{&quot;touch&quot;:true},&quot;infinite&quot;:false},&quot;keyboard&quot;:{&quot;Escape&quot;:&quot;close&quot;,&quot;Delete&quot;:&quot;close&quot;,&quot;Backspace&quot;:&quot;close&quot;,&quot;PageUp&quot;:false,&quot;PageDown&quot;:false,&quot;ArrowUp&quot;:false,&quot;ArrowDown&quot;:false,&quot;ArrowRight&quot;:false,&quot;ArrowLeft&quot;:false},&quot;touch&quot;:false,&quot;backdropClick&quot;:false,&quot;l10n&quot;:{&quot;CLOSE&quot;:&quot;Schlie\\u00dfen&quot;,&quot;NEXT&quot;:&quot;Weiter&quot;,&quot;PREV&quot;:&quot;Zur\\u00fcck&quot;,&quot;Error&quot;:&quot;Der angeforderte Inhalt kann nicht geladen werden. Bitte versuche es sp\\u00e4ter noch einmal.&quot;,&quot;PLAY_START&quot;:&quot;Slideshow starten&quot;,&quot;PLAY_STOP&quot;:&quot;Slideshow anhalten&quot;,&quot;FULL_SCREEN&quot;:&quot;Vollbild&quot;,&quot;THUMBS&quot;:&quot;Vorschaubilder&quot;,&quot;DOWNLOAD&quot;:&quot;Download&quot;,&quot;SHARE&quot;:&quot;Teilen&quot;,&quot;ZOOM&quot;:&quot;Vergr\\u00f6\\u00dfern&quot;,&quot;EMAIL&quot;:&quot;Hier ist der Link zum Bild: %%image_link%% und hier ist der Link zur Galerie: %%gallery_link%%&quot;,&quot;MODAL&quot;:&quot;Du kannst diesen Modal-Inhalt mit der ESC-Taste schlie\\u00dfen&quot;,&quot;ERROR&quot;:&quot;Es ist ein Fehler aufgetreten. Bitte versuche es sp\\u00e4ter noch einmal&quot;,&quot;IMAGE_ERROR&quot;:&quot;Bild nicht gefunden&quot;,&quot;ELEMENT_NOT_FOUND&quot;:&quot;HTML-Element nicht gefunden&quot;,&quot;AJAX_NOT_FOUND&quot;:&quot;Fehler beim Laden von AJAX: Nicht gefunden&quot;,&quot;AJAX_FORBIDDEN&quot;:&quot;Fehler beim Laden von AJAX: Zugriff verweigert&quot;,&quot;IFRAME_ERROR&quot;:&quot;Fehler beim Laden der Seite&quot;,&quot;TOGGLE_ZOOM&quot;:&quot;Zoomstufe umschalten&quot;,&quot;TOGGLE_THUMBS&quot;:&quot;Miniaturansichten ein-\\\/ausblenden&quot;,&quot;TOGGLE_SLIDESHOW&quot;:&quot;Diashow ein-\\\/ausschalten&quot;,&quot;TOGGLE_FULLSCREEN&quot;:&quot;Vollbildmodus umschalten&quot;},&quot;Images&quot;:{&quot;Panzoom&quot;:{&quot;maxScale&quot;:2}},&quot;mainClass&quot;:&quot;modula-fancybox-container modula-lightbox-jtg-6219&quot;,&quot;Html&quot;:{&quot;videoAutoplay&quot;:0,&quot;videoTpl&quot;:&quot;&lt;video class=\\&quot;fancybox__html5video\\&quot; controls muted playsinline controlsList controlsList=\\&quot;nodownload\\&quot; poster=\\&quot;{{poster}}\\&quot; src=\\&quot;{{src}}\\&quot; type=\\&quot;{{format}}\\&quot; &gt;  Sorry, your browser doesn&#039;t support embedded videos, &lt;a href=\\&quot;{{src}}\\&quot;&gt; download &lt;\\\/a&gt; and watch with your favorite video player! &lt;\\\/video&gt;&quot;}},&quot;inView&quot;:false,&quot;email_subject&quot;:&quot;Check out this awesome image !!&quot;,&quot;email_message&quot;:&quot;Here is the link to the image : %%image_link%% and this is the link to the gallery : %%gallery_link%%&quot;,&quot;lightbox&quot;:&quot;fancybox&quot;}\">\n\n\t\n\t<div  class=\"modula-items\">\n\t\t<div class=\"modula-item effect-pufrobo\" >\n\t<div class=\"modula-item-overlay\"><\/div>\n\n\t<div class=\"modula-item-content\">\n\n\t\t<a data-image-id=\"6220\" role=\"button\" tabindex=\"0\" rel=\"jtg-6219\" data-caption=\"\" aria-label=\"Bilder in Lightbox \u00f6ffnen\" class=\"tile-inner modula-item-link\"><\/a><img loading=\"lazy\" decoding=\"async\" class=\"pic wp-image-6220\"  data-valign=\"middle\" data-halign=\"center\" alt=\"\" data-full=\"https:\/\/jockyart.de\/wp-content\/uploads\/2023\/05\/johnmotthaus_aufenthaltsraum_001.jpg\" title=\"johnmotthaus_aufenthaltsraum_001\" crop=\"\" width=\"300\" height=\"188\" src=\"https:\/\/i0.wp.com\/jockyart.de\/wp-content\/uploads\/2023\/05\/johnmotthaus_aufenthaltsraum_001.jpg?fit=300%2C188&amp;ssl=1\" data-src=\"https:\/\/i0.wp.com\/jockyart.de\/wp-content\/uploads\/2023\/05\/johnmotthaus_aufenthaltsraum_001.jpg?fit=300%2C188&amp;ssl=1\" data-caption=\"\" srcset=\"https:\/\/i0.wp.com\/jockyart.de\/wp-content\/uploads\/2023\/05\/johnmotthaus_aufenthaltsraum_001.jpg?w=1022&amp;ssl=1 1022w, https:\/\/i0.wp.com\/jockyart.de\/wp-content\/uploads\/2023\/05\/johnmotthaus_aufenthaltsraum_001.jpg?resize=18%2C12&amp;ssl=1 18w, https:\/\/i0.wp.com\/jockyart.de\/wp-content\/uploads\/2023\/05\/johnmotthaus_aufenthaltsraum_001.jpg?resize=324%2C203&amp;ssl=1 324w, https:\/\/i0.wp.com\/jockyart.de\/wp-content\/uploads\/2023\/05\/johnmotthaus_aufenthaltsraum_001.jpg?resize=416%2C261&amp;ssl=1 416w, https:\/\/i0.wp.com\/jockyart.de\/wp-content\/uploads\/2023\/05\/johnmotthaus_aufenthaltsraum_001.jpg?resize=300%2C188&amp;ssl=1 300w, https:\/\/i0.wp.com\/jockyart.de\/wp-content\/uploads\/2023\/05\/johnmotthaus_aufenthaltsraum_001.jpg?resize=768%2C481&amp;ssl=1 768w\" sizes=\"auto, (max-width: 300px) 100vw, 300px\" \/>\n\t\t<div class=\"figc no-description\">\n\t\t\t<div class=\"figc-inner\">\n\t\t\t\t\t\t\t\t\t\t\t\t\t\t\t<\/div>\n\t\t<\/div>\n\n\t<\/div>\n\n<\/div><div class=\"modula-item effect-pufrobo\" >\n\t<div class=\"modula-item-overlay\"><\/div>\n\n\t<div class=\"modula-item-content\">\n\n\t\t<a data-image-id=\"6221\" role=\"button\" tabindex=\"0\" rel=\"jtg-6219\" data-caption=\"\" aria-label=\"Bilder in Lightbox \u00f6ffnen\" class=\"tile-inner modula-item-link\"><\/a><img loading=\"lazy\" decoding=\"async\" class=\"pic wp-image-6221\"  data-valign=\"middle\" data-halign=\"center\" alt=\"\" data-full=\"https:\/\/jockyart.de\/wp-content\/uploads\/2023\/05\/johnmotthaus_aufenthaltsraum_002.jpg\" title=\"johnmotthaus_aufenthaltsraum_002\" crop=\"\" width=\"300\" height=\"197\" src=\"https:\/\/i0.wp.com\/jockyart.de\/wp-content\/uploads\/2023\/05\/johnmotthaus_aufenthaltsraum_002.jpg?fit=300%2C197&amp;ssl=1\" data-src=\"https:\/\/i0.wp.com\/jockyart.de\/wp-content\/uploads\/2023\/05\/johnmotthaus_aufenthaltsraum_002.jpg?fit=300%2C197&amp;ssl=1\" data-caption=\"\" srcset=\"https:\/\/i0.wp.com\/jockyart.de\/wp-content\/uploads\/2023\/05\/johnmotthaus_aufenthaltsraum_002.jpg?w=1024&amp;ssl=1 1024w, https:\/\/i0.wp.com\/jockyart.de\/wp-content\/uploads\/2023\/05\/johnmotthaus_aufenthaltsraum_002.jpg?resize=18%2C12&amp;ssl=1 18w, https:\/\/i0.wp.com\/jockyart.de\/wp-content\/uploads\/2023\/05\/johnmotthaus_aufenthaltsraum_002.jpg?resize=324%2C213&amp;ssl=1 324w, https:\/\/i0.wp.com\/jockyart.de\/wp-content\/uploads\/2023\/05\/johnmotthaus_aufenthaltsraum_002.jpg?resize=416%2C273&amp;ssl=1 416w, https:\/\/i0.wp.com\/jockyart.de\/wp-content\/uploads\/2023\/05\/johnmotthaus_aufenthaltsraum_002.jpg?resize=300%2C197&amp;ssl=1 300w, https:\/\/i0.wp.com\/jockyart.de\/wp-content\/uploads\/2023\/05\/johnmotthaus_aufenthaltsraum_002.jpg?resize=768%2C505&amp;ssl=1 768w\" sizes=\"auto, (max-width: 300px) 100vw, 300px\" \/>\n\t\t<div class=\"figc no-description\">\n\t\t\t<div class=\"figc-inner\">\n\t\t\t\t\t\t\t\t\t\t\t\t\t\t\t<\/div>\n\t\t<\/div>\n\n\t<\/div>\n\n<\/div><div class=\"modula-item effect-pufrobo\" >\n\t<div class=\"modula-item-overlay\"><\/div>\n\n\t<div class=\"modula-item-content\">\n\n\t\t<a data-image-id=\"6222\" role=\"button\" tabindex=\"0\" rel=\"jtg-6219\" data-caption=\"\" aria-label=\"Bilder in Lightbox \u00f6ffnen\" class=\"tile-inner modula-item-link\"><\/a><img loading=\"lazy\" decoding=\"async\" class=\"pic wp-image-6222\"  data-valign=\"middle\" data-halign=\"center\" alt=\"\" data-full=\"https:\/\/jockyart.de\/wp-content\/uploads\/2023\/05\/johnmotthaus_aufenthaltsraum_003.jpg\" title=\"johnmotthaus_aufenthaltsraum_003\" crop=\"\" width=\"300\" height=\"197\" src=\"https:\/\/i0.wp.com\/jockyart.de\/wp-content\/uploads\/2023\/05\/johnmotthaus_aufenthaltsraum_003.jpg?fit=300%2C197&amp;ssl=1\" data-src=\"https:\/\/i0.wp.com\/jockyart.de\/wp-content\/uploads\/2023\/05\/johnmotthaus_aufenthaltsraum_003.jpg?fit=300%2C197&amp;ssl=1\" data-caption=\"\" srcset=\"https:\/\/i0.wp.com\/jockyart.de\/wp-content\/uploads\/2023\/05\/johnmotthaus_aufenthaltsraum_003.jpg?w=1024&amp;ssl=1 1024w, https:\/\/i0.wp.com\/jockyart.de\/wp-content\/uploads\/2023\/05\/johnmotthaus_aufenthaltsraum_003.jpg?resize=18%2C12&amp;ssl=1 18w, https:\/\/i0.wp.com\/jockyart.de\/wp-content\/uploads\/2023\/05\/johnmotthaus_aufenthaltsraum_003.jpg?resize=324%2C213&amp;ssl=1 324w, https:\/\/i0.wp.com\/jockyart.de\/wp-content\/uploads\/2023\/05\/johnmotthaus_aufenthaltsraum_003.jpg?resize=416%2C273&amp;ssl=1 416w, https:\/\/i0.wp.com\/jockyart.de\/wp-content\/uploads\/2023\/05\/johnmotthaus_aufenthaltsraum_003.jpg?resize=300%2C197&amp;ssl=1 300w, https:\/\/i0.wp.com\/jockyart.de\/wp-content\/uploads\/2023\/05\/johnmotthaus_aufenthaltsraum_003.jpg?resize=768%2C505&amp;ssl=1 768w\" sizes=\"auto, (max-width: 300px) 100vw, 300px\" \/>\n\t\t<div class=\"figc no-description\">\n\t\t\t<div class=\"figc-inner\">\n\t\t\t\t\t\t\t\t\t\t\t\t\t\t\t<\/div>\n\t\t<\/div>\n\n\t<\/div>\n\n<\/div><div class=\"modula-item effect-pufrobo\" >\n\t<div class=\"modula-item-overlay\"><\/div>\n\n\t<div class=\"modula-item-content\">\n\n\t\t<a data-image-id=\"6223\" role=\"button\" tabindex=\"0\" rel=\"jtg-6219\" data-caption=\"\" aria-label=\"Bilder in Lightbox \u00f6ffnen\" class=\"tile-inner modula-item-link\"><\/a><img loading=\"lazy\" decoding=\"async\" class=\"pic wp-image-6223\"  data-valign=\"middle\" data-halign=\"center\" alt=\"\" data-full=\"https:\/\/jockyart.de\/wp-content\/uploads\/2023\/05\/johnmotthaus_aufenthaltsraum_004.jpg\" title=\"johnmotthaus_aufenthaltsraum_004\" crop=\"\" width=\"300\" height=\"197\" src=\"https:\/\/i0.wp.com\/jockyart.de\/wp-content\/uploads\/2023\/05\/johnmotthaus_aufenthaltsraum_004.jpg?fit=300%2C197&amp;ssl=1\" data-src=\"https:\/\/i0.wp.com\/jockyart.de\/wp-content\/uploads\/2023\/05\/johnmotthaus_aufenthaltsraum_004.jpg?fit=300%2C197&amp;ssl=1\" data-caption=\"\" srcset=\"https:\/\/i0.wp.com\/jockyart.de\/wp-content\/uploads\/2023\/05\/johnmotthaus_aufenthaltsraum_004.jpg?w=1024&amp;ssl=1 1024w, https:\/\/i0.wp.com\/jockyart.de\/wp-content\/uploads\/2023\/05\/johnmotthaus_aufenthaltsraum_004.jpg?resize=18%2C12&amp;ssl=1 18w, https:\/\/i0.wp.com\/jockyart.de\/wp-content\/uploads\/2023\/05\/johnmotthaus_aufenthaltsraum_004.jpg?resize=324%2C213&amp;ssl=1 324w, https:\/\/i0.wp.com\/jockyart.de\/wp-content\/uploads\/2023\/05\/johnmotthaus_aufenthaltsraum_004.jpg?resize=416%2C273&amp;ssl=1 416w, https:\/\/i0.wp.com\/jockyart.de\/wp-content\/uploads\/2023\/05\/johnmotthaus_aufenthaltsraum_004.jpg?resize=300%2C197&amp;ssl=1 300w, https:\/\/i0.wp.com\/jockyart.de\/wp-content\/uploads\/2023\/05\/johnmotthaus_aufenthaltsraum_004.jpg?resize=768%2C505&amp;ssl=1 768w\" sizes=\"auto, (max-width: 300px) 100vw, 300px\" \/>\n\t\t<div class=\"figc no-description\">\n\t\t\t<div class=\"figc-inner\">\n\t\t\t\t\t\t\t\t\t\t\t\t\t\t\t<\/div>\n\t\t<\/div>\n\n\t<\/div>\n\n<\/div><div class=\"modula-item effect-pufrobo\" >\n\t<div class=\"modula-item-overlay\"><\/div>\n\n\t<div class=\"modula-item-content\">\n\n\t\t<a data-image-id=\"6224\" role=\"button\" tabindex=\"0\" rel=\"jtg-6219\" data-caption=\"\" aria-label=\"Bilder in Lightbox \u00f6ffnen\" class=\"tile-inner modula-item-link\"><\/a><img loading=\"lazy\" decoding=\"async\" class=\"pic wp-image-6224\"  data-valign=\"middle\" data-halign=\"center\" alt=\"\" data-full=\"https:\/\/jockyart.de\/wp-content\/uploads\/2023\/05\/johnmotthaus_aufenthaltsraum_005.jpg\" title=\"johnmotthaus_aufenthaltsraum_005\" crop=\"\" width=\"300\" height=\"197\" src=\"https:\/\/i0.wp.com\/jockyart.de\/wp-content\/uploads\/2023\/05\/johnmotthaus_aufenthaltsraum_005.jpg?fit=300%2C197&amp;ssl=1\" data-src=\"https:\/\/i0.wp.com\/jockyart.de\/wp-content\/uploads\/2023\/05\/johnmotthaus_aufenthaltsraum_005.jpg?fit=300%2C197&amp;ssl=1\" data-caption=\"\" srcset=\"https:\/\/i0.wp.com\/jockyart.de\/wp-content\/uploads\/2023\/05\/johnmotthaus_aufenthaltsraum_005.jpg?w=1024&amp;ssl=1 1024w, https:\/\/i0.wp.com\/jockyart.de\/wp-content\/uploads\/2023\/05\/johnmotthaus_aufenthaltsraum_005.jpg?resize=18%2C12&amp;ssl=1 18w, https:\/\/i0.wp.com\/jockyart.de\/wp-content\/uploads\/2023\/05\/johnmotthaus_aufenthaltsraum_005.jpg?resize=324%2C213&amp;ssl=1 324w, https:\/\/i0.wp.com\/jockyart.de\/wp-content\/uploads\/2023\/05\/johnmotthaus_aufenthaltsraum_005.jpg?resize=416%2C273&amp;ssl=1 416w, https:\/\/i0.wp.com\/jockyart.de\/wp-content\/uploads\/2023\/05\/johnmotthaus_aufenthaltsraum_005.jpg?resize=300%2C197&amp;ssl=1 300w, https:\/\/i0.wp.com\/jockyart.de\/wp-content\/uploads\/2023\/05\/johnmotthaus_aufenthaltsraum_005.jpg?resize=768%2C505&amp;ssl=1 768w\" sizes=\"auto, (max-width: 300px) 100vw, 300px\" \/>\n\t\t<div class=\"figc no-description\">\n\t\t\t<div class=\"figc-inner\">\n\t\t\t\t\t\t\t\t\t\t\t\t\t\t\t<\/div>\n\t\t<\/div>\n\n\t<\/div>\n\n<\/div>\t\t\n\t<\/div>\n\n\t\n\t\n\t<script type=\"application\/ld+json\">\n\t{\n\t\t\"@context\": \"http:\/\/schema.org\",\n\t\t\"@type\"   : \"ImageGallery\",\n\t\t\"id\"      : \"https:\/\/jockyart.de\/de_de\/galerien\/wandbilder\/wandbild-john-mott-haus\/\",\n\t\t\"url\"     : \"https:\/\/jockyart.de\/de_de\/galerien\/wandbilder\/wandbild-john-mott-haus\/\"\n\t}\n\n\t<\/script>\n\n\t\n<\/div>\n\n\n\n\n<p>\u00a9 1994 Copyright by&nbsp;<a href=\"https:\/\/www.jockyart.de\/\" target=\"_blank\" rel=\"noreferrer noopener\">JockyArt.de<\/a><\/p>\n","protected":false},"excerpt":{"rendered":"<p>Dieses Wandbild habe ich 1994 innerhalb einer Woche gemalt. Es befand sich an der Wand des Aufenthaltraums im 2. Stock vom Studentenwohnheim John- Mott- Haus des CVJM M\u00fcnchen in Schwabing, im Theo- Prosel- Weg 16 (T16). Ich habe es mit Bleistift vorgezeichnet, die Reinzeichnung teilweise mit Edding, mit Wasserfarben coloriert und mit nem Klarlackspray fixiert. [&hellip;]<\/p>\n","protected":false},"author":1,"featured_media":0,"parent":6229,"menu_order":0,"comment_status":"closed","ping_status":"closed","template":"","meta":{"jetpack_post_was_ever_published":false,"footnotes":""},"class_list":["post-6225","page","type-page","status-publish","hentry"],"jetpack-related-posts":[],"jetpack_sharing_enabled":true,"_links":{"self":[{"href":"https:\/\/jockyart.de\/de_de\/wp-json\/wp\/v2\/pages\/6225","targetHints":{"allow":["GET"]}}],"collection":[{"href":"https:\/\/jockyart.de\/de_de\/wp-json\/wp\/v2\/pages"}],"about":[{"href":"https:\/\/jockyart.de\/de_de\/wp-json\/wp\/v2\/types\/page"}],"author":[{"embeddable":true,"href":"https:\/\/jockyart.de\/de_de\/wp-json\/wp\/v2\/users\/1"}],"replies":[{"embeddable":true,"href":"https:\/\/jockyart.de\/de_de\/wp-json\/wp\/v2\/comments?post=6225"}],"version-history":[{"count":5,"href":"https:\/\/jockyart.de\/de_de\/wp-json\/wp\/v2\/pages\/6225\/revisions"}],"predecessor-version":[{"id":6521,"href":"https:\/\/jockyart.de\/de_de\/wp-json\/wp\/v2\/pages\/6225\/revisions\/6521"}],"up":[{"embeddable":true,"href":"https:\/\/jockyart.de\/de_de\/wp-json\/wp\/v2\/pages\/6229"}],"wp:attachment":[{"href":"https:\/\/jockyart.de\/de_de\/wp-json\/wp\/v2\/media?parent=6225"}],"curies":[{"name":"wp","href":"https:\/\/api.w.org\/{rel}","templated":true}]}}