{"id":5540,"date":"2023-03-10T12:26:06","date_gmt":"2023-03-10T11:26:06","guid":{"rendered":"https:\/\/jockyart.de\/?page_id=5540"},"modified":"2023-03-10T13:04:37","modified_gmt":"2023-03-10T12:04:37","slug":"zeugnis-mit-prophetischer-kunst-5-steig-aus-dem-boot","status":"publish","type":"page","link":"https:\/\/jockyart.de\/de_de\/videos\/zeugnisse-mit-prophetischer-kunst\/zeugnis-mit-prophetischer-kunst-5-steig-aus-dem-boot\/","title":{"rendered":"Zeugnis mit prophetischer Kunst 5 &#8211; Steig aus dem Boot"},"content":{"rendered":"\n<p>Ich durfte f\u00fcr meinen Freund Dave mehrere prophetische Bilder mit meinen K\u00fcnstleraquarellstiften (Buntstiften) erstellen.  In diesem Video erz\u00e4hlt er davon, wie ihn Jesus in einer schwierigen Lebenssituation tief angesprochen und ber\u00fchrt hat. <br><br>Hier findet ihr das Bild mit meinen Eindr\u00fccken: \u25ba <a rel=\"noreferrer noopener\" href=\"https:\/\/www.jocky.de\/2022\/02\/26\/vollende-stark-deinen-lauf\" target=\"_blank\">klick<\/a><br>Dieses Lied hat er inspiriert durch mein Lied geschrieben: \u25ba <a rel=\"noreferrer noopener\" href=\"https:\/\/youtu.be\/0ueeK-l2PPU\" target=\"_blank\">Dort wo Deine Liebe ist<\/a>  <br><br><strong>Gerne k\u00f6nnt ihr hier ein solches Bild pers\u00f6nlich f\u00fcr euch in Auftrag geben:<\/strong><br><a rel=\"noreferrer noopener\" href=\"\/de_de\/produkt\/persoenliches-bild\/\" target=\"_blank\"><img loading=\"lazy\" decoding=\"async\" width=\"400\" height=\"100\" class=\"alignnone wp-image-7067\" style=\"width: 150px; height: 38px;\" src=\"https:\/\/www.jocky.de\/wp-content\/uploads\/2018\/11\/Hier_bestellen.png\" alt=\"\"><\/a><\/p>\n\n\n\n<figure class=\"wp-block-image size-large\"><a href=\"https:\/\/youtu.be\/vRxA2kkrMiY\" target=\"_blank\" rel=\"noreferrer noopener\"><img loading=\"lazy\" decoding=\"async\" width=\"1024\" height=\"576\" src=\"https:\/\/jockyart.de\/wp-content\/uploads\/2023\/03\/Thumb_Zeugnis_ProphKunst_005_Steig_aus_dem_Boot-1024x576.jpg\" alt=\"\" class=\"wp-image-5541\" title=\"Zeugnis mit prophetischer Kunst 2 -Umh\u00fcllt von der Liebe Gottes\" srcset=\"https:\/\/jockyart.de\/wp-content\/uploads\/2023\/03\/Thumb_Zeugnis_ProphKunst_005_Steig_aus_dem_Boot-1024x576.jpg 1024w, https:\/\/jockyart.de\/wp-content\/uploads\/2023\/03\/Thumb_Zeugnis_ProphKunst_005_Steig_aus_dem_Boot-1536x864.jpg 1536w, https:\/\/jockyart.de\/wp-content\/uploads\/2023\/03\/Thumb_Zeugnis_ProphKunst_005_Steig_aus_dem_Boot-18x10.jpg 18w, https:\/\/jockyart.de\/wp-content\/uploads\/2023\/03\/Thumb_Zeugnis_ProphKunst_005_Steig_aus_dem_Boot-1320x743.jpg 1320w, https:\/\/jockyart.de\/wp-content\/uploads\/2023\/03\/Thumb_Zeugnis_ProphKunst_005_Steig_aus_dem_Boot-324x182.jpg 324w, https:\/\/jockyart.de\/wp-content\/uploads\/2023\/03\/Thumb_Zeugnis_ProphKunst_005_Steig_aus_dem_Boot-416x234.jpg 416w, https:\/\/jockyart.de\/wp-content\/uploads\/2023\/03\/Thumb_Zeugnis_ProphKunst_005_Steig_aus_dem_Boot-300x169.jpg 300w, https:\/\/jockyart.de\/wp-content\/uploads\/2023\/03\/Thumb_Zeugnis_ProphKunst_005_Steig_aus_dem_Boot-768x432.jpg 768w, https:\/\/jockyart.de\/wp-content\/uploads\/2023\/03\/Thumb_Zeugnis_ProphKunst_005_Steig_aus_dem_Boot.jpg 1920w\" sizes=\"auto, (max-width: 1024px) 100vw, 1024px\" \/><\/a><figcaption class=\"wp-element-caption\">Klick auf das Bild, um das Video auf YouTube anzuschauen<\/figcaption><\/figure>\n\n\n\n<p>Hier k\u00f6nnt ihr das komplette Lied von <strong>Pfingstpanzer<\/strong> aus dem Video h\u00f6ren:  \u25ba <a rel=\"noreferrer noopener\" href=\"https:\/\/pfingstpanzer.bandcamp.com\/track\/es-raubt-mir-den-atem\" target=\"_blank\">klick<\/a><br><strong>Subscribe<\/strong> video by Burak Kiraz \/ Pixabay  <\/p>\n","protected":false},"excerpt":{"rendered":"<p>Ich durfte f\u00fcr meinen Freund Dave mehrere prophetische Bilder mit meinen K\u00fcnstleraquarellstiften (Buntstiften) erstellen. In diesem Video erz\u00e4hlt er davon, wie ihn Jesus in einer schwierigen Lebenssituation tief angesprochen und ber\u00fchrt hat. Hier findet ihr das Bild mit meinen Eindr\u00fccken: \u25ba klickDieses Lied hat er inspiriert durch mein Lied geschrieben: \u25ba Dort wo Deine Liebe [&hellip;]<\/p>\n","protected":false},"author":1,"featured_media":0,"parent":780,"menu_order":0,"comment_status":"closed","ping_status":"closed","template":"","meta":{"footnotes":""},"class_list":["post-5540","page","type-page","status-publish","hentry"],"_links":{"self":[{"href":"https:\/\/jockyart.de\/de_de\/wp-json\/wp\/v2\/pages\/5540","targetHints":{"allow":["GET"]}}],"collection":[{"href":"https:\/\/jockyart.de\/de_de\/wp-json\/wp\/v2\/pages"}],"about":[{"href":"https:\/\/jockyart.de\/de_de\/wp-json\/wp\/v2\/types\/page"}],"author":[{"embeddable":true,"href":"https:\/\/jockyart.de\/de_de\/wp-json\/wp\/v2\/users\/1"}],"replies":[{"embeddable":true,"href":"https:\/\/jockyart.de\/de_de\/wp-json\/wp\/v2\/comments?post=5540"}],"version-history":[{"count":8,"href":"https:\/\/jockyart.de\/de_de\/wp-json\/wp\/v2\/pages\/5540\/revisions"}],"predecessor-version":[{"id":5555,"href":"https:\/\/jockyart.de\/de_de\/wp-json\/wp\/v2\/pages\/5540\/revisions\/5555"}],"up":[{"embeddable":true,"href":"https:\/\/jockyart.de\/de_de\/wp-json\/wp\/v2\/pages\/780"}],"wp:attachment":[{"href":"https:\/\/jockyart.de\/de_de\/wp-json\/wp\/v2\/media?parent=5540"}],"curies":[{"name":"wp","href":"https:\/\/api.w.org\/{rel}","templated":true}]}}