{"id":4904,"date":"2022-11-07T22:32:53","date_gmt":"2022-11-07T21:32:53","guid":{"rendered":"https:\/\/jockyart.de\/?page_id=4904"},"modified":"2023-04-21T20:56:39","modified_gmt":"2023-04-21T18:56:39","slug":"impressum","status":"publish","type":"page","link":"https:\/\/jockyart.de\/de_de\/kontakt\/impressum\/","title":{"rendered":"Impressum"},"content":{"rendered":"\n<p class=\"has-small-font-size\">Dieses Impressum gilt auch f\u00fcr meine Accounts auf folgenden sozialen Medien:<\/p>\n\n\n\n<figure class=\"wp-block-table has-small-font-size\"><table><tbody><tr><td><img loading=\"lazy\" decoding=\"async\" width=\"25\" height=\"25\" src=\"https:\/\/jockyart.de\/wp-content\/uploads\/2022\/04\/Faceook_logo.png\" alt=\"Faceook\"><\/td><td>Facebook:<\/td><td> <a rel=\"noreferrer noopener\" href=\"https:\/\/www.facebook.com\/jockyart\" target=\"_blank\">\/jockyart<\/a><\/td><\/tr><tr><td><img decoding=\"async\" style=\"width: 25px;\" src=\"https:\/\/jockyart.de\/wp-content\/uploads\/2022\/04\/Instagram_logo.png\" alt=\"Instagram\"><\/td><td>Instagram:<\/td><td><a rel=\"noreferrer noopener\" href=\"https:\/\/www.instagram.com\/jockyde\/\" target=\"_blank\">\/jocky_art<\/a><br><a rel=\"noreferrer noopener\" href=\"https:\/\/www.instagram.com\/jockyde\/\" target=\"_blank\">\/jockyde<\/a><\/td><\/tr><tr><td><img decoding=\"async\" src=\"https:\/\/jockyart.de\/wp-content\/uploads\/2022\/04\/YouTube_logo.png\" alt=\"YouTube\" style=\"width: 39px; height:28px;\"><\/td><td>YouTube:<\/td><td><a rel=\"noreferrer noopener\" href=\"https:\/\/www.youtube.com\/@JockyArt\" target=\"_blank\">@jockyart<\/a><\/td><\/tr><tr><td><img loading=\"lazy\" decoding=\"async\" width=\"25\" height=\"20\" class=\"wp-image-1353\" style=\"width: 25px;\" src=\"https:\/\/jockyart.de\/wp-content\/uploads\/2022\/04\/Twitter_schatten.png\" alt=\"Twitter\" srcset=\"https:\/\/jockyart.de\/wp-content\/uploads\/2022\/04\/Twitter_schatten.png 310w, https:\/\/jockyart.de\/wp-content\/uploads\/2022\/04\/Twitter_schatten-250x205.png 250w, https:\/\/jockyart.de\/wp-content\/uploads\/2022\/04\/Twitter_schatten-15x12.png 15w, https:\/\/jockyart.de\/wp-content\/uploads\/2022\/04\/Twitter_schatten-300x246.png 300w\" sizes=\"auto, (max-width: 25px) 100vw, 25px\" \/><\/td><td>Twitter:<\/td><td><a rel=\"noreferrer noopener\" href=\"https:\/\/twitter.com\/Jocky_Art\" target=\"_blank\">\/Jocky_Art<\/a><\/td><\/tr><tr><td><img loading=\"lazy\" decoding=\"async\" width=\"25\" height=\"25\" class=\"wp-image-1352\" style=\"width: 25px;\" src=\"https:\/\/jockyart.de\/wp-content\/uploads\/2022\/04\/Pinterest_schatten.png\" alt=\"Pinterest\" srcset=\"https:\/\/jockyart.de\/wp-content\/uploads\/2022\/04\/Pinterest_schatten.png 522w, https:\/\/jockyart.de\/wp-content\/uploads\/2022\/04\/Pinterest_schatten-324x324.png 324w, https:\/\/jockyart.de\/wp-content\/uploads\/2022\/04\/Pinterest_schatten-100x100.png 100w, https:\/\/jockyart.de\/wp-content\/uploads\/2022\/04\/Pinterest_schatten-416x416.png 416w, https:\/\/jockyart.de\/wp-content\/uploads\/2022\/04\/Pinterest_schatten-12x12.png 12w, https:\/\/jockyart.de\/wp-content\/uploads\/2022\/04\/Pinterest_schatten-150x150.png 150w, https:\/\/jockyart.de\/wp-content\/uploads\/2022\/04\/Pinterest_schatten-300x300.png 300w\" sizes=\"auto, (max-width: 25px) 100vw, 25px\" \/><\/td><td>Pinterest:<\/td><td><a rel=\"noreferrer noopener\" href=\"https:\/\/www.pinterest.de\/JockyArt\/\" target=\"_blank\">\/JockyArt<\/a><\/td><\/tr><\/tbody><\/table><\/figure>\n\n\n\n<h2 class=\"wp-block-heading\">Angaben gem\u00e4\u00df \u00a7 5 TMG<\/h2>\n\n\n\n<p>JockyArt.de<br>Johannes Sp\u00f6rl<br>Aubinger Stra\u00dfe 69<br>81243 M\u00fcnchen<\/p>\n\n\n\n<h2 class=\"wp-block-heading\">Kontakt<\/h2>\n\n\n\n<p>Telefon: 08988919166<br>E-Mail: <a href=\"mailto:johannes@jockyart.de\">johannes@jockyart.de<\/a><\/p>\n\n\n\n<h2 class=\"wp-block-heading\">Umsatzsteuer-ID<\/h2>\n\n\n\n<p>Umsatzsteuer-Identifikationsnummer gem\u00e4\u00df \u00a7 27 a Umsatzsteuergesetz:<br>146\/204\/10676<\/p>\n\n\n\n<h2 class=\"wp-block-heading\">Redaktionell verantwortlich<\/h2>\n\n\n\n<p>JockyArt.de<br>Johannes Sp\u00f6rl<br>Aubinger Stra\u00dfe 69<br>81243 M\u00fcnchen<\/p>\n\n\n\n<h2 class=\"wp-block-heading\">EU-Streitschlichtung<\/h2>\n\n\n\n<p>Die Europ\u00e4ische Kommission stellt eine Plattform zur Online-Streitbeilegung (OS) bereit: <a rel=\"noopener noreferrer\" href=\"https:\/\/ec.europa.eu\/consumers\/odr\/\" target=\"_blank\">https:\/\/ec.europa.eu\/consumers\/odr\/<\/a>.<br>Unsere <a href=\"mailto:johannes@jockyart.de\">E-Mail-Adresse<\/a> finden Sie oben im Impressum.<\/p>\n\n\n\n<h2 class=\"wp-block-heading\">Verbraucher\u00adstreit\u00adbeilegung\/Universal\u00adschlichtungs\u00adstelle<\/h2>\n\n\n\n<p>Wir sind nicht bereit oder verpflichtet, an Streitbeilegungsverfahren vor einer Verbraucherschlichtungsstelle teilzunehmen.<\/p>\n\n\n\n<p>Quelle: <a href=\"https:\/\/www.e-recht24.de\">https:\/\/www.e-recht24.de<\/a><\/p>\n","protected":false},"excerpt":{"rendered":"<p>Dieses Impressum gilt auch f\u00fcr meine Accounts auf folgenden sozialen Medien: Facebook: \/jockyart Instagram: \/jocky_art\/jockyde YouTube: @jockyart Twitter: \/Jocky_Art Pinterest: \/JockyArt Angaben gem\u00e4\u00df \u00a7 5 TMG JockyArt.deJohannes Sp\u00f6rlAubinger Stra\u00dfe 6981243 M\u00fcnchen Kontakt Telefon: 08988919166E-Mail: johannes@jockyart.de Umsatzsteuer-ID Umsatzsteuer-Identifikationsnummer gem\u00e4\u00df \u00a7 27 a Umsatzsteuergesetz:146\/204\/10676 Redaktionell verantwortlich JockyArt.deJohannes Sp\u00f6rlAubinger Stra\u00dfe 6981243 M\u00fcnchen EU-Streitschlichtung Die Europ\u00e4ische Kommission stellt eine [&hellip;]<\/p>\n","protected":false},"author":1,"featured_media":0,"parent":608,"menu_order":0,"comment_status":"closed","ping_status":"closed","template":"","meta":{"footnotes":""},"class_list":["post-4904","page","type-page","status-publish","hentry"],"_links":{"self":[{"href":"https:\/\/jockyart.de\/de_de\/wp-json\/wp\/v2\/pages\/4904","targetHints":{"allow":["GET"]}}],"collection":[{"href":"https:\/\/jockyart.de\/de_de\/wp-json\/wp\/v2\/pages"}],"about":[{"href":"https:\/\/jockyart.de\/de_de\/wp-json\/wp\/v2\/types\/page"}],"author":[{"embeddable":true,"href":"https:\/\/jockyart.de\/de_de\/wp-json\/wp\/v2\/users\/1"}],"replies":[{"embeddable":true,"href":"https:\/\/jockyart.de\/de_de\/wp-json\/wp\/v2\/comments?post=4904"}],"version-history":[{"count":8,"href":"https:\/\/jockyart.de\/de_de\/wp-json\/wp\/v2\/pages\/4904\/revisions"}],"predecessor-version":[{"id":5802,"href":"https:\/\/jockyart.de\/de_de\/wp-json\/wp\/v2\/pages\/4904\/revisions\/5802"}],"up":[{"embeddable":true,"href":"https:\/\/jockyart.de\/de_de\/wp-json\/wp\/v2\/pages\/608"}],"wp:attachment":[{"href":"https:\/\/jockyart.de\/de_de\/wp-json\/wp\/v2\/media?parent=4904"}],"curies":[{"name":"wp","href":"https:\/\/api.w.org\/{rel}","templated":true}]}}