{"id":4527,"date":"2022-10-19T16:53:06","date_gmt":"2022-10-19T14:53:06","guid":{"rendered":"https:\/\/jockyart.de\/?page_id=4527"},"modified":"2022-10-19T16:59:53","modified_gmt":"2022-10-19T14:59:53","slug":"versandoptionen","status":"publish","type":"page","link":"https:\/\/jockyart.de\/de_de\/shop\/versandoptionen\/","title":{"rendered":"Versandoptionen"},"content":{"rendered":"\n<p>In meinem Shop verkaufe ich unterschiedliche Waren und Dienstleistungen. Daher gibt es auch unterschiedliche Versandoptionen und &#8211; zeiten.<\/p>\n\n\n\n<ul class=\"wp-block-list\"><li><strong>Vorr\u00e4tige Produkte<\/strong> (z.B. Post- und Grusskarten, Kunstdrucken, fertige Originale etc.)<br>Produkte, die ich bei mir zu Hause vorr\u00e4tig oder bereits erstellt habe, lassen sich gew\u00f6hnlich innerhalb von einem Werktag versenden. Die Versandkosten h\u00e4ngen vom Gewicht und der Gr\u00f6\u00dfe der Produkte ab.<\/li><li><strong>Produkte, die ich \u00fcber andere H\u00e4ndler beauftrage <\/strong>(Prints, Leinw\u00e4nde, Kissen, Decken etc.)<br>Von meinen Bildern k\u00f6nnt ihr eine breite Palette von Produkten mit meiner Kunst anfertigen lassen. Kunstdrucke, Poster, Leinw\u00e4nde, Acrylglas, Kissen oder Decken. Weitere Produkte sind auf Anfrage m\u00f6glich.<br>Hier bin von der Produktionszeit der H\u00e4ndler abh\u00e4ngig. Meistens sind das 4 &#8211; 6 Werktage. Das steht dann jeweils in der Produktbeschreibung. Ich lasse dann die Produkte direkt vom H\u00e4ndler zu euch schicken.<\/li><li><strong>Abholung vor Ort<\/strong><br>Wenn ihr in M\u00fcnchen und Umgebung wohnt, ist es nat\u00fcrlich m\u00f6glich die Ware direkt bei mir abzuholen oder wenn wir uns sowieso irgendwo treffen. In den meisten F\u00e4llen ist das m\u00f6glich, wenn sich die Ware gut zu Fu\u00df transportieren l\u00e4sst. Einzelheiten k\u00f6nnen wir pers\u00f6nlich kl\u00e4ren.<\/li><li><strong>Auftragsbilder<\/strong><br>Es ist m\u00f6glich, dass ihr Bilder ganz pers\u00f6nlich bei mir beauftragt. Das dauert dann etwas l\u00e4nger (je nachdem wie aufwendig dann auch das Bild selber ist) und h\u00e4ngt auch davon ab, ob andere Kunden vor euch ein anderes Bild beauftragt haben.<br>Wenn das Bild fertig ist, erhaltet ihr auf jeden Fall eine E-Mail mit einer digitalen Version des Bildes vorab.<\/li><li><strong>Versicherter Versand<\/strong><br>Auftragsbilder und Originale verschicke ich mit einem versicherten Versand. Auf Wunsch k\u00f6nnt ihr das auch zus\u00e4tzlich dazubuchen. Es ist dann m\u00f6glich die Sendung zu verfolgen, der Zusteller muss dann auf jeden Fall klingeln (kann es also nicht in den Briefkasten quetschen) und bei Verlust der Ware gibt es finanziellen Ersatz.<\/li><\/ul>\n\n\n\n<p>Die H\u00f6he der Versandkosten wird dann an der Kasse berechnet, weil es von der Summe der Produkte abh\u00e4ngt und von dem Ziel wohin, die Ware geschickt werden soll.<\/p>\n","protected":false},"excerpt":{"rendered":"<p>In meinem Shop verkaufe ich unterschiedliche Waren und Dienstleistungen. Daher gibt es auch unterschiedliche Versandoptionen und &#8211; zeiten. Vorr\u00e4tige Produkte (z.B. Post- und Grusskarten, Kunstdrucken, fertige Originale etc.)Produkte, die ich bei mir zu Hause vorr\u00e4tig oder bereits erstellt habe, lassen sich gew\u00f6hnlich innerhalb von einem Werktag versenden. Die Versandkosten h\u00e4ngen vom Gewicht und der Gr\u00f6\u00dfe [&hellip;]<\/p>\n","protected":false},"author":1,"featured_media":0,"parent":78,"menu_order":0,"comment_status":"closed","ping_status":"closed","template":"","meta":{"jetpack_post_was_ever_published":false,"footnotes":""},"class_list":["post-4527","page","type-page","status-publish","hentry"],"jetpack-related-posts":[],"jetpack_sharing_enabled":true,"_links":{"self":[{"href":"https:\/\/jockyart.de\/de_de\/wp-json\/wp\/v2\/pages\/4527","targetHints":{"allow":["GET"]}}],"collection":[{"href":"https:\/\/jockyart.de\/de_de\/wp-json\/wp\/v2\/pages"}],"about":[{"href":"https:\/\/jockyart.de\/de_de\/wp-json\/wp\/v2\/types\/page"}],"author":[{"embeddable":true,"href":"https:\/\/jockyart.de\/de_de\/wp-json\/wp\/v2\/users\/1"}],"replies":[{"embeddable":true,"href":"https:\/\/jockyart.de\/de_de\/wp-json\/wp\/v2\/comments?post=4527"}],"version-history":[{"count":2,"href":"https:\/\/jockyart.de\/de_de\/wp-json\/wp\/v2\/pages\/4527\/revisions"}],"predecessor-version":[{"id":4529,"href":"https:\/\/jockyart.de\/de_de\/wp-json\/wp\/v2\/pages\/4527\/revisions\/4529"}],"up":[{"embeddable":true,"href":"https:\/\/jockyart.de\/de_de\/wp-json\/wp\/v2\/pages\/78"}],"wp:attachment":[{"href":"https:\/\/jockyart.de\/de_de\/wp-json\/wp\/v2\/media?parent=4527"}],"curies":[{"name":"wp","href":"https:\/\/api.w.org\/{rel}","templated":true}]}}