{"id":3605,"date":"2022-08-05T22:53:29","date_gmt":"2022-08-05T20:53:29","guid":{"rendered":"https:\/\/jockyart.de\/?page_id=3605"},"modified":"2023-05-06T12:25:49","modified_gmt":"2023-05-06T10:25:49","slug":"11-du-bist-nicht-allein-loewe","status":"publish","type":"page","link":"https:\/\/jockyart.de\/de_de\/galerien\/prophetische-kunst\/kunstkalender\/postkartenkalender-2023\/11-du-bist-nicht-allein-loewe\/","title":{"rendered":"11 Du bist nicht allein (L\u00f6we)"},"content":{"rendered":"\n<p><a href=\"https:\/\/jockyart.de\/de_de\/galerien\/prophetische-kunst\/kunstkalender-2023\/postkartenkalender-2023\/10-jesus-ueberwindet-spaltung\/\" data-type=\"page\" data-id=\"3604\">Oktober 2023<\/a> | <a href=\"https:\/\/jockyart.de\/de_de\/galerien\/prophetische-kunst\/kunstkalender-2023\/postkartenkalender-2023\/12-das-volk-im-finstern-sieht-licht\/\" data-type=\"page\" data-id=\"3606\">Dezember 2023<\/a><\/p>\n\n\n\n<figure class=\"wp-block-image size-large\"><img loading=\"lazy\" decoding=\"async\" width=\"1024\" height=\"734\" src=\"https:\/\/jockyart.de\/wp-content\/uploads\/2022\/08\/011_November-1-1024x734.png\" alt=\"November - Postkartenkalender\" class=\"wp-image-3714\" srcset=\"https:\/\/jockyart.de\/wp-content\/uploads\/2022\/08\/011_November-1-1024x734.png 1024w, https:\/\/jockyart.de\/wp-content\/uploads\/2022\/08\/011_November-1-1536x1101.png 1536w, https:\/\/jockyart.de\/wp-content\/uploads\/2022\/08\/011_November-1-18x12.png 18w, https:\/\/jockyart.de\/wp-content\/uploads\/2022\/08\/011_November-1-324x232.png 324w, https:\/\/jockyart.de\/wp-content\/uploads\/2022\/08\/011_November-1-416x298.png 416w, https:\/\/jockyart.de\/wp-content\/uploads\/2022\/08\/011_November-1-300x215.png 300w, https:\/\/jockyart.de\/wp-content\/uploads\/2022\/08\/011_November-1-768x550.png 768w, https:\/\/jockyart.de\/wp-content\/uploads\/2022\/08\/011_November-1.png 2000w\" sizes=\"auto, (max-width: 1024px) 100vw, 1024px\" \/><\/figure>\n\n\n\n<p>Das Original vom <em>November <\/em>des <a href=\"\/galerien\/kunstkalender-2023\/postkartenkalender-2023\/\">Kunstkalenders 2023 &#8211; Postkarten<\/a> entstand als Wichtelgeschenk f\u00fcr einen Arbeitskollegen auf einer Weihnachtsfeier. W\u00e4hrend ich f\u00fcr meinen Wichtelpartner betete, sah ich ihn allein auf einem einsamen Berg in der Finsternis stehen. Er kam sich ganz alleine vor, ohne einen Mitstreiter an seiner Seite, dass er dazu verdammt war ein Einzelk\u00e4mpfer zu sein, obwohl er liebend gerne mit jemand anderem an seiner Seite, seine Herausforderungen angegangen w\u00e4re.<\/p>\n\n\n\n<p>Doch ich sah, dass diese Einsch\u00e4tzung gar nicht richtig war. An seiner Seite sah ich einen m\u00e4chtigen, starken L\u00f6wen, der im Dunkeln hell leuchtete. Er war an seiner Seite und st\u00e4rkte ihm den R\u00fccken, stand ihm bei. Als Christen kennen wir das Symbol des L\u00f6wen, des L\u00f6wen aus dem Stamme Juda. Es steht f\u00fcr Jesus, der uns nie allein l\u00e4sst.&nbsp;<\/p>\n\n\n\n<p>Vielleicht glaubt der eine oder andere von uns auch, dass sie alleine und auf verlorenem Posten in der Finsternis stehen und dass sie niemand unterst\u00fctzt. Aber auch Jesus, der starke L\u00f6wen von Juda, steht an deiner Seite, deckt deinen R\u00fccken und k\u00e4mpft f\u00fcr Dich! Niemand ist allein!<\/p>\n\n\n\n<p>Im Nachhinein kam mir noch, dass wir als Christen ja auch noch die M\u00f6glichkeit haben, dass wir durch das Blut Jesu vergeben und uns vers\u00f6hnen k\u00f6nnen!<\/p>\n\n\n\n<figure class=\"wp-block-image is-resized\"><a href=\"\/produkt\/kunstkalender-2023-postkartenkalender\/\" target=\"_blank\" rel=\"noreferrer noopener\"><img loading=\"lazy\" decoding=\"async\" src=\"https:\/\/jockyart.de\/wp-content\/uploads\/2022\/08\/bestellen-1024x256.png\" alt=\"Bestellen\" class=\"wp-image-3450\" width=\"200\" height=\"50\" srcset=\"https:\/\/jockyart.de\/wp-content\/uploads\/2022\/08\/bestellen-1024x256.png 1024w, https:\/\/jockyart.de\/wp-content\/uploads\/2022\/08\/bestellen-18x5.png 18w, https:\/\/jockyart.de\/wp-content\/uploads\/2022\/08\/bestellen-324x81.png 324w, https:\/\/jockyart.de\/wp-content\/uploads\/2022\/08\/bestellen-416x104.png 416w, https:\/\/jockyart.de\/wp-content\/uploads\/2022\/08\/bestellen-300x75.png 300w, https:\/\/jockyart.de\/wp-content\/uploads\/2022\/08\/bestellen-768x192.png 768w, https:\/\/jockyart.de\/wp-content\/uploads\/2022\/08\/bestellen.png 1200w\" sizes=\"auto, (max-width: 200px) 100vw, 200px\" \/><\/a><\/figure>\n\n\n\n<p><a href=\"\/galerien\/prophetische-kunst\/kunstkalender-2023\/postkartenkalender-2023\/\">zur\u00fcck<\/a><\/p>\n","protected":false},"excerpt":{"rendered":"<p>Oktober 2023 | Dezember 2023 Das Original vom November des Kunstkalenders 2023 &#8211; Postkarten entstand als Wichtelgeschenk f\u00fcr einen Arbeitskollegen auf einer Weihnachtsfeier. W\u00e4hrend ich f\u00fcr meinen Wichtelpartner betete, sah ich ihn allein auf einem einsamen Berg in der Finsternis stehen. Er kam sich ganz alleine vor, ohne einen Mitstreiter an seiner Seite, dass er [&hellip;]<\/p>\n","protected":false},"author":1,"featured_media":0,"parent":3365,"menu_order":0,"comment_status":"closed","ping_status":"closed","template":"","meta":{"footnotes":""},"class_list":["post-3605","page","type-page","status-publish","hentry"],"_links":{"self":[{"href":"https:\/\/jockyart.de\/de_de\/wp-json\/wp\/v2\/pages\/3605","targetHints":{"allow":["GET"]}}],"collection":[{"href":"https:\/\/jockyart.de\/de_de\/wp-json\/wp\/v2\/pages"}],"about":[{"href":"https:\/\/jockyart.de\/de_de\/wp-json\/wp\/v2\/types\/page"}],"author":[{"embeddable":true,"href":"https:\/\/jockyart.de\/de_de\/wp-json\/wp\/v2\/users\/1"}],"replies":[{"embeddable":true,"href":"https:\/\/jockyart.de\/de_de\/wp-json\/wp\/v2\/comments?post=3605"}],"version-history":[{"count":6,"href":"https:\/\/jockyart.de\/de_de\/wp-json\/wp\/v2\/pages\/3605\/revisions"}],"predecessor-version":[{"id":6066,"href":"https:\/\/jockyart.de\/de_de\/wp-json\/wp\/v2\/pages\/3605\/revisions\/6066"}],"up":[{"embeddable":true,"href":"https:\/\/jockyart.de\/de_de\/wp-json\/wp\/v2\/pages\/3365"}],"wp:attachment":[{"href":"https:\/\/jockyart.de\/de_de\/wp-json\/wp\/v2\/media?parent=3605"}],"curies":[{"name":"wp","href":"https:\/\/api.w.org\/{rel}","templated":true}]}}