{"id":3597,"date":"2022-08-05T22:38:10","date_gmt":"2022-08-05T20:38:10","guid":{"rendered":"https:\/\/jockyart.de\/?page_id=3597"},"modified":"2023-05-06T12:23:33","modified_gmt":"2023-05-06T10:23:33","slug":"09-worte","status":"publish","type":"page","link":"https:\/\/jockyart.de\/de_de\/galerien\/prophetische-kunst\/kunstkalender\/postkartenkalender-2023\/09-worte\/","title":{"rendered":"09 Worte"},"content":{"rendered":"\n<p><a href=\"https:\/\/jockyart.de\/de_de\/galerien\/prophetische-kunst\/kunstkalender-2023\/postkartenkalender-2023\/08-schau-aufs-licht\/\" data-type=\"page\" data-id=\"3598\">August 2023<\/a> | <a href=\"https:\/\/jockyart.de\/de_de\/galerien\/prophetische-kunst\/kunstkalender-2023\/postkartenkalender-2023\/10-jesus-ueberwindet-spaltung\/\" data-type=\"page\" data-id=\"3604\">Oktober 2023<\/a><\/p>\n\n\n\n<figure class=\"wp-block-image size-large\"><img loading=\"lazy\" decoding=\"async\" width=\"1024\" height=\"734\" src=\"https:\/\/jockyart.de\/wp-content\/uploads\/2022\/08\/009_September-1024x734.png\" alt=\"September - Postkartenkalender\" class=\"wp-image-3707\" srcset=\"https:\/\/jockyart.de\/wp-content\/uploads\/2022\/08\/009_September-1024x734.png 1024w, https:\/\/jockyart.de\/wp-content\/uploads\/2022\/08\/009_September-1536x1101.png 1536w, https:\/\/jockyart.de\/wp-content\/uploads\/2022\/08\/009_September-18x12.png 18w, https:\/\/jockyart.de\/wp-content\/uploads\/2022\/08\/009_September-324x232.png 324w, https:\/\/jockyart.de\/wp-content\/uploads\/2022\/08\/009_September-416x298.png 416w, https:\/\/jockyart.de\/wp-content\/uploads\/2022\/08\/009_September-300x215.png 300w, https:\/\/jockyart.de\/wp-content\/uploads\/2022\/08\/009_September-768x550.png 768w, https:\/\/jockyart.de\/wp-content\/uploads\/2022\/08\/009_September.png 2000w\" sizes=\"auto, (max-width: 1024px) 100vw, 1024px\" \/><\/figure>\n\n\n\n<p>Das Original vom <em>September <\/em>des <a href=\"\/galerien\/kunstkalender-2023\/postkartenkalender-2023\/\">Kunstkalenders 2023 &#8211; Postkarten<\/a> entstand als spotanes Bild im Lobpreis. W\u00e4hrend einer Lobpreiszeit im Hauskreis ist dieses spontane prophetische Bild entstanden, das ich mit meinen K\u00fcnstleraquarellstiften erstellt habe.<\/p>\n\n\n\n<p>In dieser Zeit haben wir uns die Lobpreissession von&nbsp;<a href=\"https:\/\/youtu.be\/qKQ_wpTPSww?t=255\" target=\"_blank\" rel=\"noreferrer noopener\">Andi Ziller auf der MEHR Konferenz 2020<\/a>&nbsp;angeschaut, die kurz vorher ver\u00f6ffentlich wurde. In dem Lied \u201c<strong>Sonne, Mond<\/strong>\u201d stach f\u00fcr mich eine Zeile heraus, in der es hei\u00dft:<\/p>\n\n\n\n<blockquote class=\"wp-block-quote is-layout-flow wp-block-quote-is-layout-flow\">\n<p>W\u00e4r meine Stimme laut wie Wassermassen<br>Meine Arme wie der Ozean weit<br>K\u00f6nnt ich dennoch nie in&nbsp;<strong>Worte<\/strong>&nbsp;fassen<br>Wie gro\u00df Du bist und deine Freundlichkeit.<\/p>\n<\/blockquote>\n\n\n\n<p>Vor allem das \u201c<strong>WORTE<\/strong>\u201d stach f\u00fcr mich heraus. So begann ich dieses Bild zu malen, so als w\u00fcrde die Herrlichkeit, die Kreativit\u00e4t und Sch\u00f6pferkraft aus den Worten herausflie\u00dfen, die ich nicht formulieren kann.<\/p>\n\n\n\n<figure class=\"wp-block-image is-resized\"><a href=\"\/produkt\/kunstkalender-2023-postkartenkalender\/\" target=\"_blank\" rel=\"noreferrer noopener\"><img loading=\"lazy\" decoding=\"async\" src=\"https:\/\/jockyart.de\/wp-content\/uploads\/2022\/08\/bestellen-1024x256.png\" alt=\"Bestellen\" class=\"wp-image-3450\" width=\"200\" height=\"50\" srcset=\"https:\/\/jockyart.de\/wp-content\/uploads\/2022\/08\/bestellen-1024x256.png 1024w, https:\/\/jockyart.de\/wp-content\/uploads\/2022\/08\/bestellen-18x5.png 18w, https:\/\/jockyart.de\/wp-content\/uploads\/2022\/08\/bestellen-324x81.png 324w, https:\/\/jockyart.de\/wp-content\/uploads\/2022\/08\/bestellen-416x104.png 416w, https:\/\/jockyart.de\/wp-content\/uploads\/2022\/08\/bestellen-300x75.png 300w, https:\/\/jockyart.de\/wp-content\/uploads\/2022\/08\/bestellen-768x192.png 768w, https:\/\/jockyart.de\/wp-content\/uploads\/2022\/08\/bestellen.png 1200w\" sizes=\"auto, (max-width: 200px) 100vw, 200px\" \/><\/a><\/figure>\n\n\n\n<p><a href=\"\/galerien\/prophetische-kunst\/kunstkalender-2023\/postkartenkalender-2023\/\">zur\u00fcck<\/a><\/p>\n","protected":false},"excerpt":{"rendered":"<p>August 2023 | Oktober 2023 Das Original vom September des Kunstkalenders 2023 &#8211; Postkarten entstand als spotanes Bild im Lobpreis. W\u00e4hrend einer Lobpreiszeit im Hauskreis ist dieses spontane prophetische Bild entstanden, das ich mit meinen K\u00fcnstleraquarellstiften erstellt habe. In dieser Zeit haben wir uns die Lobpreissession von&nbsp;Andi Ziller auf der MEHR Konferenz 2020&nbsp;angeschaut, die kurz [&hellip;]<\/p>\n","protected":false},"author":1,"featured_media":0,"parent":3365,"menu_order":0,"comment_status":"closed","ping_status":"closed","template":"","meta":{"footnotes":""},"class_list":["post-3597","page","type-page","status-publish","hentry"],"_links":{"self":[{"href":"https:\/\/jockyart.de\/de_de\/wp-json\/wp\/v2\/pages\/3597","targetHints":{"allow":["GET"]}}],"collection":[{"href":"https:\/\/jockyart.de\/de_de\/wp-json\/wp\/v2\/pages"}],"about":[{"href":"https:\/\/jockyart.de\/de_de\/wp-json\/wp\/v2\/types\/page"}],"author":[{"embeddable":true,"href":"https:\/\/jockyart.de\/de_de\/wp-json\/wp\/v2\/users\/1"}],"replies":[{"embeddable":true,"href":"https:\/\/jockyart.de\/de_de\/wp-json\/wp\/v2\/comments?post=3597"}],"version-history":[{"count":6,"href":"https:\/\/jockyart.de\/de_de\/wp-json\/wp\/v2\/pages\/3597\/revisions"}],"predecessor-version":[{"id":6064,"href":"https:\/\/jockyart.de\/de_de\/wp-json\/wp\/v2\/pages\/3597\/revisions\/6064"}],"up":[{"embeddable":true,"href":"https:\/\/jockyart.de\/de_de\/wp-json\/wp\/v2\/pages\/3365"}],"wp:attachment":[{"href":"https:\/\/jockyart.de\/de_de\/wp-json\/wp\/v2\/media?parent=3597"}],"curies":[{"name":"wp","href":"https:\/\/api.w.org\/{rel}","templated":true}]}}