{"id":3567,"date":"2022-08-05T21:39:23","date_gmt":"2022-08-05T19:39:23","guid":{"rendered":"https:\/\/jockyart.de\/?page_id=3567"},"modified":"2023-05-06T12:16:38","modified_gmt":"2023-05-06T10:16:38","slug":"05-feuerkrone","status":"publish","type":"page","link":"https:\/\/jockyart.de\/de_de\/galerien\/prophetische-kunst\/kunstkalender\/postkartenkalender-2023\/05-feuerkrone\/","title":{"rendered":"05 Feuerkrone"},"content":{"rendered":"\n<p><a href=\"https:\/\/jockyart.de\/de_de\/galerien\/prophetische-kunst\/kunstkalender-2023\/postkartenkalender-2023\/04-sonrise-he-is-risen\/\">April 2023<\/a> | <a href=\"https:\/\/jockyart.de\/de_de\/galerien\/prophetische-kunst\/kunstkalender-2023\/postkartenkalender-2023\/06-licht-am-ende-des-tunnels\/\">Juni 2023<\/a><\/p>\n\n\n\n<figure class=\"wp-block-image size-large\"><img loading=\"lazy\" decoding=\"async\" width=\"1024\" height=\"734\" src=\"https:\/\/jockyart.de\/wp-content\/uploads\/2022\/08\/005_Mai-1-1024x734.png\" alt=\"Mai - Postkartenkalender\" class=\"wp-image-3703\" srcset=\"https:\/\/jockyart.de\/wp-content\/uploads\/2022\/08\/005_Mai-1-1024x734.png 1024w, https:\/\/jockyart.de\/wp-content\/uploads\/2022\/08\/005_Mai-1-1536x1101.png 1536w, https:\/\/jockyart.de\/wp-content\/uploads\/2022\/08\/005_Mai-1-18x12.png 18w, https:\/\/jockyart.de\/wp-content\/uploads\/2022\/08\/005_Mai-1-324x232.png 324w, https:\/\/jockyart.de\/wp-content\/uploads\/2022\/08\/005_Mai-1-416x298.png 416w, https:\/\/jockyart.de\/wp-content\/uploads\/2022\/08\/005_Mai-1-300x215.png 300w, https:\/\/jockyart.de\/wp-content\/uploads\/2022\/08\/005_Mai-1-768x550.png 768w, https:\/\/jockyart.de\/wp-content\/uploads\/2022\/08\/005_Mai-1.png 2000w\" sizes=\"auto, (max-width: 1024px) 100vw, 1024px\" \/><\/figure>\n\n\n\n<p>Das Original vom <em>Mai <\/em>des <a href=\"\/galerien\/kunstkalender-2023\/postkartenkalender-2023\/\">Kunstkalenders 2023 &#8211; Postkarten<\/a> entstand spontan in einer Lobpreiszeit.<br><br>Als ich an einem Pfingstsonntag beim Lobpreis im Gottesdienst sa\u00df, dachte ich an die feurigen Zungen, die sich auf die J\u00fcnger gelegt hatten als sie mit dem Heiligen Geist, mit Feuer und mit Kraft erf\u00fcllt wurden.<\/p>\n\n\n\n<blockquote class=\"wp-block-quote is-layout-flow wp-block-quote-is-layout-flow\">\n<p>\u201eIch&nbsp;taufe&nbsp;euch mit Wasser zur Bu\u00dfe; der aber nach mir kommt, ist st\u00e4rker als ich, [\u2026]; der wird euch mit dem Heiligen Geist und mit&nbsp;Feuer&nbsp;taufen.\u201c<br><strong>Matth\u00e4us 3, 11<br><\/strong><br>\u201eAber ihr werdet die Kraft des Heiligen Geistes empfangen, der auf euch kommen wird.\u201c<br><strong>Apostelgeschichte 1, 8<\/strong><\/p>\n\n\n\n<p>\u201eUnd es erschienen ihnen Zungen, zerteilt und wie von Feuer, und setzten sich auf einen jeden von ihnen, und sie wurden alle erf\u00fcllt von dem Heiligen Geist und fingen an zu predigen in andern Sprachen, wie der Geist ihnen zu reden eingab.\u201c<br><strong>Apostelgeischichte 2, 3 + 5<\/strong><\/p>\n\n\n\n<p>\u201eIhr aber seid ein auserw\u00e4hltes Geschlecht, ein k\u00f6nigliches Priestertum, ein heiliges Volk, ein Volk des Eigentums, damit ihr die Tugenden&nbsp;dessen verk\u00fcndet, der euch aus der Finsternis berufen hat zu seinem wunderbaren Licht\u201c<br><strong>1. Petrus 2, 9<\/strong><\/p>\n<\/blockquote>\n\n\n\n<p>So sch\u00f6n, dass Christsein kein langweiliger Glaube ist. Nein, Gott erf\u00fcllt uns mit der Kraft und dem Feuer des Heiligen Geistes, damit wir der Welt bezeugen, dass Er aus der Finsternis herausholt hinein in sein wunderbares Licht!<\/p>\n\n\n\n<figure class=\"wp-block-image is-resized\"><a href=\"\/produkt\/kunstkalender-2023-postkartenkalender\/\" target=\"_blank\" rel=\"noreferrer noopener\"><img loading=\"lazy\" decoding=\"async\" src=\"https:\/\/jockyart.de\/wp-content\/uploads\/2022\/08\/bestellen-1024x256.png\" alt=\"Bestellen\" class=\"wp-image-3450\" width=\"200\" height=\"50\" srcset=\"https:\/\/jockyart.de\/wp-content\/uploads\/2022\/08\/bestellen-1024x256.png 1024w, https:\/\/jockyart.de\/wp-content\/uploads\/2022\/08\/bestellen-18x5.png 18w, https:\/\/jockyart.de\/wp-content\/uploads\/2022\/08\/bestellen-324x81.png 324w, https:\/\/jockyart.de\/wp-content\/uploads\/2022\/08\/bestellen-416x104.png 416w, https:\/\/jockyart.de\/wp-content\/uploads\/2022\/08\/bestellen-300x75.png 300w, https:\/\/jockyart.de\/wp-content\/uploads\/2022\/08\/bestellen-768x192.png 768w, https:\/\/jockyart.de\/wp-content\/uploads\/2022\/08\/bestellen.png 1200w\" sizes=\"auto, (max-width: 200px) 100vw, 200px\" \/><\/a><\/figure>\n\n\n\n<p><a href=\"\/galerien\/prophetische-kunst\/kunstkalender-2023\/postkartenkalender-2023\/\">zur\u00fcck<\/a><\/p>\n","protected":false},"excerpt":{"rendered":"<p>April 2023 | Juni 2023 Das Original vom Mai des Kunstkalenders 2023 &#8211; Postkarten entstand spontan in einer Lobpreiszeit. Als ich an einem Pfingstsonntag beim Lobpreis im Gottesdienst sa\u00df, dachte ich an die feurigen Zungen, die sich auf die J\u00fcnger gelegt hatten als sie mit dem Heiligen Geist, mit Feuer und mit Kraft erf\u00fcllt wurden. [&hellip;]<\/p>\n","protected":false},"author":1,"featured_media":0,"parent":3365,"menu_order":0,"comment_status":"closed","ping_status":"closed","template":"","meta":{"footnotes":""},"class_list":["post-3567","page","type-page","status-publish","hentry"],"_links":{"self":[{"href":"https:\/\/jockyart.de\/de_de\/wp-json\/wp\/v2\/pages\/3567","targetHints":{"allow":["GET"]}}],"collection":[{"href":"https:\/\/jockyart.de\/de_de\/wp-json\/wp\/v2\/pages"}],"about":[{"href":"https:\/\/jockyart.de\/de_de\/wp-json\/wp\/v2\/types\/page"}],"author":[{"embeddable":true,"href":"https:\/\/jockyart.de\/de_de\/wp-json\/wp\/v2\/users\/1"}],"replies":[{"embeddable":true,"href":"https:\/\/jockyart.de\/de_de\/wp-json\/wp\/v2\/comments?post=3567"}],"version-history":[{"count":8,"href":"https:\/\/jockyart.de\/de_de\/wp-json\/wp\/v2\/pages\/3567\/revisions"}],"predecessor-version":[{"id":6059,"href":"https:\/\/jockyart.de\/de_de\/wp-json\/wp\/v2\/pages\/3567\/revisions\/6059"}],"up":[{"embeddable":true,"href":"https:\/\/jockyart.de\/de_de\/wp-json\/wp\/v2\/pages\/3365"}],"wp:attachment":[{"href":"https:\/\/jockyart.de\/de_de\/wp-json\/wp\/v2\/media?parent=3567"}],"curies":[{"name":"wp","href":"https:\/\/api.w.org\/{rel}","templated":true}]}}