{"id":3550,"date":"2022-08-05T21:20:36","date_gmt":"2022-08-05T19:20:36","guid":{"rendered":"https:\/\/jockyart.de\/?page_id=3550"},"modified":"2023-05-06T12:13:51","modified_gmt":"2023-05-06T10:13:51","slug":"03-du-bist-ein-geschenk-der-garten","status":"publish","type":"page","link":"https:\/\/jockyart.de\/de_de\/galerien\/prophetische-kunst\/kunstkalender\/postkartenkalender-2023\/03-du-bist-ein-geschenk-der-garten\/","title":{"rendered":"03 Du bist ein Geschenk &#8211; Der Garten"},"content":{"rendered":"\n<p><a href=\"https:\/\/jockyart.de\/de_de\/galerien\/prophetische-kunst\/kunstkalender-2023\/postkartenkalender-2023\/02-geborgenheit\/\" data-type=\"page\" data-id=\"3546\">Februar 2023<\/a> | <a href=\"https:\/\/jockyart.de\/de_de\/galerien\/prophetische-kunst\/kunstkalender-2023\/postkartenkalender-2023\/04-sonrise-he-is-risen\/\">April 2023<\/a><\/p>\n\n\n\n<figure class=\"wp-block-image size-large\"><img loading=\"lazy\" decoding=\"async\" width=\"1024\" height=\"734\" src=\"https:\/\/jockyart.de\/wp-content\/uploads\/2022\/08\/003_Maerz-1-1024x734.png\" alt=\"M\u00e4rz - Postkartenkalender\" class=\"wp-image-3713\" srcset=\"https:\/\/jockyart.de\/wp-content\/uploads\/2022\/08\/003_Maerz-1-1024x734.png 1024w, https:\/\/jockyart.de\/wp-content\/uploads\/2022\/08\/003_Maerz-1-1536x1101.png 1536w, https:\/\/jockyart.de\/wp-content\/uploads\/2022\/08\/003_Maerz-1-18x12.png 18w, https:\/\/jockyart.de\/wp-content\/uploads\/2022\/08\/003_Maerz-1-324x232.png 324w, https:\/\/jockyart.de\/wp-content\/uploads\/2022\/08\/003_Maerz-1-416x298.png 416w, https:\/\/jockyart.de\/wp-content\/uploads\/2022\/08\/003_Maerz-1-300x215.png 300w, https:\/\/jockyart.de\/wp-content\/uploads\/2022\/08\/003_Maerz-1-768x550.png 768w, https:\/\/jockyart.de\/wp-content\/uploads\/2022\/08\/003_Maerz-1.png 2000w\" sizes=\"auto, (max-width: 1024px) 100vw, 1024px\" \/><\/figure>\n\n\n<p>Das Original vom <em>M\u00e4rz <\/em>des <a href=\"\/galerien\/kunstkalender-2023\/postkartenkalender-2023\/\">Kunstkalenders 2023 &#8211; Postkarten<\/a> entstand als Auftragsbild.<\/p>\n<p>Das habe ich u.a. der Empf\u00e4ngerin geschrieben:<\/p>\n<blockquote>\n<p>Als ich f\u00fcr Dich gebetet habe, hatte ich den Eindruck, dass Jesus Dir sagen m\u00f6chte, dass Du ein Geschenk bist. Du bist toll und wundersch\u00f6n. Deine Art, Dein Wesen und wie Du mit den Menschen um Dich herum umgehst, ist ein Geschenk!<\/p>\n<p>\u201eDu bist ein Geschenk!\u201c<\/p>\n<p>Als ich weiter betete, sah ich einen wundersch\u00f6nen Garten. Zun\u00e4chst war das ein wunderbar gepflegter Garten, der Rasen war gem\u00e4ht, das Unkraut gej\u00e4tet und die B\u00fcsche und B\u00e4ume waren in Form gebracht und getrimmt.<\/p>\n<\/blockquote>\n<blockquote>\n<p>Dann aber erkannte ich, dass ein Teil des Gartens ziemlich verwildert war und sich selbst \u00fcberlassen war. Das Gras war inzwischen sehr hoch. Es gab etliche B\u00fcsche und B\u00e4ume, die ganz nat\u00fcrlich gewachsen waren. Hier pulsierte das Leben. Und auch dieser Teil war wundersch\u00f6n.<\/p>\n<p>Ich glaube, dass Gott dir damit sagen m\u00f6chte, dass Du toll, wundersch\u00f6n bist \u2013 egal ob Du Dich zusammenrei\u00dft und versuchst den Erwartungen anderer zu entsprechen oder ob Du Dich gehen l\u00e4sst und Dein Ding machst. <\/p>\n<p>So oder so bist Du toll und wunderbar und ein Geschenk!<\/p>\n<\/blockquote>\n\n\n<figure class=\"wp-block-image is-resized\"><a href=\"\/produkt\/kunstkalender-2023-postkartenkalender\/\" target=\"_blank\" rel=\"noreferrer noopener\"><img loading=\"lazy\" decoding=\"async\" src=\"https:\/\/jockyart.de\/wp-content\/uploads\/2022\/08\/bestellen-1024x256.png\" alt=\"Bestellen\" class=\"wp-image-3450\" width=\"200\" height=\"50\" srcset=\"https:\/\/jockyart.de\/wp-content\/uploads\/2022\/08\/bestellen-1024x256.png 1024w, https:\/\/jockyart.de\/wp-content\/uploads\/2022\/08\/bestellen-18x5.png 18w, https:\/\/jockyart.de\/wp-content\/uploads\/2022\/08\/bestellen-324x81.png 324w, https:\/\/jockyart.de\/wp-content\/uploads\/2022\/08\/bestellen-416x104.png 416w, https:\/\/jockyart.de\/wp-content\/uploads\/2022\/08\/bestellen-300x75.png 300w, https:\/\/jockyart.de\/wp-content\/uploads\/2022\/08\/bestellen-768x192.png 768w, https:\/\/jockyart.de\/wp-content\/uploads\/2022\/08\/bestellen.png 1200w\" sizes=\"auto, (max-width: 200px) 100vw, 200px\" \/><\/a><\/figure>\n\n\n\n<p><a href=\"\/galerien\/prophetische-kunst\/kunstkalender-2023\/postkartenkalender-2023\/\">zur\u00fcck<\/a><\/p>\n","protected":false},"excerpt":{"rendered":"<p>Februar 2023 | April 2023 Das Original vom M\u00e4rz des Kunstkalenders 2023 &#8211; Postkarten entstand als Auftragsbild. Das habe ich u.a. der Empf\u00e4ngerin geschrieben: Als ich f\u00fcr Dich gebetet habe, hatte ich den Eindruck, dass Jesus Dir sagen m\u00f6chte, dass Du ein Geschenk bist. Du bist toll und wundersch\u00f6n. Deine Art, Dein Wesen und wie [&hellip;]<\/p>\n","protected":false},"author":1,"featured_media":0,"parent":3365,"menu_order":0,"comment_status":"closed","ping_status":"closed","template":"","meta":{"footnotes":""},"class_list":["post-3550","page","type-page","status-publish","hentry"],"_links":{"self":[{"href":"https:\/\/jockyart.de\/de_de\/wp-json\/wp\/v2\/pages\/3550","targetHints":{"allow":["GET"]}}],"collection":[{"href":"https:\/\/jockyart.de\/de_de\/wp-json\/wp\/v2\/pages"}],"about":[{"href":"https:\/\/jockyart.de\/de_de\/wp-json\/wp\/v2\/types\/page"}],"author":[{"embeddable":true,"href":"https:\/\/jockyart.de\/de_de\/wp-json\/wp\/v2\/users\/1"}],"replies":[{"embeddable":true,"href":"https:\/\/jockyart.de\/de_de\/wp-json\/wp\/v2\/comments?post=3550"}],"version-history":[{"count":10,"href":"https:\/\/jockyart.de\/de_de\/wp-json\/wp\/v2\/pages\/3550\/revisions"}],"predecessor-version":[{"id":6057,"href":"https:\/\/jockyart.de\/de_de\/wp-json\/wp\/v2\/pages\/3550\/revisions\/6057"}],"up":[{"embeddable":true,"href":"https:\/\/jockyart.de\/de_de\/wp-json\/wp\/v2\/pages\/3365"}],"wp:attachment":[{"href":"https:\/\/jockyart.de\/de_de\/wp-json\/wp\/v2\/media?parent=3550"}],"curies":[{"name":"wp","href":"https:\/\/api.w.org\/{rel}","templated":true}]}}