{"id":3543,"date":"2022-08-05T21:08:54","date_gmt":"2022-08-05T19:08:54","guid":{"rendered":"https:\/\/jockyart.de\/?page_id=3543"},"modified":"2023-05-06T11:57:03","modified_gmt":"2023-05-06T09:57:03","slug":"01-jesus-you-make-the-darkness-tremble","status":"publish","type":"page","link":"https:\/\/jockyart.de\/de_de\/galerien\/prophetische-kunst\/kunstkalender\/postkartenkalender-2023\/01-jesus-you-make-the-darkness-tremble\/","title":{"rendered":"01 Jesus, you make the darkness tremble"},"content":{"rendered":"\n<p><a href=\"\/de_de\/galerien\/prophetische-kunst\/kunstkalender-2023\/postkartenkalender-2023\/\" data-type=\"page\" data-id=\"3533\">Deckblatt<\/a> | <a href=\"\/de_de\/galerien\/prophetische-kunst\/kunstkalender-2023\/postkartenkalender-2023\/02-geborgenheit\/\" data-type=\"page\" data-id=\"3546\">Februar 2023<\/a><\/p>\n\n\n\n<figure class=\"wp-block-image size-large\"><img loading=\"lazy\" decoding=\"async\" width=\"1024\" height=\"734\" src=\"https:\/\/jockyart.de\/wp-content\/uploads\/2022\/08\/001_Januar-1-1024x734.png\" alt=\"Januar - Postkartenkalender\" class=\"wp-image-3711\" srcset=\"https:\/\/jockyart.de\/wp-content\/uploads\/2022\/08\/001_Januar-1-1024x734.png 1024w, https:\/\/jockyart.de\/wp-content\/uploads\/2022\/08\/001_Januar-1-1536x1101.png 1536w, https:\/\/jockyart.de\/wp-content\/uploads\/2022\/08\/001_Januar-1-18x12.png 18w, https:\/\/jockyart.de\/wp-content\/uploads\/2022\/08\/001_Januar-1-324x232.png 324w, https:\/\/jockyart.de\/wp-content\/uploads\/2022\/08\/001_Januar-1-416x298.png 416w, https:\/\/jockyart.de\/wp-content\/uploads\/2022\/08\/001_Januar-1-300x215.png 300w, https:\/\/jockyart.de\/wp-content\/uploads\/2022\/08\/001_Januar-1-768x550.png 768w, https:\/\/jockyart.de\/wp-content\/uploads\/2022\/08\/001_Januar-1.png 2000w\" sizes=\"auto, (max-width: 1024px) 100vw, 1024px\" \/><\/figure>\n\n\n\n<p>Das Original vom <em>Januar<\/em> des <a href=\"\/galerien\/kunstkalender-2023\/postkartenkalender-2023\/\">Kunstkalenders 2023 &#8211; Postkarten<\/a> entstand spontan w\u00e4hrend einer Lobpreiszeit.<br><br>In diesem Bild habe ich eine Zeile von dem Lied \u201eTremble\u201c visualisiert:<\/p>\n\n\n\n<figure class=\"wp-block-table\"><table><tbody><tr><td>Jesus, Jesus, You make the darkness tremble<br>Jesus, Jesus, You silence fear<br>Jesus, Jesus, You make the darkness tremble<br>Jesus, Jesus<\/td><td>Jesus, Jesus, Du l\u00e4sst die Dunkelheit ersch\u00fcttern<br>Jesus, Jesus, Du bringst Angst zum Schweigen<br>Jesus, Jesus, Du l\u00e4sst die Dunkelheit ersch\u00fcttern<br>Jesus, Jesus<\/td><\/tr><\/tbody><\/table><\/figure>\n\n\n\n<figure class=\"wp-block-image is-resized\"><a href=\"\/produkt\/kunstkalender-2023-postkartenkalender\/\" target=\"_blank\" rel=\"noreferrer noopener\"><img loading=\"lazy\" decoding=\"async\" src=\"https:\/\/jockyart.de\/wp-content\/uploads\/2022\/08\/bestellen-1024x256.png\" alt=\"Bestellen\" class=\"wp-image-3450\" width=\"200\" height=\"50\" srcset=\"https:\/\/jockyart.de\/wp-content\/uploads\/2022\/08\/bestellen-1024x256.png 1024w, https:\/\/jockyart.de\/wp-content\/uploads\/2022\/08\/bestellen-18x5.png 18w, https:\/\/jockyart.de\/wp-content\/uploads\/2022\/08\/bestellen-324x81.png 324w, https:\/\/jockyart.de\/wp-content\/uploads\/2022\/08\/bestellen-416x104.png 416w, https:\/\/jockyart.de\/wp-content\/uploads\/2022\/08\/bestellen-300x75.png 300w, https:\/\/jockyart.de\/wp-content\/uploads\/2022\/08\/bestellen-768x192.png 768w, https:\/\/jockyart.de\/wp-content\/uploads\/2022\/08\/bestellen.png 1200w\" sizes=\"auto, (max-width: 200px) 100vw, 200px\" \/><\/a><\/figure>\n\n\n\n<p><a href=\"\/galerien\/prophetische-kunst\/kunstkalender-2023\/postkartenkalender-2023\/\">zur\u00fcck<\/a><\/p>\n","protected":false},"excerpt":{"rendered":"<p>Deckblatt | Februar 2023 Das Original vom Januar des Kunstkalenders 2023 &#8211; Postkarten entstand spontan w\u00e4hrend einer Lobpreiszeit. In diesem Bild habe ich eine Zeile von dem Lied \u201eTremble\u201c visualisiert: Jesus, Jesus, You make the darkness trembleJesus, Jesus, You silence fearJesus, Jesus, You make the darkness trembleJesus, Jesus Jesus, Jesus, Du l\u00e4sst die Dunkelheit ersch\u00fctternJesus, [&hellip;]<\/p>\n","protected":false},"author":1,"featured_media":0,"parent":3365,"menu_order":0,"comment_status":"closed","ping_status":"closed","template":"","meta":{"footnotes":""},"class_list":["post-3543","page","type-page","status-publish","hentry"],"_links":{"self":[{"href":"https:\/\/jockyart.de\/de_de\/wp-json\/wp\/v2\/pages\/3543","targetHints":{"allow":["GET"]}}],"collection":[{"href":"https:\/\/jockyart.de\/de_de\/wp-json\/wp\/v2\/pages"}],"about":[{"href":"https:\/\/jockyart.de\/de_de\/wp-json\/wp\/v2\/types\/page"}],"author":[{"embeddable":true,"href":"https:\/\/jockyart.de\/de_de\/wp-json\/wp\/v2\/users\/1"}],"replies":[{"embeddable":true,"href":"https:\/\/jockyart.de\/de_de\/wp-json\/wp\/v2\/comments?post=3543"}],"version-history":[{"count":15,"href":"https:\/\/jockyart.de\/de_de\/wp-json\/wp\/v2\/pages\/3543\/revisions"}],"predecessor-version":[{"id":6048,"href":"https:\/\/jockyart.de\/de_de\/wp-json\/wp\/v2\/pages\/3543\/revisions\/6048"}],"up":[{"embeddable":true,"href":"https:\/\/jockyart.de\/de_de\/wp-json\/wp\/v2\/pages\/3365"}],"wp:attachment":[{"href":"https:\/\/jockyart.de\/de_de\/wp-json\/wp\/v2\/media?parent=3543"}],"curies":[{"name":"wp","href":"https:\/\/api.w.org\/{rel}","templated":true}]}}