{"id":3533,"date":"2022-08-05T20:56:39","date_gmt":"2022-08-05T18:56:39","guid":{"rendered":"https:\/\/jockyart.de\/?page_id=3533"},"modified":"2023-05-06T11:53:34","modified_gmt":"2023-05-06T09:53:34","slug":"00-licht-bricht-durch-durch-lobpreis","status":"publish","type":"page","link":"https:\/\/jockyart.de\/de_de\/galerien\/prophetische-kunst\/kunstkalender\/00-licht-bricht-durch-durch-lobpreis\/","title":{"rendered":"00 Licht bricht durch durch Lobpreis"},"content":{"rendered":"\n<p><a href=\"\/galerien\/prophetische-kunst\/kunstkalender-2023\/postkartenkalender-2023\/\">\u00dcbersicht<\/a> | <a href=\"\/galerien\/prophetische-kunst\/kunstkalender-2023\/postkartenkalender-2023\/01-jesus-you-make-the-darkness-tremble\/\">Januar 2023<\/a><\/p>\n\n\n\n<figure class=\"wp-block-image size-large\"><img data-recalc-dims=\"1\" loading=\"lazy\" decoding=\"async\" width=\"980\" height=\"702\" src=\"https:\/\/i0.wp.com\/jockyart.de\/wp-content\/uploads\/2022\/08\/000_Deckblatt-1.png?resize=980%2C702&#038;ssl=1\" alt=\"Deckblatt - Postkartenkalender\" class=\"wp-image-3698\" srcset=\"https:\/\/i0.wp.com\/jockyart.de\/wp-content\/uploads\/2022\/08\/000_Deckblatt-1.png?resize=1024%2C734&amp;ssl=1 1024w, https:\/\/i0.wp.com\/jockyart.de\/wp-content\/uploads\/2022\/08\/000_Deckblatt-1.png?resize=1536%2C1101&amp;ssl=1 1536w, https:\/\/i0.wp.com\/jockyart.de\/wp-content\/uploads\/2022\/08\/000_Deckblatt-1.png?resize=18%2C12&amp;ssl=1 18w, https:\/\/i0.wp.com\/jockyart.de\/wp-content\/uploads\/2022\/08\/000_Deckblatt-1.png?resize=324%2C232&amp;ssl=1 324w, https:\/\/i0.wp.com\/jockyart.de\/wp-content\/uploads\/2022\/08\/000_Deckblatt-1.png?resize=416%2C298&amp;ssl=1 416w, https:\/\/i0.wp.com\/jockyart.de\/wp-content\/uploads\/2022\/08\/000_Deckblatt-1.png?resize=300%2C215&amp;ssl=1 300w, https:\/\/i0.wp.com\/jockyart.de\/wp-content\/uploads\/2022\/08\/000_Deckblatt-1.png?resize=768%2C550&amp;ssl=1 768w, https:\/\/i0.wp.com\/jockyart.de\/wp-content\/uploads\/2022\/08\/000_Deckblatt-1.png?w=2000&amp;ssl=1 2000w\" sizes=\"auto, (max-width: 980px) 100vw, 980px\" \/><\/figure>\n\n\n\n<p>Das Original des <em>Deckblattes<\/em> des <a href=\"\/galerien\/kunstkalender-2023\/postkartenkalender-2023\/\">Kunstkalenders 2023 &#8211; Postkarten<\/a> entstand spontan w\u00e4hrend einer Lobpreiszeit.<br><br>Ich habe eine zeitlang mit einigen Freunden w\u00f6chentlich f\u00fcr Deutschland gebetet.  Auf einem dieser Treffen ist dieses Bild entstanden.<br><br>Wenn wir Lobpreis machen, bricht das Licht von Jesus durch unsere bedrohlichen Umst\u00e4nde und die Finsternis um uns herum durch.<\/p>\n\n\n\n<figure class=\"wp-block-image is-resized\"><a href=\"\/produkt\/kunstkalender-2023-postkartenkalender\/\" target=\"_blank\" rel=\"noreferrer noopener\"><img data-recalc-dims=\"1\" loading=\"lazy\" decoding=\"async\" src=\"https:\/\/i0.wp.com\/jockyart.de\/wp-content\/uploads\/2022\/08\/bestellen.png?resize=200%2C50&#038;ssl=1\" alt=\"Bestellen\" class=\"wp-image-3450\" width=\"200\" height=\"50\" srcset=\"https:\/\/i0.wp.com\/jockyart.de\/wp-content\/uploads\/2022\/08\/bestellen.png?resize=1024%2C256&amp;ssl=1 1024w, https:\/\/i0.wp.com\/jockyart.de\/wp-content\/uploads\/2022\/08\/bestellen.png?resize=18%2C5&amp;ssl=1 18w, https:\/\/i0.wp.com\/jockyart.de\/wp-content\/uploads\/2022\/08\/bestellen.png?resize=324%2C81&amp;ssl=1 324w, https:\/\/i0.wp.com\/jockyart.de\/wp-content\/uploads\/2022\/08\/bestellen.png?resize=416%2C104&amp;ssl=1 416w, https:\/\/i0.wp.com\/jockyart.de\/wp-content\/uploads\/2022\/08\/bestellen.png?resize=300%2C75&amp;ssl=1 300w, https:\/\/i0.wp.com\/jockyart.de\/wp-content\/uploads\/2022\/08\/bestellen.png?resize=768%2C192&amp;ssl=1 768w, https:\/\/i0.wp.com\/jockyart.de\/wp-content\/uploads\/2022\/08\/bestellen.png?w=1200&amp;ssl=1 1200w\" sizes=\"auto, (max-width: 200px) 100vw, 200px\" \/><\/a><\/figure>\n\n\n\n<p><a href=\"\/galerien\/prophetische-kunst\/kunstkalender-2023\/postkartenkalender-2023\/\">zur\u00fcck<\/a><\/p>\n","protected":false},"excerpt":{"rendered":"<p>\u00dcbersicht | Januar 2023 Das Original des Deckblattes des Kunstkalenders 2023 &#8211; Postkarten entstand spontan w\u00e4hrend einer Lobpreiszeit. Ich habe eine zeitlang mit einigen Freunden w\u00f6chentlich f\u00fcr Deutschland gebetet. Auf einem dieser Treffen ist dieses Bild entstanden. Wenn wir Lobpreis machen, bricht das Licht von Jesus durch unsere bedrohlichen Umst\u00e4nde und die Finsternis um uns [&hellip;]<\/p>\n","protected":false},"author":1,"featured_media":0,"parent":3348,"menu_order":0,"comment_status":"closed","ping_status":"closed","template":"","meta":{"jetpack_post_was_ever_published":false,"footnotes":""},"class_list":["post-3533","page","type-page","status-publish","hentry"],"jetpack-related-posts":[],"jetpack_sharing_enabled":true,"_links":{"self":[{"href":"https:\/\/jockyart.de\/de_de\/wp-json\/wp\/v2\/pages\/3533","targetHints":{"allow":["GET"]}}],"collection":[{"href":"https:\/\/jockyart.de\/de_de\/wp-json\/wp\/v2\/pages"}],"about":[{"href":"https:\/\/jockyart.de\/de_de\/wp-json\/wp\/v2\/types\/page"}],"author":[{"embeddable":true,"href":"https:\/\/jockyart.de\/de_de\/wp-json\/wp\/v2\/users\/1"}],"replies":[{"embeddable":true,"href":"https:\/\/jockyart.de\/de_de\/wp-json\/wp\/v2\/comments?post=3533"}],"version-history":[{"count":13,"href":"https:\/\/jockyart.de\/de_de\/wp-json\/wp\/v2\/pages\/3533\/revisions"}],"predecessor-version":[{"id":6045,"href":"https:\/\/jockyart.de\/de_de\/wp-json\/wp\/v2\/pages\/3533\/revisions\/6045"}],"up":[{"embeddable":true,"href":"https:\/\/jockyart.de\/de_de\/wp-json\/wp\/v2\/pages\/3348"}],"wp:attachment":[{"href":"https:\/\/jockyart.de\/de_de\/wp-json\/wp\/v2\/media?parent=3533"}],"curies":[{"name":"wp","href":"https:\/\/api.w.org\/{rel}","templated":true}]}}