{"id":3493,"date":"2022-08-05T15:45:34","date_gmt":"2022-08-05T13:45:34","guid":{"rendered":"https:\/\/jockyart.de\/?page_id=3493"},"modified":"2023-05-06T01:11:24","modified_gmt":"2023-05-05T23:11:24","slug":"12-die-bruecke-der-veraenderung","status":"publish","type":"page","link":"https:\/\/jockyart.de\/de_de\/galerien\/kunstkalender-2023-wandkalender\/12-die-bruecke-der-veraenderung\/","title":{"rendered":"12 Die Br\u00fccke der Ver\u00e4nderung"},"content":{"rendered":"\n<p><a href=\"\/galerien\/kunstkalender-2023-wandkalender\/11-die-mauer-des-schutzes-um-dich\/\">November 2023<\/a> | <a href=\"\/galerien\/kunstkalender-2023-wandkalender\/\">Deckblatt<\/a><\/p>\n\n\n\n<figure class=\"wp-block-image size-large\"><img loading=\"lazy\" decoding=\"async\" width=\"728\" height=\"1024\" src=\"https:\/\/jockyart.de\/wp-content\/uploads\/2022\/08\/012_Dezember-728x1024.png\" alt=\"Dezember - Wandkalender\" class=\"wp-image-3312\" srcset=\"https:\/\/jockyart.de\/wp-content\/uploads\/2022\/08\/012_Dezember-728x1024.png 728w, https:\/\/jockyart.de\/wp-content\/uploads\/2022\/08\/012_Dezember-1092x1536.png 1092w, https:\/\/jockyart.de\/wp-content\/uploads\/2022\/08\/012_Dezember-9x12.png 9w, https:\/\/jockyart.de\/wp-content\/uploads\/2022\/08\/012_Dezember-324x456.png 324w, https:\/\/jockyart.de\/wp-content\/uploads\/2022\/08\/012_Dezember-416x585.png 416w, https:\/\/jockyart.de\/wp-content\/uploads\/2022\/08\/012_Dezember-213x300.png 213w, https:\/\/jockyart.de\/wp-content\/uploads\/2022\/08\/012_Dezember-768x1080.png 768w, https:\/\/jockyart.de\/wp-content\/uploads\/2022\/08\/012_Dezember.png 1422w\" sizes=\"auto, (max-width: 728px) 100vw, 728px\" \/><\/figure>\n\n\n\n<p>\u00a9 Copyright 2019 by&nbsp;<em><a rel=\"noreferrer noopener\" href=\"https:\/\/www.jockyart.de\/\" target=\"_blank\">JockyArt.de<\/a><\/em><\/p>\n\n\n\n<p>Das Original f\u00fcr <em>Dezember<\/em> des <strong>Kunstkalenders 2023 &#8211; Wand<\/strong> entstand als Auftragsbild: Das habe ich u.a. an die Auftraggeber geschrieben:<br>&#8220;Ganz am Anfang war diese Br\u00fccke, die interessanterweise auch so pink angefangen hat. Diese Br\u00fccke hat einen sehr gro\u00dfen Bogen gespannt. Ihr konntet am Anfang der Br\u00fccke nicht sagen, wo sie endet und wie lange sie \u00fcberhaupt ist. Oft wenn man sich auf den Weg macht, ist es ja so, dass man den Ausgangspunkt nicht mehr sehen kann, aber auch nicht das Ende. Und man fragt sich, ob man \u00fcberhaupt richtig ist, was das alles \u00fcberhaupt soll und ob es sich eigentlich lohnt weiter zu machen.<\/p>\n\n\n\n<p>Und ich glaube, dass ihr grade in so einer Phase seid. Jesus nimmt euch in gro\u00dfe Ver\u00e4nderungen mit hinein. Diese Ver\u00e4nderungen sind so gewaltig, dass ihr euch gar nicht vorstellen k\u00f6nnt wie gro\u00df. Und das ist vermutlich auch gut, dass das Ende nicht abzusehen ist.<\/p>\n\n\n\n<p>Aber Gott hat euch auf diese lange Br\u00fccke gesetzt, die ein weites unwegsames Gebiet \u00fcbergreift. Diese Br\u00fccke ist sehr eng, man kann eigentlich nur vorw\u00e4rts oder zur\u00fcck. Diese Br\u00fccke ist aber Gnade von Gott, um euch schneller ans Ziel zu bringen.<\/p>\n\n\n\n<ol class=\"wp-block-list\">\n<li>Das ist das erste, was Gott euch glaube ich sagen m\u00f6chte: Er hat euch auf diese Br\u00fccke gesetzt, es ist Sein Weg f\u00fcr euch, Ihr seid richtig, macht einfach weiter, auch wenn das Ende nicht absehbar und Fragen \u00fcber den Sinn auftauchen, vielleicht sogar der Weg gar nicht mehr sichtbar ist.<br>Ihr seid richtig, geht den eingeschlagenen Weg einfach weiter!<\/li>\n\n\n\n<li>Gott ist in dem allem mit euch. Er freut sich \u00fcber euch, dass ihr diesen Weg \u00fcberhaupt eingeschlagen habt. Auch wenn es euch vielleicht so vorkommen mag, dass alles dunkel ist, Jesus weit weg ist. Aber Jesus ist da und k\u00e4mpft f\u00fcr euch!<\/li>\n\n\n\n<li>Wenn ihr diese Br\u00fccke \u00fcberschritten habt, wird Gott uralte Tr\u00e4ume von euch, die schon verschmutzt, verstaubt und aufgegeben sind, wieder beleben und zum Leben erwecken. Ihr werdet staunen, wie wunderbar es ist, in diesen Tr\u00e4umen zu leben und zu wandeln und sie verwirklicht zu sehen. (Das sind die Sterne, die in dem Fluss im Schmutz stecken und kaum noch leuchten)<\/li>\n\n\n\n<li>Diese Erfahrung wird euch so bereichern, dass es ein wesentlicher Bestandteil eures Dienstes sein wird, anderen zu helfen ihre verstaubten Tr\u00e4ume wieder hervor zu holen, sie anzugehen und zu verwirklichen. Ihr werdet dabei helfen, dass viele Menschen geheilt werden und es wieder wagen, ihre Kindheitstr\u00e4ume zu verwirklichen. Das wiederum wird euch selber viel Heilung bringen.<\/li>\n<\/ol>\n\n\n\n<p>Ich glaube, dass Jesus vor Euch die Br\u00fccke der Ver\u00e4nderung aufgeschlagen hat. Es mag sehr herausfordernd sein, auf dieser Br\u00fccke zu gehen und euch viel zu lange vorkommen. Aber freut euch, denn Jesus leitet euch an, alte Tr\u00e4ume wieder auszugraben und zu verwirklichen und dabei anderen zur Heilung zu dienen, damit diese wiederum ihre eigenen Tr\u00e4ume verwirklichen k\u00f6nnen. So geht mutig voran, denn Jesus ist mit euch!<\/p>\n\n\n\n<figure class=\"wp-block-image is-resized\"><a href=\"\/produkt\/kunstkalender-2023-wandkalender\/\" target=\"_blank\" rel=\"noreferrer noopener\"><img loading=\"lazy\" decoding=\"async\" src=\"https:\/\/jockyart.de\/wp-content\/uploads\/2022\/08\/bestellen-1024x256.png\" alt=\"Bestellen\" class=\"wp-image-3450\" width=\"200\" height=\"50\" srcset=\"https:\/\/jockyart.de\/wp-content\/uploads\/2022\/08\/bestellen-1024x256.png 1024w, https:\/\/jockyart.de\/wp-content\/uploads\/2022\/08\/bestellen-18x5.png 18w, https:\/\/jockyart.de\/wp-content\/uploads\/2022\/08\/bestellen-324x81.png 324w, https:\/\/jockyart.de\/wp-content\/uploads\/2022\/08\/bestellen-416x104.png 416w, https:\/\/jockyart.de\/wp-content\/uploads\/2022\/08\/bestellen-300x75.png 300w, https:\/\/jockyart.de\/wp-content\/uploads\/2022\/08\/bestellen-768x192.png 768w, https:\/\/jockyart.de\/wp-content\/uploads\/2022\/08\/bestellen.png 1200w\" sizes=\"auto, (max-width: 200px) 100vw, 200px\" \/><\/a><\/figure>\n\n\n\n<p><a href=\"https:\/\/jockyart.de\/galerien\/kunstkalender-2023-wandkalender\/\" data-type=\"page\" data-id=\"3300\">zur\u00fcck<\/a><\/p>\n","protected":false},"excerpt":{"rendered":"<p>November 2023 | Deckblatt \u00a9 Copyright 2019 by&nbsp;JockyArt.de Das Original f\u00fcr Dezember des Kunstkalenders 2023 &#8211; Wand entstand als Auftragsbild: Das habe ich u.a. an die Auftraggeber geschrieben:&#8220;Ganz am Anfang war diese Br\u00fccke, die interessanterweise auch so pink angefangen hat. Diese Br\u00fccke hat einen sehr gro\u00dfen Bogen gespannt. Ihr konntet am Anfang der Br\u00fccke nicht [&hellip;]<\/p>\n","protected":false},"author":1,"featured_media":0,"parent":3300,"menu_order":0,"comment_status":"closed","ping_status":"closed","template":"","meta":{"footnotes":""},"class_list":["post-3493","page","type-page","status-publish","hentry"],"_links":{"self":[{"href":"https:\/\/jockyart.de\/de_de\/wp-json\/wp\/v2\/pages\/3493","targetHints":{"allow":["GET"]}}],"collection":[{"href":"https:\/\/jockyart.de\/de_de\/wp-json\/wp\/v2\/pages"}],"about":[{"href":"https:\/\/jockyart.de\/de_de\/wp-json\/wp\/v2\/types\/page"}],"author":[{"embeddable":true,"href":"https:\/\/jockyart.de\/de_de\/wp-json\/wp\/v2\/users\/1"}],"replies":[{"embeddable":true,"href":"https:\/\/jockyart.de\/de_de\/wp-json\/wp\/v2\/comments?post=3493"}],"version-history":[{"count":5,"href":"https:\/\/jockyart.de\/de_de\/wp-json\/wp\/v2\/pages\/3493\/revisions"}],"predecessor-version":[{"id":6010,"href":"https:\/\/jockyart.de\/de_de\/wp-json\/wp\/v2\/pages\/3493\/revisions\/6010"}],"up":[{"embeddable":true,"href":"https:\/\/jockyart.de\/de_de\/wp-json\/wp\/v2\/pages\/3300"}],"wp:attachment":[{"href":"https:\/\/jockyart.de\/de_de\/wp-json\/wp\/v2\/media?parent=3493"}],"curies":[{"name":"wp","href":"https:\/\/api.w.org\/{rel}","templated":true}]}}