{"id":3486,"date":"2022-08-05T15:35:41","date_gmt":"2022-08-05T13:35:41","guid":{"rendered":"https:\/\/jockyart.de\/?page_id=3486"},"modified":"2023-05-06T01:09:51","modified_gmt":"2023-05-05T23:09:51","slug":"11-die-mauer-des-schutzes-um-dich","status":"publish","type":"page","link":"https:\/\/jockyart.de\/de_de\/galerien\/kunstkalender-2023-wandkalender\/11-die-mauer-des-schutzes-um-dich\/","title":{"rendered":"11 Die Mauer des Schutzes um Dich"},"content":{"rendered":"\n<p><a href=\"\/galerien\/kunstkalender-2023-wandkalender\/10-der-weg-durch-den-nebel\/\">Oktober 2023<\/a> | <a href=\"\/galerien\/kunstkalender-2023-wandkalender\/12-die-bruecke-der-veraenderung\/\">Dezember 2023<\/a><\/p>\n\n\n\n<figure class=\"wp-block-image size-large\"><img loading=\"lazy\" decoding=\"async\" width=\"728\" height=\"1024\" src=\"https:\/\/jockyart.de\/wp-content\/uploads\/2022\/08\/011_November-728x1024.png\" alt=\"November - Wandkalender\" class=\"wp-image-3311\" srcset=\"https:\/\/jockyart.de\/wp-content\/uploads\/2022\/08\/011_November-728x1024.png 728w, https:\/\/jockyart.de\/wp-content\/uploads\/2022\/08\/011_November-1092x1536.png 1092w, https:\/\/jockyart.de\/wp-content\/uploads\/2022\/08\/011_November-9x12.png 9w, https:\/\/jockyart.de\/wp-content\/uploads\/2022\/08\/011_November-324x456.png 324w, https:\/\/jockyart.de\/wp-content\/uploads\/2022\/08\/011_November-416x585.png 416w, https:\/\/jockyart.de\/wp-content\/uploads\/2022\/08\/011_November-213x300.png 213w, https:\/\/jockyart.de\/wp-content\/uploads\/2022\/08\/011_November-768x1080.png 768w, https:\/\/jockyart.de\/wp-content\/uploads\/2022\/08\/011_November.png 1422w\" sizes=\"auto, (max-width: 728px) 100vw, 728px\" \/><\/figure>\n\n\n\n<p>\u00a9 Copyright 2019 by&nbsp;<em><a rel=\"noreferrer noopener\" href=\"https:\/\/www.jockyart.de\/\" target=\"_blank\">JockyArt.de<\/a><\/em><\/p>\n\n\n\n<p>Das Original f\u00fcr <em>November<\/em> des <strong>Kunstkalenders 2023 &#8211; Wand<\/strong> entstand als Wichtelgeschenk f\u00fcr eine Arbeitskollegin: Bei der allj\u00e4hrlichen Weihnachtsfeier meiner fr\u00fcheren Arbeit haben wir immer gewichtelt. Ich hatte das als Chance genutzt, um f\u00fcr meine Wichtelpartner ein prophetisches Bild anzufertigen. In diesem Jahr kannte ich meine Wichtelpartnerin gar nicht.<br><br>Das habe ich ihr u.a. mit dem Geschenk mitgegeben:<\/p>\n\n\n\n<blockquote class=\"wp-block-quote is-layout-flow wp-block-quote-is-layout-flow\">\n<p>Ich hatte den Eindruck, dass Du Dich nach Schutz und Geborgenheit sehnst, dass Du dazu geh\u00f6ren willst. Ich glaube, dass ich Dir zusprechen darf, dass Jesus die Mauer des Schutzes f\u00fcr Dich sein will, Er will dass Du in Seinen Armen geborgen bist.<\/p>\n\n\n\n<p>Dazu musst Du aber zu ihm kommen, in Seine Arme laufen, Dich unter Seinen Schutz begeben. So rufe Seinen Namen an, bitte Ihn Dich zu besch\u00fctzen. Er will es so gerne tun!<\/p>\n\n\n\n<p><em>\u201eDer Name des HERRN ist eine feste Burg; der Gerechte l\u00e4uft dorthin und wird beschirmt.\u201c<\/em>&nbsp;Spr\u00fcche 18, 10<\/p>\n<\/blockquote>\n\n\n\n<figure class=\"wp-block-image is-resized\"><a href=\"\/produkt\/kunstkalender-2023-wandkalender\/\" target=\"_blank\" rel=\"noreferrer noopener\"><img loading=\"lazy\" decoding=\"async\" src=\"https:\/\/jockyart.de\/wp-content\/uploads\/2022\/08\/bestellen-1024x256.png\" alt=\"Bestellen\" class=\"wp-image-3450\" width=\"200\" height=\"50\" srcset=\"https:\/\/jockyart.de\/wp-content\/uploads\/2022\/08\/bestellen-1024x256.png 1024w, https:\/\/jockyart.de\/wp-content\/uploads\/2022\/08\/bestellen-18x5.png 18w, https:\/\/jockyart.de\/wp-content\/uploads\/2022\/08\/bestellen-324x81.png 324w, https:\/\/jockyart.de\/wp-content\/uploads\/2022\/08\/bestellen-416x104.png 416w, https:\/\/jockyart.de\/wp-content\/uploads\/2022\/08\/bestellen-300x75.png 300w, https:\/\/jockyart.de\/wp-content\/uploads\/2022\/08\/bestellen-768x192.png 768w, https:\/\/jockyart.de\/wp-content\/uploads\/2022\/08\/bestellen.png 1200w\" sizes=\"auto, (max-width: 200px) 100vw, 200px\" \/><\/a><\/figure>\n\n\n\n<p><a href=\"https:\/\/jockyart.de\/galerien\/kunstkalender-2023-wandkalender\/\" data-type=\"page\" data-id=\"3300\">zur\u00fcck<\/a><\/p>\n","protected":false},"excerpt":{"rendered":"<p>Oktober 2023 | Dezember 2023 \u00a9 Copyright 2019 by&nbsp;JockyArt.de Das Original f\u00fcr November des Kunstkalenders 2023 &#8211; Wand entstand als Wichtelgeschenk f\u00fcr eine Arbeitskollegin: Bei der allj\u00e4hrlichen Weihnachtsfeier meiner fr\u00fcheren Arbeit haben wir immer gewichtelt. Ich hatte das als Chance genutzt, um f\u00fcr meine Wichtelpartner ein prophetisches Bild anzufertigen. In diesem Jahr kannte ich meine [&hellip;]<\/p>\n","protected":false},"author":1,"featured_media":0,"parent":3300,"menu_order":0,"comment_status":"closed","ping_status":"closed","template":"","meta":{"footnotes":""},"class_list":["post-3486","page","type-page","status-publish","hentry"],"_links":{"self":[{"href":"https:\/\/jockyart.de\/de_de\/wp-json\/wp\/v2\/pages\/3486","targetHints":{"allow":["GET"]}}],"collection":[{"href":"https:\/\/jockyart.de\/de_de\/wp-json\/wp\/v2\/pages"}],"about":[{"href":"https:\/\/jockyart.de\/de_de\/wp-json\/wp\/v2\/types\/page"}],"author":[{"embeddable":true,"href":"https:\/\/jockyart.de\/de_de\/wp-json\/wp\/v2\/users\/1"}],"replies":[{"embeddable":true,"href":"https:\/\/jockyart.de\/de_de\/wp-json\/wp\/v2\/comments?post=3486"}],"version-history":[{"count":7,"href":"https:\/\/jockyart.de\/de_de\/wp-json\/wp\/v2\/pages\/3486\/revisions"}],"predecessor-version":[{"id":6009,"href":"https:\/\/jockyart.de\/de_de\/wp-json\/wp\/v2\/pages\/3486\/revisions\/6009"}],"up":[{"embeddable":true,"href":"https:\/\/jockyart.de\/de_de\/wp-json\/wp\/v2\/pages\/3300"}],"wp:attachment":[{"href":"https:\/\/jockyart.de\/de_de\/wp-json\/wp\/v2\/media?parent=3486"}],"curies":[{"name":"wp","href":"https:\/\/api.w.org\/{rel}","templated":true}]}}