{"id":3474,"date":"2022-08-05T14:43:57","date_gmt":"2022-08-05T12:43:57","guid":{"rendered":"https:\/\/jockyart.de\/?page_id=3474"},"modified":"2023-05-06T01:07:55","modified_gmt":"2023-05-05T23:07:55","slug":"10-der-weg-durch-den-nebel","status":"publish","type":"page","link":"https:\/\/jockyart.de\/de_de\/galerien\/kunstkalender-2023-wandkalender\/10-der-weg-durch-den-nebel\/","title":{"rendered":"10 Der Weg durch den Nebel"},"content":{"rendered":"\n<p><a href=\"\/galerien\/kunstkalender-2023-wandkalender\/09-komm-aus-der-hoehle\/\">September 2023<\/a> | <a href=\"\/galerien\/kunstkalender-2023-wandkalender\/11-die-mauer-des-schutzes-um-dich\/\">November 2023<\/a><\/p>\n\n\n\n<figure class=\"wp-block-image size-large\"><img loading=\"lazy\" decoding=\"async\" width=\"728\" height=\"1024\" src=\"https:\/\/jockyart.de\/wp-content\/uploads\/2022\/08\/010_Oktober-728x1024.png\" alt=\"Oktober - Wandkalender\" class=\"wp-image-3310\" srcset=\"https:\/\/jockyart.de\/wp-content\/uploads\/2022\/08\/010_Oktober-728x1024.png 728w, https:\/\/jockyart.de\/wp-content\/uploads\/2022\/08\/010_Oktober-1092x1536.png 1092w, https:\/\/jockyart.de\/wp-content\/uploads\/2022\/08\/010_Oktober-9x12.png 9w, https:\/\/jockyart.de\/wp-content\/uploads\/2022\/08\/010_Oktober-324x456.png 324w, https:\/\/jockyart.de\/wp-content\/uploads\/2022\/08\/010_Oktober-416x585.png 416w, https:\/\/jockyart.de\/wp-content\/uploads\/2022\/08\/010_Oktober-213x300.png 213w, https:\/\/jockyart.de\/wp-content\/uploads\/2022\/08\/010_Oktober-768x1080.png 768w, https:\/\/jockyart.de\/wp-content\/uploads\/2022\/08\/010_Oktober.png 1422w\" sizes=\"auto, (max-width: 728px) 100vw, 728px\" \/><\/figure>\n\n\n\n<p>\u00a9 Copyright 2022 by&nbsp;<em><a rel=\"noreferrer noopener\" href=\"https:\/\/www.jockyart.de\/\" target=\"_blank\">JockyArt.de<\/a><\/em><\/p>\n\n\n\n<p>Das Original f\u00fcr <em>Oktober<\/em> des <strong>Kunstkalenders 2023 &#8211; Wand<\/strong> entstand als Auftragsbild: Das habe ich dem Empf\u00e4nger des Bildes u.a. geschrieben:<\/p>\n\n\n\n<blockquote class=\"wp-block-quote is-layout-flow wp-block-quote-is-layout-flow\">\n<p>W\u00e4hrend ich also f\u00fcr dich betete, hatte ich den Eindruck, dass du durch eine Gebirgslandschaft mit viel Wald gegangen bist. Auf deinem Weg ging es grade in den Wald hinein und ins Tal hinunter. Das ganze Tal war erf\u00fcllt mit dichtem, dicken Nebel, so dass du deinen Weg nur ganz schwer erkennen konntest. Das hat dich total verunsichert, weil du dir unsicher warst wie es weitergeht und du nicht vorausschauen konntest und nicht wusstest wohin es \u00fcberhaupt geht.<\/p>\n\n\n\n<p>Ich habe den Eindruck, dass du auf deinem Lebensweg gerade nicht wei\u00dft wie es weitergeht. Es ist so als w\u00e4rst du \u00fcberall von Nebel umgeben, so dass du nicht weiterschauen kannst. Das verunsichert dich ziemlich, weil du nicht mehr als die n\u00e4chsten Schritte planen kannst.<br><br>W\u00e4hrend ich \u00fcber diesem Eindruck betete, fiel mir eine Stelle aus einem B\u00fcchlein von Rick Joyner ein. Hier wird eine Kampftechnik aus dem Zweiten Weltkrieg beschrieben. In den Schlachten auf See hat der Feind k\u00fcnstliche Nebelb\u00e4nke gelegt. Die Schiffe fuhren in die unerwartete Nebelwand, waren dadurch verunsichert, wussten ihren Weg nicht mehr und fingen an nach Gef\u00fchl zu steuern. Dabei kamen sie total vom Weg ab, teilweise fuhren sie ineinander und viele Schiffe sanken. Die Verluste, die dadurch entstanden waren h\u00f6her als durch feindlichen Beschuss.<\/p>\n\n\n\n<p>Die Antwort auf diese Verwirrung war einfach stur den Kurs zu halten und einfach wie bisher weiter zu fahren. Da diese Nebelb\u00e4nke k\u00fcnstlich waren, war man relativ schnell wieder aus ihnen heraus, hatte wieder Sicht und&nbsp; konnte normal weiterfahren.<\/p>\n\n\n\n<p>Ich denke, dass eine Botschaft dieses Bildes an dich die folgende ist. Wenn du den Eindruck hast, dass dein Leben grade wie im Nebel ist, mach einfach treu in dem weiter, was du bisher als richtigen Weg erkannt hast und gehe diesen Dingen und Erkenntnissen nach, bis du weitere Klarheit hast. Damit wirst du denke ich in Zeiten des Nebels und Verunsicherung gut fahren.<\/p>\n\n\n\n<p>Des Weiteren kam mir dazu der Bibelvers aus Spr\u00fcche 16,9: \u201eDas Herz des Menschen denkt sich seinen Weg aus, aber der HERR lenkt seine Schritte.\u201c<\/p>\n\n\n\n<p>Ich verstehe diesen Vers so, dass Gott uns lenken wird, wenn wir uns in Bewegung setzen, die Schritte gehen, die wir sehen k\u00f6nnen. Und dann wird Gott uns leiten, uns den Weg zeigen. Das tut er aber nicht am Anfang bevor wir \u00fcberhaupt losgegangen sind. Wie bei einem Navi, wo ich Startpunkt und Ziel und den kompletten Weg dazwischen sehe. Nein, in dem wir gehen und uns in Bewegung setzen, zeigt er uns den weiteren Weg, wenn es wichtig wird. W\u00e4hrend wir gehen, wird sich der weitere Weg zeigen.<\/p>\n\n\n\n<p>Ich will Dich als ermutigen, deinen Weg einfach wie bisher weiter zu gehen, auch wenn du gerade von viel Nebel, Unsicherheit und Verwirrung umgeben bist. Gehe deinen Weg weiter und irgendwann wirst du wieder aus dem Nebel herauskommen. In dem du dich bewegst, werden sich die weiteren Schritte zeigen. Lass dich also nicht verunsichern, sei guten Mutes! Gott ist mit dir und f\u00fcr Dich!\u201c<\/p>\n<\/blockquote>\n\n\n\n<figure class=\"wp-block-image is-resized\"><a href=\"\/produkt\/kunstkalender-2023-wandkalender\/\" target=\"_blank\" rel=\"noreferrer noopener\"><img loading=\"lazy\" decoding=\"async\" src=\"https:\/\/jockyart.de\/wp-content\/uploads\/2022\/08\/bestellen-1024x256.png\" alt=\"Bestellen\" class=\"wp-image-3450\" width=\"200\" height=\"50\" srcset=\"https:\/\/jockyart.de\/wp-content\/uploads\/2022\/08\/bestellen-1024x256.png 1024w, https:\/\/jockyart.de\/wp-content\/uploads\/2022\/08\/bestellen-18x5.png 18w, https:\/\/jockyart.de\/wp-content\/uploads\/2022\/08\/bestellen-324x81.png 324w, https:\/\/jockyart.de\/wp-content\/uploads\/2022\/08\/bestellen-416x104.png 416w, https:\/\/jockyart.de\/wp-content\/uploads\/2022\/08\/bestellen-300x75.png 300w, https:\/\/jockyart.de\/wp-content\/uploads\/2022\/08\/bestellen-768x192.png 768w, https:\/\/jockyart.de\/wp-content\/uploads\/2022\/08\/bestellen.png 1200w\" sizes=\"auto, (max-width: 200px) 100vw, 200px\" \/><\/a><\/figure>\n\n\n\n<p><a href=\"https:\/\/jockyart.de\/galerien\/kunstkalender-2023-wandkalender\/\" data-type=\"page\" data-id=\"3300\">zur\u00fcck<\/a><\/p>\n","protected":false},"excerpt":{"rendered":"<p>September 2023 | November 2023 \u00a9 Copyright 2022 by&nbsp;JockyArt.de Das Original f\u00fcr Oktober des Kunstkalenders 2023 &#8211; Wand entstand als Auftragsbild: Das habe ich dem Empf\u00e4nger des Bildes u.a. geschrieben: W\u00e4hrend ich also f\u00fcr dich betete, hatte ich den Eindruck, dass du durch eine Gebirgslandschaft mit viel Wald gegangen bist. Auf deinem Weg ging es [&hellip;]<\/p>\n","protected":false},"author":1,"featured_media":0,"parent":3300,"menu_order":0,"comment_status":"closed","ping_status":"closed","template":"","meta":{"footnotes":""},"class_list":["post-3474","page","type-page","status-publish","hentry"],"_links":{"self":[{"href":"https:\/\/jockyart.de\/de_de\/wp-json\/wp\/v2\/pages\/3474","targetHints":{"allow":["GET"]}}],"collection":[{"href":"https:\/\/jockyart.de\/de_de\/wp-json\/wp\/v2\/pages"}],"about":[{"href":"https:\/\/jockyart.de\/de_de\/wp-json\/wp\/v2\/types\/page"}],"author":[{"embeddable":true,"href":"https:\/\/jockyart.de\/de_de\/wp-json\/wp\/v2\/users\/1"}],"replies":[{"embeddable":true,"href":"https:\/\/jockyart.de\/de_de\/wp-json\/wp\/v2\/comments?post=3474"}],"version-history":[{"count":7,"href":"https:\/\/jockyart.de\/de_de\/wp-json\/wp\/v2\/pages\/3474\/revisions"}],"predecessor-version":[{"id":6008,"href":"https:\/\/jockyart.de\/de_de\/wp-json\/wp\/v2\/pages\/3474\/revisions\/6008"}],"up":[{"embeddable":true,"href":"https:\/\/jockyart.de\/de_de\/wp-json\/wp\/v2\/pages\/3300"}],"wp:attachment":[{"href":"https:\/\/jockyart.de\/de_de\/wp-json\/wp\/v2\/media?parent=3474"}],"curies":[{"name":"wp","href":"https:\/\/api.w.org\/{rel}","templated":true}]}}