{"id":3431,"date":"2022-08-05T13:33:20","date_gmt":"2022-08-05T11:33:20","guid":{"rendered":"https:\/\/jockyart.de\/?page_id=3431"},"modified":"2023-05-06T00:57:41","modified_gmt":"2023-05-05T22:57:41","slug":"05-oel-der-salbung","status":"publish","type":"page","link":"https:\/\/jockyart.de\/de_de\/galerien\/kunstkalender-2023-wandkalender\/05-oel-der-salbung\/","title":{"rendered":"05 \u00d6l der Salbung"},"content":{"rendered":"\n<p><a href=\"\/galerien\/kunstkalender-2023-wandkalender\/04-geborgen-am-geheimen-ort\/\">April 2023<\/a> | <a href=\"\/galerien\/kunstkalender-2023-wandkalender\/06-sprung-des-glaubens-in-das-herz-des-vaters\/\">Juni 2023<\/a><\/p>\n\n\n\n<figure class=\"wp-block-image size-large\"><img loading=\"lazy\" decoding=\"async\" width=\"728\" height=\"1024\" src=\"https:\/\/jockyart.de\/wp-content\/uploads\/2022\/08\/005_Mai-728x1024.png\" alt=\"\" class=\"wp-image-3305\" srcset=\"https:\/\/jockyart.de\/wp-content\/uploads\/2022\/08\/005_Mai-728x1024.png 728w, https:\/\/jockyart.de\/wp-content\/uploads\/2022\/08\/005_Mai-1092x1536.png 1092w, https:\/\/jockyart.de\/wp-content\/uploads\/2022\/08\/005_Mai-9x12.png 9w, https:\/\/jockyart.de\/wp-content\/uploads\/2022\/08\/005_Mai-324x456.png 324w, https:\/\/jockyart.de\/wp-content\/uploads\/2022\/08\/005_Mai-416x585.png 416w, https:\/\/jockyart.de\/wp-content\/uploads\/2022\/08\/005_Mai-213x300.png 213w, https:\/\/jockyart.de\/wp-content\/uploads\/2022\/08\/005_Mai-768x1080.png 768w, https:\/\/jockyart.de\/wp-content\/uploads\/2022\/08\/005_Mai.png 1422w\" sizes=\"auto, (max-width: 728px) 100vw, 728px\" \/><\/figure>\n\n\n\n<p>\u00a9 Copyright 2017 by&nbsp;<em><a rel=\"noreferrer noopener\" href=\"https:\/\/www.jockyart.de\/\" target=\"_blank\">JockyArt.de<\/a><\/em><\/p>\n\n\n\n<p>Das Original f\u00fcr <em>Mai<\/em> des <strong>Kunstkalenders 2023 &#8211; Wand<\/strong> entstand als spontanes Bild w\u00e4hrend einer Lobpreiszeit: Mehrere Leute hatten unabh\u00e4ngig voneinander das Bild, dass Jesus mit einer Kanne das \u00d6l Seiner Gegenwart ausgie\u00dft.<\/p>\n\n\n\n<p>Der Abend und vor allem der Lobpreis waren erf\u00fcllt von der s\u00fc\u00dfen Gegenwart Gott, Jesus hat wirklich das \u00d6l Seiner Salbung ausgegossen.<\/p>\n\n\n\n<p>Was w\u00e4ren wir nur ohne Seine Salbung? Es w\u00e4re wohl nur ein langweiliger, staubtrockener Gottesdienst. So gut, dass Jesus lebt und Er sp\u00fcrbar und erfahrbar gegenw\u00e4rtig ist!<\/p>\n\n\n\n<p>\u201e<em>Und siehe, eine T\u00fcr war ge\u00f6ffnet im Himmel; und die erste Stimme, [\u2026], sprach: Komm hier herauf, und ich will dir zeigen, was nach diesem geschehen mu\u00df! Und sogleich war ich im Geist<\/em>\u201c Offb, 4, 1+2<\/p>\n\n\n\n<figure class=\"wp-block-image is-resized\"><a href=\"\/produkt\/kunstkalender-2023-wandkalender\/\" target=\"_blank\" rel=\"noreferrer noopener\"><img loading=\"lazy\" decoding=\"async\" src=\"https:\/\/jockyart.de\/wp-content\/uploads\/2022\/08\/bestellen-1024x256.png\" alt=\"Bestellen\" class=\"wp-image-3450\" width=\"200\" height=\"50\" srcset=\"https:\/\/jockyart.de\/wp-content\/uploads\/2022\/08\/bestellen-1024x256.png 1024w, https:\/\/jockyart.de\/wp-content\/uploads\/2022\/08\/bestellen-18x5.png 18w, https:\/\/jockyart.de\/wp-content\/uploads\/2022\/08\/bestellen-324x81.png 324w, https:\/\/jockyart.de\/wp-content\/uploads\/2022\/08\/bestellen-416x104.png 416w, https:\/\/jockyart.de\/wp-content\/uploads\/2022\/08\/bestellen-300x75.png 300w, https:\/\/jockyart.de\/wp-content\/uploads\/2022\/08\/bestellen-768x192.png 768w, https:\/\/jockyart.de\/wp-content\/uploads\/2022\/08\/bestellen.png 1200w\" sizes=\"auto, (max-width: 200px) 100vw, 200px\" \/><\/a><\/figure>\n\n\n\n<p><a href=\"https:\/\/jockyart.de\/galerien\/kunstkalender-2023-wandkalender\/\" data-type=\"page\" data-id=\"3300\">zur\u00fcck<\/a><\/p>\n","protected":false},"excerpt":{"rendered":"<p>April 2023 | Juni 2023 \u00a9 Copyright 2017 by&nbsp;JockyArt.de Das Original f\u00fcr Mai des Kunstkalenders 2023 &#8211; Wand entstand als spontanes Bild w\u00e4hrend einer Lobpreiszeit: Mehrere Leute hatten unabh\u00e4ngig voneinander das Bild, dass Jesus mit einer Kanne das \u00d6l Seiner Gegenwart ausgie\u00dft. Der Abend und vor allem der Lobpreis waren erf\u00fcllt von der s\u00fc\u00dfen Gegenwart [&hellip;]<\/p>\n","protected":false},"author":1,"featured_media":0,"parent":3300,"menu_order":0,"comment_status":"closed","ping_status":"closed","template":"","meta":{"footnotes":""},"class_list":["post-3431","page","type-page","status-publish","hentry"],"_links":{"self":[{"href":"https:\/\/jockyart.de\/de_de\/wp-json\/wp\/v2\/pages\/3431","targetHints":{"allow":["GET"]}}],"collection":[{"href":"https:\/\/jockyart.de\/de_de\/wp-json\/wp\/v2\/pages"}],"about":[{"href":"https:\/\/jockyart.de\/de_de\/wp-json\/wp\/v2\/types\/page"}],"author":[{"embeddable":true,"href":"https:\/\/jockyart.de\/de_de\/wp-json\/wp\/v2\/users\/1"}],"replies":[{"embeddable":true,"href":"https:\/\/jockyart.de\/de_de\/wp-json\/wp\/v2\/comments?post=3431"}],"version-history":[{"count":6,"href":"https:\/\/jockyart.de\/de_de\/wp-json\/wp\/v2\/pages\/3431\/revisions"}],"predecessor-version":[{"id":5997,"href":"https:\/\/jockyart.de\/de_de\/wp-json\/wp\/v2\/pages\/3431\/revisions\/5997"}],"up":[{"embeddable":true,"href":"https:\/\/jockyart.de\/de_de\/wp-json\/wp\/v2\/pages\/3300"}],"wp:attachment":[{"href":"https:\/\/jockyart.de\/de_de\/wp-json\/wp\/v2\/media?parent=3431"}],"curies":[{"name":"wp","href":"https:\/\/api.w.org\/{rel}","templated":true}]}}