{"id":3415,"date":"2022-08-05T13:05:16","date_gmt":"2022-08-05T11:05:16","guid":{"rendered":"https:\/\/jockyart.de\/?page_id=3415"},"modified":"2023-05-06T00:54:31","modified_gmt":"2023-05-05T22:54:31","slug":"03-such-frieden-und-jage-ihm-nach","status":"publish","type":"page","link":"https:\/\/jockyart.de\/de_de\/galerien\/kunstkalender-2023-wandkalender\/03-such-frieden-und-jage-ihm-nach\/","title":{"rendered":"03 Suche Frieden und jage ihm nach"},"content":{"rendered":"\n<p><a href=\"\/galerien\/kunstkalender-2023-wandkalender\/03-liebe-pflanzt-liebe\/\">Februar 2023<\/a> | <a href=\"\/galerien\/kunstkalender-2023-wandkalender\/04-geborgen-am-geheimen-ort\/\">April 2024<\/a><\/p>\n\n\n\n<figure class=\"wp-block-image size-large\"><img loading=\"lazy\" decoding=\"async\" width=\"728\" height=\"1024\" src=\"https:\/\/jockyart.de\/wp-content\/uploads\/2022\/08\/003_Maerz-728x1024.png\" alt=\"\" class=\"wp-image-3303\" srcset=\"https:\/\/jockyart.de\/wp-content\/uploads\/2022\/08\/003_Maerz-728x1024.png 728w, https:\/\/jockyart.de\/wp-content\/uploads\/2022\/08\/003_Maerz-1092x1536.png 1092w, https:\/\/jockyart.de\/wp-content\/uploads\/2022\/08\/003_Maerz-9x12.png 9w, https:\/\/jockyart.de\/wp-content\/uploads\/2022\/08\/003_Maerz-324x456.png 324w, https:\/\/jockyart.de\/wp-content\/uploads\/2022\/08\/003_Maerz-416x585.png 416w, https:\/\/jockyart.de\/wp-content\/uploads\/2022\/08\/003_Maerz-213x300.png 213w, https:\/\/jockyart.de\/wp-content\/uploads\/2022\/08\/003_Maerz-768x1080.png 768w, https:\/\/jockyart.de\/wp-content\/uploads\/2022\/08\/003_Maerz.png 1422w\" sizes=\"auto, (max-width: 728px) 100vw, 728px\" \/><\/figure>\n\n\n\n<p>\u00a9 Copyright 2018 by&nbsp;<em><a rel=\"noreferrer noopener\" href=\"https:\/\/www.jockyart.de\/\" target=\"_blank\">JockyArt.de<\/a><\/em><\/p>\n\n\n\n<p>Das Original f\u00fcr <em>M\u00e4rz<\/em> des <strong>Kunstkalenders 2023 &#8211; Wand<\/strong> entstand als <a href=\"https:\/\/jockyart.de\/produkt\/postkarte-suche-frieden\/\" data-type=\"product\" data-id=\"225\" target=\"_blank\" rel=\"noreferrer noopener\">Postkartenmotiv<\/a> f\u00fcr die <em>Jahreslosung  2019<\/em>: Jedes Jahr wird in Herrnhut ein Bibelvers gezogen, der f\u00fcr viele Christen sehr wichtig ist, Jahreslosung genannt. <\/p>\n\n\n\n<p>Der Psalm 34 ist in voller L\u00e4nge auch sehr gut zu lesen. Ich finde es interessant, dass wir hier aufgefordert werden den Frieden zu suchen. Wir sollen aktiv werden, weil uns Frieden nicht einfach so zuf\u00e4llt. Wir m\u00fcssen etwas tun, aufstehen und Aktionen ergreifen, sollen ihm sogar hinterherjagen!<\/p>\n\n\n\n<p>\u201eSuche Frieden und jage ihm nach!\u201c&nbsp;<strong>Psalm 34, 15<\/strong><\/p>\n\n\n\n<p>Motiv als <strong>Postkarte<\/strong> bestellen: <a href=\"https:\/\/jockyart.de\/produkt\/postkarte-suche-frieden\/\" data-type=\"product\" data-id=\"225\" target=\"_blank\" rel=\"noreferrer noopener\">klick<\/a><\/p>\n\n\n\n<figure class=\"wp-block-image is-resized\"><a href=\"\/produkt\/kunstkalender-2023-wandkalender\/\" target=\"_blank\" rel=\"noreferrer noopener\"><img loading=\"lazy\" decoding=\"async\" src=\"https:\/\/jockyart.de\/wp-content\/uploads\/2022\/08\/bestellen-1024x256.png\" alt=\"Bestellen\" class=\"wp-image-3450\" width=\"200\" height=\"50\" srcset=\"https:\/\/jockyart.de\/wp-content\/uploads\/2022\/08\/bestellen-1024x256.png 1024w, https:\/\/jockyart.de\/wp-content\/uploads\/2022\/08\/bestellen-18x5.png 18w, https:\/\/jockyart.de\/wp-content\/uploads\/2022\/08\/bestellen-324x81.png 324w, https:\/\/jockyart.de\/wp-content\/uploads\/2022\/08\/bestellen-416x104.png 416w, https:\/\/jockyart.de\/wp-content\/uploads\/2022\/08\/bestellen-300x75.png 300w, https:\/\/jockyart.de\/wp-content\/uploads\/2022\/08\/bestellen-768x192.png 768w, https:\/\/jockyart.de\/wp-content\/uploads\/2022\/08\/bestellen.png 1200w\" sizes=\"auto, (max-width: 200px) 100vw, 200px\" \/><\/a><\/figure>\n\n\n\n<p><a href=\"https:\/\/jockyart.de\/galerien\/kunstkalender-2023-wandkalender\/\" data-type=\"page\" data-id=\"3300\">zur\u00fcck<\/a><\/p>\n","protected":false},"excerpt":{"rendered":"<p>Februar 2023 | April 2024 \u00a9 Copyright 2018 by&nbsp;JockyArt.de Das Original f\u00fcr M\u00e4rz des Kunstkalenders 2023 &#8211; Wand entstand als Postkartenmotiv f\u00fcr die Jahreslosung 2019: Jedes Jahr wird in Herrnhut ein Bibelvers gezogen, der f\u00fcr viele Christen sehr wichtig ist, Jahreslosung genannt. Der Psalm 34 ist in voller L\u00e4nge auch sehr gut zu lesen. Ich [&hellip;]<\/p>\n","protected":false},"author":1,"featured_media":0,"parent":3300,"menu_order":0,"comment_status":"closed","ping_status":"closed","template":"","meta":{"footnotes":""},"class_list":["post-3415","page","type-page","status-publish","hentry"],"_links":{"self":[{"href":"https:\/\/jockyart.de\/de_de\/wp-json\/wp\/v2\/pages\/3415","targetHints":{"allow":["GET"]}}],"collection":[{"href":"https:\/\/jockyart.de\/de_de\/wp-json\/wp\/v2\/pages"}],"about":[{"href":"https:\/\/jockyart.de\/de_de\/wp-json\/wp\/v2\/types\/page"}],"author":[{"embeddable":true,"href":"https:\/\/jockyart.de\/de_de\/wp-json\/wp\/v2\/users\/1"}],"replies":[{"embeddable":true,"href":"https:\/\/jockyart.de\/de_de\/wp-json\/wp\/v2\/comments?post=3415"}],"version-history":[{"count":10,"href":"https:\/\/jockyart.de\/de_de\/wp-json\/wp\/v2\/pages\/3415\/revisions"}],"predecessor-version":[{"id":5995,"href":"https:\/\/jockyart.de\/de_de\/wp-json\/wp\/v2\/pages\/3415\/revisions\/5995"}],"up":[{"embeddable":true,"href":"https:\/\/jockyart.de\/de_de\/wp-json\/wp\/v2\/pages\/3300"}],"wp:attachment":[{"href":"https:\/\/jockyart.de\/de_de\/wp-json\/wp\/v2\/media?parent=3415"}],"curies":[{"name":"wp","href":"https:\/\/api.w.org\/{rel}","templated":true}]}}