{"id":3405,"date":"2022-08-05T12:42:27","date_gmt":"2022-08-05T10:42:27","guid":{"rendered":"https:\/\/jockyart.de\/?page_id=3405"},"modified":"2023-05-06T00:52:50","modified_gmt":"2023-05-05T22:52:50","slug":"03-liebe-pflanzt-liebe","status":"publish","type":"page","link":"https:\/\/jockyart.de\/de_de\/galerien\/kunstkalender-2023-wandkalender\/03-liebe-pflanzt-liebe\/","title":{"rendered":"02 Liebe pflanzt Liebe"},"content":{"rendered":"\n<p><a href=\"\/galerien\/kunstkalender-2023-wandkalender\/01-weg-vom-eis-zur-trauminsel\/\">Januar 2023<\/a> | <a href=\"https:\/\/jockyart.de\/galerien\/kunstkalender-2023-wandkalender\/03-such-frieden-und-jage-ihm-nach\/\" data-type=\"page\" data-id=\"3415\">M\u00e4rz 2023<\/a><\/p>\n\n\n\n<figure class=\"wp-block-image size-large\"><img loading=\"lazy\" decoding=\"async\" width=\"728\" height=\"1024\" src=\"https:\/\/jockyart.de\/wp-content\/uploads\/2022\/08\/002_Februar-728x1024.png\" alt=\"\" class=\"wp-image-3302\" srcset=\"https:\/\/jockyart.de\/wp-content\/uploads\/2022\/08\/002_Februar-728x1024.png 728w, https:\/\/jockyart.de\/wp-content\/uploads\/2022\/08\/002_Februar-1092x1536.png 1092w, https:\/\/jockyart.de\/wp-content\/uploads\/2022\/08\/002_Februar-9x12.png 9w, https:\/\/jockyart.de\/wp-content\/uploads\/2022\/08\/002_Februar-324x456.png 324w, https:\/\/jockyart.de\/wp-content\/uploads\/2022\/08\/002_Februar-416x585.png 416w, https:\/\/jockyart.de\/wp-content\/uploads\/2022\/08\/002_Februar-213x300.png 213w, https:\/\/jockyart.de\/wp-content\/uploads\/2022\/08\/002_Februar-768x1080.png 768w, https:\/\/jockyart.de\/wp-content\/uploads\/2022\/08\/002_Februar.png 1422w\" sizes=\"auto, (max-width: 728px) 100vw, 728px\" \/><\/figure>\n\n\n\n<p>\u00a9 Copyright 2018 by&nbsp;<em><a rel=\"noreferrer noopener\" href=\"https:\/\/www.jockyart.de\/\" target=\"_blank\">JockyArt.de<\/a><\/em><\/p>\n\n\n\n<p>Das Original f\u00fcr <em>Februar<\/em> des <strong>Kunstkalenders 2023 &#8211; Wand<\/strong> entstand spontan auf einer Gebetsreise im Ausland: Auf diesem Einsatz wurden B\u00e4ume gepflanzt , um Gottes Liebe weiter zu geben. Wenn ich den Menschen mit Liebe begegne, ihnen sage wie sch\u00f6n und wertvoll sie sind, dann wird sich das auch in ihnen wiederspiegeln, dann werden sie selber Liebe und Sch\u00f6nheit ausstrahlen.<\/p>\n\n\n\n<p>Es geht nicht nur darum, B\u00e4ume zu pflanzen, sondern ein Zeichen zu setzen, dass etwas Neues begonnen hat, dass g\u00f6ttliche Liebe so anders ist und Grenzen \u00fcberwindet.<\/p>\n\n\n\n<blockquote class=\"wp-block-quote is-layout-flow wp-block-quote-is-layout-flow\">\n<p>\u201eGedenkt nicht an das Fr\u00fchere und achtet nicht auf das Vorige!&nbsp;Denn siehe, ich will ein Neues schaffen, jetzt w\u00e4chst es auf, erkennt ihr\u2019s denn nicht? Ich mache einen Weg in der W\u00fcste und Wasserstr\u00f6me in der Ein\u00f6de.\u201c<br><strong>Jesaja 43, 19<br><\/strong><br>\u201eHingehaltene Hoffnung macht das Herz krank; ein erf\u00fcllter Wunsch aber ist ein Baum des Lebens.\u201c<br><strong>Spr\u00fcche 13, 12<\/strong><\/p>\n<\/blockquote>\n\n\n\n<figure class=\"wp-block-image is-resized\"><a href=\"\/produkt\/kunstkalender-2023-wandkalender\/\" target=\"_blank\" rel=\"noreferrer noopener\"><img loading=\"lazy\" decoding=\"async\" src=\"https:\/\/jockyart.de\/wp-content\/uploads\/2022\/08\/bestellen-1024x256.png\" alt=\"Bestellen\" class=\"wp-image-3450\" width=\"200\" height=\"50\" srcset=\"https:\/\/jockyart.de\/wp-content\/uploads\/2022\/08\/bestellen-1024x256.png 1024w, https:\/\/jockyart.de\/wp-content\/uploads\/2022\/08\/bestellen-18x5.png 18w, https:\/\/jockyart.de\/wp-content\/uploads\/2022\/08\/bestellen-324x81.png 324w, https:\/\/jockyart.de\/wp-content\/uploads\/2022\/08\/bestellen-416x104.png 416w, https:\/\/jockyart.de\/wp-content\/uploads\/2022\/08\/bestellen-300x75.png 300w, https:\/\/jockyart.de\/wp-content\/uploads\/2022\/08\/bestellen-768x192.png 768w, https:\/\/jockyart.de\/wp-content\/uploads\/2022\/08\/bestellen.png 1200w\" sizes=\"auto, (max-width: 200px) 100vw, 200px\" \/><\/a><\/figure>\n\n\n\n<p><a href=\"https:\/\/jockyart.de\/galerien\/kunstkalender-2023-wandkalender\/\" data-type=\"page\" data-id=\"3300\">zur\u00fcck<\/a><\/p>\n","protected":false},"excerpt":{"rendered":"<p>Januar 2023 | M\u00e4rz 2023 \u00a9 Copyright 2018 by&nbsp;JockyArt.de Das Original f\u00fcr Februar des Kunstkalenders 2023 &#8211; Wand entstand spontan auf einer Gebetsreise im Ausland: Auf diesem Einsatz wurden B\u00e4ume gepflanzt , um Gottes Liebe weiter zu geben. Wenn ich den Menschen mit Liebe begegne, ihnen sage wie sch\u00f6n und wertvoll sie sind, dann wird [&hellip;]<\/p>\n","protected":false},"author":1,"featured_media":0,"parent":3300,"menu_order":0,"comment_status":"closed","ping_status":"closed","template":"","meta":{"footnotes":""},"class_list":["post-3405","page","type-page","status-publish","hentry"],"_links":{"self":[{"href":"https:\/\/jockyart.de\/de_de\/wp-json\/wp\/v2\/pages\/3405","targetHints":{"allow":["GET"]}}],"collection":[{"href":"https:\/\/jockyart.de\/de_de\/wp-json\/wp\/v2\/pages"}],"about":[{"href":"https:\/\/jockyart.de\/de_de\/wp-json\/wp\/v2\/types\/page"}],"author":[{"embeddable":true,"href":"https:\/\/jockyart.de\/de_de\/wp-json\/wp\/v2\/users\/1"}],"replies":[{"embeddable":true,"href":"https:\/\/jockyart.de\/de_de\/wp-json\/wp\/v2\/comments?post=3405"}],"version-history":[{"count":9,"href":"https:\/\/jockyart.de\/de_de\/wp-json\/wp\/v2\/pages\/3405\/revisions"}],"predecessor-version":[{"id":5993,"href":"https:\/\/jockyart.de\/de_de\/wp-json\/wp\/v2\/pages\/3405\/revisions\/5993"}],"up":[{"embeddable":true,"href":"https:\/\/jockyart.de\/de_de\/wp-json\/wp\/v2\/pages\/3300"}],"wp:attachment":[{"href":"https:\/\/jockyart.de\/de_de\/wp-json\/wp\/v2\/media?parent=3405"}],"curies":[{"name":"wp","href":"https:\/\/api.w.org\/{rel}","templated":true}]}}