{"id":3394,"date":"2022-08-05T00:24:47","date_gmt":"2022-08-04T22:24:47","guid":{"rendered":"https:\/\/jockyart.de\/?page_id=3394"},"modified":"2023-05-05T20:06:34","modified_gmt":"2023-05-05T18:06:34","slug":"01-weg-vom-eis-zur-trauminsel","status":"publish","type":"page","link":"https:\/\/jockyart.de\/de_de\/galerien\/kunstkalender-2023-wandkalender\/01-weg-vom-eis-zur-trauminsel\/","title":{"rendered":"01 Weg vom Eis zur Trauminsel"},"content":{"rendered":"\n<p><a href=\"\/galerien\/kunstkalender-2023-wandkalender\/wandkalender-getragen-von-ewigen-armen\/\" data-type=\"page\" data-id=\"3339\">Deckblatt<\/a> | <a href=\"https:\/\/jockyart.de\/galerien\/kunstkalender-2023-wandkalender\/03-liebe-pflanzt-liebe\/\" data-type=\"page\" data-id=\"3405\">Februar 2023<\/a><\/p>\n\n\n\n<figure class=\"wp-block-image size-large\"><img loading=\"lazy\" decoding=\"async\" width=\"728\" height=\"1024\" src=\"https:\/\/jockyart.de\/wp-content\/uploads\/2022\/08\/001_Januar-728x1024.png\" alt=\"Januar - Wandkalender\" class=\"wp-image-3301\" srcset=\"https:\/\/jockyart.de\/wp-content\/uploads\/2022\/08\/001_Januar-728x1024.png 728w, https:\/\/jockyart.de\/wp-content\/uploads\/2022\/08\/001_Januar-1092x1536.png 1092w, https:\/\/jockyart.de\/wp-content\/uploads\/2022\/08\/001_Januar-9x12.png 9w, https:\/\/jockyart.de\/wp-content\/uploads\/2022\/08\/001_Januar-324x456.png 324w, https:\/\/jockyart.de\/wp-content\/uploads\/2022\/08\/001_Januar-416x585.png 416w, https:\/\/jockyart.de\/wp-content\/uploads\/2022\/08\/001_Januar-213x300.png 213w, https:\/\/jockyart.de\/wp-content\/uploads\/2022\/08\/001_Januar-768x1080.png 768w, https:\/\/jockyart.de\/wp-content\/uploads\/2022\/08\/001_Januar.png 1422w\" sizes=\"auto, (max-width: 728px) 100vw, 728px\" \/><\/figure>\n\n\n\n<p>\u00a9 Copyright 2019 by&nbsp;<em><a rel=\"noreferrer noopener\" href=\"https:\/\/www.jockyart.de\/\" target=\"_blank\">JockyArt.de<\/a><\/em><\/p>\n\n\n\n<p>Das Original f\u00fcr den<em> Januar<\/em> des <strong>Kunstkalenders 2023 &#8211; Wand<\/strong> war ein Auftragsbild: Ich sah zun\u00e4chst diese schier endlose Eisw\u00fcste. Der ewige Winter, der schier nicht enden wollte. Die Person war aber inzwischen am Ende dieser Eisw\u00fcste, am Ende des Winters angekommen. Das Eis hatte bereits begonnen zu schmelzen. Gro\u00dfe Eisplatten t\u00fcrmten sich vor ihr bedrohlich auf. Sie konnte durch sie nicht so ohne weiteres weiterkommen, weil sie eben aufget\u00fcrmt vor ihr lagen. Im Hintergrund war aber schon das Meer zu sehen, das wunderbare, sch\u00f6ne und warme Meer. Ganz hinten war sogar eine wundersch\u00f6ne S\u00fcdseeinsel zu sehen.<\/p>\n\n\n\n<p>Ein Symbol f\u00fcr das verhei\u00dfene Land, das Land ihrer Tr\u00e4ume. Dort war es hei\u00df, sonnig und wundersch\u00f6n, das Wasser hatte eine tolle Farbe \u2013 es war einfach herrlich! Das genaue Gegenteil von Winter!<\/p>\n\n\n\n<p>Nun war aber die Herausforderung nicht zu verharren und auf bessere Zeiten zu warten. Die Einladung bestand darin, sich auf den Weg zu machen und diese Eisplatten zu \u00fcberwinden. Das mag zwar etwas herausfordernd und ungewohnt sein. Aber es lohnt sich, denn unmittelbar dahinter ist das Meer und der freie Zugang zum verhei\u00dfenen Land!<br>\u201eAlso los, auf geht\u2019s! Jesus ist mit Dir!\u201c<\/p>\n\n\n\n<p>\u201e<em>Denn es ist einen Sache, das Land des Friedens von einem bewaldeten H\u00fcgel aus zu sehen und eine andere sich auf den Weg zu machen, der dahin f\u00fchrt<\/em>\u201c&nbsp;<strong>Augustinus, Bekenntnisse<\/strong><\/p>\n\n\n\n<p>Wenn wir lange in schwierigen Umst\u00e4nden sind, dann haben wir uns daran gew\u00f6hnt, haben gelernt damit umzugehen, haben uns damit abgefunden und eingerichtet. Es ist herausfordernd, in das Neue zu gehen, sich darauf einzulassen. Zu realisieren, dass nun neue Regeln gelten, dass nun die Umst\u00e4nde anders sind. Wir m\u00fcssen lernen, die Situationen um uns herum anders zu beurteilen, weil wir eben im Neuland sind. Es besteht die Gefahr im Alten zu verharren, obwohl schon l\u00e4ngst eine neue Zeit angefangen hat.<\/p>\n\n\n\n<p>Auf der prophetischen Konferenz hat uns Sharon Stone herausgefordert: Sind wir bereit Anf\u00e4nger, Amateure in dem Neuen zu sein und das hinter uns zu lassen, dass wir Profis im Alten sind?<\/p>\n\n\n\n<p>Mich spricht das auch sehr an, weil ich mich ja in einer \u00e4hnlichen Situation befinde. Vielleicht auch euch, liebe Leser. Ich wei\u00df nicht, was es f\u00fcr euch konkret hei\u00dft, diese Eisplatten zu \u00fcberwinden. Geht hin und sucht Gott.<br>Er wird es euch zeigen und euch vor allem dabei helfen.<\/p>\n\n\n\n<p>Das neue Land ist kurz bevor\u2026 K\u00f6nnt ihr die M\u00f6wen h\u00f6ren, die verk\u00fcnden dass das Meer nicht mehr weit ist?<\/p>\n\n\n\n<figure class=\"wp-block-image is-resized\"><a href=\"\/produkt\/kunstkalender-2023-wandkalender\/\" target=\"_blank\" rel=\"noreferrer noopener\"><img loading=\"lazy\" decoding=\"async\" src=\"https:\/\/jockyart.de\/wp-content\/uploads\/2022\/08\/bestellen-1024x256.png\" alt=\"Bestellen\" class=\"wp-image-3450\" width=\"200\" height=\"50\" srcset=\"https:\/\/jockyart.de\/wp-content\/uploads\/2022\/08\/bestellen-1024x256.png 1024w, https:\/\/jockyart.de\/wp-content\/uploads\/2022\/08\/bestellen-18x5.png 18w, https:\/\/jockyart.de\/wp-content\/uploads\/2022\/08\/bestellen-324x81.png 324w, https:\/\/jockyart.de\/wp-content\/uploads\/2022\/08\/bestellen-416x104.png 416w, https:\/\/jockyart.de\/wp-content\/uploads\/2022\/08\/bestellen-300x75.png 300w, https:\/\/jockyart.de\/wp-content\/uploads\/2022\/08\/bestellen-768x192.png 768w, https:\/\/jockyart.de\/wp-content\/uploads\/2022\/08\/bestellen.png 1200w\" sizes=\"auto, (max-width: 200px) 100vw, 200px\" \/><\/a><\/figure>\n\n\n\n<p><a href=\"https:\/\/jockyart.de\/galerien\/kunstkalender-2023-wandkalender\/\" data-type=\"page\" data-id=\"3300\">zur\u00fcck<\/a><\/p>\n","protected":false},"excerpt":{"rendered":"<p>Deckblatt | Februar 2023 \u00a9 Copyright 2019 by&nbsp;JockyArt.de Das Original f\u00fcr den Januar des Kunstkalenders 2023 &#8211; Wand war ein Auftragsbild: Ich sah zun\u00e4chst diese schier endlose Eisw\u00fcste. Der ewige Winter, der schier nicht enden wollte. Die Person war aber inzwischen am Ende dieser Eisw\u00fcste, am Ende des Winters angekommen. Das Eis hatte bereits begonnen [&hellip;]<\/p>\n","protected":false},"author":1,"featured_media":0,"parent":3300,"menu_order":0,"comment_status":"closed","ping_status":"closed","template":"","meta":{"footnotes":""},"class_list":["post-3394","page","type-page","status-publish","hentry"],"_links":{"self":[{"href":"https:\/\/jockyart.de\/de_de\/wp-json\/wp\/v2\/pages\/3394","targetHints":{"allow":["GET"]}}],"collection":[{"href":"https:\/\/jockyart.de\/de_de\/wp-json\/wp\/v2\/pages"}],"about":[{"href":"https:\/\/jockyart.de\/de_de\/wp-json\/wp\/v2\/types\/page"}],"author":[{"embeddable":true,"href":"https:\/\/jockyart.de\/de_de\/wp-json\/wp\/v2\/users\/1"}],"replies":[{"embeddable":true,"href":"https:\/\/jockyart.de\/de_de\/wp-json\/wp\/v2\/comments?post=3394"}],"version-history":[{"count":9,"href":"https:\/\/jockyart.de\/de_de\/wp-json\/wp\/v2\/pages\/3394\/revisions"}],"predecessor-version":[{"id":5972,"href":"https:\/\/jockyart.de\/de_de\/wp-json\/wp\/v2\/pages\/3394\/revisions\/5972"}],"up":[{"embeddable":true,"href":"https:\/\/jockyart.de\/de_de\/wp-json\/wp\/v2\/pages\/3300"}],"wp:attachment":[{"href":"https:\/\/jockyart.de\/de_de\/wp-json\/wp\/v2\/media?parent=3394"}],"curies":[{"name":"wp","href":"https:\/\/api.w.org\/{rel}","templated":true}]}}