{"id":3365,"date":"2022-08-04T22:14:31","date_gmt":"2022-08-04T20:14:31","guid":{"rendered":"https:\/\/jockyart.de\/?page_id=3365"},"modified":"2023-05-06T12:02:52","modified_gmt":"2023-05-06T10:02:52","slug":"postkartenkalender-2023","status":"publish","type":"page","link":"https:\/\/jockyart.de\/de_de\/galerien\/prophetische-kunst\/kunstkalender\/postkartenkalender-2023\/","title":{"rendered":"Postkartenkalender 2023"},"content":{"rendered":"\n<p>Dieses Jahr habe ich 2 Kalender f\u00fcr  das kommende Jahr entworfen. Einen <a href=\"https:\/\/jockyart.de\/produkt\/kunstkalender-2023-wandkalender\/\" data-type=\"product\" data-id=\"3448\" target=\"_blank\" rel=\"noreferrer noopener\">hochformatigen Wandkalender <\/a>und einen <strong>Postkartenkalender<\/strong>. Hier k\u00f6nnt ihr euch die fertigen Kalenderbl\u00e4tter des Wandkalenders und die Geschichten hinter den Bildern anschauen.<\/p>\n\n\n\n<div class=\"wp-block-columns is-layout-flex wp-container-core-columns-is-layout-28f84493 wp-block-columns-is-layout-flex\">\n<div class=\"wp-block-column is-layout-flow wp-block-column-is-layout-flow\">\n<figure class=\"wp-block-image size-large\"><a href=\"\/galerien\/kunstkalender-2023\/00-licht-bricht-durch-durch-lobpreis\/\"><img loading=\"lazy\" decoding=\"async\" width=\"1024\" height=\"734\" src=\"https:\/\/jockyart.de\/wp-content\/uploads\/2022\/08\/000_Deckblatt-1-1024x734.png\" alt=\"Deckblatt - Postkartenkalender\" class=\"wp-image-3698\" srcset=\"https:\/\/jockyart.de\/wp-content\/uploads\/2022\/08\/000_Deckblatt-1-1024x734.png 1024w, https:\/\/jockyart.de\/wp-content\/uploads\/2022\/08\/000_Deckblatt-1-1536x1101.png 1536w, https:\/\/jockyart.de\/wp-content\/uploads\/2022\/08\/000_Deckblatt-1-18x12.png 18w, https:\/\/jockyart.de\/wp-content\/uploads\/2022\/08\/000_Deckblatt-1-324x232.png 324w, https:\/\/jockyart.de\/wp-content\/uploads\/2022\/08\/000_Deckblatt-1-416x298.png 416w, https:\/\/jockyart.de\/wp-content\/uploads\/2022\/08\/000_Deckblatt-1-300x215.png 300w, https:\/\/jockyart.de\/wp-content\/uploads\/2022\/08\/000_Deckblatt-1-768x550.png 768w, https:\/\/jockyart.de\/wp-content\/uploads\/2022\/08\/000_Deckblatt-1.png 2000w\" sizes=\"auto, (max-width: 1024px) 100vw, 1024px\" \/><\/a><\/figure>\n<\/div>\n\n\n\n<div class=\"wp-block-column is-layout-flow wp-block-column-is-layout-flow\">\n<p><span class=\"has-text-align-left\"><strong>Deckblatt<\/strong><br>     <a href=\"\/galerien\/prophetische-kunst\/kunstkalender-2023\/00-licht-bricht-durch-durch-lobpreis\/\">Licht bricht durch durch Lobpreis<\/a><\/span><\/p>\n<\/div>\n\n\n\n<div class=\"wp-block-column is-layout-flow wp-block-column-is-layout-flow\"><\/div>\n\n\n\n<div class=\"wp-block-column is-layout-flow wp-block-column-is-layout-flow\"><\/div>\n<\/div>\n\n\n\n<div class=\"wp-block-columns is-layout-flex wp-container-core-columns-is-layout-28f84493 wp-block-columns-is-layout-flex\">\n<div class=\"wp-block-column is-layout-flow wp-block-column-is-layout-flow\">\n<figure class=\"wp-block-image size-large\"><a href=\"\/galerien\/kunstkalender-2023\/postkartenkalender-2023\/01-jesus-you-make-the-darkness-tremble\/\"><img loading=\"lazy\" decoding=\"async\" width=\"1024\" height=\"734\" src=\"https:\/\/jockyart.de\/wp-content\/uploads\/2022\/08\/001_Januar-1-1024x734.png\" alt=\"Januar - Postkartenkalender\" class=\"wp-image-3711\" srcset=\"https:\/\/jockyart.de\/wp-content\/uploads\/2022\/08\/001_Januar-1-1024x734.png 1024w, https:\/\/jockyart.de\/wp-content\/uploads\/2022\/08\/001_Januar-1-1536x1101.png 1536w, https:\/\/jockyart.de\/wp-content\/uploads\/2022\/08\/001_Januar-1-18x12.png 18w, https:\/\/jockyart.de\/wp-content\/uploads\/2022\/08\/001_Januar-1-324x232.png 324w, https:\/\/jockyart.de\/wp-content\/uploads\/2022\/08\/001_Januar-1-416x298.png 416w, https:\/\/jockyart.de\/wp-content\/uploads\/2022\/08\/001_Januar-1-300x215.png 300w, https:\/\/jockyart.de\/wp-content\/uploads\/2022\/08\/001_Januar-1-768x550.png 768w, https:\/\/jockyart.de\/wp-content\/uploads\/2022\/08\/001_Januar-1.png 2000w\" sizes=\"auto, (max-width: 1024px) 100vw, 1024px\" \/><\/a><\/figure>\n<\/div>\n\n\n\n<div class=\"wp-block-column is-layout-flow wp-block-column-is-layout-flow\">\n<p><span class=\"has-text-align-left\"><strong>Januar 2023<\/strong><br>     <a href=\"\/galerien\/prophetische-kunst\/kunstkalender-2023\/postkartenkalender-2023\/01-jesus-you-make-the-darkness-tremble\/\">Jesus, you make the darkness tremble<\/a><\/span><\/p>\n<\/div>\n\n\n\n<div class=\"wp-block-column is-layout-flow wp-block-column-is-layout-flow\">\n<figure class=\"wp-block-image size-large\"><a href=\"\/galerien\/kunstkalender-2023\/postkartenkalender-2023\/02-geborgenheit\/\"><img loading=\"lazy\" decoding=\"async\" width=\"1024\" height=\"734\" src=\"https:\/\/jockyart.de\/wp-content\/uploads\/2022\/08\/002_Februar-1-1024x734.png\" alt=\"Februar - Postkartenkalender\" class=\"wp-image-3712\" srcset=\"https:\/\/jockyart.de\/wp-content\/uploads\/2022\/08\/002_Februar-1-1024x734.png 1024w, https:\/\/jockyart.de\/wp-content\/uploads\/2022\/08\/002_Februar-1-1536x1101.png 1536w, https:\/\/jockyart.de\/wp-content\/uploads\/2022\/08\/002_Februar-1-18x12.png 18w, https:\/\/jockyart.de\/wp-content\/uploads\/2022\/08\/002_Februar-1-324x232.png 324w, https:\/\/jockyart.de\/wp-content\/uploads\/2022\/08\/002_Februar-1-416x298.png 416w, https:\/\/jockyart.de\/wp-content\/uploads\/2022\/08\/002_Februar-1-300x215.png 300w, https:\/\/jockyart.de\/wp-content\/uploads\/2022\/08\/002_Februar-1-768x550.png 768w, https:\/\/jockyart.de\/wp-content\/uploads\/2022\/08\/002_Februar-1.png 2000w\" sizes=\"auto, (max-width: 1024px) 100vw, 1024px\" \/><\/a><\/figure>\n<\/div>\n\n\n\n<div class=\"wp-block-column is-layout-flow wp-block-column-is-layout-flow\">\n<p><strong>Februar 2023<\/strong><br>   <a href=\"\/galerien\/prophetische-kunst\/kunstkalender-2023\/postkartenkalender-2023\/02-geborgenheit\/\">Geborgenheit<\/a><\/p>\n<\/div>\n<\/div>\n\n\n\n<div class=\"wp-block-columns is-layout-flex wp-container-core-columns-is-layout-28f84493 wp-block-columns-is-layout-flex\">\n<div class=\"wp-block-column is-layout-flow wp-block-column-is-layout-flow\">\n<figure class=\"wp-block-image size-large\"><a href=\"\/galerien\/kunstkalender-2023\/postkartenkalender-2023\/03-du-bist-ein-geschenk-der-garten\/\"><img loading=\"lazy\" decoding=\"async\" width=\"1024\" height=\"734\" src=\"https:\/\/jockyart.de\/wp-content\/uploads\/2022\/08\/003_Maerz-1-1024x734.png\" alt=\"M\u00e4rz - Postkartenkalender\" class=\"wp-image-3713\" srcset=\"https:\/\/jockyart.de\/wp-content\/uploads\/2022\/08\/003_Maerz-1-1024x734.png 1024w, https:\/\/jockyart.de\/wp-content\/uploads\/2022\/08\/003_Maerz-1-1536x1101.png 1536w, https:\/\/jockyart.de\/wp-content\/uploads\/2022\/08\/003_Maerz-1-18x12.png 18w, https:\/\/jockyart.de\/wp-content\/uploads\/2022\/08\/003_Maerz-1-324x232.png 324w, https:\/\/jockyart.de\/wp-content\/uploads\/2022\/08\/003_Maerz-1-416x298.png 416w, https:\/\/jockyart.de\/wp-content\/uploads\/2022\/08\/003_Maerz-1-300x215.png 300w, https:\/\/jockyart.de\/wp-content\/uploads\/2022\/08\/003_Maerz-1-768x550.png 768w, https:\/\/jockyart.de\/wp-content\/uploads\/2022\/08\/003_Maerz-1.png 2000w\" sizes=\"auto, (max-width: 1024px) 100vw, 1024px\" \/><\/a><\/figure>\n<\/div>\n\n\n\n<div class=\"wp-block-column is-layout-flow wp-block-column-is-layout-flow\">\n<p><span class=\"has-text-align-left\"><strong>M\u00e4rz 2023<\/strong><br>     <a href=\"\/galerien\/prophetische-kunst\/kunstkalender-2023\/postkartenkalender-2023\/03-du-bist-ein-geschenk-der-garten\/\">Du bist ein Geschenk &#8211; der Garten<\/a><\/span><\/p>\n<\/div>\n\n\n\n<div class=\"wp-block-column is-layout-flow wp-block-column-is-layout-flow\">\n<figure class=\"wp-block-image size-large\"><a href=\"\/galerien\/kunstkalender-2023\/postkartenkalender-2023\/04-sonrise-he-is-risen\/\"><img loading=\"lazy\" decoding=\"async\" width=\"1024\" height=\"734\" src=\"https:\/\/jockyart.de\/wp-content\/uploads\/2022\/08\/004_April-1-1024x734.png\" alt=\"April - Postkartenkalender\" class=\"wp-image-3702\" srcset=\"https:\/\/jockyart.de\/wp-content\/uploads\/2022\/08\/004_April-1-1024x734.png 1024w, https:\/\/jockyart.de\/wp-content\/uploads\/2022\/08\/004_April-1-1536x1101.png 1536w, https:\/\/jockyart.de\/wp-content\/uploads\/2022\/08\/004_April-1-18x12.png 18w, https:\/\/jockyart.de\/wp-content\/uploads\/2022\/08\/004_April-1-324x232.png 324w, https:\/\/jockyart.de\/wp-content\/uploads\/2022\/08\/004_April-1-416x298.png 416w, https:\/\/jockyart.de\/wp-content\/uploads\/2022\/08\/004_April-1-300x215.png 300w, https:\/\/jockyart.de\/wp-content\/uploads\/2022\/08\/004_April-1-768x550.png 768w, https:\/\/jockyart.de\/wp-content\/uploads\/2022\/08\/004_April-1.png 2000w\" sizes=\"auto, (max-width: 1024px) 100vw, 1024px\" \/><\/a><\/figure>\n<\/div>\n\n\n\n<div class=\"wp-block-column is-layout-flow wp-block-column-is-layout-flow\">\n<p><strong>April 2023<\/strong><br>   <a href=\"\/galerien\/prophetische-kunst\/kunstkalender-2023\/postkartenkalender-2023\/04-sonrise-he-is-risen\/\">Sonrise &#8211; He is risen<\/a><\/p>\n<\/div>\n<\/div>\n\n\n\n<div class=\"wp-block-columns is-layout-flex wp-container-core-columns-is-layout-28f84493 wp-block-columns-is-layout-flex\">\n<div class=\"wp-block-column is-layout-flow wp-block-column-is-layout-flow\">\n<figure class=\"wp-block-image size-large\"><a href=\"\/galerien\/kunstkalender-2023\/postkartenkalender-2023\/05-feuerkrone\/\"><img loading=\"lazy\" decoding=\"async\" width=\"1024\" height=\"734\" src=\"https:\/\/jockyart.de\/wp-content\/uploads\/2022\/08\/005_Mai-1-1024x734.png\" alt=\"Mai - Postkartenkalender\" class=\"wp-image-3703\" srcset=\"https:\/\/jockyart.de\/wp-content\/uploads\/2022\/08\/005_Mai-1-1024x734.png 1024w, https:\/\/jockyart.de\/wp-content\/uploads\/2022\/08\/005_Mai-1-1536x1101.png 1536w, https:\/\/jockyart.de\/wp-content\/uploads\/2022\/08\/005_Mai-1-18x12.png 18w, https:\/\/jockyart.de\/wp-content\/uploads\/2022\/08\/005_Mai-1-324x232.png 324w, https:\/\/jockyart.de\/wp-content\/uploads\/2022\/08\/005_Mai-1-416x298.png 416w, https:\/\/jockyart.de\/wp-content\/uploads\/2022\/08\/005_Mai-1-300x215.png 300w, https:\/\/jockyart.de\/wp-content\/uploads\/2022\/08\/005_Mai-1-768x550.png 768w, https:\/\/jockyart.de\/wp-content\/uploads\/2022\/08\/005_Mai-1.png 2000w\" sizes=\"auto, (max-width: 1024px) 100vw, 1024px\" \/><\/a><\/figure>\n<\/div>\n\n\n\n<div class=\"wp-block-column is-layout-flow wp-block-column-is-layout-flow\">\n<p><span class=\"has-text-align-left\"><strong>Mai 2023<\/strong><br>     <a href=\"\/galerien\/prophetische-kunst\/kunstkalender-2023\/postkartenkalender-2023\/05-feuerkrone\/\">Feuerkrone<\/a><\/span><\/p>\n<\/div>\n\n\n\n<div class=\"wp-block-column is-layout-flow wp-block-column-is-layout-flow\">\n<figure class=\"wp-block-image size-large\"><a href=\"\/galerien\/kunstkalender-2023\/postkartenkalender-2023\/06-licht-am-ende-des-tunnels\/\"><img loading=\"lazy\" decoding=\"async\" width=\"1024\" height=\"734\" src=\"https:\/\/jockyart.de\/wp-content\/uploads\/2022\/08\/006_Juni-1-1024x734.png\" alt=\"Juni - Postkartenkalender\" class=\"wp-image-3715\" srcset=\"https:\/\/jockyart.de\/wp-content\/uploads\/2022\/08\/006_Juni-1-1024x734.png 1024w, https:\/\/jockyart.de\/wp-content\/uploads\/2022\/08\/006_Juni-1-1536x1101.png 1536w, https:\/\/jockyart.de\/wp-content\/uploads\/2022\/08\/006_Juni-1-18x12.png 18w, https:\/\/jockyart.de\/wp-content\/uploads\/2022\/08\/006_Juni-1-324x232.png 324w, https:\/\/jockyart.de\/wp-content\/uploads\/2022\/08\/006_Juni-1-416x298.png 416w, https:\/\/jockyart.de\/wp-content\/uploads\/2022\/08\/006_Juni-1-300x215.png 300w, https:\/\/jockyart.de\/wp-content\/uploads\/2022\/08\/006_Juni-1-768x550.png 768w, https:\/\/jockyart.de\/wp-content\/uploads\/2022\/08\/006_Juni-1.png 2000w\" sizes=\"auto, (max-width: 1024px) 100vw, 1024px\" \/><\/a><\/figure>\n<\/div>\n\n\n\n<div class=\"wp-block-column is-layout-flow wp-block-column-is-layout-flow\">\n<p><strong>Juni 2023<\/strong><br>  <a href=\"\/galerien\/prophetische-kunst\/kunstkalender-2023\/postkartenkalender-2023\/06-licht-am-ende-des-tunnels\/\"> Licht am Ende des Tunnels<\/a><\/p>\n<\/div>\n<\/div>\n\n\n\n<div class=\"wp-block-columns is-layout-flex wp-container-core-columns-is-layout-28f84493 wp-block-columns-is-layout-flex\">\n<div class=\"wp-block-column is-layout-flow wp-block-column-is-layout-flow\">\n<figure class=\"wp-block-image size-large\"><a href=\"\/galerien\/kunstkalender-2023\/postkartenkalender-2023\/08-schau-aufs-licht\/\"><img loading=\"lazy\" decoding=\"async\" width=\"1024\" height=\"734\" src=\"https:\/\/jockyart.de\/wp-content\/uploads\/2022\/08\/007_Juli-1-1024x734.png\" alt=\"Juli - Postkartenkalender\" class=\"wp-image-3705\" srcset=\"https:\/\/jockyart.de\/wp-content\/uploads\/2022\/08\/007_Juli-1-1024x734.png 1024w, https:\/\/jockyart.de\/wp-content\/uploads\/2022\/08\/007_Juli-1-1536x1101.png 1536w, https:\/\/jockyart.de\/wp-content\/uploads\/2022\/08\/007_Juli-1-18x12.png 18w, https:\/\/jockyart.de\/wp-content\/uploads\/2022\/08\/007_Juli-1-324x232.png 324w, https:\/\/jockyart.de\/wp-content\/uploads\/2022\/08\/007_Juli-1-416x298.png 416w, https:\/\/jockyart.de\/wp-content\/uploads\/2022\/08\/007_Juli-1-300x215.png 300w, https:\/\/jockyart.de\/wp-content\/uploads\/2022\/08\/007_Juli-1-768x550.png 768w, https:\/\/jockyart.de\/wp-content\/uploads\/2022\/08\/007_Juli-1.png 2000w\" sizes=\"auto, (max-width: 1024px) 100vw, 1024px\" \/><\/a><\/figure>\n<\/div>\n\n\n\n<div class=\"wp-block-column is-layout-flow wp-block-column-is-layout-flow\">\n<p><span class=\"has-text-align-left\"><strong>Juli 2023<\/strong><br>     <a href=\"\/galerien\/prophetische-kunst\/kunstkalender-2023\/postkartenkalender-2023\/07-lobpreis-bringt-licht\/\">Lobpreis bringt Licht<\/a><\/span><\/p>\n<\/div>\n\n\n\n<div class=\"wp-block-column is-layout-flow wp-block-column-is-layout-flow\">\n<figure class=\"wp-block-image size-large\"><a href=\"\/galerien\/kunstkalender-2023\/postkartenkalender-2023\/08-schau-aufs-licht\/\"><img loading=\"lazy\" decoding=\"async\" width=\"1024\" height=\"734\" src=\"https:\/\/jockyart.de\/wp-content\/uploads\/2022\/08\/008_August-1-1024x734.png\" alt=\"September - Postkartenkalender\" class=\"wp-image-3706\" srcset=\"https:\/\/jockyart.de\/wp-content\/uploads\/2022\/08\/008_August-1-1024x734.png 1024w, https:\/\/jockyart.de\/wp-content\/uploads\/2022\/08\/008_August-1-1536x1101.png 1536w, https:\/\/jockyart.de\/wp-content\/uploads\/2022\/08\/008_August-1-18x12.png 18w, https:\/\/jockyart.de\/wp-content\/uploads\/2022\/08\/008_August-1-324x232.png 324w, https:\/\/jockyart.de\/wp-content\/uploads\/2022\/08\/008_August-1-416x298.png 416w, https:\/\/jockyart.de\/wp-content\/uploads\/2022\/08\/008_August-1-300x215.png 300w, https:\/\/jockyart.de\/wp-content\/uploads\/2022\/08\/008_August-1-768x550.png 768w, https:\/\/jockyart.de\/wp-content\/uploads\/2022\/08\/008_August-1.png 2000w\" sizes=\"auto, (max-width: 1024px) 100vw, 1024px\" \/><\/a><\/figure>\n<\/div>\n\n\n\n<div class=\"wp-block-column is-layout-flow wp-block-column-is-layout-flow\">\n<p><strong>August 2023<\/strong><br>   <a href=\"\/galerien\/prophetische-kunst\/kunstkalender-2023\/postkartenkalender-2023\/08-schau-aufs-licht\/\">Schau aufs Licht<\/a><\/p>\n<\/div>\n<\/div>\n\n\n\n<div class=\"wp-block-columns is-layout-flex wp-container-core-columns-is-layout-28f84493 wp-block-columns-is-layout-flex\">\n<div class=\"wp-block-column is-layout-flow wp-block-column-is-layout-flow\">\n<figure class=\"wp-block-image size-large\"><a href=\"\/galerien\/kunstkalender-2023\/postkartenkalender-2023\/09-worte\/\"><img loading=\"lazy\" decoding=\"async\" width=\"1024\" height=\"734\" src=\"https:\/\/jockyart.de\/wp-content\/uploads\/2022\/08\/009_September-1024x734.png\" alt=\"September - Postkartenkalender\" class=\"wp-image-3707\" srcset=\"https:\/\/jockyart.de\/wp-content\/uploads\/2022\/08\/009_September-1024x734.png 1024w, https:\/\/jockyart.de\/wp-content\/uploads\/2022\/08\/009_September-1536x1101.png 1536w, https:\/\/jockyart.de\/wp-content\/uploads\/2022\/08\/009_September-18x12.png 18w, https:\/\/jockyart.de\/wp-content\/uploads\/2022\/08\/009_September-324x232.png 324w, https:\/\/jockyart.de\/wp-content\/uploads\/2022\/08\/009_September-416x298.png 416w, https:\/\/jockyart.de\/wp-content\/uploads\/2022\/08\/009_September-300x215.png 300w, https:\/\/jockyart.de\/wp-content\/uploads\/2022\/08\/009_September-768x550.png 768w, https:\/\/jockyart.de\/wp-content\/uploads\/2022\/08\/009_September.png 2000w\" sizes=\"auto, (max-width: 1024px) 100vw, 1024px\" \/><\/a><\/figure>\n<\/div>\n\n\n\n<div class=\"wp-block-column is-layout-flow wp-block-column-is-layout-flow\">\n<p><span class=\"has-text-align-left\"><strong>September 2023<\/strong><br>     <a href=\"\/galerien\/prophetische-kunst\/kunstkalender-2023\/postkartenkalender-2023\/09-worte\/\">Worte<\/a><\/span><\/p>\n<\/div>\n\n\n\n<div class=\"wp-block-column is-layout-flow wp-block-column-is-layout-flow\">\n<figure class=\"wp-block-image size-large\"><a href=\"\/galerien\/kunstkalender-2023\/postkartenkalender-2023\/10-jesus-ueberwindet-spaltung\/\"><img loading=\"lazy\" decoding=\"async\" width=\"1024\" height=\"734\" src=\"https:\/\/jockyart.de\/wp-content\/uploads\/2022\/08\/010_Oktober-1-1024x734.png\" alt=\"Oktober - Postkartenkalender\" class=\"wp-image-3708\" srcset=\"https:\/\/jockyart.de\/wp-content\/uploads\/2022\/08\/010_Oktober-1-1024x734.png 1024w, https:\/\/jockyart.de\/wp-content\/uploads\/2022\/08\/010_Oktober-1-1536x1101.png 1536w, https:\/\/jockyart.de\/wp-content\/uploads\/2022\/08\/010_Oktober-1-18x12.png 18w, https:\/\/jockyart.de\/wp-content\/uploads\/2022\/08\/010_Oktober-1-324x232.png 324w, https:\/\/jockyart.de\/wp-content\/uploads\/2022\/08\/010_Oktober-1-416x298.png 416w, https:\/\/jockyart.de\/wp-content\/uploads\/2022\/08\/010_Oktober-1-300x215.png 300w, https:\/\/jockyart.de\/wp-content\/uploads\/2022\/08\/010_Oktober-1-768x550.png 768w, https:\/\/jockyart.de\/wp-content\/uploads\/2022\/08\/010_Oktober-1.png 2000w\" sizes=\"auto, (max-width: 1024px) 100vw, 1024px\" \/><\/a><\/figure>\n<\/div>\n\n\n\n<div class=\"wp-block-column is-layout-flow wp-block-column-is-layout-flow\">\n<p><strong>Oktober 2023<\/strong><br>   <a href=\"\/galerien\/prophetische-kunst\/kunstkalender-2023\/postkartenkalender-2023\/10-jesus-ueberwindet-spaltung\/\">Jesus \u00fcberwindet Spaltung<\/a><\/p>\n<\/div>\n<\/div>\n\n\n\n<div class=\"wp-block-columns is-layout-flex wp-container-core-columns-is-layout-28f84493 wp-block-columns-is-layout-flex\">\n<div class=\"wp-block-column is-layout-flow wp-block-column-is-layout-flow\">\n<figure class=\"wp-block-image size-large\"><a href=\"\/galerien\/kunstkalender-2023\/postkartenkalender-2023\/11-du-bist-nicht-allein-loewe\/\"><img loading=\"lazy\" decoding=\"async\" width=\"1024\" height=\"734\" src=\"https:\/\/jockyart.de\/wp-content\/uploads\/2022\/08\/011_November-1-1024x734.png\" alt=\"November - Postkartenkalender\" class=\"wp-image-3714\" srcset=\"https:\/\/jockyart.de\/wp-content\/uploads\/2022\/08\/011_November-1-1024x734.png 1024w, https:\/\/jockyart.de\/wp-content\/uploads\/2022\/08\/011_November-1-1536x1101.png 1536w, https:\/\/jockyart.de\/wp-content\/uploads\/2022\/08\/011_November-1-18x12.png 18w, https:\/\/jockyart.de\/wp-content\/uploads\/2022\/08\/011_November-1-324x232.png 324w, https:\/\/jockyart.de\/wp-content\/uploads\/2022\/08\/011_November-1-416x298.png 416w, https:\/\/jockyart.de\/wp-content\/uploads\/2022\/08\/011_November-1-300x215.png 300w, https:\/\/jockyart.de\/wp-content\/uploads\/2022\/08\/011_November-1-768x550.png 768w, https:\/\/jockyart.de\/wp-content\/uploads\/2022\/08\/011_November-1.png 2000w\" sizes=\"auto, (max-width: 1024px) 100vw, 1024px\" \/><\/a><\/figure>\n<\/div>\n\n\n\n<div class=\"wp-block-column is-layout-flow wp-block-column-is-layout-flow\">\n<p><span class=\"has-text-align-left\"><strong>November 2023<\/strong><br>     <a href=\"\/galerien\/prophetische-kunst\/kunstkalender-2023\/postkartenkalender-2023\/11-du-bist-nicht-allein-loewe\/\">Du bist nicht allein (L\u00f6we)<\/a><\/span><\/p>\n<\/div>\n\n\n\n<div class=\"wp-block-column is-layout-flow wp-block-column-is-layout-flow\">\n<figure class=\"wp-block-image size-large\"><a href=\"\/galerien\/kunstkalender-2023\/postkartenkalender-2023\/12-das-volk-im-finstern-sieht-licht\/\"><img loading=\"lazy\" decoding=\"async\" width=\"1024\" height=\"734\" src=\"https:\/\/jockyart.de\/wp-content\/uploads\/2022\/08\/012_Dezember-1-1024x734.png\" alt=\"Dezember - Postkartenkalender\" class=\"wp-image-3710\" srcset=\"https:\/\/jockyart.de\/wp-content\/uploads\/2022\/08\/012_Dezember-1-1024x734.png 1024w, https:\/\/jockyart.de\/wp-content\/uploads\/2022\/08\/012_Dezember-1-1536x1101.png 1536w, https:\/\/jockyart.de\/wp-content\/uploads\/2022\/08\/012_Dezember-1-18x12.png 18w, https:\/\/jockyart.de\/wp-content\/uploads\/2022\/08\/012_Dezember-1-324x232.png 324w, https:\/\/jockyart.de\/wp-content\/uploads\/2022\/08\/012_Dezember-1-416x298.png 416w, https:\/\/jockyart.de\/wp-content\/uploads\/2022\/08\/012_Dezember-1-300x215.png 300w, https:\/\/jockyart.de\/wp-content\/uploads\/2022\/08\/012_Dezember-1-768x550.png 768w, https:\/\/jockyart.de\/wp-content\/uploads\/2022\/08\/012_Dezember-1.png 2000w\" sizes=\"auto, (max-width: 1024px) 100vw, 1024px\" \/><\/a><\/figure>\n<\/div>\n\n\n\n<div class=\"wp-block-column is-layout-flow wp-block-column-is-layout-flow\">\n<p><strong>Dezember 2023<\/strong><br>   <a href=\"\/galerien\/prophetische-kunst\/kunstkalender-2023\/postkartenkalender-2023\/12-das-volk-im-finstern-sieht-licht\/\">Das Volk im Finstern sieht Licht<\/a><\/p>\n<\/div>\n<\/div>\n","protected":false},"excerpt":{"rendered":"<p>Dieses Jahr habe ich 2 Kalender f\u00fcr das kommende Jahr entworfen. Einen hochformatigen Wandkalender und einen Postkartenkalender. Hier k\u00f6nnt ihr euch die fertigen Kalenderbl\u00e4tter des Wandkalenders und die Geschichten hinter den Bildern anschauen. Deckblatt Licht bricht durch durch Lobpreis Januar 2023 Jesus, you make the darkness tremble Februar 2023 Geborgenheit M\u00e4rz 2023 Du bist ein [&hellip;]<\/p>\n","protected":false},"author":1,"featured_media":0,"parent":3348,"menu_order":0,"comment_status":"closed","ping_status":"closed","template":"","meta":{"footnotes":""},"class_list":["post-3365","page","type-page","status-publish","hentry"],"_links":{"self":[{"href":"https:\/\/jockyart.de\/de_de\/wp-json\/wp\/v2\/pages\/3365","targetHints":{"allow":["GET"]}}],"collection":[{"href":"https:\/\/jockyart.de\/de_de\/wp-json\/wp\/v2\/pages"}],"about":[{"href":"https:\/\/jockyart.de\/de_de\/wp-json\/wp\/v2\/types\/page"}],"author":[{"embeddable":true,"href":"https:\/\/jockyart.de\/de_de\/wp-json\/wp\/v2\/users\/1"}],"replies":[{"embeddable":true,"href":"https:\/\/jockyart.de\/de_de\/wp-json\/wp\/v2\/comments?post=3365"}],"version-history":[{"count":27,"href":"https:\/\/jockyart.de\/de_de\/wp-json\/wp\/v2\/pages\/3365\/revisions"}],"predecessor-version":[{"id":6030,"href":"https:\/\/jockyart.de\/de_de\/wp-json\/wp\/v2\/pages\/3365\/revisions\/6030"}],"up":[{"embeddable":true,"href":"https:\/\/jockyart.de\/de_de\/wp-json\/wp\/v2\/pages\/3348"}],"wp:attachment":[{"href":"https:\/\/jockyart.de\/de_de\/wp-json\/wp\/v2\/media?parent=3365"}],"curies":[{"name":"wp","href":"https:\/\/api.w.org\/{rel}","templated":true}]}}