{"id":3300,"date":"2022-08-04T20:25:26","date_gmt":"2022-08-04T18:25:26","guid":{"rendered":"https:\/\/jockyart.de\/?page_id=3300"},"modified":"2023-09-21T20:39:48","modified_gmt":"2023-09-21T18:39:48","slug":"kunstkalender-2023-wandkalender","status":"publish","type":"page","link":"https:\/\/jockyart.de\/de_de\/galerien\/kunstkalender-2023-wandkalender\/","title":{"rendered":"Wandkalender 2023"},"content":{"rendered":"\n<p>Dieses Jahr habe ich 2 Kalender f\u00fcr  das kommende Jahr entworfen. Einen <a href=\"https:\/\/jockyart.de\/produkt\/kunstkalender-2023-wandkalender\/\" data-type=\"product\" data-id=\"3448\" target=\"_blank\" rel=\"noreferrer noopener\">hochformatigen Wandkalender <\/a>und einen <strong>Postkartenkalender<\/strong>. Hier k\u00f6nnt ihr euch die fertigen Kalenderbl\u00e4tter des Wandkalenders und die Geschichten hinter den Bildern anschauen.<\/p>\n\n\n\n<div class=\"wp-block-columns is-layout-flex wp-container-core-columns-is-layout-28f84493 wp-block-columns-is-layout-flex\">\n<div class=\"wp-block-column is-layout-flow wp-block-column-is-layout-flow\">\n<figure class=\"wp-block-image size-large\"><a href=\"\/wp-content\/uploads\/2022\/08\/000_Deckblatt-728x1024.png\"><img loading=\"lazy\" decoding=\"async\" width=\"728\" height=\"1024\" src=\"\/wp-content\/uploads\/2022\/08\/000_Deckblatt-728x1024.png\" alt=\"Deckblatt - Wandkalender\" class=\"wp-image-3321\" srcset=\"https:\/\/jockyart.de\/wp-content\/uploads\/2022\/08\/000_Deckblatt-728x1024.png 728w, https:\/\/jockyart.de\/wp-content\/uploads\/2022\/08\/000_Deckblatt-1092x1536.png 1092w, https:\/\/jockyart.de\/wp-content\/uploads\/2022\/08\/000_Deckblatt-9x12.png 9w, https:\/\/jockyart.de\/wp-content\/uploads\/2022\/08\/000_Deckblatt-324x456.png 324w, https:\/\/jockyart.de\/wp-content\/uploads\/2022\/08\/000_Deckblatt-416x585.png 416w, https:\/\/jockyart.de\/wp-content\/uploads\/2022\/08\/000_Deckblatt-213x300.png 213w, https:\/\/jockyart.de\/wp-content\/uploads\/2022\/08\/000_Deckblatt-768x1080.png 768w, https:\/\/jockyart.de\/wp-content\/uploads\/2022\/08\/000_Deckblatt.png 1422w\" sizes=\"auto, (max-width: 728px) 100vw, 728px\" \/><\/a><\/figure>\n<\/div>\n\n\n\n<div class=\"wp-block-column is-layout-flow wp-block-column-is-layout-flow\">\n<p><strong>Deckblatt<\/strong><br><a href=\"https:\/\/jockyart.de\/galerien\/kunstkalender-2023-wandkalender\/wandkalender-getragen-von-ewigen-armen\/\" data-type=\"page\" data-id=\"3339\">Getragen von ewigen Armen<\/a><\/p>\n<\/div>\n\n\n\n<div class=\"wp-block-column is-layout-flow wp-block-column-is-layout-flow\"><\/div>\n\n\n\n<div class=\"wp-block-column is-layout-flow wp-block-column-is-layout-flow\"><\/div>\n<\/div>\n\n\n\n<div class=\"wp-block-columns is-layout-flex wp-container-core-columns-is-layout-28f84493 wp-block-columns-is-layout-flex\">\n<div class=\"wp-block-column is-layout-flow wp-block-column-is-layout-flow\">\n<figure class=\"wp-block-image size-large\"><a href=\"\/wp-content\/uploads\/2022\/08\/001_Januar-728x1024.png\"><img loading=\"lazy\" decoding=\"async\" width=\"728\" height=\"1024\" src=\"\/wp-content\/uploads\/2022\/08\/001_Januar-728x1024.png\" alt=\"Januar - Wandkalender\" class=\"wp-image-3301\" srcset=\"https:\/\/jockyart.de\/wp-content\/uploads\/2022\/08\/001_Januar-728x1024.png 728w, https:\/\/jockyart.de\/wp-content\/uploads\/2022\/08\/001_Januar-1092x1536.png 1092w, https:\/\/jockyart.de\/wp-content\/uploads\/2022\/08\/001_Januar-9x12.png 9w, https:\/\/jockyart.de\/wp-content\/uploads\/2022\/08\/001_Januar-324x456.png 324w, https:\/\/jockyart.de\/wp-content\/uploads\/2022\/08\/001_Januar-416x585.png 416w, https:\/\/jockyart.de\/wp-content\/uploads\/2022\/08\/001_Januar-213x300.png 213w, https:\/\/jockyart.de\/wp-content\/uploads\/2022\/08\/001_Januar-768x1080.png 768w, https:\/\/jockyart.de\/wp-content\/uploads\/2022\/08\/001_Januar.png 1422w\" sizes=\"auto, (max-width: 728px) 100vw, 728px\" \/><\/a><\/figure>\n<\/div>\n\n\n\n<div class=\"wp-block-column is-layout-flow wp-block-column-is-layout-flow\">\n<p><strong>Januar 2023<\/strong><br><a href=\"https:\/\/jockyart.de\/galerien\/kunstkalender-2023-wandkalender\/01-weg-vom-eis-zur-trauminsel\/\" data-type=\"page\" data-id=\"3394\">Weg vom Eis hin zur Trauminsel<\/a><\/p>\n<\/div>\n\n\n\n<div class=\"wp-block-column is-layout-flow wp-block-column-is-layout-flow\">\n<figure class=\"wp-block-image size-large\"><a href=\"\/wp-content\/uploads\/2022\/08\/002_Februar-728x1024.png\"><img loading=\"lazy\" decoding=\"async\" width=\"728\" height=\"1024\" src=\"\/wp-content\/uploads\/2022\/08\/002_Februar-728x1024.png\" alt=\"Februar - Wandkalender\" class=\"wp-image-3302\" srcset=\"https:\/\/jockyart.de\/wp-content\/uploads\/2022\/08\/002_Februar-728x1024.png 728w, https:\/\/jockyart.de\/wp-content\/uploads\/2022\/08\/002_Februar-1092x1536.png 1092w, https:\/\/jockyart.de\/wp-content\/uploads\/2022\/08\/002_Februar-9x12.png 9w, https:\/\/jockyart.de\/wp-content\/uploads\/2022\/08\/002_Februar-324x456.png 324w, https:\/\/jockyart.de\/wp-content\/uploads\/2022\/08\/002_Februar-416x585.png 416w, https:\/\/jockyart.de\/wp-content\/uploads\/2022\/08\/002_Februar-213x300.png 213w, https:\/\/jockyart.de\/wp-content\/uploads\/2022\/08\/002_Februar-768x1080.png 768w, https:\/\/jockyart.de\/wp-content\/uploads\/2022\/08\/002_Februar.png 1422w\" sizes=\"auto, (max-width: 728px) 100vw, 728px\" \/><\/a><\/figure>\n<\/div>\n\n\n\n<div class=\"wp-block-column is-layout-flow wp-block-column-is-layout-flow\">\n<p><strong>Februar 2023<\/strong><br><a href=\"https:\/\/jockyart.de\/galerien\/kunstkalender-2023-wandkalender\/03-liebe-pflanzt-liebe\/\" data-type=\"page\" data-id=\"3405\">Liebe pflanzt Liebe<\/a><\/p>\n<\/div>\n<\/div>\n\n\n\n<div class=\"wp-block-columns is-layout-flex wp-container-core-columns-is-layout-28f84493 wp-block-columns-is-layout-flex\">\n<div class=\"wp-block-column is-layout-flow wp-block-column-is-layout-flow\">\n<figure class=\"wp-block-image size-large\"><a href=\"\/wp-content\/uploads\/2022\/08\/003_Maerz-728x1024.png\"><img loading=\"lazy\" decoding=\"async\" width=\"728\" height=\"1024\" src=\"\/wp-content\/uploads\/2022\/08\/003_Maerz-728x1024.png\" alt=\"M\u00e4rz - Wandkalender\" class=\"wp-image-3303\" srcset=\"https:\/\/jockyart.de\/wp-content\/uploads\/2022\/08\/003_Maerz-728x1024.png 728w, https:\/\/jockyart.de\/wp-content\/uploads\/2022\/08\/003_Maerz-1092x1536.png 1092w, https:\/\/jockyart.de\/wp-content\/uploads\/2022\/08\/003_Maerz-9x12.png 9w, https:\/\/jockyart.de\/wp-content\/uploads\/2022\/08\/003_Maerz-324x456.png 324w, https:\/\/jockyart.de\/wp-content\/uploads\/2022\/08\/003_Maerz-416x585.png 416w, https:\/\/jockyart.de\/wp-content\/uploads\/2022\/08\/003_Maerz-213x300.png 213w, https:\/\/jockyart.de\/wp-content\/uploads\/2022\/08\/003_Maerz-768x1080.png 768w, https:\/\/jockyart.de\/wp-content\/uploads\/2022\/08\/003_Maerz.png 1422w\" sizes=\"auto, (max-width: 728px) 100vw, 728px\" \/><\/a><\/figure>\n<\/div>\n\n\n\n<div class=\"wp-block-column is-layout-flow wp-block-column-is-layout-flow\">\n<p>M\u00e4rz 2023<br><a href=\"\/de_de\/galerien\/kunstkalender-2023-wandkalender\/03-such-frieden-und-jage-ihm-nach\/\">Suche Frieden und jage ihm nach<\/a><\/p>\n<\/div>\n\n\n\n<div class=\"wp-block-column is-layout-flow wp-block-column-is-layout-flow\">\n<figure class=\"wp-block-image size-large\"><a href=\"\/wp-content\/uploads\/2022\/08\/004_April-728x1024.png\"><img loading=\"lazy\" decoding=\"async\" width=\"728\" height=\"1024\" src=\"\/wp-content\/uploads\/2022\/08\/004_April-728x1024.png\" alt=\"April - Wandkalender\" class=\"wp-image-3304\" srcset=\"https:\/\/jockyart.de\/wp-content\/uploads\/2022\/08\/004_April-728x1024.png 728w, https:\/\/jockyart.de\/wp-content\/uploads\/2022\/08\/004_April-1092x1536.png 1092w, https:\/\/jockyart.de\/wp-content\/uploads\/2022\/08\/004_April-9x12.png 9w, https:\/\/jockyart.de\/wp-content\/uploads\/2022\/08\/004_April-324x456.png 324w, https:\/\/jockyart.de\/wp-content\/uploads\/2022\/08\/004_April-416x585.png 416w, https:\/\/jockyart.de\/wp-content\/uploads\/2022\/08\/004_April-213x300.png 213w, https:\/\/jockyart.de\/wp-content\/uploads\/2022\/08\/004_April-768x1080.png 768w, https:\/\/jockyart.de\/wp-content\/uploads\/2022\/08\/004_April.png 1422w\" sizes=\"auto, (max-width: 728px) 100vw, 728px\" \/><\/a><\/figure>\n<\/div>\n\n\n\n<div class=\"wp-block-column is-layout-flow wp-block-column-is-layout-flow\">\n<p>April 2023<br><a href=\"\/galerien\/kunstkalender-2023-wandkalender\/04-geborgen-am-geheimen-ort\/\">Gerborgen am geheimen Ort<\/a><\/p>\n<\/div>\n<\/div>\n\n\n\n<div class=\"wp-block-columns is-layout-flex wp-container-core-columns-is-layout-28f84493 wp-block-columns-is-layout-flex\">\n<div class=\"wp-block-column is-layout-flow wp-block-column-is-layout-flow\">\n<figure class=\"wp-block-image size-large\"><a href=\"\/wp-content\/uploads\/2022\/08\/005_Mai-728x1024.png\"><img loading=\"lazy\" decoding=\"async\" width=\"728\" height=\"1024\" src=\"\/wp-content\/uploads\/2022\/08\/005_Mai-728x1024.png\" alt=\"Mai- Wandkalender\" class=\"wp-image-3305\" srcset=\"https:\/\/jockyart.de\/wp-content\/uploads\/2022\/08\/005_Mai-728x1024.png 728w, https:\/\/jockyart.de\/wp-content\/uploads\/2022\/08\/005_Mai-1092x1536.png 1092w, https:\/\/jockyart.de\/wp-content\/uploads\/2022\/08\/005_Mai-9x12.png 9w, https:\/\/jockyart.de\/wp-content\/uploads\/2022\/08\/005_Mai-324x456.png 324w, https:\/\/jockyart.de\/wp-content\/uploads\/2022\/08\/005_Mai-416x585.png 416w, https:\/\/jockyart.de\/wp-content\/uploads\/2022\/08\/005_Mai-213x300.png 213w, https:\/\/jockyart.de\/wp-content\/uploads\/2022\/08\/005_Mai-768x1080.png 768w, https:\/\/jockyart.de\/wp-content\/uploads\/2022\/08\/005_Mai.png 1422w\" sizes=\"auto, (max-width: 728px) 100vw, 728px\" \/><\/a><\/figure>\n<\/div>\n\n\n\n<div class=\"wp-block-column is-layout-flow wp-block-column-is-layout-flow\">\n<p>Mai 2023<br><a href=\"\/galerien\/kunstkalender-2023-wandkalender\/05-oel-der-salbung\/\">Das \u00d6l der Salbung<\/a><\/p>\n<\/div>\n\n\n\n<div class=\"wp-block-column is-layout-flow wp-block-column-is-layout-flow\">\n<figure class=\"wp-block-image size-large\"><a href=\"\/wp-content\/uploads\/2022\/08\/006_Juni-728x1024.png\"><img loading=\"lazy\" decoding=\"async\" width=\"728\" height=\"1024\" src=\"\/wp-content\/uploads\/2022\/08\/006_Juni-728x1024.png\" alt=\"Juni - Wandkalender\" class=\"wp-image-3306\" srcset=\"https:\/\/jockyart.de\/wp-content\/uploads\/2022\/08\/006_Juni-728x1024.png 728w, https:\/\/jockyart.de\/wp-content\/uploads\/2022\/08\/006_Juni-1092x1536.png 1092w, https:\/\/jockyart.de\/wp-content\/uploads\/2022\/08\/006_Juni-9x12.png 9w, https:\/\/jockyart.de\/wp-content\/uploads\/2022\/08\/006_Juni-324x456.png 324w, https:\/\/jockyart.de\/wp-content\/uploads\/2022\/08\/006_Juni-416x585.png 416w, https:\/\/jockyart.de\/wp-content\/uploads\/2022\/08\/006_Juni-213x300.png 213w, https:\/\/jockyart.de\/wp-content\/uploads\/2022\/08\/006_Juni-768x1080.png 768w, https:\/\/jockyart.de\/wp-content\/uploads\/2022\/08\/006_Juni.png 1422w\" sizes=\"auto, (max-width: 728px) 100vw, 728px\" \/><\/a><\/figure>\n<\/div>\n\n\n\n<div class=\"wp-block-column is-layout-flow wp-block-column-is-layout-flow\">\n<p>Juni 2023<br><a href=\"\/galerien\/kunstkalender-2023-wandkalender\/06-sprung-des-glaubens-in-das-herz-des-vaters\/\">Sprung des Glaubens in das Herz des Vaters<\/a><\/p>\n<\/div>\n<\/div>\n\n\n\n<div class=\"wp-block-columns is-layout-flex wp-container-core-columns-is-layout-28f84493 wp-block-columns-is-layout-flex\">\n<div class=\"wp-block-column is-layout-flow wp-block-column-is-layout-flow\">\n<figure class=\"wp-block-image size-large\"><a href=\"\/wp-content\/uploads\/2022\/08\/007_Juli-728x1024.png\"><img loading=\"lazy\" decoding=\"async\" width=\"728\" height=\"1024\" src=\"\/wp-content\/uploads\/2022\/08\/007_Juli-728x1024.png\" alt=\"Juli - Wandkalender\" class=\"wp-image-3307\" srcset=\"https:\/\/jockyart.de\/wp-content\/uploads\/2022\/08\/007_Juli-728x1024.png 728w, https:\/\/jockyart.de\/wp-content\/uploads\/2022\/08\/007_Juli-1092x1536.png 1092w, https:\/\/jockyart.de\/wp-content\/uploads\/2022\/08\/007_Juli-9x12.png 9w, https:\/\/jockyart.de\/wp-content\/uploads\/2022\/08\/007_Juli-324x456.png 324w, https:\/\/jockyart.de\/wp-content\/uploads\/2022\/08\/007_Juli-416x585.png 416w, https:\/\/jockyart.de\/wp-content\/uploads\/2022\/08\/007_Juli-213x300.png 213w, https:\/\/jockyart.de\/wp-content\/uploads\/2022\/08\/007_Juli-768x1080.png 768w, https:\/\/jockyart.de\/wp-content\/uploads\/2022\/08\/007_Juli.png 1422w\" sizes=\"auto, (max-width: 728px) 100vw, 728px\" \/><\/a><\/figure>\n<\/div>\n\n\n\n<div class=\"wp-block-column is-layout-flow wp-block-column-is-layout-flow\">\n<p><strong>Juli 2023<\/strong><br><a href=\"\/galerien\/kunstkalender-2023-wandkalender\/07-lass-das-pferd-aus-der-koppel\/\">Lass das Pferd aus der Koppel<\/a><\/p>\n<\/div>\n\n\n\n<div class=\"wp-block-column is-layout-flow wp-block-column-is-layout-flow\">\n<figure class=\"wp-block-image size-large\"><a href=\"\/wp-content\/uploads\/2022\/08\/008_August-728x1024.png\"><img loading=\"lazy\" decoding=\"async\" width=\"728\" height=\"1024\" src=\"\/wp-content\/uploads\/2022\/08\/008_August-728x1024.png\" alt=\"August - Wandkalender\" class=\"wp-image-3308\" srcset=\"https:\/\/jockyart.de\/wp-content\/uploads\/2022\/08\/008_August-728x1024.png 728w, https:\/\/jockyart.de\/wp-content\/uploads\/2022\/08\/008_August-1092x1536.png 1092w, https:\/\/jockyart.de\/wp-content\/uploads\/2022\/08\/008_August-9x12.png 9w, https:\/\/jockyart.de\/wp-content\/uploads\/2022\/08\/008_August-324x456.png 324w, https:\/\/jockyart.de\/wp-content\/uploads\/2022\/08\/008_August-416x585.png 416w, https:\/\/jockyart.de\/wp-content\/uploads\/2022\/08\/008_August-213x300.png 213w, https:\/\/jockyart.de\/wp-content\/uploads\/2022\/08\/008_August-768x1080.png 768w, https:\/\/jockyart.de\/wp-content\/uploads\/2022\/08\/008_August.png 1422w\" sizes=\"auto, (max-width: 728px) 100vw, 728px\" \/><\/a><\/figure>\n<\/div>\n\n\n\n<div class=\"wp-block-column is-layout-flow wp-block-column-is-layout-flow\">\n<p><strong>August 2023<\/strong><br><a href=\"\/galerien\/kunstkalender-2023-wandkalender\/08-komm-zur-ruhe\/\">Komm zur Ruhe<\/a><\/p>\n<\/div>\n<\/div>\n\n\n\n<div class=\"wp-block-columns is-layout-flex wp-container-core-columns-is-layout-28f84493 wp-block-columns-is-layout-flex\">\n<div class=\"wp-block-column is-layout-flow wp-block-column-is-layout-flow\">\n<figure class=\"wp-block-image size-large\"><a href=\"\/wp-content\/uploads\/2022\/08\/009_Spetember-728x1024.png\"><img loading=\"lazy\" decoding=\"async\" width=\"728\" height=\"1024\" src=\"\/wp-content\/uploads\/2022\/08\/009_Spetember-728x1024.png\" alt=\"September - Wandkalender\" class=\"wp-image-3309\" srcset=\"https:\/\/jockyart.de\/wp-content\/uploads\/2022\/08\/009_Spetember-728x1024.png 728w, https:\/\/jockyart.de\/wp-content\/uploads\/2022\/08\/009_Spetember-1092x1536.png 1092w, https:\/\/jockyart.de\/wp-content\/uploads\/2022\/08\/009_Spetember-9x12.png 9w, https:\/\/jockyart.de\/wp-content\/uploads\/2022\/08\/009_Spetember-324x456.png 324w, https:\/\/jockyart.de\/wp-content\/uploads\/2022\/08\/009_Spetember-416x585.png 416w, https:\/\/jockyart.de\/wp-content\/uploads\/2022\/08\/009_Spetember-213x300.png 213w, https:\/\/jockyart.de\/wp-content\/uploads\/2022\/08\/009_Spetember-768x1080.png 768w, https:\/\/jockyart.de\/wp-content\/uploads\/2022\/08\/009_Spetember.png 1422w\" sizes=\"auto, (max-width: 728px) 100vw, 728px\" \/><\/a><\/figure>\n<\/div>\n\n\n\n<div class=\"wp-block-column is-layout-flow wp-block-column-is-layout-flow\">\n<p><strong>September 2023<\/strong><br><a href=\"\/galerien\/kunstkalender-2023-wandkalender\/09-komm-aus-der-hoehle\/\">Komm aus der H\u00f6hle<\/a><\/p>\n<\/div>\n\n\n\n<div class=\"wp-block-column is-layout-flow wp-block-column-is-layout-flow\">\n<figure class=\"wp-block-image size-large\"><a href=\"\/wp-content\/uploads\/2022\/08\/010_Oktober-728x1024.png\"><img loading=\"lazy\" decoding=\"async\" width=\"728\" height=\"1024\" src=\"\/wp-content\/uploads\/2022\/08\/010_Oktober-728x1024.png\" alt=\"Oktober - Wandkalender\" class=\"wp-image-3310\" srcset=\"https:\/\/jockyart.de\/wp-content\/uploads\/2022\/08\/010_Oktober-728x1024.png 728w, https:\/\/jockyart.de\/wp-content\/uploads\/2022\/08\/010_Oktober-1092x1536.png 1092w, https:\/\/jockyart.de\/wp-content\/uploads\/2022\/08\/010_Oktober-9x12.png 9w, https:\/\/jockyart.de\/wp-content\/uploads\/2022\/08\/010_Oktober-324x456.png 324w, https:\/\/jockyart.de\/wp-content\/uploads\/2022\/08\/010_Oktober-416x585.png 416w, https:\/\/jockyart.de\/wp-content\/uploads\/2022\/08\/010_Oktober-213x300.png 213w, https:\/\/jockyart.de\/wp-content\/uploads\/2022\/08\/010_Oktober-768x1080.png 768w, https:\/\/jockyart.de\/wp-content\/uploads\/2022\/08\/010_Oktober.png 1422w\" sizes=\"auto, (max-width: 728px) 100vw, 728px\" \/><\/a><\/figure>\n<\/div>\n\n\n\n<div class=\"wp-block-column is-layout-flow wp-block-column-is-layout-flow\">\n<p><strong>Oktober 2023<\/strong><br><a href=\"\/galerien\/kunstkalender-2023-wandkalender\/10-der-weg-durch-den-nebel\/\">Der Weg durch den Nebel<\/a><\/p>\n<\/div>\n<\/div>\n\n\n\n<div class=\"wp-block-columns is-layout-flex wp-container-core-columns-is-layout-28f84493 wp-block-columns-is-layout-flex\">\n<div class=\"wp-block-column is-layout-flow wp-block-column-is-layout-flow\">\n<figure class=\"wp-block-image size-large\"><a href=\"\/wp-content\/uploads\/2022\/08\/011_November-728x1024.png\"><img loading=\"lazy\" decoding=\"async\" width=\"728\" height=\"1024\" src=\"\/wp-content\/uploads\/2022\/08\/011_November-728x1024.png\" alt=\"November - Wandkalender\" class=\"wp-image-3311\" srcset=\"https:\/\/jockyart.de\/wp-content\/uploads\/2022\/08\/011_November-728x1024.png 728w, https:\/\/jockyart.de\/wp-content\/uploads\/2022\/08\/011_November-1092x1536.png 1092w, https:\/\/jockyart.de\/wp-content\/uploads\/2022\/08\/011_November-9x12.png 9w, https:\/\/jockyart.de\/wp-content\/uploads\/2022\/08\/011_November-324x456.png 324w, https:\/\/jockyart.de\/wp-content\/uploads\/2022\/08\/011_November-416x585.png 416w, https:\/\/jockyart.de\/wp-content\/uploads\/2022\/08\/011_November-213x300.png 213w, https:\/\/jockyart.de\/wp-content\/uploads\/2022\/08\/011_November-768x1080.png 768w, https:\/\/jockyart.de\/wp-content\/uploads\/2022\/08\/011_November.png 1422w\" sizes=\"auto, (max-width: 728px) 100vw, 728px\" \/><\/a><\/figure>\n<\/div>\n\n\n\n<div class=\"wp-block-column is-layout-flow wp-block-column-is-layout-flow\">\n<p><strong>November 2023<\/strong><br><a href=\"\/galerien\/kunstkalender-2023-wandkalender\/11-die-mauer-des-schutzes-um-dich\/\">Die Mauer des Schutzes<\/a><\/p>\n<\/div>\n\n\n\n<div class=\"wp-block-column is-layout-flow wp-block-column-is-layout-flow\">\n<figure class=\"wp-block-image size-large\"><a href=\"\/wp-content\/uploads\/2022\/08\/012_Dezember-728x1024.png\"><img loading=\"lazy\" decoding=\"async\" width=\"728\" height=\"1024\" src=\"\/wp-content\/uploads\/2022\/08\/012_Dezember-728x1024.png\" alt=\"Dezember - Wandkalender\" class=\"wp-image-3312\" srcset=\"https:\/\/jockyart.de\/wp-content\/uploads\/2022\/08\/012_Dezember-728x1024.png 728w, https:\/\/jockyart.de\/wp-content\/uploads\/2022\/08\/012_Dezember-1092x1536.png 1092w, https:\/\/jockyart.de\/wp-content\/uploads\/2022\/08\/012_Dezember-9x12.png 9w, https:\/\/jockyart.de\/wp-content\/uploads\/2022\/08\/012_Dezember-324x456.png 324w, https:\/\/jockyart.de\/wp-content\/uploads\/2022\/08\/012_Dezember-416x585.png 416w, https:\/\/jockyart.de\/wp-content\/uploads\/2022\/08\/012_Dezember-213x300.png 213w, https:\/\/jockyart.de\/wp-content\/uploads\/2022\/08\/012_Dezember-768x1080.png 768w, https:\/\/jockyart.de\/wp-content\/uploads\/2022\/08\/012_Dezember.png 1422w\" sizes=\"auto, (max-width: 728px) 100vw, 728px\" \/><\/a><\/figure>\n<\/div>\n\n\n\n<div class=\"wp-block-column is-layout-flow wp-block-column-is-layout-flow\">\n<p><strong>Dezember 2023<\/strong><br><a href=\"\/galerien\/kunstkalender-2023-wandkalender\/12-die-bruecke-der-veraenderung\/\">Die Br\u00fccke der Ver\u00e4nderung<\/a><\/p>\n<\/div>\n<\/div>\n","protected":false},"excerpt":{"rendered":"<p>Dieses Jahr habe ich 2 Kalender f\u00fcr das kommende Jahr entworfen. Einen hochformatigen Wandkalender und einen Postkartenkalender. Hier k\u00f6nnt ihr euch die fertigen Kalenderbl\u00e4tter des Wandkalenders und die Geschichten hinter den Bildern anschauen. DeckblattGetragen von ewigen Armen Januar 2023Weg vom Eis hin zur Trauminsel Februar 2023Liebe pflanzt Liebe M\u00e4rz 2023Suche Frieden und jage ihm nach [&hellip;]<\/p>\n","protected":false},"author":1,"featured_media":0,"parent":2794,"menu_order":0,"comment_status":"closed","ping_status":"closed","template":"","meta":{"footnotes":""},"class_list":["post-3300","page","type-page","status-publish","hentry"],"_links":{"self":[{"href":"https:\/\/jockyart.de\/de_de\/wp-json\/wp\/v2\/pages\/3300","targetHints":{"allow":["GET"]}}],"collection":[{"href":"https:\/\/jockyart.de\/de_de\/wp-json\/wp\/v2\/pages"}],"about":[{"href":"https:\/\/jockyart.de\/de_de\/wp-json\/wp\/v2\/types\/page"}],"author":[{"embeddable":true,"href":"https:\/\/jockyart.de\/de_de\/wp-json\/wp\/v2\/users\/1"}],"replies":[{"embeddable":true,"href":"https:\/\/jockyart.de\/de_de\/wp-json\/wp\/v2\/comments?post=3300"}],"version-history":[{"count":47,"href":"https:\/\/jockyart.de\/de_de\/wp-json\/wp\/v2\/pages\/3300\/revisions"}],"predecessor-version":[{"id":7136,"href":"https:\/\/jockyart.de\/de_de\/wp-json\/wp\/v2\/pages\/3300\/revisions\/7136"}],"up":[{"embeddable":true,"href":"https:\/\/jockyart.de\/de_de\/wp-json\/wp\/v2\/pages\/2794"}],"wp:attachment":[{"href":"https:\/\/jockyart.de\/de_de\/wp-json\/wp\/v2\/media?parent=3300"}],"curies":[{"name":"wp","href":"https:\/\/api.w.org\/{rel}","templated":true}]}}