{"id":2271,"date":"2022-05-25T17:48:11","date_gmt":"2022-05-25T15:48:11","guid":{"rendered":"https:\/\/jockyart.de\/?page_id=2271"},"modified":"2022-11-04T14:29:31","modified_gmt":"2022-11-04T13:29:31","slug":"zeugnisse-mit-prophetischer-kunst-03-raus-aus-der-finsternis","status":"publish","type":"page","link":"https:\/\/jockyart.de\/de_de\/videos\/zeugnisse-mit-prophetischer-kunst\/zeugnisse-mit-prophetischer-kunst-03-raus-aus-der-finsternis\/","title":{"rendered":"Zeugnis mit prophetischer Kunst 03 &#8211; Raus aus der Finsternis"},"content":{"rendered":"\n<p>In diesem Video erz\u00e4hle ich euch, wie Jesus mich durch eines meiner eigenen Bilder ber\u00fchrt und meinen Blick von den Herausforderungen und schwierigen Umst\u00e4nden weggerissen hat.<\/p>\n\n\n\n<figure class=\"wp-block-image size-large\"><a href=\"https:\/\/youtu.be\/eDrLJdn77Dk\" target=\"_blank\" rel=\"noreferrer noopener\"><img data-recalc-dims=\"1\" loading=\"lazy\" decoding=\"async\" width=\"980\" height=\"551\" src=\"https:\/\/i0.wp.com\/jockyart.de\/wp-content\/uploads\/2022\/05\/Thumb_Zeugnis__003_Raus_Finsternis.jpg?resize=980%2C551&#038;ssl=1\" alt=\"Zeugnis mit proph. Kunst 03 - Raus aus der Finsternis\" class=\"wp-image-2276\" srcset=\"https:\/\/i0.wp.com\/jockyart.de\/wp-content\/uploads\/2022\/05\/Thumb_Zeugnis__003_Raus_Finsternis.jpg?resize=1024%2C576&amp;ssl=1 1024w, https:\/\/i0.wp.com\/jockyart.de\/wp-content\/uploads\/2022\/05\/Thumb_Zeugnis__003_Raus_Finsternis.jpg?resize=1536%2C864&amp;ssl=1 1536w, https:\/\/i0.wp.com\/jockyart.de\/wp-content\/uploads\/2022\/05\/Thumb_Zeugnis__003_Raus_Finsternis.jpg?resize=18%2C10&amp;ssl=1 18w, https:\/\/i0.wp.com\/jockyart.de\/wp-content\/uploads\/2022\/05\/Thumb_Zeugnis__003_Raus_Finsternis.jpg?resize=324%2C182&amp;ssl=1 324w, https:\/\/i0.wp.com\/jockyart.de\/wp-content\/uploads\/2022\/05\/Thumb_Zeugnis__003_Raus_Finsternis.jpg?resize=416%2C234&amp;ssl=1 416w, https:\/\/i0.wp.com\/jockyart.de\/wp-content\/uploads\/2022\/05\/Thumb_Zeugnis__003_Raus_Finsternis.jpg?resize=300%2C169&amp;ssl=1 300w, https:\/\/i0.wp.com\/jockyart.de\/wp-content\/uploads\/2022\/05\/Thumb_Zeugnis__003_Raus_Finsternis.jpg?resize=768%2C432&amp;ssl=1 768w, https:\/\/i0.wp.com\/jockyart.de\/wp-content\/uploads\/2022\/05\/Thumb_Zeugnis__003_Raus_Finsternis.jpg?w=1920&amp;ssl=1 1920w\" sizes=\"auto, (max-width: 980px) 100vw, 980px\" \/><\/a><figcaption class=\"wp-element-caption\">Klick auf das Bild, um das Video auf YouTube anzuschauen<\/figcaption><\/figure>\n\n\n\n<p>Gerne k\u00f6nnt ihr das Original des Bildes kaufen:\n<a href=\"\/de_de\/produkt\/komm-raus-aus-der-finsternis\/\" target=\"_blank\" rel=\"noopener\"><img data-recalc-dims=\"1\" loading=\"lazy\" decoding=\"async\" class=\"alignnone wp-image-7067\" style=\"width: 150px; height: 38px;\" src=\"https:\/\/i0.wp.com\/www.jocky.de\/wp-content\/uploads\/2018\/11\/Hier_bestellen.png?resize=400%2C100&#038;ssl=1\" alt=\"\" width=\"400\" height=\"100\"><\/a><\/p>\n\n\n\n<p>Prints in verschiedenen Gr\u00f6\u00dfen und Qualit\u00e4ten sind bestellbar: <a href=\"https:\/\/jockyart.de\/de_de\/produkt\/raus-aus-der-finsternis\/\" data-type=\"URL\" data-id=\"https:\/\/jockyart.de\/de_de\/produkt\/raus-aus-der-finsternis\/\" target=\"_blank\" rel=\"noreferrer noopener\">klick<\/a><\/p>\n\n\n\n<p>Meinen Kunstnewsletter bestellen: <a href=\"http:\/\/eepurl.com\/hs7o4r\" data-type=\"URL\" data-id=\"http:\/\/eepurl.com\/hs7o4r\" target=\"_blank\" rel=\"noreferrer noopener\">klick<\/a><\/p>\n\n\n\n<p>Wenn euch das Video gefallen hat, gebt mir doch bitte einen <strong>Like, kommentiert<\/strong> und <strong>teilt<\/strong> das Video. Vielen Dank!<\/p>\n\n\n\n<p>Hier k\u00f6nnt ihr das komplette Lied von <strong>Pfingstpanzer<\/strong> aus dem Video h\u00f6ren:  <a rel=\"noreferrer noopener\" href=\"https:\/\/pfingstpanzer.bandcamp.com\/track\/es-raubt-mir-den-atem\" target=\"_blank\">klick<\/a><br><strong>Subscribe<\/strong> video by Burak Kiraz \/ Pixabay  <\/p>\n","protected":false},"excerpt":{"rendered":"<p>In diesem Video erz\u00e4hle ich euch, wie Jesus mich durch eines meiner eigenen Bilder ber\u00fchrt und meinen Blick von den Herausforderungen und schwierigen Umst\u00e4nden weggerissen hat. Gerne k\u00f6nnt ihr das Original des Bildes kaufen: Prints in verschiedenen Gr\u00f6\u00dfen und Qualit\u00e4ten sind bestellbar: klick Meinen Kunstnewsletter bestellen: klick Wenn euch das Video gefallen hat, gebt mir [&hellip;]<\/p>\n","protected":false},"author":1,"featured_media":0,"parent":780,"menu_order":0,"comment_status":"closed","ping_status":"closed","template":"","meta":{"jetpack_post_was_ever_published":false,"footnotes":""},"class_list":["post-2271","page","type-page","status-publish","hentry"],"jetpack-related-posts":[],"jetpack_sharing_enabled":true,"_links":{"self":[{"href":"https:\/\/jockyart.de\/de_de\/wp-json\/wp\/v2\/pages\/2271","targetHints":{"allow":["GET"]}}],"collection":[{"href":"https:\/\/jockyart.de\/de_de\/wp-json\/wp\/v2\/pages"}],"about":[{"href":"https:\/\/jockyart.de\/de_de\/wp-json\/wp\/v2\/types\/page"}],"author":[{"embeddable":true,"href":"https:\/\/jockyart.de\/de_de\/wp-json\/wp\/v2\/users\/1"}],"replies":[{"embeddable":true,"href":"https:\/\/jockyart.de\/de_de\/wp-json\/wp\/v2\/comments?post=2271"}],"version-history":[{"count":6,"href":"https:\/\/jockyart.de\/de_de\/wp-json\/wp\/v2\/pages\/2271\/revisions"}],"predecessor-version":[{"id":4875,"href":"https:\/\/jockyart.de\/de_de\/wp-json\/wp\/v2\/pages\/2271\/revisions\/4875"}],"up":[{"embeddable":true,"href":"https:\/\/jockyart.de\/de_de\/wp-json\/wp\/v2\/pages\/780"}],"wp:attachment":[{"href":"https:\/\/jockyart.de\/de_de\/wp-json\/wp\/v2\/media?parent=2271"}],"curies":[{"name":"wp","href":"https:\/\/api.w.org\/{rel}","templated":true}]}}