{"id":2054,"date":"2022-05-13T22:29:13","date_gmt":"2022-05-13T20:29:13","guid":{"rendered":"https:\/\/jockyart.de\/?page_id=2054"},"modified":"2022-11-03T23:50:06","modified_gmt":"2022-11-03T22:50:06","slug":"zeitraffer-von-der-kolorierung-einer-weihnachtskarte-das-volk-im-finstern","status":"publish","type":"page","link":"https:\/\/jockyart.de\/de_de\/videos\/zeitraffer\/zeitraffer-von-der-kolorierung-einer-weihnachtskarte-das-volk-im-finstern\/","title":{"rendered":"Zeitraffer von der Kolorierung einer Weihnachtskarte: Das Volk im Finstern"},"content":{"rendered":"\n<p>Vor etlichen Jahren habe ich f\u00fcr Freunde und Familie zwei Gru\u00dfkarten als Strichzeichnungen gestaltet. Diese habe ich vor Kurzem digital koloriert. <br><br>Hier findet ihr ein Zeitraffervideo von dem Motiv: &#8220;<strong>Das Volk im Finstern<\/strong>&#8220;. <br>Meine <strong>Gru\u00dfkarten<\/strong> k\u00f6nnt ihr hier bestellen: <a href=\"https:\/\/jockyart.de\/produkt-kategorie\/grusskarten\/\" data-type=\"product_cat\" data-id=\"51\" target=\"_blank\" rel=\"noreferrer noopener\">klick<\/a><\/p>\n\n\n\n<figure class=\"wp-block-image size-large\"><a href=\"https:\/\/youtu.be\/Hfu34oarffA\" target=\"_blank\" rel=\"noreferrer noopener\"><img data-recalc-dims=\"1\" loading=\"lazy\" decoding=\"async\" width=\"980\" height=\"551\" src=\"https:\/\/i0.wp.com\/jockyart.de\/wp-content\/uploads\/2022\/05\/Thumb_Timelapse_Das_Volk_im_Dunkeln.jpg?resize=980%2C551&#038;ssl=1\" alt=\"Zeitraffer: Das Volk im Finstern\" class=\"wp-image-2004\" srcset=\"https:\/\/i0.wp.com\/jockyart.de\/wp-content\/uploads\/2022\/05\/Thumb_Timelapse_Das_Volk_im_Dunkeln.jpg?resize=1024%2C576&amp;ssl=1 1024w, https:\/\/i0.wp.com\/jockyart.de\/wp-content\/uploads\/2022\/05\/Thumb_Timelapse_Das_Volk_im_Dunkeln.jpg?resize=1536%2C864&amp;ssl=1 1536w, https:\/\/i0.wp.com\/jockyart.de\/wp-content\/uploads\/2022\/05\/Thumb_Timelapse_Das_Volk_im_Dunkeln.jpg?resize=18%2C10&amp;ssl=1 18w, https:\/\/i0.wp.com\/jockyart.de\/wp-content\/uploads\/2022\/05\/Thumb_Timelapse_Das_Volk_im_Dunkeln.jpg?resize=324%2C182&amp;ssl=1 324w, https:\/\/i0.wp.com\/jockyart.de\/wp-content\/uploads\/2022\/05\/Thumb_Timelapse_Das_Volk_im_Dunkeln.jpg?resize=416%2C234&amp;ssl=1 416w, https:\/\/i0.wp.com\/jockyart.de\/wp-content\/uploads\/2022\/05\/Thumb_Timelapse_Das_Volk_im_Dunkeln.jpg?resize=300%2C169&amp;ssl=1 300w, https:\/\/i0.wp.com\/jockyart.de\/wp-content\/uploads\/2022\/05\/Thumb_Timelapse_Das_Volk_im_Dunkeln.jpg?resize=768%2C432&amp;ssl=1 768w, https:\/\/i0.wp.com\/jockyart.de\/wp-content\/uploads\/2022\/05\/Thumb_Timelapse_Das_Volk_im_Dunkeln.jpg?w=1920&amp;ssl=1 1920w\" sizes=\"auto, (max-width: 980px) 100vw, 980px\" \/><\/a><\/figure>\n\n\n\n<p><a href=\"https:\/\/jockyart.de\/videos\/zeitraffer\/\" data-type=\"page\" data-id=\"1998\">zur\u00fcck<\/a><\/p>\n","protected":false},"excerpt":{"rendered":"<p>Vor etlichen Jahren habe ich f\u00fcr Freunde und Familie zwei Gru\u00dfkarten als Strichzeichnungen gestaltet. Diese habe ich vor Kurzem digital koloriert. Hier findet ihr ein Zeitraffervideo von dem Motiv: &#8220;Das Volk im Finstern&#8220;. Meine Gru\u00dfkarten k\u00f6nnt ihr hier bestellen: klick zur\u00fcck<\/p>\n","protected":false},"author":1,"featured_media":0,"parent":1998,"menu_order":0,"comment_status":"closed","ping_status":"closed","template":"","meta":{"footnotes":""},"class_list":["post-2054","page","type-page","status-publish","hentry"],"jetpack-related-posts":[],"jetpack_sharing_enabled":true,"_links":{"self":[{"href":"https:\/\/jockyart.de\/de_de\/wp-json\/wp\/v2\/pages\/2054","targetHints":{"allow":["GET"]}}],"collection":[{"href":"https:\/\/jockyart.de\/de_de\/wp-json\/wp\/v2\/pages"}],"about":[{"href":"https:\/\/jockyart.de\/de_de\/wp-json\/wp\/v2\/types\/page"}],"author":[{"embeddable":true,"href":"https:\/\/jockyart.de\/de_de\/wp-json\/wp\/v2\/users\/1"}],"replies":[{"embeddable":true,"href":"https:\/\/jockyart.de\/de_de\/wp-json\/wp\/v2\/comments?post=2054"}],"version-history":[{"count":4,"href":"https:\/\/jockyart.de\/de_de\/wp-json\/wp\/v2\/pages\/2054\/revisions"}],"predecessor-version":[{"id":4795,"href":"https:\/\/jockyart.de\/de_de\/wp-json\/wp\/v2\/pages\/2054\/revisions\/4795"}],"up":[{"embeddable":true,"href":"https:\/\/jockyart.de\/de_de\/wp-json\/wp\/v2\/pages\/1998"}],"wp:attachment":[{"href":"https:\/\/jockyart.de\/de_de\/wp-json\/wp\/v2\/media?parent=2054"}],"curies":[{"name":"wp","href":"https:\/\/api.w.org\/{rel}","templated":true}]}}