{"id":2033,"date":"2022-05-13T22:07:57","date_gmt":"2022-05-13T20:07:57","guid":{"rendered":"https:\/\/jockyart.de\/?page_id=2033"},"modified":"2022-11-03T23:58:43","modified_gmt":"2022-11-03T22:58:43","slug":"zeitraffer-von-prophetischer-kunst-precious-stone-ii","status":"publish","type":"page","link":"https:\/\/jockyart.de\/de_de\/videos\/zeitraffer\/zeitraffer-von-prophetischer-kunst-precious-stone-ii\/","title":{"rendered":"Zeitraffer von prophetischer Kunst: Precious Stone II"},"content":{"rendered":"\n<p>Nachdem das Zeitraffervideo neulich so gut angekommen ist, habe ich beschlossen euch ein weiteres zu pr\u00e4sentieren. Diesmal habe ich das Bild auf meinem Balkon weiter gezeichnet. <br><br>Durch den Zeitraffer k\u00f6nnt ihr einen kleinen Einblick bekommen, wie so ein Kunstwerk mit Buntstift entsteht.<\/p>\n\n\n\n<figure class=\"wp-block-image size-large\"><a href=\"https:\/\/youtu.be\/2nV6EZZsfBU\" target=\"_blank\" rel=\"noreferrer noopener\"><img data-recalc-dims=\"1\" loading=\"lazy\" decoding=\"async\" width=\"980\" height=\"551\" src=\"https:\/\/i0.wp.com\/jockyart.de\/wp-content\/uploads\/2022\/05\/Thumb_Zeitraffer_Precious_Stone_II.jpg?resize=980%2C551&#038;ssl=1\" alt=\"Zeitraffer von prophetischer Kunst: Precious Stone II\" class=\"wp-image-2000\" title=\"Zeitraffer von prophetischer Kunst: Precious Stone II\" srcset=\"https:\/\/i0.wp.com\/jockyart.de\/wp-content\/uploads\/2022\/05\/Thumb_Zeitraffer_Precious_Stone_II.jpg?resize=1024%2C576&amp;ssl=1 1024w, https:\/\/i0.wp.com\/jockyart.de\/wp-content\/uploads\/2022\/05\/Thumb_Zeitraffer_Precious_Stone_II.jpg?resize=1536%2C864&amp;ssl=1 1536w, https:\/\/i0.wp.com\/jockyart.de\/wp-content\/uploads\/2022\/05\/Thumb_Zeitraffer_Precious_Stone_II.jpg?resize=18%2C10&amp;ssl=1 18w, https:\/\/i0.wp.com\/jockyart.de\/wp-content\/uploads\/2022\/05\/Thumb_Zeitraffer_Precious_Stone_II.jpg?resize=324%2C182&amp;ssl=1 324w, https:\/\/i0.wp.com\/jockyart.de\/wp-content\/uploads\/2022\/05\/Thumb_Zeitraffer_Precious_Stone_II.jpg?resize=416%2C234&amp;ssl=1 416w, https:\/\/i0.wp.com\/jockyart.de\/wp-content\/uploads\/2022\/05\/Thumb_Zeitraffer_Precious_Stone_II.jpg?resize=300%2C169&amp;ssl=1 300w, https:\/\/i0.wp.com\/jockyart.de\/wp-content\/uploads\/2022\/05\/Thumb_Zeitraffer_Precious_Stone_II.jpg?resize=768%2C432&amp;ssl=1 768w, https:\/\/i0.wp.com\/jockyart.de\/wp-content\/uploads\/2022\/05\/Thumb_Zeitraffer_Precious_Stone_II.jpg?w=1920&amp;ssl=1 1920w\" sizes=\"auto, (max-width: 980px) 100vw, 980px\" \/><\/a><\/figure>\n\n\n\n<p><a href=\"https:\/\/jockyart.de\/videos\/zeitraffer\/\" data-type=\"page\" data-id=\"1998\">zur\u00fcck<\/a><\/p>\n","protected":false},"excerpt":{"rendered":"<p>Nachdem das Zeitraffervideo neulich so gut angekommen ist, habe ich beschlossen euch ein weiteres zu pr\u00e4sentieren. Diesmal habe ich das Bild auf meinem Balkon weiter gezeichnet. Durch den Zeitraffer k\u00f6nnt ihr einen kleinen Einblick bekommen, wie so ein Kunstwerk mit Buntstift entsteht. zur\u00fcck<\/p>\n","protected":false},"author":1,"featured_media":0,"parent":1998,"menu_order":0,"comment_status":"closed","ping_status":"closed","template":"","meta":{"jetpack_post_was_ever_published":false,"footnotes":""},"class_list":["post-2033","page","type-page","status-publish","hentry"],"jetpack-related-posts":[],"jetpack_sharing_enabled":true,"_links":{"self":[{"href":"https:\/\/jockyart.de\/de_de\/wp-json\/wp\/v2\/pages\/2033","targetHints":{"allow":["GET"]}}],"collection":[{"href":"https:\/\/jockyart.de\/de_de\/wp-json\/wp\/v2\/pages"}],"about":[{"href":"https:\/\/jockyart.de\/de_de\/wp-json\/wp\/v2\/types\/page"}],"author":[{"embeddable":true,"href":"https:\/\/jockyart.de\/de_de\/wp-json\/wp\/v2\/users\/1"}],"replies":[{"embeddable":true,"href":"https:\/\/jockyart.de\/de_de\/wp-json\/wp\/v2\/comments?post=2033"}],"version-history":[{"count":3,"href":"https:\/\/jockyart.de\/de_de\/wp-json\/wp\/v2\/pages\/2033\/revisions"}],"predecessor-version":[{"id":4801,"href":"https:\/\/jockyart.de\/de_de\/wp-json\/wp\/v2\/pages\/2033\/revisions\/4801"}],"up":[{"embeddable":true,"href":"https:\/\/jockyart.de\/de_de\/wp-json\/wp\/v2\/pages\/1998"}],"wp:attachment":[{"href":"https:\/\/jockyart.de\/de_de\/wp-json\/wp\/v2\/media?parent=2033"}],"curies":[{"name":"wp","href":"https:\/\/api.w.org\/{rel}","templated":true}]}}