{"id":1733,"date":"2022-04-21T00:54:52","date_gmt":"2022-04-20T22:54:52","guid":{"rendered":"https:\/\/jockyart.de\/?page_id=1733"},"modified":"2024-03-05T18:11:59","modified_gmt":"2024-03-05T17:11:59","slug":"einverstaendniserklaerung-fuer-persoenliche-prophetische-auftragsbilder","status":"publish","type":"page","link":"https:\/\/jockyart.de\/de_de\/shop\/einverstaendniserklaerung-fuer-persoenliche-prophetische-auftragsbilder\/","title":{"rendered":"Einverst\u00e4ndniserkl\u00e4rung f\u00fcr pers\u00f6nliche prophetische Auftragsbilder"},"content":{"rendered":"\n<p>Ich bin sehr froh, dass Du Dich f\u00fcr ein pers\u00f6nliches, prophetisches Bild von mir entschieden hast.<br>Damit es m\u00f6glichst zu keinen Komplikationen kommt, stimmen beide Parteien folgenden Punkten zu:<\/p>\n\n\n\n<ol class=\"wp-block-list\">\n<li><strong>Wesen des Prophetisches<\/strong><br>Da ich nicht wei\u00df inwieweit jeder Auftraggeber mit dem Prophetischen vertraut ist, m\u00f6chte ich im Voraus ein paar erkl\u00e4rende S\u00e4tze zum Wesen des Prophetischen machen. Ich glaube, dass Jesus sehr real ist und dass Er es liebt zu Seinen Kindern zu sprechen. Sehr oft passiert das \u00fcber symbolhafte Bilder und Worte, die wir \u00fcber unsere Gedanken empfangen.&nbsp;Gott benutzt dabei unsere Pers\u00f6nlichkeit, das hei\u00dft das Empfangene ist gepr\u00e4gt vom Wesen des H\u00f6renden. Wir h\u00f6ren nie 100%ig rein und glasklar von Gott. Das Empfangene muss gepr\u00fcft, abgew\u00e4gt, ausgelegt und angewendet werden. Hier k\u00f6nnen Fehler in jedem dieser Bereiche passieren.&nbsp;&nbsp;&nbsp;&nbsp;<br><br>Ich gehe ann\u00e4hernd 30 Jahre in dieser Gabe und es ist vielfach best\u00e4tigt, dass ich eine prophetische Gabe habe. Dennoch kann ich keine Garantie geben, dass das was ich empfange tats\u00e4chlich von Jesus kommt und vom Heiligen Geist inspiriert ist. Manchmal bete ich kurz und ein entsprechender Eindruck ist gleich da, manchmal bete ich jedoch auch Wochen und ich habe noch nichts empfangen.Was ich dann empfange, setze ich dann kreativ als Bild um. Dabei folge ich treu dem, was ich empfangen habe und setze es dann nach bestem Wissen und Gewissen um. Ob das empfangene Bild, dann dem Empf\u00e4nger gef\u00e4llt, ob er etwas damit anfangen kann oder nicht, darauf habe ich keinen Einfluss. <br><br>Bilder haben oft eine symbolische Bedeutung, die nicht immer sofort auf der Hand liegt. Manchmal ist es f\u00fcr den Empf\u00e4nger notwendig auch \u00fcber dem Bild zu beten, damit der Empf\u00e4nger selber herausfindet, was das konkret f\u00fcr sein Leben bedeutet. Es kann vorkommen, dass erst eine gewisse Zeit vergehen muss, bis das Bild dann ins eigene Leben spricht. Der Empf\u00e4nger ist selbst gefordert, das Bild und den Eindruck zu pr\u00fcfen und hat nat\u00fcrlich die&nbsp; freie Entscheidung, ob er es f\u00fcr sich annimmt.<br><\/li>\n\n\n\n<li><strong>Bezahlung<\/strong><br>Bilder werden im Voraus bezahlt. Das Honorar ist das gleiche, ob dem Empf\u00e4nger das Bild gef\u00e4llt und etwas mit dem Eindruck anfangen kann oder nicht. (Nat\u00fcrlich stelle ich sicher, dass ich ausreichend ins Gebet gegangen bin, um einen Eindruck vom Heiligen Geist f\u00fcr das Bild zu empfangen und erstelle ein ordentliches Bild, wie es nach meinem Empfinden zu dem Eindruck passt.) Das Honorar ist in erster Linie f\u00fcr die Arbeitszeit, die verwendeten Materialien und meine Kosten.Wann ein pers\u00f6nliches Bild fertig gestellt wird, h\u00e4ngt davon ab, wie lange ich beten muss, um einen Eindruck zu bekommen und wann ich Zeit finde an dem Bild zu arbeiten (ich habe noch einen Teilzeitjob nebenher und andere Verpflichtungen).Gibt es mehrere Auftr\u00e4ge auf einmal, werden die Bilder gew\u00f6hnlich in der Reihenfolge der Auftr\u00e4ge\/ Bezahlung erstellt. Ausnahmen nur in Absprache mit den anderen Auftragsgebern und im Ermessen des K\u00fcnstlers.<br><\/li>\n\n\n\n<li><strong>Urheber- und Nutzungsrecht<\/strong><br>Urheberrecht bleibt beim K\u00fcnstler (Jocky), der Empf\u00e4nger, Auftraggeber hat das Nutzungsrecht f\u00fcr das Bild im pers\u00f6nlichen, privaten, nicht kommerziellen Bereich.&nbsp;Ich poste das Bild anonym auf meinem Blog zusammen mit der Auslegung. Diesen Artikel verlinke ich dann auf diversen sozialen Medien. Auf Instagram poste ich Bilder und Videos von der Entstehung. Der K\u00fcnstler hat das Recht das Bild auf anderen Medien wie Kunstdrucken, Postkarten zu reproduzieren und zu verkaufen.&nbsp;&nbsp;Sollte der Auftraggeber damit nicht einverstanden ist, fallen zus\u00e4tzlich 50, &#8211; \u20ac Honorar an (die Ver\u00f6ffentlichung auf meinem Blog und in den sozialen Medien ist eine Form der Werbung f\u00fcr mich und meine Kunst, die Reproduktion auf anderen Medien eine weitere Einnahmequelle, die dadurch wegfallen w\u00fcrde).<br><\/li>\n\n\n\n<li><strong>Ablauf eines Auftrags<\/strong><br>&#8211; der Kunde kontaktiert mich und sagt mir, wie viele pers\u00f6nliche prophetische Bilder er von mir erstellt haben m\u00f6chte und gibt mir nur die Namen der Empf\u00e4nger (mehr Infos sind nicht erforderlich)&nbsp;&nbsp;<br>&#8211; der Kunde bekommt von mir eine Rechnung mit meinen Bankdaten (oder er bestellt \u00fcber den <a href=\"https:\/\/jockyart.de\/de_de\/produkt\/persoenliches-bild\/\">Shop<\/a> auf dieser Webseite). Nach der vollst\u00e4ndigen \u00dcberweisung des Honorars (Ratenzahlung ist m\u00f6glich), beginne ich f\u00fcr die Empf\u00e4nger und die Bilder zu beten.<br>&#8211; sobald ich den entsprechenden Eindruck empfangen habe, setze ich das Bild mit K\u00fcnstleraquarellstiften auf einem speziellen Zeichenkarton im Din A4 Format um (andere Techniken und Formate auf Anfrage). <br>&#8211; Ich poste Bilder\/ Videos von der Entstehung in den sozialen Medien.  <br>&#8211; Ist das Bild fertiggestellt, erh\u00e4lt der Auftraggeber einen Scan des Bildes zusammen mit einer E-Mail mit dem Eindruck und der Auslegung. Im Anschluss verschicke ich das Original in einem kartonierten Umschlag an die gew\u00fcnschte Adresse (gerne auch als versicherte Sendung).<br>&#8211; Ich poste dann das Bild und die Auslegung anonym auf meinem Blog. Ideal w\u00e4re noch ein Feedback des Kunden\/ Empf\u00e4ngers dazu. Diesen Blogbeitrag ver\u00f6ffentliche ich dann in diversen Facebookgruppen auf Deutsch und Englisch. Das Bild poste ich dann auch auf meinem Instagram Account oder anderen sozialen Medien.<br>&#8211; \u00dcber Bilder, die die Empf\u00e4nger besonders ber\u00fchrt haben, mache ich Videos, in denen ich davon Zeugnis gebe, wie diese Bilder Menschen ber\u00fchrt haben.<br><\/li>\n\n\n\n<li><strong>R\u00fccktritt<\/strong><br>Solange die Rechnung noch nicht erstellt und das Honorar noch nicht \u00fcberwiesen wurde, k\u00f6nnen beide Parteien vom Vertrag ohne Nennung von Gr\u00fcnden zur\u00fccktreten. Ist das Honorar bereits \u00fcberwiesen, f\u00e4llt eine Bearbeitungsgeb\u00fchr von 10,- \u20ac an.&nbsp; Wenn der K\u00fcnstler bereits mit der Umsetzung des Auftrags begonnen hat, ist ein R\u00fccktritt nur in Absprache mit dem K\u00fcnstler m\u00f6glich (R\u00fcckzahlung des Honorars dann nur anteilig je nachdem, wie viel Arbeit schon in das Kunstwerk investiert wurde).<br><\/li>\n\n\n\n<li><strong>Einverst\u00e4ndniserkl\u00e4rung ist Teil des Auftrags<\/strong><br>Mit Erteilung des Auftrags erkl\u00e4rt der Auftraggeber, dass er mit der Einverst\u00e4ndniserkl\u00e4rung einverstanden ist.<\/li>\n<\/ol>\n\n\n<p><a href=\"\/produkt\/persoenliches-bild\/\">zur\u00fcck<\/a><\/p>\n","protected":false},"excerpt":{"rendered":"<p>Ich bin sehr froh, dass Du Dich f\u00fcr ein pers\u00f6nliches, prophetisches Bild von mir entschieden hast.Damit es m\u00f6glichst zu keinen Komplikationen kommt, stimmen beide Parteien folgenden Punkten zu: zur\u00fcck<\/p>\n","protected":false},"author":1,"featured_media":0,"parent":78,"menu_order":0,"comment_status":"closed","ping_status":"closed","template":"","meta":{"footnotes":""},"class_list":["post-1733","page","type-page","status-publish","hentry"],"_links":{"self":[{"href":"https:\/\/jockyart.de\/de_de\/wp-json\/wp\/v2\/pages\/1733","targetHints":{"allow":["GET"]}}],"collection":[{"href":"https:\/\/jockyart.de\/de_de\/wp-json\/wp\/v2\/pages"}],"about":[{"href":"https:\/\/jockyart.de\/de_de\/wp-json\/wp\/v2\/types\/page"}],"author":[{"embeddable":true,"href":"https:\/\/jockyart.de\/de_de\/wp-json\/wp\/v2\/users\/1"}],"replies":[{"embeddable":true,"href":"https:\/\/jockyart.de\/de_de\/wp-json\/wp\/v2\/comments?post=1733"}],"version-history":[{"count":6,"href":"https:\/\/jockyart.de\/de_de\/wp-json\/wp\/v2\/pages\/1733\/revisions"}],"predecessor-version":[{"id":7881,"href":"https:\/\/jockyart.de\/de_de\/wp-json\/wp\/v2\/pages\/1733\/revisions\/7881"}],"up":[{"embeddable":true,"href":"https:\/\/jockyart.de\/de_de\/wp-json\/wp\/v2\/pages\/78"}],"wp:attachment":[{"href":"https:\/\/jockyart.de\/de_de\/wp-json\/wp\/v2\/media?parent=1733"}],"curies":[{"name":"wp","href":"https:\/\/api.w.org\/{rel}","templated":true}]}}