{"id":1718,"date":"2022-04-21T00:05:11","date_gmt":"2022-04-20T22:05:11","guid":{"rendered":"https:\/\/jockyart.de\/?page_id=1718"},"modified":"2025-12-09T11:11:39","modified_gmt":"2025-12-09T10:11:39","slug":"ablauf-eines-prophetischen-auftragsbildes","status":"publish","type":"page","link":"https:\/\/jockyart.de\/de_de\/shop\/ablauf-eines-prophetischen-auftragsbildes\/","title":{"rendered":"Ablauf eines prophetischen Auftragsbildes"},"content":{"rendered":"\n<p>Normalerweise erstelle ich diese Bilder mit K\u00fcnstleraquarellstiften auf einem besonderen Zeichenkarton im Format Din A4.<\/p>\n\n\n\n<figure class=\"wp-block-image size-large\"><a href=\"https:\/\/youtu.be\/vwQX_l_SZIo?si=KxUmBpcrSrt1fiDu\" target=\"_blank\" rel=\"noreferrer noopener\"><img data-recalc-dims=\"1\" loading=\"lazy\" decoding=\"async\" width=\"980\" height=\"551\" src=\"https:\/\/i0.wp.com\/jockyart.de\/wp-content\/uploads\/2022\/05\/Thumb_Zeitraffer_Zwei_Wege.jpg?resize=980%2C551&#038;ssl=1\" alt=\"Zeitraffer: Zwei Wege, eine Entscheidung\" class=\"wp-image-2002\" srcset=\"https:\/\/i0.wp.com\/jockyart.de\/wp-content\/uploads\/2022\/05\/Thumb_Zeitraffer_Zwei_Wege.jpg?resize=1024%2C576&amp;ssl=1 1024w, https:\/\/i0.wp.com\/jockyart.de\/wp-content\/uploads\/2022\/05\/Thumb_Zeitraffer_Zwei_Wege.jpg?resize=1536%2C864&amp;ssl=1 1536w, https:\/\/i0.wp.com\/jockyart.de\/wp-content\/uploads\/2022\/05\/Thumb_Zeitraffer_Zwei_Wege.jpg?resize=18%2C10&amp;ssl=1 18w, https:\/\/i0.wp.com\/jockyart.de\/wp-content\/uploads\/2022\/05\/Thumb_Zeitraffer_Zwei_Wege.jpg?resize=324%2C182&amp;ssl=1 324w, https:\/\/i0.wp.com\/jockyart.de\/wp-content\/uploads\/2022\/05\/Thumb_Zeitraffer_Zwei_Wege.jpg?resize=416%2C234&amp;ssl=1 416w, https:\/\/i0.wp.com\/jockyart.de\/wp-content\/uploads\/2022\/05\/Thumb_Zeitraffer_Zwei_Wege.jpg?resize=300%2C169&amp;ssl=1 300w, https:\/\/i0.wp.com\/jockyart.de\/wp-content\/uploads\/2022\/05\/Thumb_Zeitraffer_Zwei_Wege.jpg?resize=768%2C432&amp;ssl=1 768w, https:\/\/i0.wp.com\/jockyart.de\/wp-content\/uploads\/2022\/05\/Thumb_Zeitraffer_Zwei_Wege.jpg?w=1920&amp;ssl=1 1920w\" sizes=\"auto, (max-width: 980px) 100vw, 980px\" \/><\/a><figcaption class=\"wp-element-caption\">Klicke auf das Bild, um das Video auf YouTube anzuschauen<\/figcaption><\/figure>\n\n\n\n<p>Dann bitten mich die Leute gew\u00f6hnlich, dass ich f\u00fcr sie beten soll, was Gott ihnen sagen will. Den Eindruck, den ich dabei empfange, setze ich dann als Bild um. Nachdem die Rechnung gestellt und der Betrag auf meinem Konto eingegangen ist, fange ich an f\u00fcr den Eindruck f\u00fcr das Bild zu beten. Sobald ich ein Wort von Gott empfangen habe, setze ich ihn dann als Bild um.<\/p>\n\n\n\n<p>Die Leute bekommen dann zun\u00e4chst einen Scan des Bildes und die Beschreibung und Auslegung per E-Mail und dann das Original auf dem Postweg.<\/p>\n\n\n\n<p>Ich poste dann das Bild und die Auslegung anonym auf meinem Blog. Ideal w\u00e4re noch ein Feedback des Kunden dazu. Diesen Blogbeitrag ver\u00f6ffentliche ich dann in diversen Facebookgruppen. Das Bild poste ich dann auch auf meinem Instagram Account.<\/p>\n\n\n\n<p><strong>Beauftragte Originalbilder<\/strong><br>F\u00fcr einen solchen einmaligen Auftrag verlange ich <strong>250, \u2013 \u20ac<\/strong> (auf Wunsch mit versicherten Versand + 6,- \u20ac) und Versand mit <strong>kartonierten Umschlag<\/strong>.<\/p>\n\n\n\n<p><strong>Versicherter Versand:<\/strong> <br>Bei Original- und Auftragsbildern kann ich das Bild als versicherte Sendung verschicken. So ist die Wahrscheinlichkeit h\u00f6her, dass der Brieftr\u00e4ger die Sendung nicht in deinen Briefkasten quetscht und das Bild dadurch Schaden nehmen k\u00f6nnte. Es gibt entsprechend Geld zur\u00fcck bei Schaden oder Verlust. Daf\u00fcr muss ich dann extra auf Postamt. Ich berechne dann 6,- \u20ac Versandkosten.<br>Wenn der Briefkasten ausreichend gro\u00df ist, sollte der normale Briefversand reichen, da ich die Bilder in einem kartonierten Briefumschlag verschicke.<\/p>\n\n\n\n<p><strong>F\u00fcr Folgeauftr\u00e4ge gebe ich folgende Erm\u00e4\u00dfigungen: <\/strong><br><strong>2. Bild:<\/strong> 245, \u2013 \u20ac <br><strong>3. Bild:<\/strong> 235, \u2013 \u20ac <br><strong>4. Bild: <\/strong>220, \u2013 \u20ac <br><strong>5. Bild:<\/strong> 205, \u2013 \u20ac <br><strong>6. Bild:<\/strong> 190, \u2013 \u20ac <br><strong>7. Bild:<\/strong> 170, \u2013 \u20ac <br><strong>8. Bild:<\/strong> 150, \u2013 \u20ac <br><br>Ratenzahlungen sind m\u00f6glich, weitere Varianten auf Anfrage. F\u00fcr den Ablauf eines solchen Auftrages gilt folgende <strong>Einverst\u00e4ndniserkl\u00e4rung<\/strong>: <a href=\"https:\/\/jockyart.de\/shop\/einverstaendniserklaerung-fuer-persoenliche-prophetische-auftragsbilder\/\" data-type=\"page\" data-id=\"1733\">klick<\/a><\/p>\n\n\n\n<p><a href=\"https:\/\/jockyart.de\/produkt\/persoenliches-bild\/\" data-type=\"product\" data-id=\"211\">zur\u00fcck<\/a><\/p>\n","protected":false},"excerpt":{"rendered":"<p>Normalerweise erstelle ich diese Bilder mit K\u00fcnstleraquarellstiften auf einem besonderen Zeichenkarton im Format Din A4. Dann bitten mich die Leute gew\u00f6hnlich, dass ich f\u00fcr sie beten soll, was Gott ihnen sagen will. Den Eindruck, den ich dabei empfange, setze ich dann als Bild um. Nachdem die Rechnung gestellt und der Betrag auf meinem Konto eingegangen [&hellip;]<\/p>\n","protected":false},"author":1,"featured_media":0,"parent":78,"menu_order":0,"comment_status":"closed","ping_status":"closed","template":"","meta":{"jetpack_post_was_ever_published":false,"footnotes":""},"class_list":["post-1718","page","type-page","status-publish","hentry"],"jetpack-related-posts":[],"jetpack_sharing_enabled":true,"_links":{"self":[{"href":"https:\/\/jockyart.de\/de_de\/wp-json\/wp\/v2\/pages\/1718","targetHints":{"allow":["GET"]}}],"collection":[{"href":"https:\/\/jockyart.de\/de_de\/wp-json\/wp\/v2\/pages"}],"about":[{"href":"https:\/\/jockyart.de\/de_de\/wp-json\/wp\/v2\/types\/page"}],"author":[{"embeddable":true,"href":"https:\/\/jockyart.de\/de_de\/wp-json\/wp\/v2\/users\/1"}],"replies":[{"embeddable":true,"href":"https:\/\/jockyart.de\/de_de\/wp-json\/wp\/v2\/comments?post=1718"}],"version-history":[{"count":14,"href":"https:\/\/jockyart.de\/de_de\/wp-json\/wp\/v2\/pages\/1718\/revisions"}],"predecessor-version":[{"id":11226,"href":"https:\/\/jockyart.de\/de_de\/wp-json\/wp\/v2\/pages\/1718\/revisions\/11226"}],"up":[{"embeddable":true,"href":"https:\/\/jockyart.de\/de_de\/wp-json\/wp\/v2\/pages\/78"}],"wp:attachment":[{"href":"https:\/\/jockyart.de\/de_de\/wp-json\/wp\/v2\/media?parent=1718"}],"curies":[{"name":"wp","href":"https:\/\/api.w.org\/{rel}","templated":true}]}}