{"id":1140,"date":"2022-04-09T21:10:19","date_gmt":"2022-04-09T19:10:19","guid":{"rendered":"https:\/\/jockyart.de\/?page_id=1140"},"modified":"2025-05-20T09:55:04","modified_gmt":"2025-05-20T07:55:04","slug":"regina","status":"publish","type":"page","link":"https:\/\/jockyart.de\/de_de\/testimonials\/regina\/","title":{"rendered":"Regina B. I"},"content":{"rendered":"<div class=\"wp-block-image\">\n<figure class=\"alignleft size-medium\"><img loading=\"lazy\" decoding=\"async\" width=\"225\" height=\"300\" src=\"https:\/\/jockyart.de\/wp-content\/uploads\/2022\/04\/testi_Gebietserweiterung-225x300.jpg\" alt=\"Testimonial: Gebietserweiterung\" class=\"wp-image-1556\" srcset=\"https:\/\/jockyart.de\/wp-content\/uploads\/2022\/04\/testi_Gebietserweiterung-225x300.jpg 225w, https:\/\/jockyart.de\/wp-content\/uploads\/2022\/04\/testi_Gebietserweiterung-9x12.jpg 9w, https:\/\/jockyart.de\/wp-content\/uploads\/2022\/04\/testi_Gebietserweiterung-324x432.jpg 324w, https:\/\/jockyart.de\/wp-content\/uploads\/2022\/04\/testi_Gebietserweiterung-416x555.jpg 416w, https:\/\/jockyart.de\/wp-content\/uploads\/2022\/04\/testi_Gebietserweiterung.jpg 450w\" sizes=\"auto, (max-width: 225px) 100vw, 225px\" \/><\/figure>\n<\/div>\n\n\n<p>Das Bild gef\u00e4llt mir, es ist sehr sch\u00f6n gemalt und aussagekr\u00e4ftig. Ziemlich sprachlos war ich, als ich mir das prophetische Wort durchgelesen habe\u2026 ich habe ein Buch, in das ich Bibelverse oder Eindr\u00fccke von Gott f\u00fcr mich aufschreibe.<\/p>\n\n\n\n<p>Beide Bibelstellen, die Gott dir gegeben hat, habe ich hier im Zusammenhang auch selbst von ihm bekommen! Ich finde das soo sch\u00f6n und freue mich dar\u00fcber, das ist so eine tolle Best\u00e4tigung! Da ich oft nicht sicher bin, ob das, was Gott mir sagt, wirklich von ihm kommt, oder meine eigenen Gedanken sind. Das hier ist somit gleichzeitig auch eine Ermutigung von Gott, dass er zu mir spricht und ich ihn h\u00f6ren kann. Das macht mich gl\u00fccklich, weil ich mir das wirklich w\u00fcnsche.&nbsp;<\/p>\n\n\n\n<p>Das Thema Gebietserweiterung besch\u00e4ftigt mich schon seit einiger Zeit. Ich bin seit 2 Jahren in meiner Gemeinde im Kinderdienst-Team und im M\u00e4rz habe nun ich die Leitung des Kinderdienstes \u00fcbernommen. Ich habe mich vorher l\u00e4ngere Zeit dagegen gestr\u00e4ubt, da ich mir selbst oft weniger zutraue, nicht gerne im Mittelpunkt stehe und lieber im Hintergrund bleibe. Dadurch begrenze ich mich selbst oft\u2026 Da dringend eine Leitung gebraucht wurde, habe ich nach langem Z\u00f6gern zugesagt. Ich merke, dass Gott mir hilft und ich freu mich, dass du in deinem Eindruck geschrieben hast, dass Segen auf dem liegt, was ich tue. Das ist mir sehr wichtig.&nbsp;<\/p>\n\n\n\n<p>Ein andere Bereich, in dem Gott mein Gebiet erweitert, ist, dass ich mich nach langer Zeit endlich einem Hauskreis angeschlossen habe. Die letzten zwei Jahre waren f\u00fcr mich aufgrund pers\u00f6nlicher Gr\u00fcnde nicht leicht, weshalb ich mich etwas zur\u00fcckgezogen habe. Nun habe ich es gewagt, mich einem Hauskreis anzuschlie\u00dfen, was ich mir lange gew\u00fcnscht habe, was f\u00fcr mich aber auch herausfordernd ist, da ich eher introvertiert bin und mir dies oft im Weg steht. Zu wissen, dass Gott mich darin ermutigt, mich nicht zu verkriechen, und er mich best\u00e4rkt, ist sehr sch\u00f6n.&nbsp;<\/p>\n\n\n\n<p>Ich bin wirklich gespannt, was Gott weiter noch tun wird, um mein Gebiet noch mehr zu erweitern, mich zu gebrauchen und Beschr\u00e4nkungen wegzunehmen, die ich mir selber gesetzt habe. Gott ist gut. Und mit ihm ist alles m\u00f6glich. Seine Kraft ist unsere St\u00e4rke.&nbsp;<\/p>\n\n\n\n<p>Ich danke dir, f\u00fcr dein Gebet und das Bild! Gott segne dich weiterhin und gebrauche dich, um andere zu segnen.&nbsp;<\/p>\n","protected":false},"excerpt":{"rendered":"<p>Das Bild gef\u00e4llt mir, es ist sehr sch\u00f6n gemalt und aussagekr\u00e4ftig. Ziemlich sprachlos war ich, als ich mir das prophetische Wort durchgelesen habe\u2026 ich habe ein Buch, in das ich Bibelverse oder Eindr\u00fccke von Gott f\u00fcr mich aufschreibe. Beide Bibelstellen, die Gott dir gegeben hat, habe ich hier im Zusammenhang auch selbst von ihm bekommen! [&hellip;]<\/p>\n","protected":false},"author":1,"featured_media":0,"parent":1044,"menu_order":0,"comment_status":"closed","ping_status":"closed","template":"","meta":{"footnotes":""},"class_list":["post-1140","page","type-page","status-publish","hentry"],"_links":{"self":[{"href":"https:\/\/jockyart.de\/de_de\/wp-json\/wp\/v2\/pages\/1140","targetHints":{"allow":["GET"]}}],"collection":[{"href":"https:\/\/jockyart.de\/de_de\/wp-json\/wp\/v2\/pages"}],"about":[{"href":"https:\/\/jockyart.de\/de_de\/wp-json\/wp\/v2\/types\/page"}],"author":[{"embeddable":true,"href":"https:\/\/jockyart.de\/de_de\/wp-json\/wp\/v2\/users\/1"}],"replies":[{"embeddable":true,"href":"https:\/\/jockyart.de\/de_de\/wp-json\/wp\/v2\/comments?post=1140"}],"version-history":[{"count":6,"href":"https:\/\/jockyart.de\/de_de\/wp-json\/wp\/v2\/pages\/1140\/revisions"}],"predecessor-version":[{"id":11013,"href":"https:\/\/jockyart.de\/de_de\/wp-json\/wp\/v2\/pages\/1140\/revisions\/11013"}],"up":[{"embeddable":true,"href":"https:\/\/jockyart.de\/de_de\/wp-json\/wp\/v2\/pages\/1044"}],"wp:attachment":[{"href":"https:\/\/jockyart.de\/de_de\/wp-json\/wp\/v2\/media?parent=1140"}],"curies":[{"name":"wp","href":"https:\/\/api.w.org\/{rel}","templated":true}]}}