{"id":1108,"date":"2022-04-09T17:37:45","date_gmt":"2022-04-09T15:37:45","guid":{"rendered":"https:\/\/jockyart.de\/?page_id=1108"},"modified":"2022-04-18T12:19:14","modified_gmt":"2022-04-18T10:19:14","slug":"klaus-h","status":"publish","type":"page","link":"https:\/\/jockyart.de\/de_de\/testimonials\/klaus-h\/","title":{"rendered":"Klaus H."},"content":{"rendered":"\n<div class=\"wp-block-image\"><figure class=\"alignleft size-full is-resized\"><img loading=\"lazy\" decoding=\"async\" src=\"https:\/\/jockyart.de\/wp-content\/uploads\/2022\/04\/testi_Schreibmaschine.jpg\" alt=\"Testimonial: Die entflammte Schreibmaschine\" class=\"wp-image-1110\" width=\"335\" height=\"450\" srcset=\"https:\/\/jockyart.de\/wp-content\/uploads\/2022\/04\/testi_Schreibmaschine.jpg 447w, https:\/\/jockyart.de\/wp-content\/uploads\/2022\/04\/testi_Schreibmaschine-324x435.jpg 324w, https:\/\/jockyart.de\/wp-content\/uploads\/2022\/04\/testi_Schreibmaschine-416x558.jpg 416w, https:\/\/jockyart.de\/wp-content\/uploads\/2022\/04\/testi_Schreibmaschine-9x12.jpg 9w, https:\/\/jockyart.de\/wp-content\/uploads\/2022\/04\/testi_Schreibmaschine-224x300.jpg 224w\" sizes=\"auto, (max-width: 335px) 100vw, 335px\" \/><\/figure><\/div>\n\n\n\n<p>Ja, irgendwie stecke ich gerade fest, wie gel\u00e4hmt und das Vergangene, das Erlebte hat Auswirkungen auf mein Leben. Da hast du vollkommen recht. <br><br>Das mit der Schreibmaschine ist auch richtig. Ich habe mehrere B\u00fccher geschrieben, B\u00fccher \u00fcber [\u2026] und auch jetzt wieder \u00fcber geistliche Dinge [\u2026].<\/p>\n\n\n\n<p><strong>Das Bild ist sehr Besonders, Eindrucksvoll und Hoffnungsvoll. Es hat Ausdruck, Weite und Zukunft und verhei\u00dft Neues, unendliche Weite und neues Land, neue Ufer.<\/strong><br><br>Liebe Gr\u00fc\u00dfe und Gottes Segen<br>Klaus<br><br>Das bezieht sich auf dieses Bild: <a href=\"https:\/\/www.jocky.de\/2020\/04\/08\/die-entflammte-schreibmaschine\/\" target=\"_blank\" rel=\"noreferrer noopener\">klick<\/a><br><\/p>\n","protected":false},"excerpt":{"rendered":"<p>Ja, irgendwie stecke ich gerade fest, wie gel\u00e4hmt und das Vergangene, das Erlebte hat Auswirkungen auf mein Leben. Da hast du vollkommen recht. Das mit der Schreibmaschine ist auch richtig. Ich habe mehrere B\u00fccher geschrieben, B\u00fccher \u00fcber [\u2026] und auch jetzt wieder \u00fcber geistliche Dinge [\u2026]. Das Bild ist sehr Besonders, Eindrucksvoll und Hoffnungsvoll. Es [&hellip;]<\/p>\n","protected":false},"author":1,"featured_media":0,"parent":1044,"menu_order":0,"comment_status":"closed","ping_status":"closed","template":"","meta":{"footnotes":""},"class_list":["post-1108","page","type-page","status-publish","hentry"],"_links":{"self":[{"href":"https:\/\/jockyart.de\/de_de\/wp-json\/wp\/v2\/pages\/1108","targetHints":{"allow":["GET"]}}],"collection":[{"href":"https:\/\/jockyart.de\/de_de\/wp-json\/wp\/v2\/pages"}],"about":[{"href":"https:\/\/jockyart.de\/de_de\/wp-json\/wp\/v2\/types\/page"}],"author":[{"embeddable":true,"href":"https:\/\/jockyart.de\/de_de\/wp-json\/wp\/v2\/users\/1"}],"replies":[{"embeddable":true,"href":"https:\/\/jockyart.de\/de_de\/wp-json\/wp\/v2\/comments?post=1108"}],"version-history":[{"count":3,"href":"https:\/\/jockyart.de\/de_de\/wp-json\/wp\/v2\/pages\/1108\/revisions"}],"predecessor-version":[{"id":1115,"href":"https:\/\/jockyart.de\/de_de\/wp-json\/wp\/v2\/pages\/1108\/revisions\/1115"}],"up":[{"embeddable":true,"href":"https:\/\/jockyart.de\/de_de\/wp-json\/wp\/v2\/pages\/1044"}],"wp:attachment":[{"href":"https:\/\/jockyart.de\/de_de\/wp-json\/wp\/v2\/media?parent=1108"}],"curies":[{"name":"wp","href":"https:\/\/api.w.org\/{rel}","templated":true}]}}