{"id":11017,"date":"2025-05-20T10:46:38","date_gmt":"2025-05-20T08:46:38","guid":{"rendered":"https:\/\/jockyart.de\/?page_id=11017"},"modified":"2025-05-20T10:59:15","modified_gmt":"2025-05-20T08:59:15","slug":"klaus-h-ii","status":"publish","type":"page","link":"https:\/\/jockyart.de\/de_de\/testimonials\/klaus-h-ii\/","title":{"rendered":"Klaus H. II"},"content":{"rendered":"<div class=\"wp-block-image\">\n<figure data-wp-context=\"{&quot;imageId&quot;:&quot;69d91ac98f919&quot;}\" data-wp-interactive=\"core\/image\" data-wp-key=\"69d91ac98f919\" class=\"alignleft size-medium wp-lightbox-container\"><img loading=\"lazy\" decoding=\"async\" width=\"223\" height=\"300\" data-wp-class--hide=\"state.isContentHidden\" data-wp-class--show=\"state.isContentVisible\" data-wp-init=\"callbacks.setButtonStyles\" data-wp-on--click=\"actions.showLightbox\" data-wp-on--load=\"callbacks.setButtonStyles\" data-wp-on-window--resize=\"callbacks.setButtonStyles\" src=\"https:\/\/jockyart.de\/wp-content\/uploads\/2022\/06\/Gerichtssaal_Kreuz_Gnade_Friede_Gerechtigkeit-223x300.jpg\" alt=\"Gerichtssaal_Kreuz_Gnade_Friede_Gerechtigkeit\" class=\"wp-image-2703\" srcset=\"https:\/\/jockyart.de\/wp-content\/uploads\/2022\/06\/Gerichtssaal_Kreuz_Gnade_Friede_Gerechtigkeit-223x300.jpg 223w, https:\/\/jockyart.de\/wp-content\/uploads\/2022\/06\/Gerichtssaal_Kreuz_Gnade_Friede_Gerechtigkeit-9x12.jpg 9w, https:\/\/jockyart.de\/wp-content\/uploads\/2022\/06\/Gerichtssaal_Kreuz_Gnade_Friede_Gerechtigkeit-324x435.jpg 324w, https:\/\/jockyart.de\/wp-content\/uploads\/2022\/06\/Gerichtssaal_Kreuz_Gnade_Friede_Gerechtigkeit-416x559.jpg 416w, https:\/\/jockyart.de\/wp-content\/uploads\/2022\/06\/Gerichtssaal_Kreuz_Gnade_Friede_Gerechtigkeit-768x1032.jpg 768w, https:\/\/jockyart.de\/wp-content\/uploads\/2022\/06\/Gerichtssaal_Kreuz_Gnade_Friede_Gerechtigkeit-762x1024.jpg 762w, https:\/\/jockyart.de\/wp-content\/uploads\/2022\/06\/Gerichtssaal_Kreuz_Gnade_Friede_Gerechtigkeit.jpg 893w\" sizes=\"auto, (max-width: 223px) 100vw, 223px\" \/><button\n\t\t\tclass=\"lightbox-trigger\"\n\t\t\ttype=\"button\"\n\t\t\taria-haspopup=\"dialog\"\n\t\t\taria-label=\"Vergr\u00f6\u00dfern\"\n\t\t\tdata-wp-init=\"callbacks.initTriggerButton\"\n\t\t\tdata-wp-on--click=\"actions.showLightbox\"\n\t\t\tdata-wp-style--right=\"state.imageButtonRight\"\n\t\t\tdata-wp-style--top=\"state.imageButtonTop\"\n\t\t>\n\t\t\t<svg xmlns=\"http:\/\/www.w3.org\/2000\/svg\" width=\"12\" height=\"12\" fill=\"none\" viewBox=\"0 0 12 12\">\n\t\t\t\t<path fill=\"#fff\" d=\"M2 0a2 2 0 0 0-2 2v2h1.5V2a.5.5 0 0 1 .5-.5h2V0H2Zm2 10.5H2a.5.5 0 0 1-.5-.5V8H0v2a2 2 0 0 0 2 2h2v-1.5ZM8 12v-1.5h2a.5.5 0 0 0 .5-.5V8H12v2a2 2 0 0 1-2 2H8Zm2-12a2 2 0 0 1 2 2v2h-1.5V2a.5.5 0 0 0-.5-.5H8V0h2Z\" \/>\n\t\t\t<\/svg>\n\t\t<\/button><figcaption class=\"wp-element-caption\">Gerichtssaal: Kreuz, Gnade, Friede, Freude und Gerechtigkeit<\/figcaption><\/figure>\n<\/div>\n\n\n<p>Das Bild trifft genau in meine derzeitige Situation. Ich stand in der letzten Zeit wie unter Anklage, dass ich das Leben nicht so erf\u00fclle, wie es eigentlich Jesus gerne h\u00e4tte.<\/p>\n\n\n\n<p>Da sah eine Prophetin ein Bild von Gott \u00fcber mein Leben, dass ich auf einer gr\u00fcnen Wiese sitze und \u00fcbergro\u00dfe Blumen streichle und der Herr sprach dazu, dass sein Blut und seine Gnade f\u00fcr mich ausreicht und mein Leben vor ihm durch seine Gerechtigkeit, die er mir am Kreuz geschenkt hat, gen\u00fcgt.<\/p>\n\n\n\n<p>Deshalb ist das Bild und die Auslegung genau richtig, dass der Richterstuhl in den Hintergrund r\u00fcckte und sein Opfer am Kreuz in den Vordergrund. All die Anklagen und die Schwere in meinem Leben hat er getragen und mich erl\u00f6st. Er hat durch seinen Tod und seine Gnade das Werk der Erl\u00f6sung f\u00fcr mich vollbracht und der Sieg \u00fcber alles dunkle und s\u00fcndige und negative in meinem Leben ist vollkommen vollbracht.<\/p>\n\n\n\n<p>Und wie du schreibst von den vielen Engeln, die mir zur Seite stehen und mir dienen und meinen Dienst begleiten, so sah auch diese Prophetin, dass meine Wohnung voll war mit lauter Engeln und Gott sprach von Neuem, von einem neuen Auftrag und neuer Berufung.<\/p>\n\n\n\n<p>Ja, Gnade, Frieden, Freude und Gerechtigkeit von Gott f\u00fcr mein Leben und meinen Dienst. Du konntest das ja alles gar nicht wissen, aber es deckt sich alles ganz genau.<\/p>\n\n\n\n<p>Das Bild und die Auslegung spricht mich total an und es ist auch alles so best\u00e4tigt. Wirklich eine gro\u00dfe \u00dcberraschung.<\/p>\n","protected":false},"excerpt":{"rendered":"<p>Das Bild trifft genau in meine derzeitige Situation. Ich stand in der letzten Zeit wie unter Anklage, dass ich das Leben nicht so erf\u00fclle, wie es eigentlich Jesus gerne h\u00e4tte. Da sah eine Prophetin ein Bild von Gott \u00fcber mein Leben, dass ich auf einer gr\u00fcnen Wiese sitze und \u00fcbergro\u00dfe Blumen streichle und der Herr [&hellip;]<\/p>\n","protected":false},"author":1,"featured_media":0,"parent":1044,"menu_order":0,"comment_status":"closed","ping_status":"closed","template":"","meta":{"footnotes":""},"class_list":["post-11017","page","type-page","status-publish","hentry"],"_links":{"self":[{"href":"https:\/\/jockyart.de\/de_de\/wp-json\/wp\/v2\/pages\/11017","targetHints":{"allow":["GET"]}}],"collection":[{"href":"https:\/\/jockyart.de\/de_de\/wp-json\/wp\/v2\/pages"}],"about":[{"href":"https:\/\/jockyart.de\/de_de\/wp-json\/wp\/v2\/types\/page"}],"author":[{"embeddable":true,"href":"https:\/\/jockyart.de\/de_de\/wp-json\/wp\/v2\/users\/1"}],"replies":[{"embeddable":true,"href":"https:\/\/jockyart.de\/de_de\/wp-json\/wp\/v2\/comments?post=11017"}],"version-history":[{"count":2,"href":"https:\/\/jockyart.de\/de_de\/wp-json\/wp\/v2\/pages\/11017\/revisions"}],"predecessor-version":[{"id":11020,"href":"https:\/\/jockyart.de\/de_de\/wp-json\/wp\/v2\/pages\/11017\/revisions\/11020"}],"up":[{"embeddable":true,"href":"https:\/\/jockyart.de\/de_de\/wp-json\/wp\/v2\/pages\/1044"}],"wp:attachment":[{"href":"https:\/\/jockyart.de\/de_de\/wp-json\/wp\/v2\/media?parent=11017"}],"curies":[{"name":"wp","href":"https:\/\/api.w.org\/{rel}","templated":true}]}}