{"id":10962,"date":"2025-05-05T14:58:31","date_gmt":"2025-05-05T12:58:31","guid":{"rendered":"https:\/\/jockyart.de\/?page_id=10962"},"modified":"2025-05-20T11:21:33","modified_gmt":"2025-05-20T09:21:33","slug":"m-b","status":"publish","type":"page","link":"https:\/\/jockyart.de\/de_de\/testimonials\/m-b\/","title":{"rendered":"M.B."},"content":{"rendered":"<div class=\"wp-block-image\">\n<figure data-wp-context=\"{&quot;imageId&quot;:&quot;69dee0a7ecac8&quot;}\" data-wp-interactive=\"core\/image\" data-wp-key=\"69dee0a7ecac8\" class=\"alignleft size-medium wp-lightbox-container\"><img loading=\"lazy\" decoding=\"async\" width=\"212\" height=\"300\" data-wp-class--hide=\"state.isContentHidden\" data-wp-class--show=\"state.isContentVisible\" data-wp-init=\"callbacks.setButtonStyles\" data-wp-on--click=\"actions.showLightbox\" data-wp-on--load=\"callbacks.setButtonStyles\" data-wp-on-window--resize=\"callbacks.setButtonStyles\" src=\"https:\/\/jockyart.de\/wp-content\/uploads\/2024\/03\/Horizonterweiterung_web-212x300.png\" alt=\"Horizonterweiterung\" class=\"wp-image-7907\" srcset=\"https:\/\/jockyart.de\/wp-content\/uploads\/2024\/03\/Horizonterweiterung_web-212x300.png 212w, https:\/\/jockyart.de\/wp-content\/uploads\/2024\/03\/Horizonterweiterung_web-1085x1536.png 1085w, https:\/\/jockyart.de\/wp-content\/uploads\/2024\/03\/Horizonterweiterung_web-8x12.png 8w, https:\/\/jockyart.de\/wp-content\/uploads\/2024\/03\/Horizonterweiterung_web-1320x1868.png 1320w, https:\/\/jockyart.de\/wp-content\/uploads\/2024\/03\/Horizonterweiterung_web-324x459.png 324w, https:\/\/jockyart.de\/wp-content\/uploads\/2024\/03\/Horizonterweiterung_web-416x589.png 416w, https:\/\/jockyart.de\/wp-content\/uploads\/2024\/03\/Horizonterweiterung_web-768x1087.png 768w, https:\/\/jockyart.de\/wp-content\/uploads\/2024\/03\/Horizonterweiterung_web-723x1024.png 723w, https:\/\/jockyart.de\/wp-content\/uploads\/2024\/03\/Horizonterweiterung_web.png 1413w\" sizes=\"auto, (max-width: 212px) 100vw, 212px\" \/><button\n\t\t\tclass=\"lightbox-trigger\"\n\t\t\ttype=\"button\"\n\t\t\taria-haspopup=\"dialog\"\n\t\t\taria-label=\"Vergr\u00f6\u00dfern\"\n\t\t\tdata-wp-init=\"callbacks.initTriggerButton\"\n\t\t\tdata-wp-on--click=\"actions.showLightbox\"\n\t\t\tdata-wp-style--right=\"state.imageButtonRight\"\n\t\t\tdata-wp-style--top=\"state.imageButtonTop\"\n\t\t>\n\t\t\t<svg xmlns=\"http:\/\/www.w3.org\/2000\/svg\" width=\"12\" height=\"12\" fill=\"none\" viewBox=\"0 0 12 12\">\n\t\t\t\t<path fill=\"#fff\" d=\"M2 0a2 2 0 0 0-2 2v2h1.5V2a.5.5 0 0 1 .5-.5h2V0H2Zm2 10.5H2a.5.5 0 0 1-.5-.5V8H0v2a2 2 0 0 0 2 2h2v-1.5ZM8 12v-1.5h2a.5.5 0 0 0 .5-.5V8H12v2a2 2 0 0 1-2 2H8Zm2-12a2 2 0 0 1 2 2v2h-1.5V2a.5.5 0 0 0-.5-.5H8V0h2Z\" \/>\n\t\t\t<\/svg>\n\t\t<\/button><figcaption class=\"wp-element-caption\">Horizonterweiterung<\/figcaption><\/figure>\n<\/div>\n\n\n<p><strong>Das Bild ist einfach wundervoll. Es hat wirklich Sprengkraft und deine Worte dazu werden sich erf\u00fcllen. Du hast so gut gearbeitet und es trifft genau den Punkt deiner Prophetie.<\/strong><\/p>\n\n\n\n<p>Das was Du prophezeit hast ist mir teilweise eine Best\u00e4tigung dessen was ich schon selber von Gott bekommen habe. Ver\u00e4nderung in verschiedenen Bereichen.<\/p>\n\n\n\n<p>Diese direkte Verbindung in den Himmel, die erwarte ich nun mehr noch als es schon ist und die Zunahme an Kraft ebenfalls. Ich bin sehr gespannt wie es passiert, denn das es passiert hast du ja nun hervor gerufen. Ans\u00e4tze von Ver\u00e4nderung kann ich schon erkennen.<\/p>\n\n\n\n<p>Du hast also Gegenwart und Zukunft prophezeit.<\/p>\n\n\n\n<p>Ich danke Dir herzlich f\u00fcr das sch\u00f6ne Bild das seine eigene Sprache spricht. Es ist so voller Kraft und die Power Gottes strahlt daraus hervor. Ich werde es rahmen und aufh\u00e4ngen. Wenn es fertig ist schicke ich dir ein Foto wo es h\u00e4ngt. Es wird im Flur sein, denn da sehe ich es t\u00e4glich mehrmals und erinnere mich daran. Mein Gebet ist nun, dass es vom Himmel aus dem Herzen des Vaters auf die Erde kommt und sichtbar wird.<\/p>\n\n\n\n<p>Ich gebe mich neu dem Herrn hin und lasse Ver\u00e4nderung in mir und durch mich geschehen.<\/p>\n\n\n\n<p>Danke auch noch f\u00fcr die sch\u00f6nen Karten, die Du mit bei gelegt hast.<\/p>\n\n\n\n<p><strong>Hier geht es zum Blogartikel mit dem Eindruck f\u00fcr das Bild:<\/strong> \u25ba <a href=\"https:\/\/jockyart.de\/de_de\/prophetisches-auftragsbild-horizonterweiterung-und-neue-gottesbegegnung\/\" target=\"_blank\" rel=\"noreferrer noopener\">klick<\/a><\/p>\n","protected":false},"excerpt":{"rendered":"<p>Das Bild ist einfach wundervoll. Es hat wirklich Sprengkraft und deine Worte dazu werden sich erf\u00fcllen. Du hast so gut gearbeitet und es trifft genau den Punkt deiner Prophetie. Das was Du prophezeit hast ist mir teilweise eine Best\u00e4tigung dessen was ich schon selber von Gott bekommen habe. Ver\u00e4nderung in verschiedenen Bereichen. Diese direkte Verbindung [&hellip;]<\/p>\n","protected":false},"author":1,"featured_media":0,"parent":1044,"menu_order":0,"comment_status":"closed","ping_status":"closed","template":"","meta":{"footnotes":""},"class_list":["post-10962","page","type-page","status-publish","hentry"],"_links":{"self":[{"href":"https:\/\/jockyart.de\/de_de\/wp-json\/wp\/v2\/pages\/10962","targetHints":{"allow":["GET"]}}],"collection":[{"href":"https:\/\/jockyart.de\/de_de\/wp-json\/wp\/v2\/pages"}],"about":[{"href":"https:\/\/jockyart.de\/de_de\/wp-json\/wp\/v2\/types\/page"}],"author":[{"embeddable":true,"href":"https:\/\/jockyart.de\/de_de\/wp-json\/wp\/v2\/users\/1"}],"replies":[{"embeddable":true,"href":"https:\/\/jockyart.de\/de_de\/wp-json\/wp\/v2\/comments?post=10962"}],"version-history":[{"count":3,"href":"https:\/\/jockyart.de\/de_de\/wp-json\/wp\/v2\/pages\/10962\/revisions"}],"predecessor-version":[{"id":11022,"href":"https:\/\/jockyart.de\/de_de\/wp-json\/wp\/v2\/pages\/10962\/revisions\/11022"}],"up":[{"embeddable":true,"href":"https:\/\/jockyart.de\/de_de\/wp-json\/wp\/v2\/pages\/1044"}],"wp:attachment":[{"href":"https:\/\/jockyart.de\/de_de\/wp-json\/wp\/v2\/media?parent=10962"}],"curies":[{"name":"wp","href":"https:\/\/api.w.org\/{rel}","templated":true}]}}